{"id":3410,"date":"2025-03-25T11:14:11","date_gmt":"2025-03-25T10:14:11","guid":{"rendered":"https:\/\/trailercenter.se\/eskilstuna\/?page_id=3410"},"modified":"2025-03-25T11:56:55","modified_gmt":"2025-03-25T10:56:55","slug":"samarbetspartners","status":"publish","type":"page","link":"https:\/\/trailercenter.se\/eskilstuna\/samarbetspartners\/","title":{"rendered":"Samarbetspartners"},"content":{"rendered":"<div class=\"wpb-content-wrapper\"><p>[vc_row mobile_bg_img_hidden=&#8221;no&#8221; tablet_bg_img_hidden=&#8221;no&#8221; woodmart_parallax=&#8221;0&#8243; woodmart_gradient_switch=&#8221;no&#8221; row_reverse_mobile=&#8221;0&#8243; row_reverse_tablet=&#8221;0&#8243; woodmart_disable_overflow=&#8221;0&#8243;][vc_column][vc_column_text css=&#8221;.vc_custom_1742900213356{margin-top: -3px !important;margin-bottom: 39px !important;}&#8221; text_larger=&#8221;no&#8221; woodmart_inline=&#8221;no&#8221;]SAMARBETSPARTNERS[\/vc_column_text][vc_separator css=&#8221;.vc_custom_1596120630903{margin-top: -10px !important;}&#8221;][\/vc_column][\/vc_row][vc_row][vc_column][vc_column_text css=&#8221;&#8221; text_larger=&#8221;no&#8221; woodmart_inline=&#8221;no&#8221;]Har du ett brinnande intresse f\u00f6r f\u00f6rs\u00e4ljning, driven och serviceinriktad. N\u00e5gon bakgrund inom det mekaniska och ut\u00f6kat k\u00f6rkort f\u00f6r tyngre sl\u00e4p. Bra uppst\u00e4llningsyta med marknadsl\u00e4ge och tillg\u00e4nglighet, h\u00f6r av dig till oss s\u00e5 ber\u00e4ttar vi mer. Vem vet, kanske just du \u00e4r en ny samarbetspartner !?<\/p>\n<p><strong>E-post:<\/strong> <a href=\"mailto:butiken@trailercenter.se\">kontakt@trailercenter.se<\/a>[\/vc_column_text][\/vc_column][\/vc_row]<\/p>\n<\/div>","protected":false},"excerpt":{"rendered":"<p>[vc_row mobile_bg_img_hidden=&#8221;no&#8221; tablet_bg_img_hidden=&#8221;no&#8221; woodmart_parallax=&#8221;0&#8243; woodmart_gradient_switch=&#8221;no&#8221; row_reverse_mobile=&#8221;0&#8243; row_reverse_tablet=&#8221;0&#8243; woodmart_disable_overflow=&#8221;0&#8243;][vc_column][vc_column_text css=&#8221;.vc_custom_1742900213356{margin-top: -3px !important;margin-bottom: 39px !important;}&#8221; text_larger=&#8221;no&#8221; woodmart_inline=&#8221;no&#8221;]SAMARBETSPARTNERS[\/vc_column_text][vc_separator css=&#8221;.vc_custom_1596120630903{margin-top: -10px !important;}&#8221;][\/vc_column][\/vc_row][vc_row][vc_column][vc_column_text css=&#8221;&#8221; text_larger=&#8221;no&#8221;<\/p>\n","protected":false},"author":1,"featured_media":0,"parent":0,"menu_order":0,"comment_status":"closed","ping_status":"closed","template":"","meta":{"footnotes":""},"class_list":["post-3410","page","type-page","status-publish","hentry"],"yoast_head":"<!-- This site is optimized with the Yoast SEO Premium plugin v27.3 (Yoast SEO v27.3) - https:\/\/yoast.com\/product\/yoast-seo-premium-wordpress\/ -->\n<title>Samarbetspartners - Eskilstuna<\/title>\n<meta name=\"robots\" content=\"noindex, follow, max-snippet:-1, max-image-preview:large, max-video-preview:-1\" \/>\n<meta property=\"og:locale\" content=\"sv_SE\" \/>\n<meta property=\"og:type\" content=\"article\" \/>\n<meta property=\"og:title\" content=\"Samarbetspartners\" \/>\n<meta property=\"og:description\" content=\"[vc_row mobile_bg_img_hidden=&#8221;no&#8221; tablet_bg_img_hidden=&#8221;no&#8221; woodmart_parallax=&#8221;0&#8243; woodmart_gradient_switch=&#8221;no&#8221; row_reverse_mobile=&#8221;0&#8243; row_reverse_tablet=&#8221;0&#8243; woodmart_disable_overflow=&#8221;0&#8243;][vc_column][vc_column_text css=&#8221;.vc_custom_1742900213356{margin-top: -3px !important;margin-bottom: 39px !important;}&#8221; text_larger=&#8221;no&#8221; woodmart_inline=&#8221;no&#8221;]SAMARBETSPARTNERS[\/vc_column_text][vc_separator css=&#8221;.vc_custom_1596120630903{margin-top: -10px !important;}&#8221;][\/vc_column][\/vc_row][vc_row][vc_column][vc_column_text css=&#8221;&#8221; text_larger=&#8221;no&#8221;\" \/>\n<meta property=\"og:url\" content=\"https:\/\/trailercenter.se\/eskilstuna\/samarbetspartners\/\" \/>\n<meta property=\"og:site_name\" content=\"Eskilstuna\" \/>\n<meta property=\"article:modified_time\" content=\"2025-03-25T10:56:55+00:00\" \/>\n<meta property=\"og:image\" content=\"https:\/\/trailercenter.se\/eskilstuna\/wp-content\/uploads\/sites\/11\/2025\/04\/trailercenter_logo_eskilstuna.jpg\" \/>\n\t<meta property=\"og:image:width\" content=\"1113\" \/>\n\t<meta property=\"og:image:height\" content=\"232\" \/>\n\t<meta property=\"og:image:type\" content=\"image\/jpeg\" \/>\n<meta name=\"twitter:card\" content=\"summary_large_image\" \/>\n<meta name=\"twitter:label1\" content=\"Ber\u00e4knad l\u00e4stid\" \/>\n\t<meta name=\"twitter:data1\" content=\"1 minut\" \/>\n<script type=\"application\/ld+json\" class=\"yoast-schema-graph\">{\"@context\":\"https:\\\/\\\/schema.org\",\"@graph\":[{\"@type\":\"WebPage\",\"@id\":\"https:\\\/\\\/trailercenter.se\\\/eskilstuna\\\/samarbetspartners\\\/\",\"url\":\"https:\\\/\\\/trailercenter.se\\\/eskilstuna\\\/samarbetspartners\\\/\",\"name\":\"Samarbetspartners - Eskilstuna\",\"isPartOf\":{\"@id\":\"https:\\\/\\\/trailercenter.se\\\/eskilstuna\\\/#website\"},\"datePublished\":\"2025-03-25T10:14:11+00:00\",\"dateModified\":\"2025-03-25T10:56:55+00:00\",\"breadcrumb\":{\"@id\":\"https:\\\/\\\/trailercenter.se\\\/eskilstuna\\\/samarbetspartners\\\/#breadcrumb\"},\"inLanguage\":\"sv-SE\",\"potentialAction\":[{\"@type\":\"ReadAction\",\"target\":[\"https:\\\/\\\/trailercenter.se\\\/eskilstuna\\\/samarbetspartners\\\/\"]}]},{\"@type\":\"BreadcrumbList\",\"@id\":\"https:\\\/\\\/trailercenter.se\\\/eskilstuna\\\/samarbetspartners\\\/#breadcrumb\",\"itemListElement\":[{\"@type\":\"ListItem\",\"position\":1,\"name\":\"Hem\",\"item\":\"https:\\\/\\\/trailercenter.se\\\/eskilstuna\\\/\"},{\"@type\":\"ListItem\",\"position\":2,\"name\":\"Samarbetspartners\"}]},{\"@type\":\"WebSite\",\"@id\":\"https:\\\/\\\/trailercenter.se\\\/eskilstuna\\\/#website\",\"url\":\"https:\\\/\\\/trailercenter.se\\\/eskilstuna\\\/\",\"name\":\"Eskilstuna\",\"description\":\"Vi ligger steget f\u00f6re med det som sl\u00e4par efter!\",\"publisher\":{\"@id\":\"https:\\\/\\\/trailercenter.se\\\/eskilstuna\\\/#organization\"},\"potentialAction\":[{\"@type\":\"SearchAction\",\"target\":{\"@type\":\"EntryPoint\",\"urlTemplate\":\"https:\\\/\\\/trailercenter.se\\\/eskilstuna\\\/?s={search_term_string}\"},\"query-input\":{\"@type\":\"PropertyValueSpecification\",\"valueRequired\":true,\"valueName\":\"search_term_string\"}}],\"inLanguage\":\"sv-SE\"},{\"@type\":[\"Organization\",\"Place\"],\"@id\":\"https:\\\/\\\/trailercenter.se\\\/eskilstuna\\\/#organization\",\"name\":\"Trailercenter i Eskilstuna\",\"alternateName\":\"Eskilstuna Trailercenter\",\"url\":\"https:\\\/\\\/trailercenter.se\\\/eskilstuna\\\/\",\"logo\":{\"@id\":\"https:\\\/\\\/trailercenter.se\\\/eskilstuna\\\/samarbetspartners\\\/#local-main-organization-logo\"},\"image\":{\"@id\":\"https:\\\/\\\/trailercenter.se\\\/eskilstuna\\\/samarbetspartners\\\/#local-main-organization-logo\"},\"address\":{\"@id\":\"https:\\\/\\\/trailercenter.se\\\/eskilstuna\\\/samarbetspartners\\\/#local-main-place-address\"},\"geo\":{\"@type\":\"GeoCoordinates\",\"latitude\":\"59.38739959056037\",\"longitude\":\"16.48384052669761\"},\"telephone\":[\"070 \u2013 552 51 06\"],\"openingHoursSpecification\":[{\"@type\":\"OpeningHoursSpecification\",\"dayOfWeek\":[\"Monday\",\"Tuesday\",\"Wednesday\",\"Thursday\",\"Friday\"],\"opens\":\"07:00\",\"closes\":\"16:00\"},{\"@type\":\"OpeningHoursSpecification\",\"dayOfWeek\":[\"Saturday\",\"Sunday\"],\"opens\":\"00:00\",\"closes\":\"00:00\"}],\"email\":\"info@etunatradgardsmaskiner.se\"},{\"@type\":\"PostalAddress\",\"@id\":\"https:\\\/\\\/trailercenter.se\\\/eskilstuna\\\/samarbetspartners\\\/#local-main-place-address\",\"streetAddress\":\"M\u00e5tt Johanssons v\u00e4g 16\",\"addressLocality\":\"Eskilstuna\",\"postalCode\":\"633 46\",\"addressCountry\":\"SE\"},{\"@type\":\"ImageObject\",\"inLanguage\":\"sv-SE\",\"@id\":\"https:\\\/\\\/trailercenter.se\\\/eskilstuna\\\/samarbetspartners\\\/#local-main-organization-logo\",\"url\":\"https:\\\/\\\/trailercenter.se\\\/eskilstuna\\\/wp-content\\\/uploads\\\/sites\\\/11\\\/2025\\\/04\\\/trailercenter_logo_eskilstuna.jpg\",\"contentUrl\":\"https:\\\/\\\/trailercenter.se\\\/eskilstuna\\\/wp-content\\\/uploads\\\/sites\\\/11\\\/2025\\\/04\\\/trailercenter_logo_eskilstuna.jpg\",\"width\":1113,\"height\":232,\"caption\":\"Trailercenter i Eskilstuna\"}]}<\/script>\n<meta name=\"geo.placename\" content=\"Eskilstuna\" \/>\n<meta name=\"geo.position\" content=\"59.38739959056037;16.48384052669761\" \/>\n<meta name=\"geo.region\" content=\"Sverige\" \/>\n<!-- \/ Yoast SEO Premium plugin. -->","yoast_head_json":{"title":"Samarbetspartners - Eskilstuna","robots":{"index":"noindex","follow":"follow","max-snippet":"max-snippet:-1","max-image-preview":"max-image-preview:large","max-video-preview":"max-video-preview:-1"},"og_locale":"sv_SE","og_type":"article","og_title":"Samarbetspartners","og_description":"[vc_row mobile_bg_img_hidden=&#8221;no&#8221; tablet_bg_img_hidden=&#8221;no&#8221; woodmart_parallax=&#8221;0&#8243; woodmart_gradient_switch=&#8221;no&#8221; row_reverse_mobile=&#8221;0&#8243; row_reverse_tablet=&#8221;0&#8243; woodmart_disable_overflow=&#8221;0&#8243;][vc_column][vc_column_text css=&#8221;.vc_custom_1742900213356{margin-top: -3px !important;margin-bottom: 39px !important;}&#8221; text_larger=&#8221;no&#8221; woodmart_inline=&#8221;no&#8221;]SAMARBETSPARTNERS[\/vc_column_text][vc_separator css=&#8221;.vc_custom_1596120630903{margin-top: -10px !important;}&#8221;][\/vc_column][\/vc_row][vc_row][vc_column][vc_column_text css=&#8221;&#8221; text_larger=&#8221;no&#8221;","og_url":"https:\/\/trailercenter.se\/eskilstuna\/samarbetspartners\/","og_site_name":"Eskilstuna","article_modified_time":"2025-03-25T10:56:55+00:00","og_image":[{"width":1113,"height":232,"url":"https:\/\/trailercenter.se\/eskilstuna\/wp-content\/uploads\/sites\/11\/2025\/04\/trailercenter_logo_eskilstuna.jpg","type":"image\/jpeg"}],"twitter_card":"summary_large_image","twitter_misc":{"Ber\u00e4knad l\u00e4stid":"1 minut"},"schema":{"@context":"https:\/\/schema.org","@graph":[{"@type":"WebPage","@id":"https:\/\/trailercenter.se\/eskilstuna\/samarbetspartners\/","url":"https:\/\/trailercenter.se\/eskilstuna\/samarbetspartners\/","name":"Samarbetspartners - Eskilstuna","isPartOf":{"@id":"https:\/\/trailercenter.se\/eskilstuna\/#website"},"datePublished":"2025-03-25T10:14:11+00:00","dateModified":"2025-03-25T10:56:55+00:00","breadcrumb":{"@id":"https:\/\/trailercenter.se\/eskilstuna\/samarbetspartners\/#breadcrumb"},"inLanguage":"sv-SE","potentialAction":[{"@type":"ReadAction","target":["https:\/\/trailercenter.se\/eskilstuna\/samarbetspartners\/"]}]},{"@type":"BreadcrumbList","@id":"https:\/\/trailercenter.se\/eskilstuna\/samarbetspartners\/#breadcrumb","itemListElement":[{"@type":"ListItem","position":1,"name":"Hem","item":"https:\/\/trailercenter.se\/eskilstuna\/"},{"@type":"ListItem","position":2,"name":"Samarbetspartners"}]},{"@type":"WebSite","@id":"https:\/\/trailercenter.se\/eskilstuna\/#website","url":"https:\/\/trailercenter.se\/eskilstuna\/","name":"Eskilstuna","description":"Vi ligger steget f\u00f6re med det som sl\u00e4par efter!","publisher":{"@id":"https:\/\/trailercenter.se\/eskilstuna\/#organization"},"potentialAction":[{"@type":"SearchAction","target":{"@type":"EntryPoint","urlTemplate":"https:\/\/trailercenter.se\/eskilstuna\/?s={search_term_string}"},"query-input":{"@type":"PropertyValueSpecification","valueRequired":true,"valueName":"search_term_string"}}],"inLanguage":"sv-SE"},{"@type":["Organization","Place"],"@id":"https:\/\/trailercenter.se\/eskilstuna\/#organization","name":"Trailercenter i Eskilstuna","alternateName":"Eskilstuna Trailercenter","url":"https:\/\/trailercenter.se\/eskilstuna\/","logo":{"@id":"https:\/\/trailercenter.se\/eskilstuna\/samarbetspartners\/#local-main-organization-logo"},"image":{"@id":"https:\/\/trailercenter.se\/eskilstuna\/samarbetspartners\/#local-main-organization-logo"},"address":{"@id":"https:\/\/trailercenter.se\/eskilstuna\/samarbetspartners\/#local-main-place-address"},"geo":{"@type":"GeoCoordinates","latitude":"59.38739959056037","longitude":"16.48384052669761"},"telephone":["070 \u2013 552 51 06"],"openingHoursSpecification":[{"@type":"OpeningHoursSpecification","dayOfWeek":["Monday","Tuesday","Wednesday","Thursday","Friday"],"opens":"07:00","closes":"16:00"},{"@type":"OpeningHoursSpecification","dayOfWeek":["Saturday","Sunday"],"opens":"00:00","closes":"00:00"}],"email":"info@etunatradgardsmaskiner.se"},{"@type":"PostalAddress","@id":"https:\/\/trailercenter.se\/eskilstuna\/samarbetspartners\/#local-main-place-address","streetAddress":"M\u00e5tt Johanssons v\u00e4g 16","addressLocality":"Eskilstuna","postalCode":"633 46","addressCountry":"SE"},{"@type":"ImageObject","inLanguage":"sv-SE","@id":"https:\/\/trailercenter.se\/eskilstuna\/samarbetspartners\/#local-main-organization-logo","url":"https:\/\/trailercenter.se\/eskilstuna\/wp-content\/uploads\/sites\/11\/2025\/04\/trailercenter_logo_eskilstuna.jpg","contentUrl":"https:\/\/trailercenter.se\/eskilstuna\/wp-content\/uploads\/sites\/11\/2025\/04\/trailercenter_logo_eskilstuna.jpg","width":1113,"height":232,"caption":"Trailercenter i Eskilstuna"}]},"geo.placename":"Eskilstuna","geo.position":{"lat":"59.38739959056037","long":"16.48384052669761"},"geo.region":"Sverige"},"_links":{"self":[{"href":"https:\/\/trailercenter.se\/eskilstuna\/wp-json\/wp\/v2\/pages\/3410","targetHints":{"allow":["GET"]}}],"collection":[{"href":"https:\/\/trailercenter.se\/eskilstuna\/wp-json\/wp\/v2\/pages"}],"about":[{"href":"https:\/\/trailercenter.se\/eskilstuna\/wp-json\/wp\/v2\/types\/page"}],"author":[{"embeddable":true,"href":"https:\/\/trailercenter.se\/eskilstuna\/wp-json\/wp\/v2\/users\/1"}],"replies":[{"embeddable":true,"href":"https:\/\/trailercenter.se\/eskilstuna\/wp-json\/wp\/v2\/comments?post=3410"}],"version-history":[{"count":0,"href":"https:\/\/trailercenter.se\/eskilstuna\/wp-json\/wp\/v2\/pages\/3410\/revisions"}],"wp:attachment":[{"href":"https:\/\/trailercenter.se\/eskilstuna\/wp-json\/wp\/v2\/media?parent=3410"}],"curies":[{"name":"wp","href":"https:\/\/api.w.org\/{rel}","templated":true}]}}