{"id":3426,"date":"2025-03-25T11:40:49","date_gmt":"2025-03-25T10:40:49","guid":{"rendered":"https:\/\/trailercenter.se\/eskilstuna\/?page_id=3426"},"modified":"2025-03-25T11:55:54","modified_gmt":"2025-03-25T10:55:54","slug":"hastighetsregler-for-slapvagn","status":"publish","type":"page","link":"https:\/\/trailercenter.se\/eskilstuna\/hastighetsregler-for-slapvagn\/","title":{"rendered":"Hastighetsregler f\u00f6r sl\u00e4pvagn"},"content":{"rendered":"<div class=\"wpb-content-wrapper\"><p>[vc_row][vc_column][vc_column_text css=&#8221;.vc_custom_1742900152504{margin-top: -3px !important;margin-bottom: 29px !important;}&#8221; woodmart_inline=&#8221;no&#8221; text_larger=&#8221;no&#8221;]HASTIGHETSREGLER[\/vc_column_text][vc_separator css=&#8221;&#8221; wd_hide_on_desktop=&#8221;no&#8221; wd_hide_on_tablet=&#8221;no&#8221; wd_hide_on_mobile=&#8221;no&#8221;][\/vc_column][\/vc_row][vc_row][vc_column width=&#8221;1\/4&#8243;][vc_column_text text_larger=&#8221;no&#8221;]<\/p>\n<blockquote><p><a href=\"https:\/\/trailercenter.se\/wp-content\/uploads\/2019\/10\/Gl\u00f6dlampa.jpg\"><img decoding=\"async\" class=\"alignnone wp-image-21546\" src=\"https:\/\/trailercenter.se\/wp-content\/uploads\/2019\/10\/Gl\u00f6dlampa-409x400.jpg\" alt=\"\" width=\"168\" height=\"164\" \/><\/a><\/p>\n<p>Bra att veta innan du v\u00e4ljer totalvikt p\u00e5 ditt sl\u00e4p.<\/p><\/blockquote>\n<p>[\/vc_column_text][\/vc_column][vc_column width=&#8221;3\/4&#8243;][vc_column_text text_larger=&#8221;no&#8221; woodmart_inline=&#8221;no&#8221;]<\/p>\n<h4><span style=\"font-size: 100%;\">Viktigt att kontrollera vilken totalvikt du f\u00e5r k\u00f6ra bakom din dragbil.<\/span><\/h4>\n<p><span style=\"font-size: 100%;\">N\u00e4r det kommer till obromsade EU-sl\u00e4p s\u00e5 spelar inte k\u00f6rkortsbeh\u00f6righeten n\u00e5gon roll, utan allt beror p\u00e5 dragbilens egenvikt (s\u00e5 kallad tj\u00e4nstevikt). Sl\u00e4pvagnens totalvikt f\u00e5r inte \u00f6verstiga bilens halva tj\u00e4nstevikt f\u00f6r att kunna framf\u00f6r sl\u00e4pet i 80 km\/h. Om s\u00e5 \u00e4r fallet \u00e4r den till\u00e5tna hastigheten bara 40 km\/h.<\/span><\/p>\n<ul>\n<li><em>Totalvikt 750kg &#8211; Tj\u00e4nstevikt bil 1500kg<\/em><\/li>\n<li><em>Totalvikt 650kg &#8211; Tj\u00e4nstevikt bil 1300kg<\/em><\/li>\n<li><em>Totalvikt 500kg &#8211; Tj\u00e4nstevikt bil 1000kg<\/em><\/li>\n<\/ul>\n<p><span style=\"font-size: 100%;\">Det prim\u00e4ra \u00e4r att vagnens totalvikt inte \u00f6verstiger bilens halva tj\u00e4nstevikt, som t.ex tj\u00e4nstevikt 1300 kg f\u00e5r inte framf\u00f6ra en EU-trailer med totalvikt 750 kg i 80 km\/h. Bilen f\u00e5r max dra en sl\u00e4pvagn p\u00e5 650 kg f\u00f6r det blir h\u00e4lften av 1300 kg.<\/span><\/p>\n<h4>Sen finns det undantag<\/h4>\n<p>Bilfabrikanter kan rekommendera l\u00e4gre vikt \u00e4ven om dragbilen uppfyller kravet p\u00e5 halva tj\u00e4nstevikten. Om bilens tj\u00e4nstevikt \u00e4r 1500kg och kan framf\u00f6ra ett sl\u00e4p med totalvikt 750kg, s\u00e5 kan biltillverkaren iallafall ange t.ex. 700kg. \u00c4r fallet s\u00e5 kan bilen \u00e4nd\u00e5 dra ett EU-sl\u00e4p med totalvikt 750kg, men last och vagnens egenvikt f\u00e5r d\u00e5 inte \u00f6verstiga 700kg.[\/vc_column_text][\/vc_column][\/vc_row]<\/p>\n<\/div>","protected":false},"excerpt":{"rendered":"<p>[vc_row][vc_column][vc_column_text css=&#8221;.vc_custom_1742900152504{margin-top: -3px !important;margin-bottom: 29px !important;}&#8221; woodmart_inline=&#8221;no&#8221; text_larger=&#8221;no&#8221;]HASTIGHETSREGLER[\/vc_column_text][vc_separator css=&#8221;&#8221; wd_hide_on_desktop=&#8221;no&#8221; wd_hide_on_tablet=&#8221;no&#8221; wd_hide_on_mobile=&#8221;no&#8221;][\/vc_column][\/vc_row][vc_row][vc_column width=&#8221;1\/4&#8243;][vc_column_text text_larger=&#8221;no&#8221;] Bra att veta innan du v\u00e4ljer<\/p>\n","protected":false},"author":1,"featured_media":0,"parent":0,"menu_order":0,"comment_status":"closed","ping_status":"closed","template":"","meta":{"footnotes":""},"class_list":["post-3426","page","type-page","status-publish","hentry"],"yoast_head":"<!-- This site is optimized with the Yoast SEO Premium plugin v27.3 (Yoast SEO v27.3) - https:\/\/yoast.com\/product\/yoast-seo-premium-wordpress\/ -->\n<title>Hastighetsregler f\u00f6r sl\u00e4pvagn - Eskilstuna<\/title>\n<meta name=\"robots\" content=\"noindex, follow, max-snippet:-1, max-image-preview:large, max-video-preview:-1\" \/>\n<meta property=\"og:locale\" content=\"sv_SE\" \/>\n<meta property=\"og:type\" content=\"article\" \/>\n<meta property=\"og:title\" content=\"Hastighetsregler f\u00f6r sl\u00e4pvagn\" \/>\n<meta property=\"og:description\" content=\"[vc_row][vc_column][vc_column_text css=&#8221;.vc_custom_1742900152504{margin-top: -3px !important;margin-bottom: 29px !important;}&#8221; woodmart_inline=&#8221;no&#8221; text_larger=&#8221;no&#8221;]HASTIGHETSREGLER[\/vc_column_text][vc_separator css=&#8221;&#8221; wd_hide_on_desktop=&#8221;no&#8221; wd_hide_on_tablet=&#8221;no&#8221; wd_hide_on_mobile=&#8221;no&#8221;][\/vc_column][\/vc_row][vc_row][vc_column width=&#8221;1\/4&#8243;][vc_column_text text_larger=&#8221;no&#8221;] Bra att veta innan du v\u00e4ljer\" \/>\n<meta property=\"og:url\" content=\"https:\/\/trailercenter.se\/eskilstuna\/hastighetsregler-for-slapvagn\/\" \/>\n<meta property=\"og:site_name\" content=\"Eskilstuna\" \/>\n<meta property=\"article:modified_time\" content=\"2025-03-25T10:55:54+00:00\" \/>\n<meta property=\"og:image\" content=\"https:\/\/trailercenter.se\/eskilstuna\/wp-content\/uploads\/sites\/11\/2025\/04\/trailercenter_logo_eskilstuna.jpg\" \/>\n\t<meta property=\"og:image:width\" content=\"1113\" \/>\n\t<meta property=\"og:image:height\" content=\"232\" \/>\n\t<meta property=\"og:image:type\" content=\"image\/jpeg\" \/>\n<meta name=\"twitter:card\" content=\"summary_large_image\" \/>\n<meta name=\"twitter:label1\" content=\"Ber\u00e4knad l\u00e4stid\" \/>\n\t<meta name=\"twitter:data1\" content=\"1 minut\" \/>\n<script type=\"application\/ld+json\" class=\"yoast-schema-graph\">{\"@context\":\"https:\\\/\\\/schema.org\",\"@graph\":[{\"@type\":\"WebPage\",\"@id\":\"https:\\\/\\\/trailercenter.se\\\/eskilstuna\\\/hastighetsregler-for-slapvagn\\\/\",\"url\":\"https:\\\/\\\/trailercenter.se\\\/eskilstuna\\\/hastighetsregler-for-slapvagn\\\/\",\"name\":\"Hastighetsregler f\u00f6r sl\u00e4pvagn - Eskilstuna\",\"isPartOf\":{\"@id\":\"https:\\\/\\\/trailercenter.se\\\/eskilstuna\\\/#website\"},\"datePublished\":\"2025-03-25T10:40:49+00:00\",\"dateModified\":\"2025-03-25T10:55:54+00:00\",\"breadcrumb\":{\"@id\":\"https:\\\/\\\/trailercenter.se\\\/eskilstuna\\\/hastighetsregler-for-slapvagn\\\/#breadcrumb\"},\"inLanguage\":\"sv-SE\",\"potentialAction\":[{\"@type\":\"ReadAction\",\"target\":[\"https:\\\/\\\/trailercenter.se\\\/eskilstuna\\\/hastighetsregler-for-slapvagn\\\/\"]}]},{\"@type\":\"BreadcrumbList\",\"@id\":\"https:\\\/\\\/trailercenter.se\\\/eskilstuna\\\/hastighetsregler-for-slapvagn\\\/#breadcrumb\",\"itemListElement\":[{\"@type\":\"ListItem\",\"position\":1,\"name\":\"Hem\",\"item\":\"https:\\\/\\\/trailercenter.se\\\/eskilstuna\\\/\"},{\"@type\":\"ListItem\",\"position\":2,\"name\":\"Hastighetsregler f\u00f6r sl\u00e4pvagn\"}]},{\"@type\":\"WebSite\",\"@id\":\"https:\\\/\\\/trailercenter.se\\\/eskilstuna\\\/#website\",\"url\":\"https:\\\/\\\/trailercenter.se\\\/eskilstuna\\\/\",\"name\":\"Eskilstuna\",\"description\":\"Vi ligger steget f\u00f6re med det som sl\u00e4par efter!\",\"publisher\":{\"@id\":\"https:\\\/\\\/trailercenter.se\\\/eskilstuna\\\/#organization\"},\"potentialAction\":[{\"@type\":\"SearchAction\",\"target\":{\"@type\":\"EntryPoint\",\"urlTemplate\":\"https:\\\/\\\/trailercenter.se\\\/eskilstuna\\\/?s={search_term_string}\"},\"query-input\":{\"@type\":\"PropertyValueSpecification\",\"valueRequired\":true,\"valueName\":\"search_term_string\"}}],\"inLanguage\":\"sv-SE\"},{\"@type\":[\"Organization\",\"Place\"],\"@id\":\"https:\\\/\\\/trailercenter.se\\\/eskilstuna\\\/#organization\",\"name\":\"Trailercenter i Eskilstuna\",\"alternateName\":\"Eskilstuna Trailercenter\",\"url\":\"https:\\\/\\\/trailercenter.se\\\/eskilstuna\\\/\",\"logo\":{\"@id\":\"https:\\\/\\\/trailercenter.se\\\/eskilstuna\\\/hastighetsregler-for-slapvagn\\\/#local-main-organization-logo\"},\"image\":{\"@id\":\"https:\\\/\\\/trailercenter.se\\\/eskilstuna\\\/hastighetsregler-for-slapvagn\\\/#local-main-organization-logo\"},\"address\":{\"@id\":\"https:\\\/\\\/trailercenter.se\\\/eskilstuna\\\/hastighetsregler-for-slapvagn\\\/#local-main-place-address\"},\"geo\":{\"@type\":\"GeoCoordinates\",\"latitude\":\"59.38739959056037\",\"longitude\":\"16.48384052669761\"},\"telephone\":[\"070 \u2013 552 51 06\"],\"openingHoursSpecification\":[{\"@type\":\"OpeningHoursSpecification\",\"dayOfWeek\":[\"Monday\",\"Tuesday\",\"Wednesday\",\"Thursday\",\"Friday\"],\"opens\":\"07:00\",\"closes\":\"16:00\"},{\"@type\":\"OpeningHoursSpecification\",\"dayOfWeek\":[\"Saturday\",\"Sunday\"],\"opens\":\"00:00\",\"closes\":\"00:00\"}],\"email\":\"info@etunatradgardsmaskiner.se\"},{\"@type\":\"PostalAddress\",\"@id\":\"https:\\\/\\\/trailercenter.se\\\/eskilstuna\\\/hastighetsregler-for-slapvagn\\\/#local-main-place-address\",\"streetAddress\":\"M\u00e5tt Johanssons v\u00e4g 16\",\"addressLocality\":\"Eskilstuna\",\"postalCode\":\"633 46\",\"addressCountry\":\"SE\"},{\"@type\":\"ImageObject\",\"inLanguage\":\"sv-SE\",\"@id\":\"https:\\\/\\\/trailercenter.se\\\/eskilstuna\\\/hastighetsregler-for-slapvagn\\\/#local-main-organization-logo\",\"url\":\"https:\\\/\\\/trailercenter.se\\\/eskilstuna\\\/wp-content\\\/uploads\\\/sites\\\/11\\\/2025\\\/04\\\/trailercenter_logo_eskilstuna.jpg\",\"contentUrl\":\"https:\\\/\\\/trailercenter.se\\\/eskilstuna\\\/wp-content\\\/uploads\\\/sites\\\/11\\\/2025\\\/04\\\/trailercenter_logo_eskilstuna.jpg\",\"width\":1113,\"height\":232,\"caption\":\"Trailercenter i Eskilstuna\"}]}<\/script>\n<meta name=\"geo.placename\" content=\"Eskilstuna\" \/>\n<meta name=\"geo.position\" content=\"59.38739959056037;16.48384052669761\" \/>\n<meta name=\"geo.region\" content=\"Sverige\" \/>\n<!-- \/ Yoast SEO Premium plugin. -->","yoast_head_json":{"title":"Hastighetsregler f\u00f6r sl\u00e4pvagn - Eskilstuna","robots":{"index":"noindex","follow":"follow","max-snippet":"max-snippet:-1","max-image-preview":"max-image-preview:large","max-video-preview":"max-video-preview:-1"},"og_locale":"sv_SE","og_type":"article","og_title":"Hastighetsregler f\u00f6r sl\u00e4pvagn","og_description":"[vc_row][vc_column][vc_column_text css=&#8221;.vc_custom_1742900152504{margin-top: -3px !important;margin-bottom: 29px !important;}&#8221; woodmart_inline=&#8221;no&#8221; text_larger=&#8221;no&#8221;]HASTIGHETSREGLER[\/vc_column_text][vc_separator css=&#8221;&#8221; wd_hide_on_desktop=&#8221;no&#8221; wd_hide_on_tablet=&#8221;no&#8221; wd_hide_on_mobile=&#8221;no&#8221;][\/vc_column][\/vc_row][vc_row][vc_column width=&#8221;1\/4&#8243;][vc_column_text text_larger=&#8221;no&#8221;] Bra att veta innan du v\u00e4ljer","og_url":"https:\/\/trailercenter.se\/eskilstuna\/hastighetsregler-for-slapvagn\/","og_site_name":"Eskilstuna","article_modified_time":"2025-03-25T10:55:54+00:00","og_image":[{"width":1113,"height":232,"url":"https:\/\/trailercenter.se\/eskilstuna\/wp-content\/uploads\/sites\/11\/2025\/04\/trailercenter_logo_eskilstuna.jpg","type":"image\/jpeg"}],"twitter_card":"summary_large_image","twitter_misc":{"Ber\u00e4knad l\u00e4stid":"1 minut"},"schema":{"@context":"https:\/\/schema.org","@graph":[{"@type":"WebPage","@id":"https:\/\/trailercenter.se\/eskilstuna\/hastighetsregler-for-slapvagn\/","url":"https:\/\/trailercenter.se\/eskilstuna\/hastighetsregler-for-slapvagn\/","name":"Hastighetsregler f\u00f6r sl\u00e4pvagn - Eskilstuna","isPartOf":{"@id":"https:\/\/trailercenter.se\/eskilstuna\/#website"},"datePublished":"2025-03-25T10:40:49+00:00","dateModified":"2025-03-25T10:55:54+00:00","breadcrumb":{"@id":"https:\/\/trailercenter.se\/eskilstuna\/hastighetsregler-for-slapvagn\/#breadcrumb"},"inLanguage":"sv-SE","potentialAction":[{"@type":"ReadAction","target":["https:\/\/trailercenter.se\/eskilstuna\/hastighetsregler-for-slapvagn\/"]}]},{"@type":"BreadcrumbList","@id":"https:\/\/trailercenter.se\/eskilstuna\/hastighetsregler-for-slapvagn\/#breadcrumb","itemListElement":[{"@type":"ListItem","position":1,"name":"Hem","item":"https:\/\/trailercenter.se\/eskilstuna\/"},{"@type":"ListItem","position":2,"name":"Hastighetsregler f\u00f6r sl\u00e4pvagn"}]},{"@type":"WebSite","@id":"https:\/\/trailercenter.se\/eskilstuna\/#website","url":"https:\/\/trailercenter.se\/eskilstuna\/","name":"Eskilstuna","description":"Vi ligger steget f\u00f6re med det som sl\u00e4par efter!","publisher":{"@id":"https:\/\/trailercenter.se\/eskilstuna\/#organization"},"potentialAction":[{"@type":"SearchAction","target":{"@type":"EntryPoint","urlTemplate":"https:\/\/trailercenter.se\/eskilstuna\/?s={search_term_string}"},"query-input":{"@type":"PropertyValueSpecification","valueRequired":true,"valueName":"search_term_string"}}],"inLanguage":"sv-SE"},{"@type":["Organization","Place"],"@id":"https:\/\/trailercenter.se\/eskilstuna\/#organization","name":"Trailercenter i Eskilstuna","alternateName":"Eskilstuna Trailercenter","url":"https:\/\/trailercenter.se\/eskilstuna\/","logo":{"@id":"https:\/\/trailercenter.se\/eskilstuna\/hastighetsregler-for-slapvagn\/#local-main-organization-logo"},"image":{"@id":"https:\/\/trailercenter.se\/eskilstuna\/hastighetsregler-for-slapvagn\/#local-main-organization-logo"},"address":{"@id":"https:\/\/trailercenter.se\/eskilstuna\/hastighetsregler-for-slapvagn\/#local-main-place-address"},"geo":{"@type":"GeoCoordinates","latitude":"59.38739959056037","longitude":"16.48384052669761"},"telephone":["070 \u2013 552 51 06"],"openingHoursSpecification":[{"@type":"OpeningHoursSpecification","dayOfWeek":["Monday","Tuesday","Wednesday","Thursday","Friday"],"opens":"07:00","closes":"16:00"},{"@type":"OpeningHoursSpecification","dayOfWeek":["Saturday","Sunday"],"opens":"00:00","closes":"00:00"}],"email":"info@etunatradgardsmaskiner.se"},{"@type":"PostalAddress","@id":"https:\/\/trailercenter.se\/eskilstuna\/hastighetsregler-for-slapvagn\/#local-main-place-address","streetAddress":"M\u00e5tt Johanssons v\u00e4g 16","addressLocality":"Eskilstuna","postalCode":"633 46","addressCountry":"SE"},{"@type":"ImageObject","inLanguage":"sv-SE","@id":"https:\/\/trailercenter.se\/eskilstuna\/hastighetsregler-for-slapvagn\/#local-main-organization-logo","url":"https:\/\/trailercenter.se\/eskilstuna\/wp-content\/uploads\/sites\/11\/2025\/04\/trailercenter_logo_eskilstuna.jpg","contentUrl":"https:\/\/trailercenter.se\/eskilstuna\/wp-content\/uploads\/sites\/11\/2025\/04\/trailercenter_logo_eskilstuna.jpg","width":1113,"height":232,"caption":"Trailercenter i Eskilstuna"}]},"geo.placename":"Eskilstuna","geo.position":{"lat":"59.38739959056037","long":"16.48384052669761"},"geo.region":"Sverige"},"_links":{"self":[{"href":"https:\/\/trailercenter.se\/eskilstuna\/wp-json\/wp\/v2\/pages\/3426","targetHints":{"allow":["GET"]}}],"collection":[{"href":"https:\/\/trailercenter.se\/eskilstuna\/wp-json\/wp\/v2\/pages"}],"about":[{"href":"https:\/\/trailercenter.se\/eskilstuna\/wp-json\/wp\/v2\/types\/page"}],"author":[{"embeddable":true,"href":"https:\/\/trailercenter.se\/eskilstuna\/wp-json\/wp\/v2\/users\/1"}],"replies":[{"embeddable":true,"href":"https:\/\/trailercenter.se\/eskilstuna\/wp-json\/wp\/v2\/comments?post=3426"}],"version-history":[{"count":0,"href":"https:\/\/trailercenter.se\/eskilstuna\/wp-json\/wp\/v2\/pages\/3426\/revisions"}],"wp:attachment":[{"href":"https:\/\/trailercenter.se\/eskilstuna\/wp-json\/wp\/v2\/media?parent=3426"}],"curies":[{"name":"wp","href":"https:\/\/api.w.org\/{rel}","templated":true}]}}