{"id":3434,"date":"2025-03-25T11:50:18","date_gmt":"2025-03-25T10:50:18","guid":{"rendered":"https:\/\/trailercenter.se\/eskilstuna\/?page_id=3434"},"modified":"2025-04-20T17:32:25","modified_gmt":"2025-04-20T15:32:25","slug":"om-oss","status":"publish","type":"page","link":"https:\/\/trailercenter.se\/eskilstuna\/om-oss\/","title":{"rendered":"Om oss"},"content":{"rendered":"<div class=\"wpb-content-wrapper\"><p>[vc_row][vc_column css=&#8221;.vc_custom_1565553223054{margin-bottom: -9px !important;}&#8221; mobile_bg_img_hidden=&#8221;no&#8221; tablet_bg_img_hidden=&#8221;no&#8221; woodmart_parallax=&#8221;0&#8243; woodmart_sticky_column=&#8221;false&#8221; parallax_scroll=&#8221;no&#8221; mobile_reset_margin=&#8221;no&#8221; tablet_reset_margin=&#8221;no&#8221;][vc_column_text css=&#8221;.vc_custom_1742899939696{margin-top: -3px !important;margin-bottom: 29px !important;}&#8221; text_larger=&#8221;no&#8221; woodmart_inline=&#8221;no&#8221;]<\/p>\n<p style=\"text-align: left;\">OM OSS<\/p>\n<p>[\/vc_column_text][vc_separator][\/vc_column][vc_column css=&#8221;.vc_custom_1565553566198{margin-top: -10px !important;}&#8221; mobile_bg_img_hidden=&#8221;no&#8221; tablet_bg_img_hidden=&#8221;no&#8221; woodmart_parallax=&#8221;0&#8243; woodmart_sticky_column=&#8221;false&#8221; parallax_scroll=&#8221;no&#8221; mobile_reset_margin=&#8221;no&#8221; tablet_reset_margin=&#8221;no&#8221;][vc_column_text css=&#8221;&#8221; text_larger=&#8221;no&#8221; woodmart_inline=&#8221;no&#8221;]Eskilstuna Trailercenter \u00e4r en filial till Trailercenter i Uppsala AB som har varit etablerad p\u00e5 svenska marknaden sedan 1991. F\u00f6retaget grundades i Uppsalas s\u00f6dra stadsdelar som \u00e4r ett av Sveriges st\u00f6rsta och mest etablerade Trailercenter med en gedigen kunskap och erfarenhet.<\/p>\n<p>Eskilstuna Trailercenter drivs av Eskilstuna Tr\u00e4dg\u00e5rdsmaskiner AB, ett f\u00f6retaget som grundades 1991 av Bo Lorentzon och \u00e4gs sedan 2019 av Henrik Larsson, som med stort engagemang har vidareutvecklat verksamheten. Med \u00f6ver 30 \u00e5rs erfarenhet inom branschen \u00e4r vi din personliga partner n\u00e4r det g\u00e4ller tr\u00e4dg\u00e5rds- och parkmaskiner. Sedan starten har v\u00e5rt fokus varit att erbjuda h\u00f6gkvalitativa produkter och service till b\u00e5de f\u00f6retag och privatpersoner. Oavsett om du \u00e4r villa\u00e4gare, entrepren\u00f6r eller ansvarig f\u00f6r en kommunal anl\u00e4ggning, kan du r\u00e4kna med oss f\u00f6r att leverera r\u00e4tt maskiner och tillbeh\u00f6r.<\/p>\n<p>Eskilstuna Tr\u00e4dg\u00e5rdsmaskiner erbjuder maskiner, redskap och service till b\u00e5de proffsanv\u00e4ndare, entrepren\u00f6rer och villa\u00e4gare i S\u00f6rmland. Genom att v\u00e4lja oss som din leverant\u00f6r s\u00e4kerst\u00e4ller du att du f\u00e5r h\u00f6gkvalitativa produkter och p\u00e5litlig service \u2013 alltid n\u00e4ra till hands. Vi levererar maskiner och utrustning till flera orter, inklusive Eskilstuna, Str\u00e4ngn\u00e4s, Katrineholm och Nyk\u00f6ping.<\/p>\n<p>F\u00f6rutom en gedigen kunskap av olika tr\u00e4dg\u00e5rdsmaskiner ut\u00f6kas nu verksamhet med sl\u00e4p och trailers. Ett naturligt steg d\u00e5 dom redan \u00e4r verksamma inom branschen hus och fritid.[\/vc_column_text][\/vc_column][\/vc_row]<\/p>\n<\/div>","protected":false},"excerpt":{"rendered":"<p>[vc_row][vc_column css=&#8221;.vc_custom_1565553223054{margin-bottom: -9px !important;}&#8221; mobile_bg_img_hidden=&#8221;no&#8221; tablet_bg_img_hidden=&#8221;no&#8221; woodmart_parallax=&#8221;0&#8243; woodmart_sticky_column=&#8221;false&#8221; parallax_scroll=&#8221;no&#8221; mobile_reset_margin=&#8221;no&#8221; tablet_reset_margin=&#8221;no&#8221;][vc_column_text css=&#8221;.vc_custom_1742899939696{margin-top: -3px !important;margin-bottom: 29px !important;}&#8221; text_larger=&#8221;no&#8221; woodmart_inline=&#8221;no&#8221;] OM OSS<\/p>\n","protected":false},"author":1,"featured_media":0,"parent":0,"menu_order":0,"comment_status":"closed","ping_status":"closed","template":"","meta":{"footnotes":""},"class_list":["post-3434","page","type-page","status-publish","hentry"],"yoast_head":"<!-- This site is optimized with the Yoast SEO Premium plugin v27.3 (Yoast SEO v27.3) - https:\/\/yoast.com\/product\/yoast-seo-premium-wordpress\/ -->\n<title>Om oss - Eskilstuna<\/title>\n<meta name=\"robots\" content=\"noindex, follow, max-snippet:-1, max-image-preview:large, max-video-preview:-1\" \/>\n<meta property=\"og:locale\" content=\"sv_SE\" \/>\n<meta property=\"og:type\" content=\"article\" \/>\n<meta property=\"og:title\" content=\"Om oss\" \/>\n<meta property=\"og:description\" content=\"[vc_row][vc_column css=&#8221;.vc_custom_1565553223054{margin-bottom: -9px !important;}&#8221; mobile_bg_img_hidden=&#8221;no&#8221; tablet_bg_img_hidden=&#8221;no&#8221; woodmart_parallax=&#8221;0&#8243; woodmart_sticky_column=&#8221;false&#8221; parallax_scroll=&#8221;no&#8221; mobile_reset_margin=&#8221;no&#8221; tablet_reset_margin=&#8221;no&#8221;][vc_column_text css=&#8221;.vc_custom_1742899939696{margin-top: -3px !important;margin-bottom: 29px !important;}&#8221; text_larger=&#8221;no&#8221; woodmart_inline=&#8221;no&#8221;] OM OSS\" \/>\n<meta property=\"og:url\" content=\"https:\/\/trailercenter.se\/eskilstuna\/om-oss\/\" \/>\n<meta property=\"og:site_name\" content=\"Eskilstuna\" \/>\n<meta property=\"article:modified_time\" content=\"2025-04-20T15:32:25+00:00\" \/>\n<meta property=\"og:image\" content=\"https:\/\/trailercenter.se\/eskilstuna\/wp-content\/uploads\/sites\/11\/2025\/04\/trailercenter_logo_eskilstuna.jpg\" \/>\n\t<meta property=\"og:image:width\" content=\"1113\" \/>\n\t<meta property=\"og:image:height\" content=\"232\" \/>\n\t<meta property=\"og:image:type\" content=\"image\/jpeg\" \/>\n<meta name=\"twitter:card\" content=\"summary_large_image\" \/>\n<meta name=\"twitter:label1\" content=\"Ber\u00e4knad l\u00e4stid\" \/>\n\t<meta name=\"twitter:data1\" content=\"2 minuter\" \/>\n<script type=\"application\/ld+json\" class=\"yoast-schema-graph\">{\"@context\":\"https:\\\/\\\/schema.org\",\"@graph\":[{\"@type\":\"WebPage\",\"@id\":\"https:\\\/\\\/trailercenter.se\\\/eskilstuna\\\/om-oss\\\/\",\"url\":\"https:\\\/\\\/trailercenter.se\\\/eskilstuna\\\/om-oss\\\/\",\"name\":\"Om oss - Eskilstuna\",\"isPartOf\":{\"@id\":\"https:\\\/\\\/trailercenter.se\\\/eskilstuna\\\/#website\"},\"datePublished\":\"2025-03-25T10:50:18+00:00\",\"dateModified\":\"2025-04-20T15:32:25+00:00\",\"breadcrumb\":{\"@id\":\"https:\\\/\\\/trailercenter.se\\\/eskilstuna\\\/om-oss\\\/#breadcrumb\"},\"inLanguage\":\"sv-SE\",\"potentialAction\":[{\"@type\":\"ReadAction\",\"target\":[\"https:\\\/\\\/trailercenter.se\\\/eskilstuna\\\/om-oss\\\/\"]}]},{\"@type\":\"BreadcrumbList\",\"@id\":\"https:\\\/\\\/trailercenter.se\\\/eskilstuna\\\/om-oss\\\/#breadcrumb\",\"itemListElement\":[{\"@type\":\"ListItem\",\"position\":1,\"name\":\"Hem\",\"item\":\"https:\\\/\\\/trailercenter.se\\\/eskilstuna\\\/\"},{\"@type\":\"ListItem\",\"position\":2,\"name\":\"Om oss\"}]},{\"@type\":\"WebSite\",\"@id\":\"https:\\\/\\\/trailercenter.se\\\/eskilstuna\\\/#website\",\"url\":\"https:\\\/\\\/trailercenter.se\\\/eskilstuna\\\/\",\"name\":\"Eskilstuna\",\"description\":\"Vi ligger steget f\u00f6re med det som sl\u00e4par efter!\",\"publisher\":{\"@id\":\"https:\\\/\\\/trailercenter.se\\\/eskilstuna\\\/#organization\"},\"potentialAction\":[{\"@type\":\"SearchAction\",\"target\":{\"@type\":\"EntryPoint\",\"urlTemplate\":\"https:\\\/\\\/trailercenter.se\\\/eskilstuna\\\/?s={search_term_string}\"},\"query-input\":{\"@type\":\"PropertyValueSpecification\",\"valueRequired\":true,\"valueName\":\"search_term_string\"}}],\"inLanguage\":\"sv-SE\"},{\"@type\":[\"Organization\",\"Place\"],\"@id\":\"https:\\\/\\\/trailercenter.se\\\/eskilstuna\\\/#organization\",\"name\":\"Trailercenter i Eskilstuna\",\"alternateName\":\"Eskilstuna Trailercenter\",\"url\":\"https:\\\/\\\/trailercenter.se\\\/eskilstuna\\\/\",\"logo\":{\"@id\":\"https:\\\/\\\/trailercenter.se\\\/eskilstuna\\\/om-oss\\\/#local-main-organization-logo\"},\"image\":{\"@id\":\"https:\\\/\\\/trailercenter.se\\\/eskilstuna\\\/om-oss\\\/#local-main-organization-logo\"},\"address\":{\"@id\":\"https:\\\/\\\/trailercenter.se\\\/eskilstuna\\\/om-oss\\\/#local-main-place-address\"},\"geo\":{\"@type\":\"GeoCoordinates\",\"latitude\":\"59.38739959056037\",\"longitude\":\"16.48384052669761\"},\"telephone\":[\"070 \u2013 552 51 06\"],\"openingHoursSpecification\":[{\"@type\":\"OpeningHoursSpecification\",\"dayOfWeek\":[\"Monday\",\"Tuesday\",\"Wednesday\",\"Thursday\",\"Friday\"],\"opens\":\"07:00\",\"closes\":\"16:00\"},{\"@type\":\"OpeningHoursSpecification\",\"dayOfWeek\":[\"Saturday\",\"Sunday\"],\"opens\":\"00:00\",\"closes\":\"00:00\"}],\"email\":\"info@etunatradgardsmaskiner.se\"},{\"@type\":\"PostalAddress\",\"@id\":\"https:\\\/\\\/trailercenter.se\\\/eskilstuna\\\/om-oss\\\/#local-main-place-address\",\"streetAddress\":\"M\u00e5tt Johanssons v\u00e4g 16\",\"addressLocality\":\"Eskilstuna\",\"postalCode\":\"633 46\",\"addressCountry\":\"SE\"},{\"@type\":\"ImageObject\",\"inLanguage\":\"sv-SE\",\"@id\":\"https:\\\/\\\/trailercenter.se\\\/eskilstuna\\\/om-oss\\\/#local-main-organization-logo\",\"url\":\"https:\\\/\\\/trailercenter.se\\\/eskilstuna\\\/wp-content\\\/uploads\\\/sites\\\/11\\\/2025\\\/04\\\/trailercenter_logo_eskilstuna.jpg\",\"contentUrl\":\"https:\\\/\\\/trailercenter.se\\\/eskilstuna\\\/wp-content\\\/uploads\\\/sites\\\/11\\\/2025\\\/04\\\/trailercenter_logo_eskilstuna.jpg\",\"width\":1113,\"height\":232,\"caption\":\"Trailercenter i Eskilstuna\"}]}<\/script>\n<meta name=\"geo.placename\" content=\"Eskilstuna\" \/>\n<meta name=\"geo.position\" content=\"59.38739959056037;16.48384052669761\" \/>\n<meta name=\"geo.region\" content=\"Sverige\" \/>\n<!-- \/ Yoast SEO Premium plugin. -->","yoast_head_json":{"title":"Om oss - Eskilstuna","robots":{"index":"noindex","follow":"follow","max-snippet":"max-snippet:-1","max-image-preview":"max-image-preview:large","max-video-preview":"max-video-preview:-1"},"og_locale":"sv_SE","og_type":"article","og_title":"Om oss","og_description":"[vc_row][vc_column css=&#8221;.vc_custom_1565553223054{margin-bottom: -9px !important;}&#8221; mobile_bg_img_hidden=&#8221;no&#8221; tablet_bg_img_hidden=&#8221;no&#8221; woodmart_parallax=&#8221;0&#8243; woodmart_sticky_column=&#8221;false&#8221; parallax_scroll=&#8221;no&#8221; mobile_reset_margin=&#8221;no&#8221; tablet_reset_margin=&#8221;no&#8221;][vc_column_text css=&#8221;.vc_custom_1742899939696{margin-top: -3px !important;margin-bottom: 29px !important;}&#8221; text_larger=&#8221;no&#8221; woodmart_inline=&#8221;no&#8221;] OM OSS","og_url":"https:\/\/trailercenter.se\/eskilstuna\/om-oss\/","og_site_name":"Eskilstuna","article_modified_time":"2025-04-20T15:32:25+00:00","og_image":[{"width":1113,"height":232,"url":"https:\/\/trailercenter.se\/eskilstuna\/wp-content\/uploads\/sites\/11\/2025\/04\/trailercenter_logo_eskilstuna.jpg","type":"image\/jpeg"}],"twitter_card":"summary_large_image","twitter_misc":{"Ber\u00e4knad l\u00e4stid":"2 minuter"},"schema":{"@context":"https:\/\/schema.org","@graph":[{"@type":"WebPage","@id":"https:\/\/trailercenter.se\/eskilstuna\/om-oss\/","url":"https:\/\/trailercenter.se\/eskilstuna\/om-oss\/","name":"Om oss - Eskilstuna","isPartOf":{"@id":"https:\/\/trailercenter.se\/eskilstuna\/#website"},"datePublished":"2025-03-25T10:50:18+00:00","dateModified":"2025-04-20T15:32:25+00:00","breadcrumb":{"@id":"https:\/\/trailercenter.se\/eskilstuna\/om-oss\/#breadcrumb"},"inLanguage":"sv-SE","potentialAction":[{"@type":"ReadAction","target":["https:\/\/trailercenter.se\/eskilstuna\/om-oss\/"]}]},{"@type":"BreadcrumbList","@id":"https:\/\/trailercenter.se\/eskilstuna\/om-oss\/#breadcrumb","itemListElement":[{"@type":"ListItem","position":1,"name":"Hem","item":"https:\/\/trailercenter.se\/eskilstuna\/"},{"@type":"ListItem","position":2,"name":"Om oss"}]},{"@type":"WebSite","@id":"https:\/\/trailercenter.se\/eskilstuna\/#website","url":"https:\/\/trailercenter.se\/eskilstuna\/","name":"Eskilstuna","description":"Vi ligger steget f\u00f6re med det som sl\u00e4par efter!","publisher":{"@id":"https:\/\/trailercenter.se\/eskilstuna\/#organization"},"potentialAction":[{"@type":"SearchAction","target":{"@type":"EntryPoint","urlTemplate":"https:\/\/trailercenter.se\/eskilstuna\/?s={search_term_string}"},"query-input":{"@type":"PropertyValueSpecification","valueRequired":true,"valueName":"search_term_string"}}],"inLanguage":"sv-SE"},{"@type":["Organization","Place"],"@id":"https:\/\/trailercenter.se\/eskilstuna\/#organization","name":"Trailercenter i Eskilstuna","alternateName":"Eskilstuna Trailercenter","url":"https:\/\/trailercenter.se\/eskilstuna\/","logo":{"@id":"https:\/\/trailercenter.se\/eskilstuna\/om-oss\/#local-main-organization-logo"},"image":{"@id":"https:\/\/trailercenter.se\/eskilstuna\/om-oss\/#local-main-organization-logo"},"address":{"@id":"https:\/\/trailercenter.se\/eskilstuna\/om-oss\/#local-main-place-address"},"geo":{"@type":"GeoCoordinates","latitude":"59.38739959056037","longitude":"16.48384052669761"},"telephone":["070 \u2013 552 51 06"],"openingHoursSpecification":[{"@type":"OpeningHoursSpecification","dayOfWeek":["Monday","Tuesday","Wednesday","Thursday","Friday"],"opens":"07:00","closes":"16:00"},{"@type":"OpeningHoursSpecification","dayOfWeek":["Saturday","Sunday"],"opens":"00:00","closes":"00:00"}],"email":"info@etunatradgardsmaskiner.se"},{"@type":"PostalAddress","@id":"https:\/\/trailercenter.se\/eskilstuna\/om-oss\/#local-main-place-address","streetAddress":"M\u00e5tt Johanssons v\u00e4g 16","addressLocality":"Eskilstuna","postalCode":"633 46","addressCountry":"SE"},{"@type":"ImageObject","inLanguage":"sv-SE","@id":"https:\/\/trailercenter.se\/eskilstuna\/om-oss\/#local-main-organization-logo","url":"https:\/\/trailercenter.se\/eskilstuna\/wp-content\/uploads\/sites\/11\/2025\/04\/trailercenter_logo_eskilstuna.jpg","contentUrl":"https:\/\/trailercenter.se\/eskilstuna\/wp-content\/uploads\/sites\/11\/2025\/04\/trailercenter_logo_eskilstuna.jpg","width":1113,"height":232,"caption":"Trailercenter i Eskilstuna"}]},"geo.placename":"Eskilstuna","geo.position":{"lat":"59.38739959056037","long":"16.48384052669761"},"geo.region":"Sverige"},"_links":{"self":[{"href":"https:\/\/trailercenter.se\/eskilstuna\/wp-json\/wp\/v2\/pages\/3434","targetHints":{"allow":["GET"]}}],"collection":[{"href":"https:\/\/trailercenter.se\/eskilstuna\/wp-json\/wp\/v2\/pages"}],"about":[{"href":"https:\/\/trailercenter.se\/eskilstuna\/wp-json\/wp\/v2\/types\/page"}],"author":[{"embeddable":true,"href":"https:\/\/trailercenter.se\/eskilstuna\/wp-json\/wp\/v2\/users\/1"}],"replies":[{"embeddable":true,"href":"https:\/\/trailercenter.se\/eskilstuna\/wp-json\/wp\/v2\/comments?post=3434"}],"version-history":[{"count":0,"href":"https:\/\/trailercenter.se\/eskilstuna\/wp-json\/wp\/v2\/pages\/3434\/revisions"}],"wp:attachment":[{"href":"https:\/\/trailercenter.se\/eskilstuna\/wp-json\/wp\/v2\/media?parent=3434"}],"curies":[{"name":"wp","href":"https:\/\/api.w.org\/{rel}","templated":true}]}}