{"id":3456,"date":"2022-10-10T10:17:47","date_gmt":"2022-10-10T08:17:47","guid":{"rendered":"https:\/\/trailercenter.se\/eskilstuna\/produkt\/battrailer-gaupen-1350\/"},"modified":"2025-10-02T11:35:45","modified_gmt":"2025-10-02T09:35:45","slug":"battrailer-gaupen-1350","status":"publish","type":"product","link":"https:\/\/trailercenter.se\/eskilstuna\/produkt\/battrailer-gaupen-1350\/","title":{"rendered":"B\u00e5ttrailer Gaupen 1350"},"content":{"rendered":"<div class=\"wpb-content-wrapper\"><p>[vc_row disable_element=&#8221;yes&#8221; mobile_bg_img_hidden=&#8221;no&#8221; tablet_bg_img_hidden=&#8221;no&#8221; woodmart_parallax=&#8221;0&#8243; woodmart_gradient_switch=&#8221;no&#8221; row_reverse_mobile=&#8221;0&#8243; row_reverse_tablet=&#8221;0&#8243; woodmart_disable_overflow=&#8221;0&#8243;][vc_column][vc_column_text text_larger=&#8221;no&#8221; woodmart_inline=&#8221;no&#8221;]<\/p>\n<h1>B\u00e5ttrailer Gaupen 1350<\/h1>\n<p>B\u00e5ttrailer Gaupen 1350<\/p>\n<p><strong><br \/>\n<\/strong><a href=\"https:\/\/slpvkalk.transportstyrelsen.se\/extweb\/Slapvagnskalkylator\/Slapvagnskalkylator.aspx\">Sl\u00e4pvagnskalkylator \u00bb<br \/>\n<\/a><a href=\"https:\/\/trailercenter.se\/produkt-kategori\/battrailer\/\">Se alla b\u00e5ttrailers \u00bb<\/a>[\/vc_column_text][\/vc_column][\/vc_row][vc_row][vc_column][vc_column_text text_larger=&#8221;no&#8221; woodmart_inline=&#8221;no&#8221;]Gaupen b\u00e5ttrailer kan erbjuda \u00e4r en flexibel och l\u00e4ttanv\u00e4nd b\u00e5ttrailer i absolut toppklass. Norsk tillverkad kvalitets trailer med sj\u00e4lvjusterande vaggor som g\u00f6r att b\u00e5ten inte vandrar snett p\u00e5 trailern. Stabil g\u00e5ng tack vare V-format chassi som l\u00f6per fram till kulkopplingen samt innehar kvalitetsaxel fr\u00e5n AL-KO med vattent\u00e4ta lager och trumspolning.<\/p>\n<p>LED-belysning d\u00e4r elen \u00e4r skyddad i b\u00e5ttrailerns chassi. Kapslad vinsch som \u00e4r monterat p\u00e5 ett multifunktions vinschtorn som i sin tur \u00e4r justerbart l\u00e4ngsled.<\/p>\n<p>Stora mjuka flexibla gummihjul som \u00e4r skonsamt mot b\u00e5tskrovet vilket resulterar att b\u00e5ten enkelt rullar b\u00e5de p\u00e5 och av trailern. Stora stabila fotsteg p\u00e5 b\u00e5da sidorna av st\u00e4nksk\u00e4rmarna samt bind\u00f6glor f\u00f6r sp\u00e4nnband som standard.<\/p>\n<p>Dessutom finns tv\u00e5 extra sidost\u00f6d och en k\u00f6lrulle l\u00e4ngst fram p\u00e5 vagnen ut\u00f6ver dom sj\u00e4lvjusterande vaggorna vilket g\u00f6r att Gaupen b\u00e5ttrailer sticker ut.<\/p>\n<p><em>Sl\u00e4pet p\u00e5 bilden kan vara extrautrustad.<\/em>[\/vc_column_text][\/vc_column][\/vc_row]<\/p>\n<\/div>","protected":false},"excerpt":{"rendered":"<p>Gaupen b\u00e5ttrailer med tv\u00e5 sj\u00e4lvjusterande vaggor, fotsteg, f\u00e4rskvattenspolning av bromsar, surrningsf\u00e4sten och LED-belysning. Allt som standard samt V-format chassi f\u00f6r stabil g\u00e5ng.<\/p>\n<ul>\n<li>Totalvikt 1350 kg<\/li>\n<li>Maxlast 940 kg<\/li>\n<li>B\u00e5tl\u00e4ngd upp till 6 m<\/li>\n<\/ul>\n","protected":false},"featured_media":100000037428,"template":"","meta":[],"product_brand":[],"product_cat":[270,274,294,293],"product_tag":[90,91,92,295],"class_list":{"0":"post-3456","1":"product","2":"type-product","3":"status-publish","4":"has-post-thumbnail","6":"product_cat-battrailer","7":"product_cat-bromsade","8":"product_cat-bromsad-gaupen","9":"product_cat-gaupen","10":"product_tag-batslap","11":"product_tag-battrailer","12":"product_tag-bromsad-battrailer","13":"product_tag-gaupen","15":"first","16":"onbackorder","17":"taxable","18":"shipping-taxable","19":"purchasable","20":"product-type-variable","21":"has-default-attributes"},"exclude_global_add_ons":false,"addons":[{"name":"B\u00e5tl\u00e4ngd inkl motor","type":"custom_text","position":0,"required":false,"title_format":"label","default":"","description_enable":true,"description":"S\u00e5 vi kan justera trailern p\u00e5 ett ungef\u00e4r.","placeholder_enable":true,"placeholder":"Ange l\u00e4ngd h\u00e4r...","display":"select","restrictions_type":"any_text","adjust_price":false,"price":"","price_type":"flat_fee","restrictions":false,"min":"0","max":"0","options":[],"id":1757881770},{"name":"Eladapter","type":"multiple_choice","position":0,"required":false,"title_format":"label","default":"","description_enable":false,"description":"","placeholder_enable":false,"placeholder":"","display":"images","restrictions_type":"any_text","adjust_price":false,"price":"","price_type":"flat_fee","restrictions":false,"min":"0","max":"0","options":[{"label":"fr\u00e5n 13 (sl\u00e4p) till 7 (bil)","price":"149","price_type":"quantity_based","image":319,"visibility":true}],"id":1738175995},{"name":"St\u00f6ldl\u00e5s","type":"multiple_choice","position":0,"required":false,"title_format":"label","default":"","description_enable":false,"description":"","placeholder_enable":false,"placeholder":"","display":"images","restrictions_type":"any_text","adjust_price":false,"price":"","price_type":"flat_fee","restrictions":false,"min":"0","max":"0","options":[{"label":"Standard plus","price":"398","price_type":"quantity_based","image":325,"visibility":true},{"label":"Klass 3 SSF monterat","price":"2195","price_type":"quantity_based","image":317,"visibility":true}],"id":1738175354},{"name":"Sp\u00e4nnband","type":"multiple_choice","position":0,"required":false,"title_format":"label","default":"","description_enable":false,"description":"","placeholder_enable":false,"placeholder":"","display":"images","restrictions_type":"any_text","adjust_price":false,"price":"","price_type":"flat_fee","restrictions":false,"min":"0","max":"0","options":[{"label":"2st 2 ton","price":"390","price_type":"quantity_based","image":324,"visibility":true},{"label":"4st 2 ton","price":"780","price_type":"quantity_based","image":324,"visibility":true}],"id":1754228870},{"name":"Se val av tillbeh\u00f6r nedan.","type":"heading","position":0,"required":false,"title_format":"label","default":"","description_enable":false,"description":"","placeholder_enable":false,"placeholder":"","display":"select","restrictions_type":"any_text","adjust_price":false,"price":"","price_type":"flat_fee","restrictions":false,"min":"0","max":"0","options":[],"id":1740483771}],"yoast_head":"<!-- This site is optimized with the Yoast SEO Premium plugin v27.3 (Yoast SEO v27.3) - https:\/\/yoast.com\/product\/yoast-seo-premium-wordpress\/ -->\n<title>B\u00e5ttrailer Gaupen 1350 - Eskilstuna<\/title>\n<meta name=\"robots\" content=\"noindex, follow, max-snippet:-1, max-image-preview:large, max-video-preview:-1\" \/>\n<meta property=\"og:locale\" content=\"sv_SE\" \/>\n<meta property=\"og:type\" content=\"article\" \/>\n<meta property=\"og:title\" content=\"B\u00e5ttrailer Gaupen 1350\" \/>\n<meta property=\"og:description\" content=\"Gaupen b\u00e5ttrailer med tv\u00e5 sj\u00e4lvjusterande vaggor, fotsteg, f\u00e4rskvattenspolning av bromsar, surrningsf\u00e4sten och LED-belysning. Allt som standard samt V-format chassi f\u00f6r stabil g\u00e5ng.   Totalvikt 1350 kg  Maxlast 940 kg  B\u00e5tl\u00e4ngd upp till 6 m\" \/>\n<meta property=\"og:url\" content=\"https:\/\/trailercenter.se\/eskilstuna\/produkt\/battrailer-gaupen-1350\/\" \/>\n<meta property=\"og:site_name\" content=\"Eskilstuna\" \/>\n<meta property=\"article:modified_time\" content=\"2025-10-02T09:35:45+00:00\" \/>\n<meta property=\"og:image\" content=\"https:\/\/trailercenter.se\/eskilstuna\/wp-content\/uploads\/sites\/11\/2025\/04\/trailercenter_logo_eskilstuna.jpg\" \/>\n\t<meta property=\"og:image:width\" content=\"1113\" \/>\n\t<meta property=\"og:image:height\" content=\"232\" \/>\n\t<meta property=\"og:image:type\" content=\"image\/jpeg\" \/>\n<meta name=\"twitter:card\" content=\"summary_large_image\" \/>\n<meta name=\"twitter:label1\" content=\"Ber\u00e4knad l\u00e4stid\" \/>\n\t<meta name=\"twitter:data1\" content=\"2 minuter\" \/>\n<script type=\"application\/ld+json\" class=\"yoast-schema-graph\">{\"@context\":\"https:\\\/\\\/schema.org\",\"@graph\":[{\"@type\":\"WebPage\",\"@id\":\"https:\\\/\\\/trailercenter.se\\\/eskilstuna\\\/produkt\\\/battrailer-gaupen-1350\\\/\",\"url\":\"https:\\\/\\\/trailercenter.se\\\/eskilstuna\\\/produkt\\\/battrailer-gaupen-1350\\\/\",\"name\":\"B\u00e5ttrailer Gaupen 1350 - Eskilstuna\",\"isPartOf\":{\"@id\":\"https:\\\/\\\/trailercenter.se\\\/eskilstuna\\\/#website\"},\"primaryImageOfPage\":{\"@id\":\"https:\\\/\\\/trailercenter.se\\\/eskilstuna\\\/produkt\\\/battrailer-gaupen-1350\\\/#primaryimage\"},\"image\":{\"@id\":\"https:\\\/\\\/trailercenter.se\\\/eskilstuna\\\/produkt\\\/battrailer-gaupen-1350\\\/#primaryimage\"},\"thumbnailUrl\":\"https:\\\/\\\/trailercenter.se\\\/eskilstuna\\\/wp-content\\\/uploads\\\/2022\\\/10\\\/Battrailer-Gaupen-1000-Trailercenter.jpg\",\"datePublished\":\"2022-10-10T08:17:47+00:00\",\"dateModified\":\"2025-10-02T09:35:45+00:00\",\"breadcrumb\":{\"@id\":\"https:\\\/\\\/trailercenter.se\\\/eskilstuna\\\/produkt\\\/battrailer-gaupen-1350\\\/#breadcrumb\"},\"inLanguage\":\"sv-SE\",\"potentialAction\":[{\"@type\":\"ReadAction\",\"target\":[\"https:\\\/\\\/trailercenter.se\\\/eskilstuna\\\/produkt\\\/battrailer-gaupen-1350\\\/\"]}]},{\"@type\":\"ImageObject\",\"inLanguage\":\"sv-SE\",\"@id\":\"https:\\\/\\\/trailercenter.se\\\/eskilstuna\\\/produkt\\\/battrailer-gaupen-1350\\\/#primaryimage\",\"url\":\"https:\\\/\\\/trailercenter.se\\\/eskilstuna\\\/wp-content\\\/uploads\\\/2022\\\/10\\\/Battrailer-Gaupen-1000-Trailercenter.jpg\",\"contentUrl\":\"https:\\\/\\\/trailercenter.se\\\/eskilstuna\\\/wp-content\\\/uploads\\\/2022\\\/10\\\/Battrailer-Gaupen-1000-Trailercenter.jpg\"},{\"@type\":\"BreadcrumbList\",\"@id\":\"https:\\\/\\\/trailercenter.se\\\/eskilstuna\\\/produkt\\\/battrailer-gaupen-1350\\\/#breadcrumb\",\"itemListElement\":[{\"@type\":\"ListItem\",\"position\":1,\"name\":\"Hem\",\"item\":\"https:\\\/\\\/trailercenter.se\\\/eskilstuna\\\/\"},{\"@type\":\"ListItem\",\"position\":2,\"name\":\"Produktkategorier\",\"item\":\"https:\\\/\\\/trailercenter.se\\\/eskilstuna\\\/butik\\\/\"},{\"@type\":\"ListItem\",\"position\":3,\"name\":\"B\u00e5ttrailer Gaupen 1350\"}]},{\"@type\":\"WebSite\",\"@id\":\"https:\\\/\\\/trailercenter.se\\\/eskilstuna\\\/#website\",\"url\":\"https:\\\/\\\/trailercenter.se\\\/eskilstuna\\\/\",\"name\":\"Eskilstuna\",\"description\":\"Vi ligger steget f\u00f6re med det som sl\u00e4par efter!\",\"publisher\":{\"@id\":\"https:\\\/\\\/trailercenter.se\\\/eskilstuna\\\/#organization\"},\"potentialAction\":[{\"@type\":\"SearchAction\",\"target\":{\"@type\":\"EntryPoint\",\"urlTemplate\":\"https:\\\/\\\/trailercenter.se\\\/eskilstuna\\\/?s={search_term_string}\"},\"query-input\":{\"@type\":\"PropertyValueSpecification\",\"valueRequired\":true,\"valueName\":\"search_term_string\"}}],\"inLanguage\":\"sv-SE\"},{\"@type\":[\"Organization\",\"Place\"],\"@id\":\"https:\\\/\\\/trailercenter.se\\\/eskilstuna\\\/#organization\",\"name\":\"Trailercenter i Eskilstuna\",\"alternateName\":\"Eskilstuna Trailercenter\",\"url\":\"https:\\\/\\\/trailercenter.se\\\/eskilstuna\\\/\",\"logo\":{\"@id\":\"https:\\\/\\\/trailercenter.se\\\/eskilstuna\\\/produkt\\\/battrailer-gaupen-1350\\\/#local-main-organization-logo\"},\"image\":{\"@id\":\"https:\\\/\\\/trailercenter.se\\\/eskilstuna\\\/produkt\\\/battrailer-gaupen-1350\\\/#local-main-organization-logo\"},\"address\":{\"@id\":\"https:\\\/\\\/trailercenter.se\\\/eskilstuna\\\/produkt\\\/battrailer-gaupen-1350\\\/#local-main-place-address\"},\"geo\":{\"@type\":\"GeoCoordinates\",\"latitude\":\"59.38739959056037\",\"longitude\":\"16.48384052669761\"},\"telephone\":[\"070 \u2013 552 51 06\"],\"openingHoursSpecification\":[{\"@type\":\"OpeningHoursSpecification\",\"dayOfWeek\":[\"Monday\",\"Tuesday\",\"Wednesday\",\"Thursday\",\"Friday\"],\"opens\":\"07:00\",\"closes\":\"16:00\"},{\"@type\":\"OpeningHoursSpecification\",\"dayOfWeek\":[\"Saturday\",\"Sunday\"],\"opens\":\"00:00\",\"closes\":\"00:00\"}],\"email\":\"info@etunatradgardsmaskiner.se\"},{\"@type\":\"PostalAddress\",\"@id\":\"https:\\\/\\\/trailercenter.se\\\/eskilstuna\\\/produkt\\\/battrailer-gaupen-1350\\\/#local-main-place-address\",\"streetAddress\":\"M\u00e5tt Johanssons v\u00e4g 16\",\"addressLocality\":\"Eskilstuna\",\"postalCode\":\"633 46\",\"addressCountry\":\"SE\"},{\"@type\":\"ImageObject\",\"inLanguage\":\"sv-SE\",\"@id\":\"https:\\\/\\\/trailercenter.se\\\/eskilstuna\\\/produkt\\\/battrailer-gaupen-1350\\\/#local-main-organization-logo\",\"url\":\"https:\\\/\\\/trailercenter.se\\\/eskilstuna\\\/wp-content\\\/uploads\\\/sites\\\/11\\\/2025\\\/04\\\/trailercenter_logo_eskilstuna.jpg\",\"contentUrl\":\"https:\\\/\\\/trailercenter.se\\\/eskilstuna\\\/wp-content\\\/uploads\\\/sites\\\/11\\\/2025\\\/04\\\/trailercenter_logo_eskilstuna.jpg\",\"width\":1113,\"height\":232,\"caption\":\"Trailercenter i Eskilstuna\"}]}<\/script>\n<meta name=\"geo.placename\" content=\"Eskilstuna\" \/>\n<meta name=\"geo.position\" content=\"59.38739959056037;16.48384052669761\" \/>\n<meta name=\"geo.region\" content=\"Sverige\" \/>\n<!-- \/ Yoast SEO Premium plugin. -->","yoast_head_json":{"title":"B\u00e5ttrailer Gaupen 1350 - Eskilstuna","robots":{"index":"noindex","follow":"follow","max-snippet":"max-snippet:-1","max-image-preview":"max-image-preview:large","max-video-preview":"max-video-preview:-1"},"og_locale":"sv_SE","og_type":"article","og_title":"B\u00e5ttrailer Gaupen 1350","og_description":"Gaupen b\u00e5ttrailer med tv\u00e5 sj\u00e4lvjusterande vaggor, fotsteg, f\u00e4rskvattenspolning av bromsar, surrningsf\u00e4sten och LED-belysning. Allt som standard samt V-format chassi f\u00f6r stabil g\u00e5ng.   Totalvikt 1350 kg  Maxlast 940 kg  B\u00e5tl\u00e4ngd upp till 6 m","og_url":"https:\/\/trailercenter.se\/eskilstuna\/produkt\/battrailer-gaupen-1350\/","og_site_name":"Eskilstuna","article_modified_time":"2025-10-02T09:35:45+00:00","og_image":[{"width":1113,"height":232,"url":"https:\/\/trailercenter.se\/eskilstuna\/wp-content\/uploads\/sites\/11\/2025\/04\/trailercenter_logo_eskilstuna.jpg","type":"image\/jpeg"}],"twitter_card":"summary_large_image","twitter_misc":{"Ber\u00e4knad l\u00e4stid":"2 minuter"},"schema":{"@context":"https:\/\/schema.org","@graph":[{"@type":"WebPage","@id":"https:\/\/trailercenter.se\/eskilstuna\/produkt\/battrailer-gaupen-1350\/","url":"https:\/\/trailercenter.se\/eskilstuna\/produkt\/battrailer-gaupen-1350\/","name":"B\u00e5ttrailer Gaupen 1350 - Eskilstuna","isPartOf":{"@id":"https:\/\/trailercenter.se\/eskilstuna\/#website"},"primaryImageOfPage":{"@id":"https:\/\/trailercenter.se\/eskilstuna\/produkt\/battrailer-gaupen-1350\/#primaryimage"},"image":{"@id":"https:\/\/trailercenter.se\/eskilstuna\/produkt\/battrailer-gaupen-1350\/#primaryimage"},"thumbnailUrl":"https:\/\/trailercenter.se\/eskilstuna\/wp-content\/uploads\/2022\/10\/Battrailer-Gaupen-1000-Trailercenter.jpg","datePublished":"2022-10-10T08:17:47+00:00","dateModified":"2025-10-02T09:35:45+00:00","breadcrumb":{"@id":"https:\/\/trailercenter.se\/eskilstuna\/produkt\/battrailer-gaupen-1350\/#breadcrumb"},"inLanguage":"sv-SE","potentialAction":[{"@type":"ReadAction","target":["https:\/\/trailercenter.se\/eskilstuna\/produkt\/battrailer-gaupen-1350\/"]}]},{"@type":"ImageObject","inLanguage":"sv-SE","@id":"https:\/\/trailercenter.se\/eskilstuna\/produkt\/battrailer-gaupen-1350\/#primaryimage","url":"https:\/\/trailercenter.se\/eskilstuna\/wp-content\/uploads\/2022\/10\/Battrailer-Gaupen-1000-Trailercenter.jpg","contentUrl":"https:\/\/trailercenter.se\/eskilstuna\/wp-content\/uploads\/2022\/10\/Battrailer-Gaupen-1000-Trailercenter.jpg"},{"@type":"BreadcrumbList","@id":"https:\/\/trailercenter.se\/eskilstuna\/produkt\/battrailer-gaupen-1350\/#breadcrumb","itemListElement":[{"@type":"ListItem","position":1,"name":"Hem","item":"https:\/\/trailercenter.se\/eskilstuna\/"},{"@type":"ListItem","position":2,"name":"Produktkategorier","item":"https:\/\/trailercenter.se\/eskilstuna\/butik\/"},{"@type":"ListItem","position":3,"name":"B\u00e5ttrailer Gaupen 1350"}]},{"@type":"WebSite","@id":"https:\/\/trailercenter.se\/eskilstuna\/#website","url":"https:\/\/trailercenter.se\/eskilstuna\/","name":"Eskilstuna","description":"Vi ligger steget f\u00f6re med det som sl\u00e4par efter!","publisher":{"@id":"https:\/\/trailercenter.se\/eskilstuna\/#organization"},"potentialAction":[{"@type":"SearchAction","target":{"@type":"EntryPoint","urlTemplate":"https:\/\/trailercenter.se\/eskilstuna\/?s={search_term_string}"},"query-input":{"@type":"PropertyValueSpecification","valueRequired":true,"valueName":"search_term_string"}}],"inLanguage":"sv-SE"},{"@type":["Organization","Place"],"@id":"https:\/\/trailercenter.se\/eskilstuna\/#organization","name":"Trailercenter i Eskilstuna","alternateName":"Eskilstuna Trailercenter","url":"https:\/\/trailercenter.se\/eskilstuna\/","logo":{"@id":"https:\/\/trailercenter.se\/eskilstuna\/produkt\/battrailer-gaupen-1350\/#local-main-organization-logo"},"image":{"@id":"https:\/\/trailercenter.se\/eskilstuna\/produkt\/battrailer-gaupen-1350\/#local-main-organization-logo"},"address":{"@id":"https:\/\/trailercenter.se\/eskilstuna\/produkt\/battrailer-gaupen-1350\/#local-main-place-address"},"geo":{"@type":"GeoCoordinates","latitude":"59.38739959056037","longitude":"16.48384052669761"},"telephone":["070 \u2013 552 51 06"],"openingHoursSpecification":[{"@type":"OpeningHoursSpecification","dayOfWeek":["Monday","Tuesday","Wednesday","Thursday","Friday"],"opens":"07:00","closes":"16:00"},{"@type":"OpeningHoursSpecification","dayOfWeek":["Saturday","Sunday"],"opens":"00:00","closes":"00:00"}],"email":"info@etunatradgardsmaskiner.se"},{"@type":"PostalAddress","@id":"https:\/\/trailercenter.se\/eskilstuna\/produkt\/battrailer-gaupen-1350\/#local-main-place-address","streetAddress":"M\u00e5tt Johanssons v\u00e4g 16","addressLocality":"Eskilstuna","postalCode":"633 46","addressCountry":"SE"},{"@type":"ImageObject","inLanguage":"sv-SE","@id":"https:\/\/trailercenter.se\/eskilstuna\/produkt\/battrailer-gaupen-1350\/#local-main-organization-logo","url":"https:\/\/trailercenter.se\/eskilstuna\/wp-content\/uploads\/sites\/11\/2025\/04\/trailercenter_logo_eskilstuna.jpg","contentUrl":"https:\/\/trailercenter.se\/eskilstuna\/wp-content\/uploads\/sites\/11\/2025\/04\/trailercenter_logo_eskilstuna.jpg","width":1113,"height":232,"caption":"Trailercenter i Eskilstuna"}]},"geo.placename":"Eskilstuna","geo.position":{"lat":"59.38739959056037","long":"16.48384052669761"},"geo.region":"Sverige"},"_links":{"self":[{"href":"https:\/\/trailercenter.se\/eskilstuna\/wp-json\/wp\/v2\/product\/3456","targetHints":{"allow":["GET"]}}],"collection":[{"href":"https:\/\/trailercenter.se\/eskilstuna\/wp-json\/wp\/v2\/product"}],"about":[{"href":"https:\/\/trailercenter.se\/eskilstuna\/wp-json\/wp\/v2\/types\/product"}],"wp:featuredmedia":[{"embeddable":true,"href":"https:\/\/trailercenter.se\/eskilstuna\/wp-json\/"}],"wp:attachment":[{"href":"https:\/\/trailercenter.se\/eskilstuna\/wp-json\/wp\/v2\/media?parent=3456"}],"wp:term":[{"taxonomy":"product_brand","embeddable":true,"href":"https:\/\/trailercenter.se\/eskilstuna\/wp-json\/wp\/v2\/product_brand?post=3456"},{"taxonomy":"product_cat","embeddable":true,"href":"https:\/\/trailercenter.se\/eskilstuna\/wp-json\/wp\/v2\/product_cat?post=3456"},{"taxonomy":"product_tag","embeddable":true,"href":"https:\/\/trailercenter.se\/eskilstuna\/wp-json\/wp\/v2\/product_tag?post=3456"}],"curies":[{"name":"wp","href":"https:\/\/api.w.org\/{rel}","templated":true}]}}