{"id":3678,"date":"2018-03-02T10:05:05","date_gmt":"2018-03-02T09:05:05","guid":{"rendered":"https:\/\/trailercenter.se\/eskilstuna\/produkt\/slapvagn-neptun-uni\/"},"modified":"2026-02-10T12:50:45","modified_gmt":"2026-02-10T11:50:45","slug":"slapvagn-neptun-uni","status":"publish","type":"product","link":"https:\/\/trailercenter.se\/eskilstuna\/produkt\/slapvagn-neptun-uni\/","title":{"rendered":"Sl\u00e4pvagn Neptun UNI 305"},"content":{"rendered":"<div class=\"wpb-content-wrapper\"><p>[vc_row disable_element=&#8221;yes&#8221; mobile_bg_img_hidden=&#8221;no&#8221; tablet_bg_img_hidden=&#8221;no&#8221; woodmart_parallax=&#8221;0&#8243; woodmart_gradient_switch=&#8221;no&#8221; row_reverse_mobile=&#8221;0&#8243; row_reverse_tablet=&#8221;0&#8243; woodmart_disable_overflow=&#8221;0&#8243;][vc_column][vc_column_text text_larger=&#8221;no&#8221;]<\/p>\n<h1>Sl\u00e4pvagn Neptun UNI 305<\/h1>\n<p>Sl\u00e4pvagn Neptun UNI 305<\/p>\n<p><strong>L\u00e4nkar<br \/>\n<\/strong><a href=\"https:\/\/slpvkalk.transportstyrelsen.se\/extweb\/Slapvagnskalkylator\/Slapvagnskalkylator.aspx\">Sl\u00e4pvagnskalkylator \u00bb<br \/>\n<\/a><a href=\"https:\/\/trailercenter.se\/produkt-kategori\/slapvagnar\/\">Se alla sl\u00e4pvagnar \u00bb<\/a><\/p>\n<p>[\/vc_column_text][\/vc_column][\/vc_row][vc_row][vc_column][vc_column_text text_larger=&#8221;no&#8221;]<strong>Neptun UNI 305<\/strong>\u00a0den universiella proffs-sl\u00e4pvagnen, ett plattformskoncept med stabilt helsvetsat chassi. Tipp som g\u00e5r ner p\u00e5 marken utan att ljusrampen skapar trappsteg. Tillbeh\u00f6r som f\u00f6rh\u00f6jningssidor, n\u00e4tgrindar, lastramp, vinsch mm. kan kombineras efter behov till varje behov.<\/p>\n<p><strong>Mycket robust ramkonstruktion<\/strong><br \/>\nHelsvetsat chassi och dragbalk liksom genomg\u00e5ende rambalkar l\u00e4ngst b\u00e4gge sidorna p\u00e5 hela vagnen i U-profil. Dessutom har UNI-modellerna tre tv\u00e4rg\u00e5ende balkar f\u00f6r att ge en extremt robust ramkonstruktion.<\/p>\n<p><strong>Bra och s\u00e4kra k\u00f6regenskaper<\/strong><br \/>\nSvetsad V-dragst\u00e5ng med f\u00f6rst\u00e4rkning, oberoende hjulupph\u00e4ngning med gummitorsions fj\u00e4dring ger s\u00e4kra och goda k\u00f6regenskaper.<\/p>\n<p><strong>Stort utval av tillbeh\u00f6r<\/strong><br \/>\nEn stor f\u00f6rdel med\u00a0sl\u00e4pvagn Neptun UNI 305 ut\u00f6ver bredden p\u00e5 166 cm \u00e4r det stora urvalet av tillbeh\u00f6r. Du kan montera praktiska extrasidor, n\u00e4tgrind, ramp, vinsch och vinschstolpe. Den verkliga f\u00f6rdelen \u00e4r att du kan kombinera alla tillbeh\u00f6r med varandra. Du kan t.ex. montera n\u00e4tsidor ovanp\u00e5 extrasidor. UNI \u00e4r d\u00e4rf\u00f6r en sl\u00e4pvagn f\u00f6r alla behov.<\/p>\n<p><strong>Maskin lasts\u00e4kring<\/strong><br \/>\nSurrnings\u00f6glor\u00a0\u00e4r monterade p\u00e5 flaket i den svetsande ramen i alla 4-h\u00f6rnen och i mitten s\u00e4krar din last optimalt. Det ger \u00e4nnu s\u00e4krare fixering av tung och v\u00e4rdefull last som t.ex. maskiner.<\/p>\n<p><strong>Skyddade multifunktionslampor<\/strong><br \/>\nMultifunktions bakljus monterade under den \u00f6ppningsbara bak l\u00e4mmen. D\u00e4rigenom \u00e4r alla anslutningar till lamporna skyddade mot fukt, rost, \u00e4rg mm. p\u00e5 b\u00e4sta s\u00e4tt s\u00e5 att de kan fungera i m\u00e5nga \u00e5r.<\/p>\n<p>S<strong>midig och praktisk av- och p\u00e5lastning<\/strong><br \/>\nAlla UNI modellerna \u00e4r utrustade med manuell tipp och med valfri ramp vilket g\u00f6r p\u00e5- och avlastning av maskiner smidigt och praktiskt. Med den monterade gasd\u00e4mparen stannar flaket uppe och f\u00e4lls mjukt och smidigt ner \u00f6ver tyngdpunkten.<\/p>\n<p><em>Sl\u00e4pet p\u00e5 bilden kan vara extrautrustad.<\/em>[\/vc_column_text][\/vc_column][\/vc_row]<\/p>\n<\/div>","protected":false},"excerpt":{"rendered":"<p>Universal sl\u00e4p, ett plattformskoncept med stabilt helsvetsat chassi. Tipp som g\u00e5r \u00e4nda ner till marken utan att ljusrampen skapar niv\u00e5skillnad.<br \/>\n<em>Vagnen \u00e4r utrustad med plastsk\u00e4rmar.<\/em><\/p>\n<ul>\n<li>Totalvikt 750 kg <em>&#8211; [html_block id=\"3299\"]<\/em><\/li>\n<li>Maxlast 540 kg<\/li>\n<li>Flakyta 305x166x10 cm<\/li>\n<\/ul>\n<p><a href=\"https:\/\/trailercenter.se\/eskilstuna\/produkt\/slapvagn-neptun-uni-n13\/\">Se bromsat utf\u00f6rande \u00bb<\/a><\/p>\n","protected":false},"featured_media":100000011636,"template":"","meta":[],"product_brand":[],"product_cat":[261,263,259],"product_tag":[153,22,23,24,25],"class_list":{"0":"post-3678","1":"product","2":"type-product","3":"status-publish","4":"has-post-thumbnail","6":"product_cat-obromsade-slapvagnar","7":"product_cat-obromsad","8":"product_cat-storsaljare","9":"product_tag-neptun","10":"product_tag-obromsad-slapvagn","11":"product_tag-slap","12":"product_tag-slapkarra","13":"product_tag-slapvagn","15":"first","16":"instock","17":"sale","18":"taxable","19":"shipping-taxable","20":"purchasable","21":"product-type-variable","22":"has-default-attributes"},"exclude_global_add_ons":false,"addons":[{"name":"P\u00e5byggnad","type":"multiple_choice","position":0,"required":false,"title_format":"label","default":"","description_enable":false,"description":"","placeholder_enable":false,"placeholder":"","display":"images","restrictions_type":"any_text","adjust_price":false,"price":"","price_type":"flat_fee","restrictions":false,"min":"0","max":"0","options":[{"label":"F\u00f6rh\u00f6jningsl\u00e4m 20cm+l\u00e4m exkl ramp","price":"3595","price_type":"quantity_based","image":3750,"visibility":true},{"label":"N\u00e4tgrind 80cm+l\u00e4m","price":"8100","price_type":"quantity_based","image":3749,"visibility":true},{"label":"N\u00e4tgrind inkl f\u00f6rh\u00f6jningsl\u00e4m+l\u00e4m","price":"11695","price_type":"quantity_based","image":3748,"visibility":true}],"id":1744644142},{"name":"Uppk\u00f6rning","type":"multiple_choice","position":1,"required":false,"title_format":"label","default":"","description_enable":true,"description":"<font size=\"2\">Anv\u00e4nds l\u00f6st till n\u00e4tgrind utan f\u00f6rh\u00f6jningsl\u00e4m<\/font>","placeholder_enable":false,"placeholder":"","display":"images","restrictions_type":"any_text","adjust_price":false,"price":"","price_type":"flat_fee","restrictions":false,"min":"0","max":"0","options":[{"label":"Lastramp bak 30cm","price":"2345","price_type":"quantity_based","image":3747,"visibility":true}],"id":1744644256},{"name":"Vinschstativ","type":"multiple_choice","position":2,"required":false,"title_format":"label","default":"","description_enable":false,"description":"","placeholder_enable":false,"placeholder":"","display":"images","restrictions_type":"any_text","adjust_price":false,"price":"","price_type":"flat_fee","restrictions":false,"min":"0","max":"0","options":[{"label":"Inkl vinsch","price":"2845","price_type":"quantity_based","image":3751,"visibility":true}],"id":1744644257},{"name":"Eladapter","type":"multiple_choice","position":0,"required":false,"title_format":"label","default":"","description_enable":false,"description":"","placeholder_enable":false,"placeholder":"","display":"images","restrictions_type":"any_text","adjust_price":false,"price":"","price_type":"flat_fee","restrictions":false,"min":"0","max":"0","options":[{"label":"fr\u00e5n 7 (sl\u00e4p) till 13 (bil)","price":"149","price_type":"quantity_based","image":318,"visibility":true}],"id":1738176182},{"name":"St\u00f6ldl\u00e5s","type":"multiple_choice","position":0,"required":false,"title_format":"label","default":"","description_enable":false,"description":"","placeholder_enable":false,"placeholder":"","display":"images","restrictions_type":"any_text","adjust_price":false,"price":"","price_type":"flat_fee","restrictions":false,"min":"0","max":"0","options":[{"label":"Standard plus","price":"398","price_type":"quantity_based","image":325,"visibility":true},{"label":"Klass 3 SSF monterat","price":"2195","price_type":"quantity_based","image":317,"visibility":true}],"id":1738175354},{"name":"Sp\u00e4nnband","type":"multiple_choice","position":0,"required":false,"title_format":"label","default":"","description_enable":false,"description":"","placeholder_enable":false,"placeholder":"","display":"images","restrictions_type":"any_text","adjust_price":false,"price":"","price_type":"flat_fee","restrictions":false,"min":"0","max":"0","options":[{"label":"2st 2 ton","price":"390","price_type":"quantity_based","image":324,"visibility":true},{"label":"4st 2 ton","price":"780","price_type":"quantity_based","image":324,"visibility":true}],"id":1754228870},{"name":"St\u00f6dhjulspaket","type":"multiple_choice","position":0,"required":false,"title_format":"label","default":"","description_enable":false,"description":"","placeholder_enable":false,"placeholder":"","display":"images","restrictions_type":"any_text","adjust_price":false,"price":"","price_type":"flat_fee","restrictions":false,"min":"0","max":"0","options":[{"label":"inkl kl\u00e4mf\u00e4ste monterat","price":"295","price_type":"quantity_based","image":3271,"visibility":true}],"id":1738175574},{"name":"Se val av tillbeh\u00f6r nedan.","type":"heading","position":0,"required":false,"title_format":"label","default":"","description_enable":false,"description":"","placeholder_enable":false,"placeholder":"","display":"select","restrictions_type":"any_text","adjust_price":false,"price":"","price_type":"flat_fee","restrictions":false,"min":"0","max":"0","options":[],"id":1740483771},{"name":"Vinterhjul","type":"multiple_choice","position":0,"required":false,"title_format":"label","default":"","description_enable":false,"description":"","placeholder_enable":false,"placeholder":"","display":"images","restrictions_type":"any_text","adjust_price":false,"price":"","price_type":"flat_fee","restrictions":false,"min":"0","max":"0","options":[{"label":"2st med dubb 15513","price":"1970","price_type":"quantity_based","image":323,"visibility":true},{"label":"2st utan dubb 15513","price":"1940","price_type":"quantity_based","image":323,"visibility":true}],"id":1738175304}],"yoast_head":"<!-- This site is optimized with the Yoast SEO Premium plugin v27.3 (Yoast SEO v27.3) - https:\/\/yoast.com\/product\/yoast-seo-premium-wordpress\/ -->\n<title>Sl\u00e4pvagn Neptun UNI 305 - Eskilstuna<\/title>\n<meta name=\"robots\" content=\"noindex, follow, max-snippet:-1, max-image-preview:large, max-video-preview:-1\" \/>\n<meta property=\"og:locale\" content=\"sv_SE\" \/>\n<meta property=\"og:type\" content=\"article\" \/>\n<meta property=\"og:title\" content=\"Sl\u00e4pvagn Neptun UNI 305\" \/>\n<meta property=\"og:description\" content=\"Universal sl\u00e4p, ett plattformskoncept med stabilt helsvetsat chassi. Tipp som g\u00e5r \u00e4nda ner till marken utan att ljusrampen skapar niv\u00e5skillnad. Vagnen \u00e4r utrustad med plastsk\u00e4rmar.   Totalvikt 750 kg -   Maxlast 540 kg  Flakyta 305x166x10 cm  Se bromsat utf\u00f6rande \u00bb\" \/>\n<meta property=\"og:url\" content=\"https:\/\/trailercenter.se\/eskilstuna\/produkt\/slapvagn-neptun-uni\/\" \/>\n<meta property=\"og:site_name\" content=\"Eskilstuna\" \/>\n<meta property=\"article:modified_time\" content=\"2026-02-10T11:50:45+00:00\" \/>\n<meta property=\"og:image\" content=\"https:\/\/trailercenter.se\/eskilstuna\/wp-content\/uploads\/sites\/11\/2025\/04\/trailercenter_logo_eskilstuna.jpg\" \/>\n\t<meta property=\"og:image:width\" content=\"1113\" \/>\n\t<meta property=\"og:image:height\" content=\"232\" \/>\n\t<meta property=\"og:image:type\" content=\"image\/jpeg\" \/>\n<meta name=\"twitter:card\" content=\"summary_large_image\" \/>\n<meta name=\"twitter:label1\" content=\"Ber\u00e4knad l\u00e4stid\" \/>\n\t<meta name=\"twitter:data1\" content=\"2 minuter\" \/>\n<script type=\"application\/ld+json\" class=\"yoast-schema-graph\">{\"@context\":\"https:\\\/\\\/schema.org\",\"@graph\":[{\"@type\":\"WebPage\",\"@id\":\"https:\\\/\\\/trailercenter.se\\\/eskilstuna\\\/produkt\\\/slapvagn-neptun-uni\\\/\",\"url\":\"https:\\\/\\\/trailercenter.se\\\/eskilstuna\\\/produkt\\\/slapvagn-neptun-uni\\\/\",\"name\":\"Sl\u00e4pvagn Neptun UNI 305 - Eskilstuna\",\"isPartOf\":{\"@id\":\"https:\\\/\\\/trailercenter.se\\\/eskilstuna\\\/#website\"},\"primaryImageOfPage\":{\"@id\":\"https:\\\/\\\/trailercenter.se\\\/eskilstuna\\\/produkt\\\/slapvagn-neptun-uni\\\/#primaryimage\"},\"image\":{\"@id\":\"https:\\\/\\\/trailercenter.se\\\/eskilstuna\\\/produkt\\\/slapvagn-neptun-uni\\\/#primaryimage\"},\"thumbnailUrl\":\"https:\\\/\\\/trailercenter.se\\\/eskilstuna\\\/wp-content\\\/uploads\\\/2018\\\/02\\\/Uppsala-Trailercenter-Neptun7.jpg\",\"datePublished\":\"2018-03-02T09:05:05+00:00\",\"dateModified\":\"2026-02-10T11:50:45+00:00\",\"breadcrumb\":{\"@id\":\"https:\\\/\\\/trailercenter.se\\\/eskilstuna\\\/produkt\\\/slapvagn-neptun-uni\\\/#breadcrumb\"},\"inLanguage\":\"sv-SE\",\"potentialAction\":[{\"@type\":\"ReadAction\",\"target\":[\"https:\\\/\\\/trailercenter.se\\\/eskilstuna\\\/produkt\\\/slapvagn-neptun-uni\\\/\"]}]},{\"@type\":\"ImageObject\",\"inLanguage\":\"sv-SE\",\"@id\":\"https:\\\/\\\/trailercenter.se\\\/eskilstuna\\\/produkt\\\/slapvagn-neptun-uni\\\/#primaryimage\",\"url\":\"https:\\\/\\\/trailercenter.se\\\/eskilstuna\\\/wp-content\\\/uploads\\\/2018\\\/02\\\/Uppsala-Trailercenter-Neptun7.jpg\",\"contentUrl\":\"https:\\\/\\\/trailercenter.se\\\/eskilstuna\\\/wp-content\\\/uploads\\\/2018\\\/02\\\/Uppsala-Trailercenter-Neptun7.jpg\"},{\"@type\":\"BreadcrumbList\",\"@id\":\"https:\\\/\\\/trailercenter.se\\\/eskilstuna\\\/produkt\\\/slapvagn-neptun-uni\\\/#breadcrumb\",\"itemListElement\":[{\"@type\":\"ListItem\",\"position\":1,\"name\":\"Hem\",\"item\":\"https:\\\/\\\/trailercenter.se\\\/eskilstuna\\\/\"},{\"@type\":\"ListItem\",\"position\":2,\"name\":\"Produktkategorier\",\"item\":\"https:\\\/\\\/trailercenter.se\\\/eskilstuna\\\/butik\\\/\"},{\"@type\":\"ListItem\",\"position\":3,\"name\":\"Sl\u00e4pvagn Neptun UNI 305\"}]},{\"@type\":\"WebSite\",\"@id\":\"https:\\\/\\\/trailercenter.se\\\/eskilstuna\\\/#website\",\"url\":\"https:\\\/\\\/trailercenter.se\\\/eskilstuna\\\/\",\"name\":\"Eskilstuna\",\"description\":\"Vi ligger steget f\u00f6re med det som sl\u00e4par efter!\",\"publisher\":{\"@id\":\"https:\\\/\\\/trailercenter.se\\\/eskilstuna\\\/#organization\"},\"potentialAction\":[{\"@type\":\"SearchAction\",\"target\":{\"@type\":\"EntryPoint\",\"urlTemplate\":\"https:\\\/\\\/trailercenter.se\\\/eskilstuna\\\/?s={search_term_string}\"},\"query-input\":{\"@type\":\"PropertyValueSpecification\",\"valueRequired\":true,\"valueName\":\"search_term_string\"}}],\"inLanguage\":\"sv-SE\"},{\"@type\":[\"Organization\",\"Place\"],\"@id\":\"https:\\\/\\\/trailercenter.se\\\/eskilstuna\\\/#organization\",\"name\":\"Trailercenter i Eskilstuna\",\"alternateName\":\"Eskilstuna Trailercenter\",\"url\":\"https:\\\/\\\/trailercenter.se\\\/eskilstuna\\\/\",\"logo\":{\"@id\":\"https:\\\/\\\/trailercenter.se\\\/eskilstuna\\\/produkt\\\/slapvagn-neptun-uni\\\/#local-main-organization-logo\"},\"image\":{\"@id\":\"https:\\\/\\\/trailercenter.se\\\/eskilstuna\\\/produkt\\\/slapvagn-neptun-uni\\\/#local-main-organization-logo\"},\"address\":{\"@id\":\"https:\\\/\\\/trailercenter.se\\\/eskilstuna\\\/produkt\\\/slapvagn-neptun-uni\\\/#local-main-place-address\"},\"geo\":{\"@type\":\"GeoCoordinates\",\"latitude\":\"59.38739959056037\",\"longitude\":\"16.48384052669761\"},\"telephone\":[\"070 \u2013 552 51 06\"],\"openingHoursSpecification\":[{\"@type\":\"OpeningHoursSpecification\",\"dayOfWeek\":[\"Monday\",\"Tuesday\",\"Wednesday\",\"Thursday\",\"Friday\"],\"opens\":\"07:00\",\"closes\":\"16:00\"},{\"@type\":\"OpeningHoursSpecification\",\"dayOfWeek\":[\"Saturday\",\"Sunday\"],\"opens\":\"00:00\",\"closes\":\"00:00\"}],\"email\":\"info@etunatradgardsmaskiner.se\"},{\"@type\":\"PostalAddress\",\"@id\":\"https:\\\/\\\/trailercenter.se\\\/eskilstuna\\\/produkt\\\/slapvagn-neptun-uni\\\/#local-main-place-address\",\"streetAddress\":\"M\u00e5tt Johanssons v\u00e4g 16\",\"addressLocality\":\"Eskilstuna\",\"postalCode\":\"633 46\",\"addressCountry\":\"SE\"},{\"@type\":\"ImageObject\",\"inLanguage\":\"sv-SE\",\"@id\":\"https:\\\/\\\/trailercenter.se\\\/eskilstuna\\\/produkt\\\/slapvagn-neptun-uni\\\/#local-main-organization-logo\",\"url\":\"https:\\\/\\\/trailercenter.se\\\/eskilstuna\\\/wp-content\\\/uploads\\\/sites\\\/11\\\/2025\\\/04\\\/trailercenter_logo_eskilstuna.jpg\",\"contentUrl\":\"https:\\\/\\\/trailercenter.se\\\/eskilstuna\\\/wp-content\\\/uploads\\\/sites\\\/11\\\/2025\\\/04\\\/trailercenter_logo_eskilstuna.jpg\",\"width\":1113,\"height\":232,\"caption\":\"Trailercenter i Eskilstuna\"}]}<\/script>\n<meta name=\"geo.placename\" content=\"Eskilstuna\" \/>\n<meta name=\"geo.position\" content=\"59.38739959056037;16.48384052669761\" \/>\n<meta name=\"geo.region\" content=\"Sverige\" \/>\n<!-- \/ Yoast SEO Premium plugin. -->","yoast_head_json":{"title":"Sl\u00e4pvagn Neptun UNI 305 - Eskilstuna","robots":{"index":"noindex","follow":"follow","max-snippet":"max-snippet:-1","max-image-preview":"max-image-preview:large","max-video-preview":"max-video-preview:-1"},"og_locale":"sv_SE","og_type":"article","og_title":"Sl\u00e4pvagn Neptun UNI 305","og_description":"Universal sl\u00e4p, ett plattformskoncept med stabilt helsvetsat chassi. Tipp som g\u00e5r \u00e4nda ner till marken utan att ljusrampen skapar niv\u00e5skillnad. Vagnen \u00e4r utrustad med plastsk\u00e4rmar.   Totalvikt 750 kg -   Maxlast 540 kg  Flakyta 305x166x10 cm  Se bromsat utf\u00f6rande \u00bb","og_url":"https:\/\/trailercenter.se\/eskilstuna\/produkt\/slapvagn-neptun-uni\/","og_site_name":"Eskilstuna","article_modified_time":"2026-02-10T11:50:45+00:00","og_image":[{"width":1113,"height":232,"url":"https:\/\/trailercenter.se\/eskilstuna\/wp-content\/uploads\/sites\/11\/2025\/04\/trailercenter_logo_eskilstuna.jpg","type":"image\/jpeg"}],"twitter_card":"summary_large_image","twitter_misc":{"Ber\u00e4knad l\u00e4stid":"2 minuter"},"schema":{"@context":"https:\/\/schema.org","@graph":[{"@type":"WebPage","@id":"https:\/\/trailercenter.se\/eskilstuna\/produkt\/slapvagn-neptun-uni\/","url":"https:\/\/trailercenter.se\/eskilstuna\/produkt\/slapvagn-neptun-uni\/","name":"Sl\u00e4pvagn Neptun UNI 305 - Eskilstuna","isPartOf":{"@id":"https:\/\/trailercenter.se\/eskilstuna\/#website"},"primaryImageOfPage":{"@id":"https:\/\/trailercenter.se\/eskilstuna\/produkt\/slapvagn-neptun-uni\/#primaryimage"},"image":{"@id":"https:\/\/trailercenter.se\/eskilstuna\/produkt\/slapvagn-neptun-uni\/#primaryimage"},"thumbnailUrl":"https:\/\/trailercenter.se\/eskilstuna\/wp-content\/uploads\/2018\/02\/Uppsala-Trailercenter-Neptun7.jpg","datePublished":"2018-03-02T09:05:05+00:00","dateModified":"2026-02-10T11:50:45+00:00","breadcrumb":{"@id":"https:\/\/trailercenter.se\/eskilstuna\/produkt\/slapvagn-neptun-uni\/#breadcrumb"},"inLanguage":"sv-SE","potentialAction":[{"@type":"ReadAction","target":["https:\/\/trailercenter.se\/eskilstuna\/produkt\/slapvagn-neptun-uni\/"]}]},{"@type":"ImageObject","inLanguage":"sv-SE","@id":"https:\/\/trailercenter.se\/eskilstuna\/produkt\/slapvagn-neptun-uni\/#primaryimage","url":"https:\/\/trailercenter.se\/eskilstuna\/wp-content\/uploads\/2018\/02\/Uppsala-Trailercenter-Neptun7.jpg","contentUrl":"https:\/\/trailercenter.se\/eskilstuna\/wp-content\/uploads\/2018\/02\/Uppsala-Trailercenter-Neptun7.jpg"},{"@type":"BreadcrumbList","@id":"https:\/\/trailercenter.se\/eskilstuna\/produkt\/slapvagn-neptun-uni\/#breadcrumb","itemListElement":[{"@type":"ListItem","position":1,"name":"Hem","item":"https:\/\/trailercenter.se\/eskilstuna\/"},{"@type":"ListItem","position":2,"name":"Produktkategorier","item":"https:\/\/trailercenter.se\/eskilstuna\/butik\/"},{"@type":"ListItem","position":3,"name":"Sl\u00e4pvagn Neptun UNI 305"}]},{"@type":"WebSite","@id":"https:\/\/trailercenter.se\/eskilstuna\/#website","url":"https:\/\/trailercenter.se\/eskilstuna\/","name":"Eskilstuna","description":"Vi ligger steget f\u00f6re med det som sl\u00e4par efter!","publisher":{"@id":"https:\/\/trailercenter.se\/eskilstuna\/#organization"},"potentialAction":[{"@type":"SearchAction","target":{"@type":"EntryPoint","urlTemplate":"https:\/\/trailercenter.se\/eskilstuna\/?s={search_term_string}"},"query-input":{"@type":"PropertyValueSpecification","valueRequired":true,"valueName":"search_term_string"}}],"inLanguage":"sv-SE"},{"@type":["Organization","Place"],"@id":"https:\/\/trailercenter.se\/eskilstuna\/#organization","name":"Trailercenter i Eskilstuna","alternateName":"Eskilstuna Trailercenter","url":"https:\/\/trailercenter.se\/eskilstuna\/","logo":{"@id":"https:\/\/trailercenter.se\/eskilstuna\/produkt\/slapvagn-neptun-uni\/#local-main-organization-logo"},"image":{"@id":"https:\/\/trailercenter.se\/eskilstuna\/produkt\/slapvagn-neptun-uni\/#local-main-organization-logo"},"address":{"@id":"https:\/\/trailercenter.se\/eskilstuna\/produkt\/slapvagn-neptun-uni\/#local-main-place-address"},"geo":{"@type":"GeoCoordinates","latitude":"59.38739959056037","longitude":"16.48384052669761"},"telephone":["070 \u2013 552 51 06"],"openingHoursSpecification":[{"@type":"OpeningHoursSpecification","dayOfWeek":["Monday","Tuesday","Wednesday","Thursday","Friday"],"opens":"07:00","closes":"16:00"},{"@type":"OpeningHoursSpecification","dayOfWeek":["Saturday","Sunday"],"opens":"00:00","closes":"00:00"}],"email":"info@etunatradgardsmaskiner.se"},{"@type":"PostalAddress","@id":"https:\/\/trailercenter.se\/eskilstuna\/produkt\/slapvagn-neptun-uni\/#local-main-place-address","streetAddress":"M\u00e5tt Johanssons v\u00e4g 16","addressLocality":"Eskilstuna","postalCode":"633 46","addressCountry":"SE"},{"@type":"ImageObject","inLanguage":"sv-SE","@id":"https:\/\/trailercenter.se\/eskilstuna\/produkt\/slapvagn-neptun-uni\/#local-main-organization-logo","url":"https:\/\/trailercenter.se\/eskilstuna\/wp-content\/uploads\/sites\/11\/2025\/04\/trailercenter_logo_eskilstuna.jpg","contentUrl":"https:\/\/trailercenter.se\/eskilstuna\/wp-content\/uploads\/sites\/11\/2025\/04\/trailercenter_logo_eskilstuna.jpg","width":1113,"height":232,"caption":"Trailercenter i Eskilstuna"}]},"geo.placename":"Eskilstuna","geo.position":{"lat":"59.38739959056037","long":"16.48384052669761"},"geo.region":"Sverige"},"_links":{"self":[{"href":"https:\/\/trailercenter.se\/eskilstuna\/wp-json\/wp\/v2\/product\/3678","targetHints":{"allow":["GET"]}}],"collection":[{"href":"https:\/\/trailercenter.se\/eskilstuna\/wp-json\/wp\/v2\/product"}],"about":[{"href":"https:\/\/trailercenter.se\/eskilstuna\/wp-json\/wp\/v2\/types\/product"}],"wp:featuredmedia":[{"embeddable":true,"href":"https:\/\/trailercenter.se\/eskilstuna\/wp-json\/"}],"wp:attachment":[{"href":"https:\/\/trailercenter.se\/eskilstuna\/wp-json\/wp\/v2\/media?parent=3678"}],"wp:term":[{"taxonomy":"product_brand","embeddable":true,"href":"https:\/\/trailercenter.se\/eskilstuna\/wp-json\/wp\/v2\/product_brand?post=3678"},{"taxonomy":"product_cat","embeddable":true,"href":"https:\/\/trailercenter.se\/eskilstuna\/wp-json\/wp\/v2\/product_cat?post=3678"},{"taxonomy":"product_tag","embeddable":true,"href":"https:\/\/trailercenter.se\/eskilstuna\/wp-json\/wp\/v2\/product_tag?post=3678"}],"curies":[{"name":"wp","href":"https:\/\/api.w.org\/{rel}","templated":true}]}}