{"id":3914,"date":"2021-02-03T18:23:44","date_gmt":"2021-02-03T17:23:44","guid":{"rendered":"https:\/\/trailercenter.se\/eskilstuna\/produkt\/battrailer-neptun-navy-600\/"},"modified":"2026-02-10T12:43:25","modified_gmt":"2026-02-10T11:43:25","slug":"battrailer-neptun-navy-600","status":"publish","type":"product","link":"https:\/\/trailercenter.se\/eskilstuna\/produkt\/battrailer-neptun-navy-600\/","title":{"rendered":"B\u00e5ttrailer Neptun Navy 600"},"content":{"rendered":"<div class=\"wpb-content-wrapper\"><p>[vc_row disable_element=&#8221;yes&#8221; mobile_bg_img_hidden=&#8221;no&#8221; tablet_bg_img_hidden=&#8221;no&#8221; woodmart_parallax=&#8221;0&#8243; woodmart_gradient_switch=&#8221;no&#8221; row_reverse_mobile=&#8221;0&#8243; row_reverse_tablet=&#8221;0&#8243; woodmart_disable_overflow=&#8221;0&#8243;][vc_column][vc_column_text text_larger=&#8221;no&#8221;]<\/p>\n<h1>B\u00e5ttrailer Neptun Navy 600<\/h1>\n<p>B\u00e5ttrailer Neptun Navy 600<\/p>\n<p><strong><br \/>\n<\/strong><a href=\"https:\/\/slpvkalk.transportstyrelsen.se\/extweb\/Slapvagnskalkylator\/Slapvagnskalkylator.aspx\">Sl\u00e4pvagnskalkylator \u00bb<br \/>\n<\/a><a href=\"https:\/\/trailercenter.se\/produkt-kategori\/battrailer\/\">Se alla b\u00e5ttrailers \u00bb<\/a>[\/vc_column_text][\/vc_column][\/vc_row][vc_row][vc_column][vc_column_text text_larger=&#8221;no&#8221;]<strong>Neptun Navy 600 <\/strong>\u00e4r en flexibel och l\u00e4ttanv\u00e4nd b\u00e5ttrailer. B\u00e5ttrailern har tv\u00e5 sm\u00e5 handtag som du enkelt l\u00f6sg\u00f6r ljusrampen med. Det \u00e4r sedan lika enkelt att montera p\u00e5 den n\u00e4r b\u00e5ten \u00e4r p\u00e5- eller avlastad.<\/p>\n<p><strong>J\u00e4mn lastvikt och r\u00e4tt kultryck med b\u00e5t p\u00e5 trailern<\/strong><br \/>\nB\u00e5de axeln, k\u00f6l och sido- rullarna \u00e4r justerbara s\u00e5 att man kan st\u00e4lla in den exakt f\u00f6r den b\u00e5t som skall transporteras. Det ger bra k\u00f6regenskaper och minskar belastningen p\u00e5 b\u00e5ten. Extra sidorullar finns som tillbeh\u00f6r om du vill ge b\u00e5ten ytterligare st\u00f6d.<\/p>\n<p><strong>L\u00e5ng livsl\u00e4ngd<\/strong><br \/>\nNAVY \u00e4r byggd av varmgalvaniserat h\u00f6gkvalitetsst\u00e5l vilket ger en l\u00e5ng livsl\u00e4ngd med lite underh\u00e5ll.<\/p>\n<p><strong>Standardutrustning<\/strong><br \/>\nB\u00e5ttrailern \u00e4r standardutrustad med st\u00f6dhjul, vinsch, vinschstativ och frontst\u00f6d. Ut\u00f6ver det har Navy tre k\u00f6lrullar samt tv\u00e5 sidost\u00f6d med rullar som g\u00e5r att justera.<\/p>\n<p><em>Sl\u00e4pet p\u00e5 bilden kan vara extrautrustad.<\/em>[\/vc_column_text][\/vc_column][\/vc_row]<\/p>\n<\/div>","protected":false},"excerpt":{"rendered":"<p>B\u00e5ttrailer som kan ta sm\u00e5b\u00e5tar mellan 2,5 &#8211; 4 m. NAVY har justerbar dragst\u00e5ng, tre k\u00f6lrullar samt tv\u00e5 sidost\u00f6d med rullar.<\/p>\n<ul>\n<li>Totalvikt 600 kg <em>&#8211; [html_block id=\"3299\"]<\/em><\/li>\n<li>Maxlast 475 kg<\/li>\n<li>B\u00e5tl\u00e4ngd upp till 4 m<\/li>\n<\/ul>\n<p style=\"font-size: 12px\"><a href=\"https:\/\/trailercenter.se\/eskilstuna\/produkt\/battrailer-neptun-navy-750\/\" target=\"_blank\" rel=\"noopener\">Se modell st\u00f6rre Navy \u00bb<\/a><\/p>\n","protected":false},"featured_media":100000029858,"template":"","meta":[],"product_brand":[],"product_cat":[273,271,259],"product_tag":[90,91,152,153],"class_list":{"0":"post-3914","1":"product","2":"type-product","3":"status-publish","4":"has-post-thumbnail","6":"product_cat-obromsad-neptun-battrailer","7":"product_cat-obromsad-eu-trailer","8":"product_cat-storsaljare","9":"product_tag-batslap","10":"product_tag-battrailer","11":"product_tag-eu-trailer","12":"product_tag-neptun","14":"first","15":"outofstock","16":"sale","17":"taxable","18":"shipping-taxable","19":"purchasable","20":"product-type-variable","21":"has-default-attributes"},"exclude_global_add_ons":false,"addons":[{"name":"B\u00e5tl\u00e4ngd inkl motor","type":"custom_text","position":0,"required":false,"title_format":"label","default":"","description_enable":true,"description":"S\u00e5 vi kan justera trailern p\u00e5 ett ungef\u00e4r.","placeholder_enable":true,"placeholder":"Ange l\u00e4ngd h\u00e4r...","display":"select","restrictions_type":"any_text","adjust_price":false,"price":"","price_type":"flat_fee","restrictions":false,"min":"0","max":"0","options":[],"id":1757881770},{"name":"Eladapter","type":"multiple_choice","position":0,"required":false,"title_format":"label","default":"","description_enable":false,"description":"","placeholder_enable":false,"placeholder":"","display":"images","restrictions_type":"any_text","adjust_price":false,"price":"","price_type":"flat_fee","restrictions":false,"min":"0","max":"0","options":[{"label":"fr\u00e5n 7 (sl\u00e4p) till 13 (bil)","price":"149","price_type":"quantity_based","image":318,"visibility":true}],"id":1738176182},{"name":"St\u00f6ldl\u00e5s","type":"multiple_choice","position":0,"required":false,"title_format":"label","default":"","description_enable":false,"description":"","placeholder_enable":false,"placeholder":"","display":"images","restrictions_type":"any_text","adjust_price":false,"price":"","price_type":"flat_fee","restrictions":false,"min":"0","max":"0","options":[{"label":"Standard plus","price":"398","price_type":"quantity_based","image":325,"visibility":true},{"label":"Klass 3 SSF monterat","price":"2195","price_type":"quantity_based","image":317,"visibility":true}],"id":1738175354},{"name":"Sp\u00e4nnband","type":"multiple_choice","position":0,"required":false,"title_format":"label","default":"","description_enable":false,"description":"","placeholder_enable":false,"placeholder":"","display":"images","restrictions_type":"any_text","adjust_price":false,"price":"","price_type":"flat_fee","restrictions":false,"min":"0","max":"0","options":[{"label":"2st 2 ton","price":"390","price_type":"quantity_based","image":324,"visibility":true},{"label":"4st 2 ton","price":"780","price_type":"quantity_based","image":324,"visibility":true}],"id":1754228870},{"name":"Se val av tillbeh\u00f6r nedan.","type":"heading","position":0,"required":false,"title_format":"label","default":"","description_enable":false,"description":"","placeholder_enable":false,"placeholder":"","display":"select","restrictions_type":"any_text","adjust_price":false,"price":"","price_type":"flat_fee","restrictions":false,"min":"0","max":"0","options":[],"id":1740483771},{"name":"Vinterhjul","type":"multiple_choice","position":0,"required":false,"title_format":"label","default":"","description_enable":false,"description":"","placeholder_enable":false,"placeholder":"","display":"images","restrictions_type":"any_text","adjust_price":false,"price":"","price_type":"flat_fee","restrictions":false,"min":"0","max":"0","options":[{"label":"2st med dubb 15513","price":"1970","price_type":"quantity_based","image":323,"visibility":true},{"label":"2st utan dubb 15513","price":"1940","price_type":"quantity_based","image":323,"visibility":true}],"id":1738175304}],"yoast_head":"<!-- This site is optimized with the Yoast SEO Premium plugin v27.3 (Yoast SEO v27.3) - https:\/\/yoast.com\/product\/yoast-seo-premium-wordpress\/ -->\n<title>B\u00e5ttrailer Neptun Navy 600 - Eskilstuna<\/title>\n<meta name=\"robots\" content=\"noindex, follow, max-snippet:-1, max-image-preview:large, max-video-preview:-1\" \/>\n<meta property=\"og:locale\" content=\"sv_SE\" \/>\n<meta property=\"og:type\" content=\"article\" \/>\n<meta property=\"og:title\" content=\"B\u00e5ttrailer Neptun Navy 600\" \/>\n<meta property=\"og:description\" content=\"B\u00e5ttrailer som kan ta sm\u00e5b\u00e5tar mellan 2,5 - 4 m. NAVY har justerbar dragst\u00e5ng, tre k\u00f6lrullar samt tv\u00e5 sidost\u00f6d med rullar.   Totalvikt 600 kg -   Maxlast 475 kg  B\u00e5tl\u00e4ngd upp till 4 m  Se modell st\u00f6rre Navy \u00bb\" \/>\n<meta property=\"og:url\" content=\"https:\/\/trailercenter.se\/eskilstuna\/produkt\/battrailer-neptun-navy-600\/\" \/>\n<meta property=\"og:site_name\" content=\"Eskilstuna\" \/>\n<meta property=\"article:modified_time\" content=\"2026-02-10T11:43:25+00:00\" \/>\n<meta property=\"og:image\" content=\"https:\/\/trailercenter.se\/eskilstuna\/wp-content\/uploads\/sites\/11\/2025\/04\/trailercenter_logo_eskilstuna.jpg\" \/>\n\t<meta property=\"og:image:width\" content=\"1113\" \/>\n\t<meta property=\"og:image:height\" content=\"232\" \/>\n\t<meta property=\"og:image:type\" content=\"image\/jpeg\" \/>\n<meta name=\"twitter:card\" content=\"summary_large_image\" \/>\n<meta name=\"twitter:label1\" content=\"Ber\u00e4knad l\u00e4stid\" \/>\n\t<meta name=\"twitter:data1\" content=\"1 minut\" \/>\n<script type=\"application\/ld+json\" class=\"yoast-schema-graph\">{\"@context\":\"https:\\\/\\\/schema.org\",\"@graph\":[{\"@type\":\"WebPage\",\"@id\":\"https:\\\/\\\/trailercenter.se\\\/eskilstuna\\\/produkt\\\/battrailer-neptun-navy-600\\\/\",\"url\":\"https:\\\/\\\/trailercenter.se\\\/eskilstuna\\\/produkt\\\/battrailer-neptun-navy-600\\\/\",\"name\":\"B\u00e5ttrailer Neptun Navy 600 - Eskilstuna\",\"isPartOf\":{\"@id\":\"https:\\\/\\\/trailercenter.se\\\/eskilstuna\\\/#website\"},\"primaryImageOfPage\":{\"@id\":\"https:\\\/\\\/trailercenter.se\\\/eskilstuna\\\/produkt\\\/battrailer-neptun-navy-600\\\/#primaryimage\"},\"image\":{\"@id\":\"https:\\\/\\\/trailercenter.se\\\/eskilstuna\\\/produkt\\\/battrailer-neptun-navy-600\\\/#primaryimage\"},\"thumbnailUrl\":\"https:\\\/\\\/trailercenter.se\\\/eskilstuna\\\/wp-content\\\/uploads\\\/2021\\\/02\\\/Batttrailer-Navy-Trailercenter.jpg\",\"datePublished\":\"2021-02-03T17:23:44+00:00\",\"dateModified\":\"2026-02-10T11:43:25+00:00\",\"breadcrumb\":{\"@id\":\"https:\\\/\\\/trailercenter.se\\\/eskilstuna\\\/produkt\\\/battrailer-neptun-navy-600\\\/#breadcrumb\"},\"inLanguage\":\"sv-SE\",\"potentialAction\":[{\"@type\":\"ReadAction\",\"target\":[\"https:\\\/\\\/trailercenter.se\\\/eskilstuna\\\/produkt\\\/battrailer-neptun-navy-600\\\/\"]}]},{\"@type\":\"ImageObject\",\"inLanguage\":\"sv-SE\",\"@id\":\"https:\\\/\\\/trailercenter.se\\\/eskilstuna\\\/produkt\\\/battrailer-neptun-navy-600\\\/#primaryimage\",\"url\":\"https:\\\/\\\/trailercenter.se\\\/eskilstuna\\\/wp-content\\\/uploads\\\/2021\\\/02\\\/Batttrailer-Navy-Trailercenter.jpg\",\"contentUrl\":\"https:\\\/\\\/trailercenter.se\\\/eskilstuna\\\/wp-content\\\/uploads\\\/2021\\\/02\\\/Batttrailer-Navy-Trailercenter.jpg\"},{\"@type\":\"BreadcrumbList\",\"@id\":\"https:\\\/\\\/trailercenter.se\\\/eskilstuna\\\/produkt\\\/battrailer-neptun-navy-600\\\/#breadcrumb\",\"itemListElement\":[{\"@type\":\"ListItem\",\"position\":1,\"name\":\"Hem\",\"item\":\"https:\\\/\\\/trailercenter.se\\\/eskilstuna\\\/\"},{\"@type\":\"ListItem\",\"position\":2,\"name\":\"Produktkategorier\",\"item\":\"https:\\\/\\\/trailercenter.se\\\/eskilstuna\\\/butik\\\/\"},{\"@type\":\"ListItem\",\"position\":3,\"name\":\"B\u00e5ttrailer Neptun Navy 600\"}]},{\"@type\":\"WebSite\",\"@id\":\"https:\\\/\\\/trailercenter.se\\\/eskilstuna\\\/#website\",\"url\":\"https:\\\/\\\/trailercenter.se\\\/eskilstuna\\\/\",\"name\":\"Eskilstuna\",\"description\":\"Vi ligger steget f\u00f6re med det som sl\u00e4par efter!\",\"publisher\":{\"@id\":\"https:\\\/\\\/trailercenter.se\\\/eskilstuna\\\/#organization\"},\"potentialAction\":[{\"@type\":\"SearchAction\",\"target\":{\"@type\":\"EntryPoint\",\"urlTemplate\":\"https:\\\/\\\/trailercenter.se\\\/eskilstuna\\\/?s={search_term_string}\"},\"query-input\":{\"@type\":\"PropertyValueSpecification\",\"valueRequired\":true,\"valueName\":\"search_term_string\"}}],\"inLanguage\":\"sv-SE\"},{\"@type\":[\"Organization\",\"Place\"],\"@id\":\"https:\\\/\\\/trailercenter.se\\\/eskilstuna\\\/#organization\",\"name\":\"Trailercenter i Eskilstuna\",\"alternateName\":\"Eskilstuna Trailercenter\",\"url\":\"https:\\\/\\\/trailercenter.se\\\/eskilstuna\\\/\",\"logo\":{\"@id\":\"https:\\\/\\\/trailercenter.se\\\/eskilstuna\\\/produkt\\\/battrailer-neptun-navy-600\\\/#local-main-organization-logo\"},\"image\":{\"@id\":\"https:\\\/\\\/trailercenter.se\\\/eskilstuna\\\/produkt\\\/battrailer-neptun-navy-600\\\/#local-main-organization-logo\"},\"address\":{\"@id\":\"https:\\\/\\\/trailercenter.se\\\/eskilstuna\\\/produkt\\\/battrailer-neptun-navy-600\\\/#local-main-place-address\"},\"geo\":{\"@type\":\"GeoCoordinates\",\"latitude\":\"59.38739959056037\",\"longitude\":\"16.48384052669761\"},\"telephone\":[\"070 \u2013 552 51 06\"],\"openingHoursSpecification\":[{\"@type\":\"OpeningHoursSpecification\",\"dayOfWeek\":[\"Monday\",\"Tuesday\",\"Wednesday\",\"Thursday\",\"Friday\"],\"opens\":\"07:00\",\"closes\":\"16:00\"},{\"@type\":\"OpeningHoursSpecification\",\"dayOfWeek\":[\"Saturday\",\"Sunday\"],\"opens\":\"00:00\",\"closes\":\"00:00\"}],\"email\":\"info@etunatradgardsmaskiner.se\"},{\"@type\":\"PostalAddress\",\"@id\":\"https:\\\/\\\/trailercenter.se\\\/eskilstuna\\\/produkt\\\/battrailer-neptun-navy-600\\\/#local-main-place-address\",\"streetAddress\":\"M\u00e5tt Johanssons v\u00e4g 16\",\"addressLocality\":\"Eskilstuna\",\"postalCode\":\"633 46\",\"addressCountry\":\"SE\"},{\"@type\":\"ImageObject\",\"inLanguage\":\"sv-SE\",\"@id\":\"https:\\\/\\\/trailercenter.se\\\/eskilstuna\\\/produkt\\\/battrailer-neptun-navy-600\\\/#local-main-organization-logo\",\"url\":\"https:\\\/\\\/trailercenter.se\\\/eskilstuna\\\/wp-content\\\/uploads\\\/sites\\\/11\\\/2025\\\/04\\\/trailercenter_logo_eskilstuna.jpg\",\"contentUrl\":\"https:\\\/\\\/trailercenter.se\\\/eskilstuna\\\/wp-content\\\/uploads\\\/sites\\\/11\\\/2025\\\/04\\\/trailercenter_logo_eskilstuna.jpg\",\"width\":1113,\"height\":232,\"caption\":\"Trailercenter i Eskilstuna\"}]}<\/script>\n<meta name=\"geo.placename\" content=\"Eskilstuna\" \/>\n<meta name=\"geo.position\" content=\"59.38739959056037;16.48384052669761\" \/>\n<meta name=\"geo.region\" content=\"Sverige\" \/>\n<!-- \/ Yoast SEO Premium plugin. -->","yoast_head_json":{"title":"B\u00e5ttrailer Neptun Navy 600 - Eskilstuna","robots":{"index":"noindex","follow":"follow","max-snippet":"max-snippet:-1","max-image-preview":"max-image-preview:large","max-video-preview":"max-video-preview:-1"},"og_locale":"sv_SE","og_type":"article","og_title":"B\u00e5ttrailer Neptun Navy 600","og_description":"B\u00e5ttrailer som kan ta sm\u00e5b\u00e5tar mellan 2,5 - 4 m. NAVY har justerbar dragst\u00e5ng, tre k\u00f6lrullar samt tv\u00e5 sidost\u00f6d med rullar.   Totalvikt 600 kg -   Maxlast 475 kg  B\u00e5tl\u00e4ngd upp till 4 m  Se modell st\u00f6rre Navy \u00bb","og_url":"https:\/\/trailercenter.se\/eskilstuna\/produkt\/battrailer-neptun-navy-600\/","og_site_name":"Eskilstuna","article_modified_time":"2026-02-10T11:43:25+00:00","og_image":[{"width":1113,"height":232,"url":"https:\/\/trailercenter.se\/eskilstuna\/wp-content\/uploads\/sites\/11\/2025\/04\/trailercenter_logo_eskilstuna.jpg","type":"image\/jpeg"}],"twitter_card":"summary_large_image","twitter_misc":{"Ber\u00e4knad l\u00e4stid":"1 minut"},"schema":{"@context":"https:\/\/schema.org","@graph":[{"@type":"WebPage","@id":"https:\/\/trailercenter.se\/eskilstuna\/produkt\/battrailer-neptun-navy-600\/","url":"https:\/\/trailercenter.se\/eskilstuna\/produkt\/battrailer-neptun-navy-600\/","name":"B\u00e5ttrailer Neptun Navy 600 - Eskilstuna","isPartOf":{"@id":"https:\/\/trailercenter.se\/eskilstuna\/#website"},"primaryImageOfPage":{"@id":"https:\/\/trailercenter.se\/eskilstuna\/produkt\/battrailer-neptun-navy-600\/#primaryimage"},"image":{"@id":"https:\/\/trailercenter.se\/eskilstuna\/produkt\/battrailer-neptun-navy-600\/#primaryimage"},"thumbnailUrl":"https:\/\/trailercenter.se\/eskilstuna\/wp-content\/uploads\/2021\/02\/Batttrailer-Navy-Trailercenter.jpg","datePublished":"2021-02-03T17:23:44+00:00","dateModified":"2026-02-10T11:43:25+00:00","breadcrumb":{"@id":"https:\/\/trailercenter.se\/eskilstuna\/produkt\/battrailer-neptun-navy-600\/#breadcrumb"},"inLanguage":"sv-SE","potentialAction":[{"@type":"ReadAction","target":["https:\/\/trailercenter.se\/eskilstuna\/produkt\/battrailer-neptun-navy-600\/"]}]},{"@type":"ImageObject","inLanguage":"sv-SE","@id":"https:\/\/trailercenter.se\/eskilstuna\/produkt\/battrailer-neptun-navy-600\/#primaryimage","url":"https:\/\/trailercenter.se\/eskilstuna\/wp-content\/uploads\/2021\/02\/Batttrailer-Navy-Trailercenter.jpg","contentUrl":"https:\/\/trailercenter.se\/eskilstuna\/wp-content\/uploads\/2021\/02\/Batttrailer-Navy-Trailercenter.jpg"},{"@type":"BreadcrumbList","@id":"https:\/\/trailercenter.se\/eskilstuna\/produkt\/battrailer-neptun-navy-600\/#breadcrumb","itemListElement":[{"@type":"ListItem","position":1,"name":"Hem","item":"https:\/\/trailercenter.se\/eskilstuna\/"},{"@type":"ListItem","position":2,"name":"Produktkategorier","item":"https:\/\/trailercenter.se\/eskilstuna\/butik\/"},{"@type":"ListItem","position":3,"name":"B\u00e5ttrailer Neptun Navy 600"}]},{"@type":"WebSite","@id":"https:\/\/trailercenter.se\/eskilstuna\/#website","url":"https:\/\/trailercenter.se\/eskilstuna\/","name":"Eskilstuna","description":"Vi ligger steget f\u00f6re med det som sl\u00e4par efter!","publisher":{"@id":"https:\/\/trailercenter.se\/eskilstuna\/#organization"},"potentialAction":[{"@type":"SearchAction","target":{"@type":"EntryPoint","urlTemplate":"https:\/\/trailercenter.se\/eskilstuna\/?s={search_term_string}"},"query-input":{"@type":"PropertyValueSpecification","valueRequired":true,"valueName":"search_term_string"}}],"inLanguage":"sv-SE"},{"@type":["Organization","Place"],"@id":"https:\/\/trailercenter.se\/eskilstuna\/#organization","name":"Trailercenter i Eskilstuna","alternateName":"Eskilstuna Trailercenter","url":"https:\/\/trailercenter.se\/eskilstuna\/","logo":{"@id":"https:\/\/trailercenter.se\/eskilstuna\/produkt\/battrailer-neptun-navy-600\/#local-main-organization-logo"},"image":{"@id":"https:\/\/trailercenter.se\/eskilstuna\/produkt\/battrailer-neptun-navy-600\/#local-main-organization-logo"},"address":{"@id":"https:\/\/trailercenter.se\/eskilstuna\/produkt\/battrailer-neptun-navy-600\/#local-main-place-address"},"geo":{"@type":"GeoCoordinates","latitude":"59.38739959056037","longitude":"16.48384052669761"},"telephone":["070 \u2013 552 51 06"],"openingHoursSpecification":[{"@type":"OpeningHoursSpecification","dayOfWeek":["Monday","Tuesday","Wednesday","Thursday","Friday"],"opens":"07:00","closes":"16:00"},{"@type":"OpeningHoursSpecification","dayOfWeek":["Saturday","Sunday"],"opens":"00:00","closes":"00:00"}],"email":"info@etunatradgardsmaskiner.se"},{"@type":"PostalAddress","@id":"https:\/\/trailercenter.se\/eskilstuna\/produkt\/battrailer-neptun-navy-600\/#local-main-place-address","streetAddress":"M\u00e5tt Johanssons v\u00e4g 16","addressLocality":"Eskilstuna","postalCode":"633 46","addressCountry":"SE"},{"@type":"ImageObject","inLanguage":"sv-SE","@id":"https:\/\/trailercenter.se\/eskilstuna\/produkt\/battrailer-neptun-navy-600\/#local-main-organization-logo","url":"https:\/\/trailercenter.se\/eskilstuna\/wp-content\/uploads\/sites\/11\/2025\/04\/trailercenter_logo_eskilstuna.jpg","contentUrl":"https:\/\/trailercenter.se\/eskilstuna\/wp-content\/uploads\/sites\/11\/2025\/04\/trailercenter_logo_eskilstuna.jpg","width":1113,"height":232,"caption":"Trailercenter i Eskilstuna"}]},"geo.placename":"Eskilstuna","geo.position":{"lat":"59.38739959056037","long":"16.48384052669761"},"geo.region":"Sverige"},"_links":{"self":[{"href":"https:\/\/trailercenter.se\/eskilstuna\/wp-json\/wp\/v2\/product\/3914","targetHints":{"allow":["GET"]}}],"collection":[{"href":"https:\/\/trailercenter.se\/eskilstuna\/wp-json\/wp\/v2\/product"}],"about":[{"href":"https:\/\/trailercenter.se\/eskilstuna\/wp-json\/wp\/v2\/types\/product"}],"wp:featuredmedia":[{"embeddable":true,"href":"https:\/\/trailercenter.se\/eskilstuna\/wp-json\/"}],"wp:attachment":[{"href":"https:\/\/trailercenter.se\/eskilstuna\/wp-json\/wp\/v2\/media?parent=3914"}],"wp:term":[{"taxonomy":"product_brand","embeddable":true,"href":"https:\/\/trailercenter.se\/eskilstuna\/wp-json\/wp\/v2\/product_brand?post=3914"},{"taxonomy":"product_cat","embeddable":true,"href":"https:\/\/trailercenter.se\/eskilstuna\/wp-json\/wp\/v2\/product_cat?post=3914"},{"taxonomy":"product_tag","embeddable":true,"href":"https:\/\/trailercenter.se\/eskilstuna\/wp-json\/wp\/v2\/product_tag?post=3914"}],"curies":[{"name":"wp","href":"https:\/\/api.w.org\/{rel}","templated":true}]}}