{"id":2993,"date":"2025-01-19T23:21:21","date_gmt":"2025-01-19T22:21:21","guid":{"rendered":"https:\/\/trailercenter.se\/fagelsta\/?page_id=2993"},"modified":"2025-01-19T23:21:21","modified_gmt":"2025-01-19T22:21:21","slug":"inkopslista","status":"publish","type":"page","link":"https:\/\/trailercenter.se\/fagelsta\/inkopslista\/","title":{"rendered":"Ink\u00f6pslista"},"content":{"rendered":"\t\t\n\t\t\n\n\t\t\t\t<div class=\"\" >\n\t\t\t\t\t\t<div class=\"wd-wishlist-content\">\n\t\t\t\t\t\t\t\t\t\n\t\t<div class=\"wd-empty-block wd-empty-wishlist\">\n\n\t\t<h2 class=\"wd-empty-block-title\">\n\t\t\tDu har inga favoriter \u00e4n.\t\t<\/h2>\n\n\t\t\t\t\t<p class=\"wd-empty-block-text\">\n\t\t\t\tL\u00e4gg till n\u00e5gra produkter.\t\t\t<\/p>\n\t\t\n\t\t\n\t\t\t\t\t<a class=\"button btn btn-accent wd-empty-block-btn\" href=\"https:\/\/trailercenter.se\/fagelsta\/butik\/\">\n\t\t\t\tTillbaka till butiken\t\t\t<\/a>\n\t\t\n\t\t\t\t\t<\/div>\n\t\t\t\t\t\t\t\t\t\t\t<\/div>\n\t\t\t\t<\/div>\n\t\t\n","protected":false},"excerpt":{"rendered":"Du har inga favoriter \u00e4n. L\u00e4gg till n\u00e5gra produkter. Tillbaka till butiken","protected":false},"author":1,"featured_media":0,"parent":0,"menu_order":0,"comment_status":"closed","ping_status":"closed","template":"","meta":{"footnotes":""},"class_list":["post-2993","page","type-page","status-publish","hentry"],"yoast_head":"<!-- This site is optimized with the Yoast SEO Premium plugin v27.3 (Yoast SEO v27.3) - https:\/\/yoast.com\/product\/yoast-seo-premium-wordpress\/ -->\n<title>Ink\u00f6pslista - F\u00e5gelsta<\/title>\n<meta name=\"robots\" content=\"noindex, follow, max-snippet:-1, max-image-preview:large, max-video-preview:-1\" \/>\n<meta property=\"og:locale\" content=\"sv_SE\" \/>\n<meta property=\"og:type\" content=\"article\" \/>\n<meta property=\"og:title\" content=\"Ink\u00f6pslista\" \/>\n<meta property=\"og:url\" content=\"https:\/\/trailercenter.se\/fagelsta\/inkopslista\/\" \/>\n<meta property=\"og:site_name\" content=\"F\u00e5gelsta\" \/>\n<meta property=\"og:image\" content=\"https:\/\/trailercenter.se\/fagelsta\/wp-content\/uploads\/sites\/9\/2025\/04\/trailercenter-motala-logo.jpg\" \/>\n\t<meta property=\"og:image:width\" content=\"1115\" \/>\n\t<meta property=\"og:image:height\" content=\"228\" \/>\n\t<meta property=\"og:image:type\" content=\"image\/jpeg\" \/>\n<meta name=\"twitter:card\" content=\"summary_large_image\" \/>\n<meta name=\"twitter:label1\" content=\"Ber\u00e4knad l\u00e4stid\" \/>\n\t<meta name=\"twitter:data1\" content=\"1 minut\" \/>\n<script type=\"application\/ld+json\" class=\"yoast-schema-graph\">{\"@context\":\"https:\\\/\\\/schema.org\",\"@graph\":[{\"@type\":\"WebPage\",\"@id\":\"https:\\\/\\\/trailercenter.se\\\/fagelsta\\\/inkopslista\\\/\",\"url\":\"https:\\\/\\\/trailercenter.se\\\/fagelsta\\\/inkopslista\\\/\",\"name\":\"Ink\u00f6pslista - F\u00e5gelsta\",\"isPartOf\":{\"@id\":\"https:\\\/\\\/trailercenter.se\\\/fagelsta\\\/#website\"},\"datePublished\":\"2025-01-19T22:21:21+00:00\",\"breadcrumb\":{\"@id\":\"https:\\\/\\\/trailercenter.se\\\/fagelsta\\\/inkopslista\\\/#breadcrumb\"},\"inLanguage\":\"sv-SE\",\"potentialAction\":[{\"@type\":\"ReadAction\",\"target\":[\"https:\\\/\\\/trailercenter.se\\\/fagelsta\\\/inkopslista\\\/\"]}]},{\"@type\":\"BreadcrumbList\",\"@id\":\"https:\\\/\\\/trailercenter.se\\\/fagelsta\\\/inkopslista\\\/#breadcrumb\",\"itemListElement\":[{\"@type\":\"ListItem\",\"position\":1,\"name\":\"Hem\",\"item\":\"https:\\\/\\\/trailercenter.se\\\/fagelsta\\\/\"},{\"@type\":\"ListItem\",\"position\":2,\"name\":\"Ink\u00f6pslista\"}]},{\"@type\":\"WebSite\",\"@id\":\"https:\\\/\\\/trailercenter.se\\\/fagelsta\\\/#website\",\"url\":\"https:\\\/\\\/trailercenter.se\\\/fagelsta\\\/\",\"name\":\"F\u00e5gelsta\",\"description\":\"Vi ligger steget f\u00f6re med det som sl\u00e4par efter!\",\"publisher\":{\"@id\":\"https:\\\/\\\/trailercenter.se\\\/fagelsta\\\/#organization\"},\"potentialAction\":[{\"@type\":\"SearchAction\",\"target\":{\"@type\":\"EntryPoint\",\"urlTemplate\":\"https:\\\/\\\/trailercenter.se\\\/fagelsta\\\/?s={search_term_string}\"},\"query-input\":{\"@type\":\"PropertyValueSpecification\",\"valueRequired\":true,\"valueName\":\"search_term_string\"}}],\"inLanguage\":\"sv-SE\"},{\"@type\":[\"Organization\",\"Place\"],\"@id\":\"https:\\\/\\\/trailercenter.se\\\/fagelsta\\\/#organization\",\"name\":\"Trailercenter i Motala\",\"alternateName\":\"Motala Trailercenter\",\"url\":\"https:\\\/\\\/trailercenter.se\\\/fagelsta\\\/\",\"logo\":{\"@id\":\"https:\\\/\\\/trailercenter.se\\\/fagelsta\\\/inkopslista\\\/#local-main-organization-logo\"},\"image\":{\"@id\":\"https:\\\/\\\/trailercenter.se\\\/fagelsta\\\/inkopslista\\\/#local-main-organization-logo\"},\"address\":{\"@id\":\"https:\\\/\\\/trailercenter.se\\\/fagelsta\\\/inkopslista\\\/#local-main-place-address\"},\"geo\":{\"@type\":\"GeoCoordinates\",\"latitude\":\"58.434435379382066\",\"longitude\":\"15.01463022966251\"},\"telephone\":[\"0141 \u2013 230394\"],\"openingHoursSpecification\":[{\"@type\":\"OpeningHoursSpecification\",\"dayOfWeek\":[\"Monday\",\"Tuesday\",\"Wednesday\",\"Thursday\"],\"opens\":\"07:00\",\"closes\":\"16:00\"},{\"@type\":\"OpeningHoursSpecification\",\"dayOfWeek\":[\"Friday\"],\"opens\":\"07:00\",\"closes\":\"13:00\"},{\"@type\":\"OpeningHoursSpecification\",\"dayOfWeek\":[\"Saturday\",\"Sunday\"],\"opens\":\"00:00\",\"closes\":\"00:00\"}],\"email\":\"janne@profilslapet.se\"},{\"@type\":\"PostalAddress\",\"@id\":\"https:\\\/\\\/trailercenter.se\\\/fagelsta\\\/inkopslista\\\/#local-main-place-address\",\"streetAddress\":\"Fivelstad 536\",\"addressLocality\":\"Motala\",\"postalCode\":\"591 93\",\"addressCountry\":\"SE\"},{\"@type\":\"ImageObject\",\"inLanguage\":\"sv-SE\",\"@id\":\"https:\\\/\\\/trailercenter.se\\\/fagelsta\\\/inkopslista\\\/#local-main-organization-logo\",\"url\":\"https:\\\/\\\/trailercenter.se\\\/fagelsta\\\/wp-content\\\/uploads\\\/sites\\\/9\\\/2025\\\/04\\\/trailercenter-motala-logo.jpg\",\"contentUrl\":\"https:\\\/\\\/trailercenter.se\\\/fagelsta\\\/wp-content\\\/uploads\\\/sites\\\/9\\\/2025\\\/04\\\/trailercenter-motala-logo.jpg\",\"width\":1115,\"height\":228,\"caption\":\"Trailercenter i Motala\"}]}<\/script>\n<meta name=\"geo.placename\" content=\"Motala\" \/>\n<meta name=\"geo.position\" content=\"58.434435379382066;15.01463022966251\" \/>\n<meta name=\"geo.region\" content=\"Sverige\" \/>\n<!-- \/ Yoast SEO Premium plugin. -->","yoast_head_json":{"title":"Ink\u00f6pslista - F\u00e5gelsta","robots":{"index":"noindex","follow":"follow","max-snippet":"max-snippet:-1","max-image-preview":"max-image-preview:large","max-video-preview":"max-video-preview:-1"},"og_locale":"sv_SE","og_type":"article","og_title":"Ink\u00f6pslista","og_url":"https:\/\/trailercenter.se\/fagelsta\/inkopslista\/","og_site_name":"F\u00e5gelsta","og_image":[{"width":1115,"height":228,"url":"https:\/\/trailercenter.se\/fagelsta\/wp-content\/uploads\/sites\/9\/2025\/04\/trailercenter-motala-logo.jpg","type":"image\/jpeg"}],"twitter_card":"summary_large_image","twitter_misc":{"Ber\u00e4knad l\u00e4stid":"1 minut"},"schema":{"@context":"https:\/\/schema.org","@graph":[{"@type":"WebPage","@id":"https:\/\/trailercenter.se\/fagelsta\/inkopslista\/","url":"https:\/\/trailercenter.se\/fagelsta\/inkopslista\/","name":"Ink\u00f6pslista - F\u00e5gelsta","isPartOf":{"@id":"https:\/\/trailercenter.se\/fagelsta\/#website"},"datePublished":"2025-01-19T22:21:21+00:00","breadcrumb":{"@id":"https:\/\/trailercenter.se\/fagelsta\/inkopslista\/#breadcrumb"},"inLanguage":"sv-SE","potentialAction":[{"@type":"ReadAction","target":["https:\/\/trailercenter.se\/fagelsta\/inkopslista\/"]}]},{"@type":"BreadcrumbList","@id":"https:\/\/trailercenter.se\/fagelsta\/inkopslista\/#breadcrumb","itemListElement":[{"@type":"ListItem","position":1,"name":"Hem","item":"https:\/\/trailercenter.se\/fagelsta\/"},{"@type":"ListItem","position":2,"name":"Ink\u00f6pslista"}]},{"@type":"WebSite","@id":"https:\/\/trailercenter.se\/fagelsta\/#website","url":"https:\/\/trailercenter.se\/fagelsta\/","name":"F\u00e5gelsta","description":"Vi ligger steget f\u00f6re med det som sl\u00e4par efter!","publisher":{"@id":"https:\/\/trailercenter.se\/fagelsta\/#organization"},"potentialAction":[{"@type":"SearchAction","target":{"@type":"EntryPoint","urlTemplate":"https:\/\/trailercenter.se\/fagelsta\/?s={search_term_string}"},"query-input":{"@type":"PropertyValueSpecification","valueRequired":true,"valueName":"search_term_string"}}],"inLanguage":"sv-SE"},{"@type":["Organization","Place"],"@id":"https:\/\/trailercenter.se\/fagelsta\/#organization","name":"Trailercenter i Motala","alternateName":"Motala Trailercenter","url":"https:\/\/trailercenter.se\/fagelsta\/","logo":{"@id":"https:\/\/trailercenter.se\/fagelsta\/inkopslista\/#local-main-organization-logo"},"image":{"@id":"https:\/\/trailercenter.se\/fagelsta\/inkopslista\/#local-main-organization-logo"},"address":{"@id":"https:\/\/trailercenter.se\/fagelsta\/inkopslista\/#local-main-place-address"},"geo":{"@type":"GeoCoordinates","latitude":"58.434435379382066","longitude":"15.01463022966251"},"telephone":["0141 \u2013 230394"],"openingHoursSpecification":[{"@type":"OpeningHoursSpecification","dayOfWeek":["Monday","Tuesday","Wednesday","Thursday"],"opens":"07:00","closes":"16:00"},{"@type":"OpeningHoursSpecification","dayOfWeek":["Friday"],"opens":"07:00","closes":"13:00"},{"@type":"OpeningHoursSpecification","dayOfWeek":["Saturday","Sunday"],"opens":"00:00","closes":"00:00"}],"email":"janne@profilslapet.se"},{"@type":"PostalAddress","@id":"https:\/\/trailercenter.se\/fagelsta\/inkopslista\/#local-main-place-address","streetAddress":"Fivelstad 536","addressLocality":"Motala","postalCode":"591 93","addressCountry":"SE"},{"@type":"ImageObject","inLanguage":"sv-SE","@id":"https:\/\/trailercenter.se\/fagelsta\/inkopslista\/#local-main-organization-logo","url":"https:\/\/trailercenter.se\/fagelsta\/wp-content\/uploads\/sites\/9\/2025\/04\/trailercenter-motala-logo.jpg","contentUrl":"https:\/\/trailercenter.se\/fagelsta\/wp-content\/uploads\/sites\/9\/2025\/04\/trailercenter-motala-logo.jpg","width":1115,"height":228,"caption":"Trailercenter i Motala"}]},"geo.placename":"Motala","geo.position":{"lat":"58.434435379382066","long":"15.01463022966251"},"geo.region":"Sverige"},"_links":{"self":[{"href":"https:\/\/trailercenter.se\/fagelsta\/wp-json\/wp\/v2\/pages\/2993","targetHints":{"allow":["GET"]}}],"collection":[{"href":"https:\/\/trailercenter.se\/fagelsta\/wp-json\/wp\/v2\/pages"}],"about":[{"href":"https:\/\/trailercenter.se\/fagelsta\/wp-json\/wp\/v2\/types\/page"}],"author":[{"embeddable":true,"href":"https:\/\/trailercenter.se\/fagelsta\/wp-json\/wp\/v2\/users\/1"}],"replies":[{"embeddable":true,"href":"https:\/\/trailercenter.se\/fagelsta\/wp-json\/wp\/v2\/comments?post=2993"}],"version-history":[{"count":0,"href":"https:\/\/trailercenter.se\/fagelsta\/wp-json\/wp\/v2\/pages\/2993\/revisions"}],"wp:attachment":[{"href":"https:\/\/trailercenter.se\/fagelsta\/wp-json\/wp\/v2\/media?parent=2993"}],"curies":[{"name":"wp","href":"https:\/\/api.w.org\/{rel}","templated":true}]}}