{"id":3135,"date":"2025-01-22T21:38:10","date_gmt":"2025-01-22T20:38:10","guid":{"rendered":"https:\/\/trailercenter.se\/fagelsta\/?page_id=3135"},"modified":"2025-04-13T20:45:04","modified_gmt":"2025-04-13T18:45:04","slug":"integritetspolicy","status":"publish","type":"page","link":"https:\/\/trailercenter.se\/fagelsta\/integritetspolicy\/","title":{"rendered":"Integritetspolicy"},"content":{"rendered":"<div class=\"wpb-content-wrapper\"><p>[vc_row][vc_column width=&#8221;1\/6&#8243; css=&#8221;.vc_custom_1565549902477{margin-bottom: -9px !important;}&#8221; mobile_bg_img_hidden=&#8221;no&#8221; tablet_bg_img_hidden=&#8221;no&#8221; woodmart_parallax=&#8221;0&#8243; woodmart_sticky_column=&#8221;false&#8221; parallax_scroll=&#8221;no&#8221; mobile_reset_margin=&#8221;no&#8221; tablet_reset_margin=&#8221;no&#8221;][\/vc_column][vc_column width=&#8221;2\/3&#8243;][vc_column_text text_larger=&#8221;no&#8221;]INTEGRITETSPOLICY<\/p>\n<p>[\/vc_column_text][vc_separator][vc_column_text css=&#8221;&#8221; woodmart_inline=&#8221;no&#8221; text_larger=&#8221;no&#8221;]Vi p\u00e5 Trailercenter \u00e4r m\u00e5na om att respektera samt skydda din integritet och v\u00e4rnar om att du ska k\u00e4nna dig trygg med hur vi behandlar dina personuppgifter. I denna integritetspolicy f\u00f6rklarar vi n\u00e4r, varf\u00f6r och vilka personuppgifter vi hanterar samt hur vi anv\u00e4nder dessa. I enlighet med EU-Allm\u00e4nna Dataskyddsf\u00f6rordning (GDPR) redovisar vi denna information nedan. V\u00e5rt m\u00e5l \u00e4r att skapa en s\u00e5 bra upplevelse som m\u00f6jligt f\u00f6r dig som kund hos oss p\u00e5 Uppsala Trailercenter.[\/vc_column_text][vc_tta_accordion shape=&#8221;square&#8221; color=&#8221;white&#8221; c_icon=&#8221;chevron&#8221; active_section=&#8221;none&#8221; no_fill=&#8221;true&#8221;][vc_tta_section title=&#8221;Kontaktuppgifter till personuppgiftsansvarig&#8221; tab_id=&#8221;1543148133032-d3951f7b-790c&#8221;][vc_column_text css=&#8221;&#8221; text_larger=&#8221;no&#8221; woodmart_inline=&#8221;no&#8221;]Ansvarig f\u00f6r personuppgiftsbehandlingen \u00e4r Trailercenter i Uppsala AB, Skebogatan 2 B, 752 28\u00a0 UPPSALA.<\/p>\n<p>Har du fr\u00e5gor kring hur vi hanterar dina personuppgifter. F\u00f6r ytterligare information om personuppgiftshantering \u00e4r du v\u00e4lkommen att kontakta oss via e<em>-post:<\/em>\u00a0<a href=\"mailto:kontakt@trailercenter.se\">kontakt@trailercenter.se\u00a0<\/a>[\/vc_column_text][\/vc_tta_section][vc_tta_section title=&#8221;Vilka personuppgifter vi samlar in och varf\u00f6r vi samlar in dem&#8221; tab_id=&#8221;1543148133055-ea45fbd7-eb81&#8243;][vc_column_text text_larger=&#8221;no&#8221;]I denna personuppgiftspolicy redog\u00f6rs n\u00e4rmare f\u00f6r vilka personuppgifter som behandlas av Uppsala Trailercenter, vad syftet \u00e4r, din r\u00e4tt till information om behandling av personuppgifter samt v\u00e5rt ansvar i fr\u00e5gan.<\/p>\n<p>Denna policy g\u00e4ller f\u00f6r alla typer av personuppgifter som du har l\u00e4mnat till oss vid registrering eller insamlats via v\u00e5r hemsida, e-post, telefon eller vid annat tillf\u00e4lle n\u00e4r du har varit i kontakt med f\u00f6retaget. Denna policy g\u00e4ller \u00e4ven f\u00f6r anv\u00e4ndargenererade personuppgifter, dvs. s\u00e5dana uppgifter som insamlats fr\u00e5n dina bes\u00f6k och transaktioner med f\u00f6retagets olika kanaler och plattformar.<\/p>\n<p>Vi behandlar dina personuppgifter f\u00f6r att du ska kunna erh\u00e5lla faktura, f\u00e5 information, erbjudanden, registreringar samt anv\u00e4nda v\u00e5r digitala tj\u00e4nster.<\/p>\n<p>Det \u00e4r ocks\u00e5 viktigt f\u00f6r dig att veta att vi aldrig skulle s\u00e4lja dina personuppgifter till en tredje part.[\/vc_column_text][\/vc_tta_section][vc_tta_section title=&#8221;Nyhetsbrev&#8221; tab_id=&#8221;1543149438468-66cd0ffc-cba8&#8243;][vc_column_text text_larger=&#8221;no&#8221;]Om du har anm\u00e4lt dig till v\u00e5rt nyhetsbrev, \u00e4r medlem p\u00e5 v\u00e5r hemsida eller inhandlat en produkt \u00e4r det m\u00f6jligt att du erh\u00e5ller e-post fr\u00e5n oss inneh\u00e5llande information om f\u00f6retaget eller olika erbjudanden. F\u00f6r att skicka e-post anv\u00e4nder vi dom uppgifter vi har erh\u00e5llit fr\u00e5n er i samband med anm\u00e4lan till nyhetsbrevet.<\/p>\n<p>V\u00e5r hemsida anv\u00e4nder\u00a0mail sending service. Denna tj\u00e4nst ger oss m\u00f6jligheten att se hur m\u00e5nga av v\u00e5ra kunder som \u00f6ppnar och l\u00e4ser sin e-post. Vi anv\u00e4nder enbart denna information f\u00f6r att f\u00f6rb\u00e4ttra inneh\u00e5llet i v\u00e5ra nyhetsbrev och f\u00f6r att tillgodose v\u00e5ra anv\u00e4ndare en trevlig upplevelse med att vara kund hos Uppsala Trailercenter.<\/p>\n<p>Ingen annan information \u00e4n din e-postadress anv\u00e4nds f\u00f6r nyhetsbrevet och du kan n\u00e4r som helst att avsluta via en l\u00e4nk som finns i utskicket.[\/vc_column_text][\/vc_tta_section][vc_tta_section title=&#8221;Kontaktformul\u00e4r&#8221; tab_id=&#8221;1543149443888-4e7b9135-7a5c&#8221;][vc_column_text text_larger=&#8221;no&#8221; woodmart_inline=&#8221;no&#8221;]Kontaktformul\u00e4r fyller funktionen f\u00f6r anv\u00e4ndare eller bes\u00f6kare som vill komma i kontakt med oss via hemsidan men inte har e-post installerat p\u00e5 sin enhet. I formul\u00e4ret anges namn, telefon, e-post och meddelande. Vi sparar uppgifter fr\u00e5n kontaktformul\u00e4r en viss tid f\u00f6r kundtj\u00e4nst\u00e4ndam\u00e5l, men anv\u00e4nds inte f\u00f6r marknadsf\u00f6ring.[\/vc_column_text][\/vc_tta_section][vc_tta_section title=&#8221;Inb\u00e4ddad inneh\u00e5ll fr\u00e5n andra webbplatser&#8221; tab_id=&#8221;1543149444689-b4689b5c-a4c3&#8243;][vc_column_text text_larger=&#8221;no&#8221;]Vi anv\u00e4nder oss inb\u00e4ddat inneh\u00e5ll av olika tj\u00e4nster p\u00e5 denna hemsida (exempelvis videoklipp, bokningssystem, Googlemaps och finansl\u00f6sningar). Inb\u00e4ddat inneh\u00e5ll fr\u00e5n andra webbplatser beter sig precis p\u00e5 samma s\u00e4tt som om bes\u00f6karen har bes\u00f6kt den andra webbplatsen.<\/p>\n<p>Dessa webbplatser kan samla in uppgifter om dig, anv\u00e4nda cookie-filer, b\u00e4dda in ytterligare sp\u00e5rning fr\u00e5n tredje part och \u00f6vervaka din interaktion med sagda inb\u00e4ddade inneh\u00e5ll.[\/vc_column_text][\/vc_tta_section][vc_tta_section title=&#8221;Cookie-filer&#8221; tab_id=&#8221;1543149601865-a9f96e5e-da4d&#8221;][vc_column_text text_larger=&#8221;no&#8221;]Cookies \u00e4r sm\u00e5 textfiler som din webbl\u00e4sare sparar p\u00e5 h\u00e5rddisken. N\u00e4r du bes\u00f6ker v\u00e5ra webbsidor lagras olika typer av data lokalt p\u00e5 din enhet via din webbl\u00e4sare. S\u00e5dana &#8221;lokalt lagrade data&#8221; kan anv\u00e4ndas f\u00f6r att anpassa inneh\u00e5llet och funktionerna i tj\u00e4nsterna och d\u00e4rmed g\u00f6ra ditt bes\u00f6k b\u00e4ttre organiserat och mer meningsfullt f\u00f6r dig.<\/p>\n<p>Permanent Cookies \u00e4r vad det l\u00e5ter som, en cookie som lagras p\u00e5 din dator. Det inneb\u00e4r att cookien sparar information som exempelvis s\u00e5dant som du l\u00e4gger i din varukorg, vilket underl\u00e4ttar s\u00e5 att du inte ska beh\u00f6va fylla i s\u00e5dant p\u00e5 nytt n\u00e4r du bes\u00f6ker hemsidan n\u00e4sta g\u00e5ng. Om du inte vill ha n\u00e5gra cookies kan du \u00e4ndra inst\u00e4llningarna f\u00f6r detta i din webbl\u00e4sare.<\/p>\n<p>L\u00e4s mer om v\u00e5r\u00a0<a href=\"https:\/\/trailercenter.se\/cookie-policy\/\">Cookie Policy \u00bb<\/a>[\/vc_column_text][\/vc_tta_section][vc_tta_section title=&#8221;Externa l\u00e4nkar&#8221; tab_id=&#8221;1543149641386-31285d4f-9f21&#8243;][vc_column_text text_larger=&#8221;no&#8221;]I de fall l\u00e4nkar till externa webbsidor fr\u00e5n tredje part f\u00f6rekommer s\u00e5 omfattas de inte av denna policy. Uppsala Trailercenter tar inget ansvar f\u00f6r inneh\u00e5llet p\u00e5 de hemsidor som l\u00e4nkas till och fr\u00e5n <a href=\"https:\/\/trailercenter.se\/\" target=\"_blank\" rel=\"noopener noreferrer\">trailercenter.se<\/a>. Om du f\u00f6ljer en l\u00e4nk till en s\u00e5dan webbplats eller utnyttjar en tj\u00e4nst fr\u00e5n en tredje part \u00e4r det viktigt att du l\u00e4ser och godk\u00e4nner deras integritetspolicyer innan du l\u00e4mnar ut n\u00e5gra personuppgifter till dem.[\/vc_column_text][\/vc_tta_section][vc_tta_section title=&#8221;Vilka vi delar dina data med&#8221; tab_id=&#8221;1543149673235-a5b30ee9-cfad&#8221;][vc_column_text text_larger=&#8221;no&#8221;]Uppsala Trailercenter kan komma att dela dina personuppgifter med andra organisationer, f\u00f6retag eller myndigheter inom ramen f\u00f6r de behandlingar vi g\u00f6r.<\/p>\n<p>Dina personuppgifter kan komma att delas med f\u00f6ljande kategorier av mottagare:<\/p>\n<ul>\n<li>IT-tj\u00e4nsteleverant\u00f6rer (exempelvis f\u00f6r bokning- och kassasystem, support, lagring och kundservice\u00e4renden) och leverant\u00f6rer f\u00f6r garantibevis samt eventuella reklamationer.<\/li>\n<li>Kreditupplysningsf\u00f6retag och Inkassobolag<\/li>\n<li>Banker (f\u00f6r hantering av in- och utbetalningar)<\/li>\n<li>F\u00f6retag som tillhandah\u00e5ller betalningsl\u00f6sningar<\/li>\n<li>Postombud och leverant\u00f6rer av digitala kommunikationstj\u00e4nster<\/li>\n<li>F\u00f6rs\u00e4kringsbolag<\/li>\n<li>Samarbetspartners, utl\u00e4mningsst\u00e4llen och leverant\u00f6rer<\/li>\n<\/ul>\n<p>[\/vc_column_text][\/vc_tta_section][vc_tta_section title=&#8221;Hur l\u00e4nge vi beh\u00e5ller era uppgifter&#8221; tab_id=&#8221;1543149712504-d4aa4bc5-7a10&#8243;][vc_column_text text_larger=&#8221;no&#8221;]F\u00f6r att kunna fullg\u00f6ra f\u00f6retagets r\u00e4ttsliga f\u00f6rpliktelser enligt lagkrav, domstol eller myndighetsbeslut hanterar och lagrar vi n\u00f6dv\u00e4ndiga personuppgifter och relaterad information och utredningar om kunden och \u00e4rendet (t.ex. vid utredningar av misst\u00e4nkt brott eller bedr\u00e4geri) och andra lagar och f\u00f6reskrifter (t.ex. Banklagen, Bokf\u00f6ringslagen) som reglerar f\u00f6retagets hantering och lagringskrav av personuppgifter (t.ex. kvitton eller fakturor).<\/p>\n<p>Vi behandlar och lagrar dina personuppgifter och kommunikation relaterade till ditt \u00e4rende s\u00e5 l\u00e4nge du \u00e4r kund hos oss samt en period av 36 m\u00e5nader fr\u00e5n tidpunkten ditt kundkonto har blivit inaktiv. Vissa handlingar, om s\u00e5 stipuleras i en annan f\u00f6rordning eller svensk lag, kan komma att sparas l\u00e4ngre tid \u00e4n det som angivits ovan. Som t.ex. kvitton och fakturor beh\u00f6ver sparas minst 7 \u00e5r efter bokf\u00f6rings\u00e5ret.<\/p>\n<p><span style=\"color: #282828;\">F\u00f6r anv\u00e4ndare som registrerar sig p\u00e5 v\u00e5r hemsida sparar vi \u00e4ven de personuppgifter de anger i sin anv\u00e4ndarprofil. Alla anv\u00e4ndare kan se, redigera eller radera sina egna personuppgifter n\u00e4r som helst (med undantaget att de inte kan \u00e4ndra sitt anv\u00e4ndarnamn). \u00c4ven webbplatsens administrat\u00f6rer kan se och redigera denna information.<\/span>[\/vc_column_text][\/vc_tta_section][vc_tta_section title=&#8221;Dina r\u00e4ttigheter&#8221; tab_id=&#8221;1543149743377-b428ffba-ea4b&#8221;][vc_column_text css=&#8221;&#8221; text_larger=&#8221;no&#8221; woodmart_inline=&#8221;no&#8221;]Du \u00e4r alltid v\u00e4lkommen att h\u00f6ra av dig med dina fr\u00e5gor och funderingar. Du har r\u00e4tt att f\u00e5 dina personuppgifter korrigerade och kan i vissa fall be oss att radera dina personuppgifter.\u00a0Detta omfattar inte eventuella uppgifter som vi \u00e4r tvungna att spara av administrativa \u00e4ndam\u00e5l, garantier och registreringar.<\/p>\n<p>Du har r\u00e4tt att f\u00e5 felaktiga personuppgifter om dig sj\u00e4lv r\u00e4ttade. N\u00e4r du uppt\u00e4cker att det finns fel i den information vi har registrerat om dig, kan du korrigera dina uppgifter sj\u00e4lv genom att kontakta oss per e-post f\u00f6r att f\u00e5 dina uppgifter r\u00e4ttade.[\/vc_column_text][\/vc_tta_section][vc_tta_section title=&#8221;Hur vi skyddar din information&#8221; tab_id=&#8221;1543149771992-9ef79b58-8e9d&#8221;][vc_column_text text_larger=&#8221;no&#8221;]<\/p>\n<p class=\"privacy-policy-tutorial\">Vi \u00e4r m\u00e5na om att information om dig inte sprids till obeh\u00f6riga och jobbar d\u00e4rf\u00f6r kontinuerligt med s\u00e4kerhet. Vi har vidtagit ett flertal brandv\u00e4ggar, anv\u00e4nder dom senaste uppdateringarna samt hela v\u00e5r webbplats har ett s\u00e5 kallat SSL-certifikat.<\/p>\n<p class=\"privacy-policy-tutorial\">Ett\u00a0SSL-certifikat\u00a0\u00e4r en typ av elektronisk\u00a0legitimation, ungef\u00e4r p\u00e5 samma s\u00e4tt som personer kan legitimera sig med ID-kort eller pass, s\u00e5 kan exempelvis en\u00a0webbplats\u00a0legitimera sig med ett SSL-certifikat.<\/p>\n<p class=\"privacy-policy-tutorial\">Genom en\u00a0webbl\u00e4sare\u00a0kan en sorts legitimationskontroll av certifikatet g\u00f6ras f\u00f6r att se vem som innehar det. SSL-certifikat anv\u00e4nds f\u00f6r att kunna s\u00e4kra en server, till exempel en\u00a0webbserver\u00a0eller en mailserver. F\u00f6r att kunna ta emot kortbetalningar p\u00e5 en webbplats \u00e4r det obligatoriskt att inneha ett SSL-certifikat. Vad som k\u00e4nnetecknar detta certifikat \u00e4r det lilla h\u00e4ngl\u00e5set som visas i webbl\u00e4sarens URL samt bokst\u00e4verna framf\u00f6r dom\u00e4nnamnet HTTP<strong>S<\/strong> d\u00e4r \u00e4ven <strong>S<\/strong>:et indikerar detta.<\/p>\n<p>Sammanfattningsvis inneb\u00e4r ett SSL-certifikat krypterad trafik mellan server och bes\u00f6kare.[\/vc_column_text][\/vc_tta_section][vc_tta_section title=&#8221;Inh\u00e4mtande av personuppgifter fr\u00e5n annan \u00e4n dig&#8221; tab_id=&#8221;1543149799096-00163b8e-dd18&#8243;][vc_column_text css=&#8221;&#8221; text_larger=&#8221;no&#8221; woodmart_inline=&#8221;no&#8221;]Trailercenter anv\u00e4nder sig av automatiserat beslutsfattande l\u00f6sningar om du som kund t.ex. vill k\u00f6pa n\u00e5gon produkt via en finansl\u00f6sning som vi erbjuder via Svea p\u00e5 hemsidan eller i fysisk butik. I samband med att vi erbjuder dig en kredit inh\u00e4mtas kreditupplysningsinformation fr\u00e5n kreditupplysningsf\u00f6retag.[\/vc_column_text][\/vc_tta_section][vc_tta_section title=&#8221;\u00c4ndring av denna integritetspolicy&#8221; tab_id=&#8221;1543149828069-ae4ffed9-cc8c&#8221;][vc_column_text css=&#8221;&#8221; text_larger=&#8221;no&#8221; woodmart_inline=&#8221;no&#8221;]Denna integritetspolicy ers\u00e4tter tidigare versioner. Trailercenter kan fr\u00e5n tid till annan g\u00f6ra \u00e4ndringar i integritetspolicyn.[\/vc_column_text][\/vc_tta_section][\/vc_tta_accordion][vc_column_text css=&#8221;&#8221; text_larger=&#8221;no&#8221; woodmart_inline=&#8221;no&#8221;]Version: 2025.1<br \/>\n\u00c4ndring: 2025.04.13[\/vc_column_text][\/vc_column][vc_column width=&#8221;1\/6&#8243;][\/vc_column][\/vc_row]<\/p>\n<\/div>","protected":false},"excerpt":{"rendered":"<p>[vc_row][vc_column width=&#8221;1\/6&#8243; css=&#8221;.vc_custom_1565549902477{margin-bottom: -9px !important;}&#8221; mobile_bg_img_hidden=&#8221;no&#8221; tablet_bg_img_hidden=&#8221;no&#8221; woodmart_parallax=&#8221;0&#8243; woodmart_sticky_column=&#8221;false&#8221; parallax_scroll=&#8221;no&#8221; mobile_reset_margin=&#8221;no&#8221; tablet_reset_margin=&#8221;no&#8221;][\/vc_column][vc_column width=&#8221;2\/3&#8243;][vc_column_text text_larger=&#8221;no&#8221;]INTEGRITETSPOLICY [\/vc_column_text][vc_separator][vc_column_text css=&#8221;&#8221; woodmart_inline=&#8221;no&#8221; text_larger=&#8221;no&#8221;]Vi p\u00e5 Trailercenter<\/p>\n","protected":false},"author":1,"featured_media":0,"parent":0,"menu_order":0,"comment_status":"closed","ping_status":"closed","template":"","meta":{"footnotes":""},"class_list":["post-3135","page","type-page","status-publish","hentry"],"yoast_head":"<!-- This site is optimized with the Yoast SEO Premium plugin v27.3 (Yoast SEO v27.3) - https:\/\/yoast.com\/product\/yoast-seo-premium-wordpress\/ -->\n<title>Integritetspolicy - F\u00e5gelsta<\/title>\n<meta name=\"robots\" content=\"noindex, follow, max-snippet:-1, max-image-preview:large, max-video-preview:-1\" \/>\n<meta property=\"og:locale\" content=\"sv_SE\" \/>\n<meta property=\"og:type\" content=\"article\" \/>\n<meta property=\"og:title\" content=\"Integritetspolicy\" \/>\n<meta property=\"og:description\" content=\"[vc_row][vc_column width=&#8221;1\/6&#8243; css=&#8221;.vc_custom_1565549902477{margin-bottom: -9px !important;}&#8221; mobile_bg_img_hidden=&#8221;no&#8221; tablet_bg_img_hidden=&#8221;no&#8221; woodmart_parallax=&#8221;0&#8243; woodmart_sticky_column=&#8221;false&#8221; parallax_scroll=&#8221;no&#8221; mobile_reset_margin=&#8221;no&#8221; tablet_reset_margin=&#8221;no&#8221;][\/vc_column][vc_column width=&#8221;2\/3&#8243;][vc_column_text text_larger=&#8221;no&#8221;]INTEGRITETSPOLICY [\/vc_column_text][vc_separator][vc_column_text css=&#8221;&#8221; woodmart_inline=&#8221;no&#8221; text_larger=&#8221;no&#8221;]Vi p\u00e5 Trailercenter\" \/>\n<meta property=\"og:url\" content=\"https:\/\/trailercenter.se\/fagelsta\/integritetspolicy\/\" \/>\n<meta property=\"og:site_name\" content=\"F\u00e5gelsta\" \/>\n<meta property=\"article:modified_time\" content=\"2025-04-13T18:45:04+00:00\" \/>\n<meta property=\"og:image\" content=\"https:\/\/trailercenter.se\/fagelsta\/wp-content\/uploads\/sites\/9\/2025\/04\/trailercenter-motala-logo.jpg\" \/>\n\t<meta property=\"og:image:width\" content=\"1115\" \/>\n\t<meta property=\"og:image:height\" content=\"228\" \/>\n\t<meta property=\"og:image:type\" content=\"image\/jpeg\" \/>\n<meta name=\"twitter:card\" content=\"summary_large_image\" \/>\n<meta name=\"twitter:label1\" content=\"Ber\u00e4knad l\u00e4stid\" \/>\n\t<meta name=\"twitter:data1\" content=\"7 minuter\" \/>\n<script type=\"application\/ld+json\" class=\"yoast-schema-graph\">{\"@context\":\"https:\\\/\\\/schema.org\",\"@graph\":[{\"@type\":\"WebPage\",\"@id\":\"https:\\\/\\\/trailercenter.se\\\/fagelsta\\\/integritetspolicy\\\/\",\"url\":\"https:\\\/\\\/trailercenter.se\\\/fagelsta\\\/integritetspolicy\\\/\",\"name\":\"Integritetspolicy - F\u00e5gelsta\",\"isPartOf\":{\"@id\":\"https:\\\/\\\/trailercenter.se\\\/fagelsta\\\/#website\"},\"datePublished\":\"2025-01-22T20:38:10+00:00\",\"dateModified\":\"2025-04-13T18:45:04+00:00\",\"breadcrumb\":{\"@id\":\"https:\\\/\\\/trailercenter.se\\\/fagelsta\\\/integritetspolicy\\\/#breadcrumb\"},\"inLanguage\":\"sv-SE\",\"potentialAction\":[{\"@type\":\"ReadAction\",\"target\":[\"https:\\\/\\\/trailercenter.se\\\/fagelsta\\\/integritetspolicy\\\/\"]}]},{\"@type\":\"BreadcrumbList\",\"@id\":\"https:\\\/\\\/trailercenter.se\\\/fagelsta\\\/integritetspolicy\\\/#breadcrumb\",\"itemListElement\":[{\"@type\":\"ListItem\",\"position\":1,\"name\":\"Hem\",\"item\":\"https:\\\/\\\/trailercenter.se\\\/fagelsta\\\/\"},{\"@type\":\"ListItem\",\"position\":2,\"name\":\"Integritetspolicy\"}]},{\"@type\":\"WebSite\",\"@id\":\"https:\\\/\\\/trailercenter.se\\\/fagelsta\\\/#website\",\"url\":\"https:\\\/\\\/trailercenter.se\\\/fagelsta\\\/\",\"name\":\"F\u00e5gelsta\",\"description\":\"Vi ligger steget f\u00f6re med det som sl\u00e4par efter!\",\"publisher\":{\"@id\":\"https:\\\/\\\/trailercenter.se\\\/fagelsta\\\/#organization\"},\"potentialAction\":[{\"@type\":\"SearchAction\",\"target\":{\"@type\":\"EntryPoint\",\"urlTemplate\":\"https:\\\/\\\/trailercenter.se\\\/fagelsta\\\/?s={search_term_string}\"},\"query-input\":{\"@type\":\"PropertyValueSpecification\",\"valueRequired\":true,\"valueName\":\"search_term_string\"}}],\"inLanguage\":\"sv-SE\"},{\"@type\":[\"Organization\",\"Place\"],\"@id\":\"https:\\\/\\\/trailercenter.se\\\/fagelsta\\\/#organization\",\"name\":\"Trailercenter i Motala\",\"alternateName\":\"Motala Trailercenter\",\"url\":\"https:\\\/\\\/trailercenter.se\\\/fagelsta\\\/\",\"logo\":{\"@id\":\"https:\\\/\\\/trailercenter.se\\\/fagelsta\\\/integritetspolicy\\\/#local-main-organization-logo\"},\"image\":{\"@id\":\"https:\\\/\\\/trailercenter.se\\\/fagelsta\\\/integritetspolicy\\\/#local-main-organization-logo\"},\"address\":{\"@id\":\"https:\\\/\\\/trailercenter.se\\\/fagelsta\\\/integritetspolicy\\\/#local-main-place-address\"},\"geo\":{\"@type\":\"GeoCoordinates\",\"latitude\":\"58.434435379382066\",\"longitude\":\"15.01463022966251\"},\"telephone\":[\"0141 \u2013 230394\"],\"openingHoursSpecification\":[{\"@type\":\"OpeningHoursSpecification\",\"dayOfWeek\":[\"Monday\",\"Tuesday\",\"Wednesday\",\"Thursday\"],\"opens\":\"07:00\",\"closes\":\"16:00\"},{\"@type\":\"OpeningHoursSpecification\",\"dayOfWeek\":[\"Friday\"],\"opens\":\"07:00\",\"closes\":\"13:00\"},{\"@type\":\"OpeningHoursSpecification\",\"dayOfWeek\":[\"Saturday\",\"Sunday\"],\"opens\":\"00:00\",\"closes\":\"00:00\"}],\"email\":\"janne@profilslapet.se\"},{\"@type\":\"PostalAddress\",\"@id\":\"https:\\\/\\\/trailercenter.se\\\/fagelsta\\\/integritetspolicy\\\/#local-main-place-address\",\"streetAddress\":\"Fivelstad 536\",\"addressLocality\":\"Motala\",\"postalCode\":\"591 93\",\"addressCountry\":\"SE\"},{\"@type\":\"ImageObject\",\"inLanguage\":\"sv-SE\",\"@id\":\"https:\\\/\\\/trailercenter.se\\\/fagelsta\\\/integritetspolicy\\\/#local-main-organization-logo\",\"url\":\"https:\\\/\\\/trailercenter.se\\\/fagelsta\\\/wp-content\\\/uploads\\\/sites\\\/9\\\/2025\\\/04\\\/trailercenter-motala-logo.jpg\",\"contentUrl\":\"https:\\\/\\\/trailercenter.se\\\/fagelsta\\\/wp-content\\\/uploads\\\/sites\\\/9\\\/2025\\\/04\\\/trailercenter-motala-logo.jpg\",\"width\":1115,\"height\":228,\"caption\":\"Trailercenter i Motala\"}]}<\/script>\n<meta name=\"geo.placename\" content=\"Motala\" \/>\n<meta name=\"geo.position\" content=\"58.434435379382066;15.01463022966251\" \/>\n<meta name=\"geo.region\" content=\"Sverige\" \/>\n<!-- \/ Yoast SEO Premium plugin. -->","yoast_head_json":{"title":"Integritetspolicy - F\u00e5gelsta","robots":{"index":"noindex","follow":"follow","max-snippet":"max-snippet:-1","max-image-preview":"max-image-preview:large","max-video-preview":"max-video-preview:-1"},"og_locale":"sv_SE","og_type":"article","og_title":"Integritetspolicy","og_description":"[vc_row][vc_column width=&#8221;1\/6&#8243; css=&#8221;.vc_custom_1565549902477{margin-bottom: -9px !important;}&#8221; mobile_bg_img_hidden=&#8221;no&#8221; tablet_bg_img_hidden=&#8221;no&#8221; woodmart_parallax=&#8221;0&#8243; woodmart_sticky_column=&#8221;false&#8221; parallax_scroll=&#8221;no&#8221; mobile_reset_margin=&#8221;no&#8221; tablet_reset_margin=&#8221;no&#8221;][\/vc_column][vc_column width=&#8221;2\/3&#8243;][vc_column_text text_larger=&#8221;no&#8221;]INTEGRITETSPOLICY [\/vc_column_text][vc_separator][vc_column_text css=&#8221;&#8221; woodmart_inline=&#8221;no&#8221; text_larger=&#8221;no&#8221;]Vi p\u00e5 Trailercenter","og_url":"https:\/\/trailercenter.se\/fagelsta\/integritetspolicy\/","og_site_name":"F\u00e5gelsta","article_modified_time":"2025-04-13T18:45:04+00:00","og_image":[{"width":1115,"height":228,"url":"https:\/\/trailercenter.se\/fagelsta\/wp-content\/uploads\/sites\/9\/2025\/04\/trailercenter-motala-logo.jpg","type":"image\/jpeg"}],"twitter_card":"summary_large_image","twitter_misc":{"Ber\u00e4knad l\u00e4stid":"7 minuter"},"schema":{"@context":"https:\/\/schema.org","@graph":[{"@type":"WebPage","@id":"https:\/\/trailercenter.se\/fagelsta\/integritetspolicy\/","url":"https:\/\/trailercenter.se\/fagelsta\/integritetspolicy\/","name":"Integritetspolicy - F\u00e5gelsta","isPartOf":{"@id":"https:\/\/trailercenter.se\/fagelsta\/#website"},"datePublished":"2025-01-22T20:38:10+00:00","dateModified":"2025-04-13T18:45:04+00:00","breadcrumb":{"@id":"https:\/\/trailercenter.se\/fagelsta\/integritetspolicy\/#breadcrumb"},"inLanguage":"sv-SE","potentialAction":[{"@type":"ReadAction","target":["https:\/\/trailercenter.se\/fagelsta\/integritetspolicy\/"]}]},{"@type":"BreadcrumbList","@id":"https:\/\/trailercenter.se\/fagelsta\/integritetspolicy\/#breadcrumb","itemListElement":[{"@type":"ListItem","position":1,"name":"Hem","item":"https:\/\/trailercenter.se\/fagelsta\/"},{"@type":"ListItem","position":2,"name":"Integritetspolicy"}]},{"@type":"WebSite","@id":"https:\/\/trailercenter.se\/fagelsta\/#website","url":"https:\/\/trailercenter.se\/fagelsta\/","name":"F\u00e5gelsta","description":"Vi ligger steget f\u00f6re med det som sl\u00e4par efter!","publisher":{"@id":"https:\/\/trailercenter.se\/fagelsta\/#organization"},"potentialAction":[{"@type":"SearchAction","target":{"@type":"EntryPoint","urlTemplate":"https:\/\/trailercenter.se\/fagelsta\/?s={search_term_string}"},"query-input":{"@type":"PropertyValueSpecification","valueRequired":true,"valueName":"search_term_string"}}],"inLanguage":"sv-SE"},{"@type":["Organization","Place"],"@id":"https:\/\/trailercenter.se\/fagelsta\/#organization","name":"Trailercenter i Motala","alternateName":"Motala Trailercenter","url":"https:\/\/trailercenter.se\/fagelsta\/","logo":{"@id":"https:\/\/trailercenter.se\/fagelsta\/integritetspolicy\/#local-main-organization-logo"},"image":{"@id":"https:\/\/trailercenter.se\/fagelsta\/integritetspolicy\/#local-main-organization-logo"},"address":{"@id":"https:\/\/trailercenter.se\/fagelsta\/integritetspolicy\/#local-main-place-address"},"geo":{"@type":"GeoCoordinates","latitude":"58.434435379382066","longitude":"15.01463022966251"},"telephone":["0141 \u2013 230394"],"openingHoursSpecification":[{"@type":"OpeningHoursSpecification","dayOfWeek":["Monday","Tuesday","Wednesday","Thursday"],"opens":"07:00","closes":"16:00"},{"@type":"OpeningHoursSpecification","dayOfWeek":["Friday"],"opens":"07:00","closes":"13:00"},{"@type":"OpeningHoursSpecification","dayOfWeek":["Saturday","Sunday"],"opens":"00:00","closes":"00:00"}],"email":"janne@profilslapet.se"},{"@type":"PostalAddress","@id":"https:\/\/trailercenter.se\/fagelsta\/integritetspolicy\/#local-main-place-address","streetAddress":"Fivelstad 536","addressLocality":"Motala","postalCode":"591 93","addressCountry":"SE"},{"@type":"ImageObject","inLanguage":"sv-SE","@id":"https:\/\/trailercenter.se\/fagelsta\/integritetspolicy\/#local-main-organization-logo","url":"https:\/\/trailercenter.se\/fagelsta\/wp-content\/uploads\/sites\/9\/2025\/04\/trailercenter-motala-logo.jpg","contentUrl":"https:\/\/trailercenter.se\/fagelsta\/wp-content\/uploads\/sites\/9\/2025\/04\/trailercenter-motala-logo.jpg","width":1115,"height":228,"caption":"Trailercenter i Motala"}]},"geo.placename":"Motala","geo.position":{"lat":"58.434435379382066","long":"15.01463022966251"},"geo.region":"Sverige"},"_links":{"self":[{"href":"https:\/\/trailercenter.se\/fagelsta\/wp-json\/wp\/v2\/pages\/3135","targetHints":{"allow":["GET"]}}],"collection":[{"href":"https:\/\/trailercenter.se\/fagelsta\/wp-json\/wp\/v2\/pages"}],"about":[{"href":"https:\/\/trailercenter.se\/fagelsta\/wp-json\/wp\/v2\/types\/page"}],"author":[{"embeddable":true,"href":"https:\/\/trailercenter.se\/fagelsta\/wp-json\/wp\/v2\/users\/1"}],"replies":[{"embeddable":true,"href":"https:\/\/trailercenter.se\/fagelsta\/wp-json\/wp\/v2\/comments?post=3135"}],"version-history":[{"count":0,"href":"https:\/\/trailercenter.se\/fagelsta\/wp-json\/wp\/v2\/pages\/3135\/revisions"}],"wp:attachment":[{"href":"https:\/\/trailercenter.se\/fagelsta\/wp-json\/wp\/v2\/media?parent=3135"}],"curies":[{"name":"wp","href":"https:\/\/api.w.org\/{rel}","templated":true}]}}