{"id":3434,"date":"2025-03-25T11:50:18","date_gmt":"2025-03-25T10:50:18","guid":{"rendered":"https:\/\/trailercenter.se\/fagelsta\/?page_id=3434"},"modified":"2025-04-20T14:17:06","modified_gmt":"2025-04-20T12:17:06","slug":"om-oss","status":"publish","type":"page","link":"https:\/\/trailercenter.se\/fagelsta\/om-oss\/","title":{"rendered":"Om oss"},"content":{"rendered":"<div class=\"wpb-content-wrapper\"><p>[vc_row][vc_column css=&#8221;.vc_custom_1565553223054{margin-bottom: -9px !important;}&#8221; mobile_bg_img_hidden=&#8221;no&#8221; tablet_bg_img_hidden=&#8221;no&#8221; woodmart_parallax=&#8221;0&#8243; woodmart_sticky_column=&#8221;false&#8221; parallax_scroll=&#8221;no&#8221; mobile_reset_margin=&#8221;no&#8221; tablet_reset_margin=&#8221;no&#8221;][vc_column_text css=&#8221;.vc_custom_1742899939696{margin-top: -3px !important;margin-bottom: 29px !important;}&#8221; text_larger=&#8221;no&#8221; woodmart_inline=&#8221;no&#8221;]<\/p>\n<p style=\"text-align: left;\">OM OSS<\/p>\n<p>[\/vc_column_text][vc_separator][\/vc_column][vc_column css=&#8221;.vc_custom_1565553566198{margin-top: -10px !important;}&#8221; mobile_bg_img_hidden=&#8221;no&#8221; tablet_bg_img_hidden=&#8221;no&#8221; woodmart_parallax=&#8221;0&#8243; woodmart_sticky_column=&#8221;false&#8221; parallax_scroll=&#8221;no&#8221; mobile_reset_margin=&#8221;no&#8221; tablet_reset_margin=&#8221;no&#8221;][vc_column_text css=&#8221;&#8221; text_larger=&#8221;no&#8221; woodmart_inline=&#8221;no&#8221;]Motala Trailercenter \u00e4r en filial till Trailercenter i Uppsala AB som har varit etablerad p\u00e5 svenska marknaden sedan 1991. F\u00f6retaget grundades i Uppsalas s\u00f6dra stadsdelar som \u00e4r ett av Sveriges st\u00f6rsta och mest etablerade Trailercenter med en gedigen kunskap och erfarenhet.<\/p>\n<p>Motala Trailercenter drivs av Profilsl\u00e4pet AB som ligger vid \u00d6sterg\u00f6tlands Sj\u00f6stad. Profilsl\u00e4pet \u00e4r ett familje\u00e4gt f\u00f6retag sedan 1992 med stor kompetens inom konstruktion, svetsning och montage. F\u00f6rutom en gedigen kunskap av tillverkning ut\u00f6kar nu Profilsl\u00e4pet sin verksamhet med nyf\u00f6rs\u00e4ljning av sl\u00e4p och trailers. Ett naturligt steg d\u00e5 dom redan \u00e4r verksamma inom branschen. I sortimentet finns b\u00e5de professionella samt fritidsprodukter. Andra tj\u00e4nster utf\u00f6rs ocks\u00e5 s\u00e5som reparationer av sl\u00e4p och f\u00f6rs\u00e4ljning av reservdelar. Stor erfarenhet inom svets och tillverkning.<\/p>\n<p>Tillverkning av andra produkter efter ditt behov\/\u00f6nskem\u00e5l inom svets, montering och m\u00e5tt anpassat j\u00e4rn till f\u00f6retag och privatpersoner. F\u00f6rs\u00e4ljning av ny svets, alternativ reparation av \u00e4ldre utrustning.[\/vc_column_text][\/vc_column][\/vc_row]<\/p>\n<\/div>","protected":false},"excerpt":{"rendered":"<p>[vc_row][vc_column css=&#8221;.vc_custom_1565553223054{margin-bottom: -9px !important;}&#8221; mobile_bg_img_hidden=&#8221;no&#8221; tablet_bg_img_hidden=&#8221;no&#8221; woodmart_parallax=&#8221;0&#8243; woodmart_sticky_column=&#8221;false&#8221; parallax_scroll=&#8221;no&#8221; mobile_reset_margin=&#8221;no&#8221; tablet_reset_margin=&#8221;no&#8221;][vc_column_text css=&#8221;.vc_custom_1742899939696{margin-top: -3px !important;margin-bottom: 29px !important;}&#8221; text_larger=&#8221;no&#8221; woodmart_inline=&#8221;no&#8221;] OM OSS<\/p>\n","protected":false},"author":1,"featured_media":0,"parent":0,"menu_order":0,"comment_status":"closed","ping_status":"closed","template":"","meta":{"footnotes":""},"class_list":["post-3434","page","type-page","status-publish","hentry"],"yoast_head":"<!-- This site is optimized with the Yoast SEO Premium plugin v27.3 (Yoast SEO v27.3) - https:\/\/yoast.com\/product\/yoast-seo-premium-wordpress\/ -->\n<title>Om oss - F\u00e5gelsta<\/title>\n<meta name=\"robots\" content=\"noindex, follow, max-snippet:-1, max-image-preview:large, max-video-preview:-1\" \/>\n<meta property=\"og:locale\" content=\"sv_SE\" \/>\n<meta property=\"og:type\" content=\"article\" \/>\n<meta property=\"og:title\" content=\"Om oss\" \/>\n<meta property=\"og:description\" content=\"[vc_row][vc_column css=&#8221;.vc_custom_1565553223054{margin-bottom: -9px !important;}&#8221; mobile_bg_img_hidden=&#8221;no&#8221; tablet_bg_img_hidden=&#8221;no&#8221; woodmart_parallax=&#8221;0&#8243; woodmart_sticky_column=&#8221;false&#8221; parallax_scroll=&#8221;no&#8221; mobile_reset_margin=&#8221;no&#8221; tablet_reset_margin=&#8221;no&#8221;][vc_column_text css=&#8221;.vc_custom_1742899939696{margin-top: -3px !important;margin-bottom: 29px !important;}&#8221; text_larger=&#8221;no&#8221; woodmart_inline=&#8221;no&#8221;] OM OSS\" \/>\n<meta property=\"og:url\" content=\"https:\/\/trailercenter.se\/fagelsta\/om-oss\/\" \/>\n<meta property=\"og:site_name\" content=\"F\u00e5gelsta\" \/>\n<meta property=\"article:modified_time\" content=\"2025-04-20T12:17:06+00:00\" \/>\n<meta property=\"og:image\" content=\"https:\/\/trailercenter.se\/fagelsta\/wp-content\/uploads\/sites\/9\/2025\/04\/trailercenter-motala-logo.jpg\" \/>\n\t<meta property=\"og:image:width\" content=\"1115\" \/>\n\t<meta property=\"og:image:height\" content=\"228\" \/>\n\t<meta property=\"og:image:type\" content=\"image\/jpeg\" \/>\n<meta name=\"twitter:card\" content=\"summary_large_image\" \/>\n<meta name=\"twitter:label1\" content=\"Ber\u00e4knad l\u00e4stid\" \/>\n\t<meta name=\"twitter:data1\" content=\"2 minuter\" \/>\n<script type=\"application\/ld+json\" class=\"yoast-schema-graph\">{\"@context\":\"https:\\\/\\\/schema.org\",\"@graph\":[{\"@type\":\"WebPage\",\"@id\":\"https:\\\/\\\/trailercenter.se\\\/fagelsta\\\/om-oss\\\/\",\"url\":\"https:\\\/\\\/trailercenter.se\\\/fagelsta\\\/om-oss\\\/\",\"name\":\"Om oss - F\u00e5gelsta\",\"isPartOf\":{\"@id\":\"https:\\\/\\\/trailercenter.se\\\/fagelsta\\\/#website\"},\"datePublished\":\"2025-03-25T10:50:18+00:00\",\"dateModified\":\"2025-04-20T12:17:06+00:00\",\"breadcrumb\":{\"@id\":\"https:\\\/\\\/trailercenter.se\\\/fagelsta\\\/om-oss\\\/#breadcrumb\"},\"inLanguage\":\"sv-SE\",\"potentialAction\":[{\"@type\":\"ReadAction\",\"target\":[\"https:\\\/\\\/trailercenter.se\\\/fagelsta\\\/om-oss\\\/\"]}]},{\"@type\":\"BreadcrumbList\",\"@id\":\"https:\\\/\\\/trailercenter.se\\\/fagelsta\\\/om-oss\\\/#breadcrumb\",\"itemListElement\":[{\"@type\":\"ListItem\",\"position\":1,\"name\":\"Hem\",\"item\":\"https:\\\/\\\/trailercenter.se\\\/fagelsta\\\/\"},{\"@type\":\"ListItem\",\"position\":2,\"name\":\"Om oss\"}]},{\"@type\":\"WebSite\",\"@id\":\"https:\\\/\\\/trailercenter.se\\\/fagelsta\\\/#website\",\"url\":\"https:\\\/\\\/trailercenter.se\\\/fagelsta\\\/\",\"name\":\"F\u00e5gelsta\",\"description\":\"Vi ligger steget f\u00f6re med det som sl\u00e4par efter!\",\"publisher\":{\"@id\":\"https:\\\/\\\/trailercenter.se\\\/fagelsta\\\/#organization\"},\"potentialAction\":[{\"@type\":\"SearchAction\",\"target\":{\"@type\":\"EntryPoint\",\"urlTemplate\":\"https:\\\/\\\/trailercenter.se\\\/fagelsta\\\/?s={search_term_string}\"},\"query-input\":{\"@type\":\"PropertyValueSpecification\",\"valueRequired\":true,\"valueName\":\"search_term_string\"}}],\"inLanguage\":\"sv-SE\"},{\"@type\":[\"Organization\",\"Place\"],\"@id\":\"https:\\\/\\\/trailercenter.se\\\/fagelsta\\\/#organization\",\"name\":\"Trailercenter i Motala\",\"alternateName\":\"Motala Trailercenter\",\"url\":\"https:\\\/\\\/trailercenter.se\\\/fagelsta\\\/\",\"logo\":{\"@id\":\"https:\\\/\\\/trailercenter.se\\\/fagelsta\\\/om-oss\\\/#local-main-organization-logo\"},\"image\":{\"@id\":\"https:\\\/\\\/trailercenter.se\\\/fagelsta\\\/om-oss\\\/#local-main-organization-logo\"},\"address\":{\"@id\":\"https:\\\/\\\/trailercenter.se\\\/fagelsta\\\/om-oss\\\/#local-main-place-address\"},\"geo\":{\"@type\":\"GeoCoordinates\",\"latitude\":\"58.434435379382066\",\"longitude\":\"15.01463022966251\"},\"telephone\":[\"0141 \u2013 230394\"],\"openingHoursSpecification\":[{\"@type\":\"OpeningHoursSpecification\",\"dayOfWeek\":[\"Monday\",\"Tuesday\",\"Wednesday\",\"Thursday\"],\"opens\":\"07:00\",\"closes\":\"16:00\"},{\"@type\":\"OpeningHoursSpecification\",\"dayOfWeek\":[\"Friday\"],\"opens\":\"07:00\",\"closes\":\"13:00\"},{\"@type\":\"OpeningHoursSpecification\",\"dayOfWeek\":[\"Saturday\",\"Sunday\"],\"opens\":\"00:00\",\"closes\":\"00:00\"}],\"email\":\"janne@profilslapet.se\"},{\"@type\":\"PostalAddress\",\"@id\":\"https:\\\/\\\/trailercenter.se\\\/fagelsta\\\/om-oss\\\/#local-main-place-address\",\"streetAddress\":\"Fivelstad 536\",\"addressLocality\":\"Motala\",\"postalCode\":\"591 93\",\"addressCountry\":\"SE\"},{\"@type\":\"ImageObject\",\"inLanguage\":\"sv-SE\",\"@id\":\"https:\\\/\\\/trailercenter.se\\\/fagelsta\\\/om-oss\\\/#local-main-organization-logo\",\"url\":\"https:\\\/\\\/trailercenter.se\\\/fagelsta\\\/wp-content\\\/uploads\\\/sites\\\/9\\\/2025\\\/04\\\/trailercenter-motala-logo.jpg\",\"contentUrl\":\"https:\\\/\\\/trailercenter.se\\\/fagelsta\\\/wp-content\\\/uploads\\\/sites\\\/9\\\/2025\\\/04\\\/trailercenter-motala-logo.jpg\",\"width\":1115,\"height\":228,\"caption\":\"Trailercenter i Motala\"}]}<\/script>\n<meta name=\"geo.placename\" content=\"Motala\" \/>\n<meta name=\"geo.position\" content=\"58.434435379382066;15.01463022966251\" \/>\n<meta name=\"geo.region\" content=\"Sverige\" \/>\n<!-- \/ Yoast SEO Premium plugin. -->","yoast_head_json":{"title":"Om oss - F\u00e5gelsta","robots":{"index":"noindex","follow":"follow","max-snippet":"max-snippet:-1","max-image-preview":"max-image-preview:large","max-video-preview":"max-video-preview:-1"},"og_locale":"sv_SE","og_type":"article","og_title":"Om oss","og_description":"[vc_row][vc_column css=&#8221;.vc_custom_1565553223054{margin-bottom: -9px !important;}&#8221; mobile_bg_img_hidden=&#8221;no&#8221; tablet_bg_img_hidden=&#8221;no&#8221; woodmart_parallax=&#8221;0&#8243; woodmart_sticky_column=&#8221;false&#8221; parallax_scroll=&#8221;no&#8221; mobile_reset_margin=&#8221;no&#8221; tablet_reset_margin=&#8221;no&#8221;][vc_column_text css=&#8221;.vc_custom_1742899939696{margin-top: -3px !important;margin-bottom: 29px !important;}&#8221; text_larger=&#8221;no&#8221; woodmart_inline=&#8221;no&#8221;] OM OSS","og_url":"https:\/\/trailercenter.se\/fagelsta\/om-oss\/","og_site_name":"F\u00e5gelsta","article_modified_time":"2025-04-20T12:17:06+00:00","og_image":[{"width":1115,"height":228,"url":"https:\/\/trailercenter.se\/fagelsta\/wp-content\/uploads\/sites\/9\/2025\/04\/trailercenter-motala-logo.jpg","type":"image\/jpeg"}],"twitter_card":"summary_large_image","twitter_misc":{"Ber\u00e4knad l\u00e4stid":"2 minuter"},"schema":{"@context":"https:\/\/schema.org","@graph":[{"@type":"WebPage","@id":"https:\/\/trailercenter.se\/fagelsta\/om-oss\/","url":"https:\/\/trailercenter.se\/fagelsta\/om-oss\/","name":"Om oss - F\u00e5gelsta","isPartOf":{"@id":"https:\/\/trailercenter.se\/fagelsta\/#website"},"datePublished":"2025-03-25T10:50:18+00:00","dateModified":"2025-04-20T12:17:06+00:00","breadcrumb":{"@id":"https:\/\/trailercenter.se\/fagelsta\/om-oss\/#breadcrumb"},"inLanguage":"sv-SE","potentialAction":[{"@type":"ReadAction","target":["https:\/\/trailercenter.se\/fagelsta\/om-oss\/"]}]},{"@type":"BreadcrumbList","@id":"https:\/\/trailercenter.se\/fagelsta\/om-oss\/#breadcrumb","itemListElement":[{"@type":"ListItem","position":1,"name":"Hem","item":"https:\/\/trailercenter.se\/fagelsta\/"},{"@type":"ListItem","position":2,"name":"Om oss"}]},{"@type":"WebSite","@id":"https:\/\/trailercenter.se\/fagelsta\/#website","url":"https:\/\/trailercenter.se\/fagelsta\/","name":"F\u00e5gelsta","description":"Vi ligger steget f\u00f6re med det som sl\u00e4par efter!","publisher":{"@id":"https:\/\/trailercenter.se\/fagelsta\/#organization"},"potentialAction":[{"@type":"SearchAction","target":{"@type":"EntryPoint","urlTemplate":"https:\/\/trailercenter.se\/fagelsta\/?s={search_term_string}"},"query-input":{"@type":"PropertyValueSpecification","valueRequired":true,"valueName":"search_term_string"}}],"inLanguage":"sv-SE"},{"@type":["Organization","Place"],"@id":"https:\/\/trailercenter.se\/fagelsta\/#organization","name":"Trailercenter i Motala","alternateName":"Motala Trailercenter","url":"https:\/\/trailercenter.se\/fagelsta\/","logo":{"@id":"https:\/\/trailercenter.se\/fagelsta\/om-oss\/#local-main-organization-logo"},"image":{"@id":"https:\/\/trailercenter.se\/fagelsta\/om-oss\/#local-main-organization-logo"},"address":{"@id":"https:\/\/trailercenter.se\/fagelsta\/om-oss\/#local-main-place-address"},"geo":{"@type":"GeoCoordinates","latitude":"58.434435379382066","longitude":"15.01463022966251"},"telephone":["0141 \u2013 230394"],"openingHoursSpecification":[{"@type":"OpeningHoursSpecification","dayOfWeek":["Monday","Tuesday","Wednesday","Thursday"],"opens":"07:00","closes":"16:00"},{"@type":"OpeningHoursSpecification","dayOfWeek":["Friday"],"opens":"07:00","closes":"13:00"},{"@type":"OpeningHoursSpecification","dayOfWeek":["Saturday","Sunday"],"opens":"00:00","closes":"00:00"}],"email":"janne@profilslapet.se"},{"@type":"PostalAddress","@id":"https:\/\/trailercenter.se\/fagelsta\/om-oss\/#local-main-place-address","streetAddress":"Fivelstad 536","addressLocality":"Motala","postalCode":"591 93","addressCountry":"SE"},{"@type":"ImageObject","inLanguage":"sv-SE","@id":"https:\/\/trailercenter.se\/fagelsta\/om-oss\/#local-main-organization-logo","url":"https:\/\/trailercenter.se\/fagelsta\/wp-content\/uploads\/sites\/9\/2025\/04\/trailercenter-motala-logo.jpg","contentUrl":"https:\/\/trailercenter.se\/fagelsta\/wp-content\/uploads\/sites\/9\/2025\/04\/trailercenter-motala-logo.jpg","width":1115,"height":228,"caption":"Trailercenter i Motala"}]},"geo.placename":"Motala","geo.position":{"lat":"58.434435379382066","long":"15.01463022966251"},"geo.region":"Sverige"},"_links":{"self":[{"href":"https:\/\/trailercenter.se\/fagelsta\/wp-json\/wp\/v2\/pages\/3434","targetHints":{"allow":["GET"]}}],"collection":[{"href":"https:\/\/trailercenter.se\/fagelsta\/wp-json\/wp\/v2\/pages"}],"about":[{"href":"https:\/\/trailercenter.se\/fagelsta\/wp-json\/wp\/v2\/types\/page"}],"author":[{"embeddable":true,"href":"https:\/\/trailercenter.se\/fagelsta\/wp-json\/wp\/v2\/users\/1"}],"replies":[{"embeddable":true,"href":"https:\/\/trailercenter.se\/fagelsta\/wp-json\/wp\/v2\/comments?post=3434"}],"version-history":[{"count":0,"href":"https:\/\/trailercenter.se\/fagelsta\/wp-json\/wp\/v2\/pages\/3434\/revisions"}],"wp:attachment":[{"href":"https:\/\/trailercenter.se\/fagelsta\/wp-json\/wp\/v2\/media?parent=3434"}],"curies":[{"name":"wp","href":"https:\/\/api.w.org\/{rel}","templated":true}]}}