{"id":3446,"date":"2025-03-25T12:04:08","date_gmt":"2025-03-25T11:04:08","guid":{"rendered":"https:\/\/trailercenter.se\/fagelsta\/?page_id=3446"},"modified":"2025-03-25T12:28:18","modified_gmt":"2025-03-25T11:28:18","slug":"cookie-policy","status":"publish","type":"page","link":"https:\/\/trailercenter.se\/fagelsta\/cookie-policy\/","title":{"rendered":"Cookie Policy"},"content":{"rendered":"<div class=\"wpb-content-wrapper\"><p>[vc_row mobile_bg_img_hidden=&#8221;no&#8221; tablet_bg_img_hidden=&#8221;no&#8221; woodmart_parallax=&#8221;0&#8243; woodmart_gradient_switch=&#8221;no&#8221; row_reverse_mobile=&#8221;0&#8243; row_reverse_tablet=&#8221;0&#8243; woodmart_disable_overflow=&#8221;0&#8243; css=&#8221;.vc_custom_1565549179706{padding-bottom: -5px !important;}&#8221;][vc_column width=&#8221;1\/6&#8243; css=&#8221;.vc_custom_1565549313850{margin-bottom: -9px !important;}&#8221; mobile_bg_img_hidden=&#8221;no&#8221; tablet_bg_img_hidden=&#8221;no&#8221; woodmart_parallax=&#8221;0&#8243; woodmart_sticky_column=&#8221;false&#8221; parallax_scroll=&#8221;no&#8221; mobile_reset_margin=&#8221;no&#8221; tablet_reset_margin=&#8221;no&#8221;][\/vc_column][vc_column width=&#8221;2\/3&#8243;][vc_column_text text_larger=&#8221;no&#8221;]COOKIE POLICY<\/p>\n<p>[\/vc_column_text][vc_separator][vc_column_text css=&#8221;&#8221; text_larger=&#8221;no&#8221; woodmart_inline=&#8221;no&#8221;]<\/p>\n<p class=\"shb-cms-article__headline\"><strong>Cookies \u00f6verblick<br \/>\n<\/strong>Att acceptera cookies \u00e4r ingen f\u00f6ruts\u00e4ttning f\u00f6r att kunna bes\u00f6ka trailercenter.se. D\u00e4remot har v\u00e5r webbplats endast en begr\u00e4nsad funktionalitet om du inte till\u00e5ter cookies. Cookie information lagras i din webbl\u00e4sare och utf\u00f6r funktioner som att k\u00e4nna igen dig n\u00e4r du \u00e5terv\u00e4nder till v\u00e5r webbplats.<\/p>\n<p>[\/vc_column_text][vc_tta_accordion shape=&#8221;square&#8221; color=&#8221;white&#8221; c_icon=&#8221;chevron&#8221; active_section=&#8221;none&#8221; no_fill=&#8221;true&#8221; collapsible_all=&#8221;true&#8221;][vc_tta_section title=&#8221;Vad \u00e4r cookies?&#8221; tab_id=&#8221;1742901678096-320d9698-9aba&#8221;][vc_column_text css=&#8221;&#8221; woodmart_inline=&#8221;no&#8221; text_larger=&#8221;no&#8221;]En cookie \u00e4r en liten textfil som lagras p\u00e5 din dator och som inneh\u00e5ller information f\u00f6r att hj\u00e4lpa webbutiken att identifiera och f\u00f6lja anv\u00e4ndare. Cookies finns som sessionscookies och som cookies som lagras permanent p\u00e5 din dator.<\/p>\n<p>Cookies som tas bort automatiskt fr\u00e5n din dator n\u00e4r du st\u00e4nger ner din webbl\u00e4sare (sessionens slut). Dessa cookies kallas d\u00e4rf\u00f6r f\u00f6r sessionscookies.<\/p>\n<p>Permanent Cookies \u00e4r vad det l\u00e5ter som, en cookie som lagras p\u00e5 din dator. Det inneb\u00e4r att cookien sparar information som exempelvis s\u00e5dant som du l\u00e4gger i din varukorg, vilket underl\u00e4ttar s\u00e5 att du inte ska beh\u00f6va fylla i s\u00e5dant p\u00e5 nytt n\u00e4r du bes\u00f6ker hemsidan n\u00e4sta g\u00e5ng. Allt f\u00f6r att kunna ge dig en b\u00e4ttre kundupplevelse och\u00a0b\u00e4sta m\u00f6jliga anv\u00e4ndarv\u00e4nlighet. Om du inte vill ha n\u00e5gra cookies kan du \u00e4ndra inst\u00e4llningarna f\u00f6r detta i din webbl\u00e4sare.<\/p>\n<p>En tredjepartscookie \u00e4r ocks\u00e5 en cookie som det l\u00e5ter. Det kan exempelvis vara en leverant\u00f6r till n\u00e5gon av v\u00e5ra funktioner p\u00e5 webbplatsen eller analysprogram som Google Analytic.[\/vc_column_text][\/vc_tta_section][vc_tta_section title=&#8221;Analys&#8221; tab_id=&#8221;1742901678103-27fa3522-1f0c&#8221;][vc_column_text css=&#8221;&#8221; woodmart_inline=&#8221;no&#8221; text_larger=&#8221;no&#8221;]Vi anv\u00e4nder webbanalysverktyget Google Analytic. Syftet med att anv\u00e4nda Google Analytic \u00e4r att f\u00e5 en djupare kunskap om hur v\u00e5r webbplats anv\u00e4nds och g\u00f6ra v\u00e5r hemsida mer anv\u00e4ndarv\u00e4nlig. Inga personuppgifter som e-post, IP-nummer, namn eller personnummer samlas in.[\/vc_column_text][\/vc_tta_section][vc_tta_section title=&#8221;Webbutik&#8221; tab_id=&#8221;1742901693657-7a179fb0-ba0d&#8221;][vc_column_text css=&#8221;&#8221; woodmart_inline=&#8221;no&#8221; text_larger=&#8221;no&#8221;]F\u00f6r att vi ska kunna erbjuda en fungerande webbutik anv\u00e4nder vi oss av tre olika cookies i v\u00e5r webbutik. De tv\u00e5 f\u00f6rsta inneh\u00e5ller information om kundvagnen som helhet och hj\u00e4lper webbutikssystemet att veta n\u00e4r kundvagnens data \u00e4ndras. Den slutliga cookien inneh\u00e5ller en unik kod f\u00f6r varje kund s\u00e5 att den vet var man hittar varukorgen i databasen f\u00f6r varje kund. Ingen personlig information lagras i dessa cookies.<\/p>\n<p><em>Vi samlar in f\u00f6ljande information om dig i v\u00e5r webbutik.<\/em><\/p>\n<ul>\n<li><strong>Produkter som du har visat:<\/strong> Vi anv\u00e4nder detta f\u00f6r att till exempel visa dig produkter som du nyligen har tittat p\u00e5.<\/li>\n<li><strong>Platsinformation, IP-adress och webbl\u00e4sartyp:<\/strong> Vi anv\u00e4nder detta f\u00f6r \u00e4ndam\u00e5l s\u00e5som momsber\u00e4kning eller fraktkostnader.<\/li>\n<li><strong>Leveransadress:<\/strong> Vi ber dig ange detta s\u00e5 att vi till exempel kan ber\u00e4kna frakt innan du best\u00e4ller i dom fall detta \u00e4r tillg\u00e4ngligt.<\/li>\n<\/ul>\n<p>[\/vc_column_text][\/vc_tta_section][vc_tta_section title=&#8221;Kassan \/ Checkout&#8221; tab_id=&#8221;1742901705048-ed829603-8901&#8243;][vc_column_text css=&#8221;&#8221; woodmart_inline=&#8221;no&#8221; text_larger=&#8221;no&#8221;]N\u00e4r du k\u00f6per fr\u00e5n oss, ber vi dig att ge oss information som innefattar ditt namn, adress, e-post, telefonnummer, kreditkortsuppgifter\/betalningsuppgifter och valfri kontoinformation s\u00e5som anv\u00e4ndarnamn och l\u00f6senord. I dom fall du v\u00e4ljer att k\u00f6pa ett registreringspliktigt fordon beh\u00f6ver vi \u00e4ven ett personnummer.<\/p>\n<p><em>Vi anv\u00e4nder denna information f\u00f6r f\u00f6ljande syften.<\/em><\/p>\n<ul>\n<li>Skicka information till dig om ditt konto och din order.<\/li>\n<li>Behandla betalningar och f\u00f6rhindra bedr\u00e4gerier.<\/li>\n<li>Konfigurera ditt konto f\u00f6r v\u00e5r butik.<\/li>\n<li>F\u00f6lja lagliga krav vi har, s\u00e5som momsber\u00e4kning.<\/li>\n<li>F\u00f6rb\u00e4ttra v\u00e5r butikserbjudanden.<\/li>\n<li>Skicka dig marknadsf\u00f6ringsmeddelanden, om du v\u00e4ljer att ta emot dem.<\/li>\n<li>St\u00e4lla p\u00e5 ditt sl\u00e4p eller trailer i trafik.<\/li>\n<\/ul>\n<p>[\/vc_column_text][\/vc_tta_section][vc_tta_section title=&#8221;Skapa konto&#8221; tab_id=&#8221;1742901892800-de1452ca-1aa9&#8243;][vc_column_text css=&#8221;&#8221; woodmart_inline=&#8221;no&#8221; text_larger=&#8221;no&#8221;]Om du skapar ett konto kommer vi att lagra ditt namn, adress, e-post och telefonnummer, vilket kommer anv\u00e4ndas f\u00f6r att fylla i dina uppgifter i kassan f\u00f6r framtida best\u00e4llningar. Generellt lagras bara information om dig s\u00e5 l\u00e4nge vi beh\u00f6ver informationen f\u00f6r de \u00e4ndam\u00e5l vilka vi samlar in och anv\u00e4nder den, och vi inte \u00e4r juridiskt skyldiga att lagra den. Till exempel kommer vi att lagra orderinformation f\u00f6r g\u00e4llande tidsperiod f\u00f6r skatte- och redovisnings\u00e4ndam\u00e5l. Detta inkluderar ditt namn, e-postadress och fakturerings- och leveransadresser.<\/p>\n<p>N\u00e4r du loggar in kommer vi att skapa flera cookie-filer f\u00f6r att spara information om din inloggning och dina val f\u00f6r utformning av sk\u00e4rmlayouten. Cookie-filer f\u00f6r inloggning g\u00e4ller i tv\u00e5 dagar och cookie-filer f\u00f6r layoutval g\u00e4ller i ett \u00e5r. Om du kryssar i \u201dKom ih\u00e5g mig\u201d kommer din cookie att finnas kvar i tv\u00e5 veckor. Om du loggar ut fr\u00e5n ditt konto kommer cookie-filerna f\u00f6r inloggning att tas bort.[\/vc_column_text][\/vc_tta_section][\/vc_tta_accordion][vc_column_text css=&#8221;&#8221; woodmart_inline=&#8221;no&#8221; text_larger=&#8221;no&#8221;]L\u00e4s mer om Cookies p\u00e5\u00a0<a href=\"https:\/\/www.pts.se\/sv\/bransch\/regler\/lagar\/lag-om-elektronisk-kommunikation\/kakor-cookies\/\">PTS \u00bb<\/a>[\/vc_column_text][\/vc_column][vc_column width=&#8221;1\/6&#8243; css=&#8221;.vc_custom_1565549369844{margin-top: -10px !important;}&#8221; mobile_bg_img_hidden=&#8221;no&#8221; tablet_bg_img_hidden=&#8221;no&#8221; woodmart_parallax=&#8221;0&#8243; woodmart_sticky_column=&#8221;false&#8221; parallax_scroll=&#8221;no&#8221; mobile_reset_margin=&#8221;no&#8221; tablet_reset_margin=&#8221;no&#8221;][\/vc_column][\/vc_row]<\/p>\n<\/div>","protected":false},"excerpt":{"rendered":"<p>[vc_row mobile_bg_img_hidden=&#8221;no&#8221; tablet_bg_img_hidden=&#8221;no&#8221; woodmart_parallax=&#8221;0&#8243; woodmart_gradient_switch=&#8221;no&#8221; row_reverse_mobile=&#8221;0&#8243; row_reverse_tablet=&#8221;0&#8243; woodmart_disable_overflow=&#8221;0&#8243; css=&#8221;.vc_custom_1565549179706{padding-bottom: -5px !important;}&#8221;][vc_column width=&#8221;1\/6&#8243; css=&#8221;.vc_custom_1565549313850{margin-bottom: -9px !important;}&#8221; mobile_bg_img_hidden=&#8221;no&#8221; tablet_bg_img_hidden=&#8221;no&#8221; woodmart_parallax=&#8221;0&#8243; woodmart_sticky_column=&#8221;false&#8221; parallax_scroll=&#8221;no&#8221;<\/p>\n","protected":false},"author":1,"featured_media":0,"parent":0,"menu_order":0,"comment_status":"closed","ping_status":"closed","template":"","meta":{"footnotes":""},"class_list":["post-3446","page","type-page","status-publish","hentry"],"yoast_head":"<!-- This site is optimized with the Yoast SEO Premium plugin v27.3 (Yoast SEO v27.3) - https:\/\/yoast.com\/product\/yoast-seo-premium-wordpress\/ -->\n<title>Cookie Policy - F\u00e5gelsta<\/title>\n<meta name=\"robots\" content=\"noindex, follow, max-snippet:-1, max-image-preview:large, max-video-preview:-1\" \/>\n<meta property=\"og:locale\" content=\"sv_SE\" \/>\n<meta property=\"og:type\" content=\"article\" \/>\n<meta property=\"og:title\" content=\"Cookie Policy\" \/>\n<meta property=\"og:description\" content=\"[vc_row mobile_bg_img_hidden=&#8221;no&#8221; tablet_bg_img_hidden=&#8221;no&#8221; woodmart_parallax=&#8221;0&#8243; woodmart_gradient_switch=&#8221;no&#8221; row_reverse_mobile=&#8221;0&#8243; row_reverse_tablet=&#8221;0&#8243; woodmart_disable_overflow=&#8221;0&#8243; css=&#8221;.vc_custom_1565549179706{padding-bottom: -5px !important;}&#8221;][vc_column width=&#8221;1\/6&#8243; css=&#8221;.vc_custom_1565549313850{margin-bottom: -9px !important;}&#8221; mobile_bg_img_hidden=&#8221;no&#8221; tablet_bg_img_hidden=&#8221;no&#8221; woodmart_parallax=&#8221;0&#8243; woodmart_sticky_column=&#8221;false&#8221; parallax_scroll=&#8221;no&#8221;\" \/>\n<meta property=\"og:url\" content=\"https:\/\/trailercenter.se\/fagelsta\/cookie-policy\/\" \/>\n<meta property=\"og:site_name\" content=\"F\u00e5gelsta\" \/>\n<meta property=\"article:modified_time\" content=\"2025-03-25T11:28:18+00:00\" \/>\n<meta property=\"og:image\" content=\"https:\/\/trailercenter.se\/fagelsta\/wp-content\/uploads\/sites\/9\/2025\/04\/trailercenter-motala-logo.jpg\" \/>\n\t<meta property=\"og:image:width\" content=\"1115\" \/>\n\t<meta property=\"og:image:height\" content=\"228\" \/>\n\t<meta property=\"og:image:type\" content=\"image\/jpeg\" \/>\n<meta name=\"twitter:card\" content=\"summary_large_image\" \/>\n<meta name=\"twitter:label1\" content=\"Ber\u00e4knad l\u00e4stid\" \/>\n\t<meta name=\"twitter:data1\" content=\"4 minuter\" \/>\n<script type=\"application\/ld+json\" class=\"yoast-schema-graph\">{\"@context\":\"https:\\\/\\\/schema.org\",\"@graph\":[{\"@type\":\"WebPage\",\"@id\":\"https:\\\/\\\/trailercenter.se\\\/fagelsta\\\/cookie-policy\\\/\",\"url\":\"https:\\\/\\\/trailercenter.se\\\/fagelsta\\\/cookie-policy\\\/\",\"name\":\"Cookie Policy - F\u00e5gelsta\",\"isPartOf\":{\"@id\":\"https:\\\/\\\/trailercenter.se\\\/fagelsta\\\/#website\"},\"datePublished\":\"2025-03-25T11:04:08+00:00\",\"dateModified\":\"2025-03-25T11:28:18+00:00\",\"breadcrumb\":{\"@id\":\"https:\\\/\\\/trailercenter.se\\\/fagelsta\\\/cookie-policy\\\/#breadcrumb\"},\"inLanguage\":\"sv-SE\",\"potentialAction\":[{\"@type\":\"ReadAction\",\"target\":[\"https:\\\/\\\/trailercenter.se\\\/fagelsta\\\/cookie-policy\\\/\"]}]},{\"@type\":\"BreadcrumbList\",\"@id\":\"https:\\\/\\\/trailercenter.se\\\/fagelsta\\\/cookie-policy\\\/#breadcrumb\",\"itemListElement\":[{\"@type\":\"ListItem\",\"position\":1,\"name\":\"Hem\",\"item\":\"https:\\\/\\\/trailercenter.se\\\/fagelsta\\\/\"},{\"@type\":\"ListItem\",\"position\":2,\"name\":\"Cookie Policy\"}]},{\"@type\":\"WebSite\",\"@id\":\"https:\\\/\\\/trailercenter.se\\\/fagelsta\\\/#website\",\"url\":\"https:\\\/\\\/trailercenter.se\\\/fagelsta\\\/\",\"name\":\"F\u00e5gelsta\",\"description\":\"Vi ligger steget f\u00f6re med det som sl\u00e4par efter!\",\"publisher\":{\"@id\":\"https:\\\/\\\/trailercenter.se\\\/fagelsta\\\/#organization\"},\"potentialAction\":[{\"@type\":\"SearchAction\",\"target\":{\"@type\":\"EntryPoint\",\"urlTemplate\":\"https:\\\/\\\/trailercenter.se\\\/fagelsta\\\/?s={search_term_string}\"},\"query-input\":{\"@type\":\"PropertyValueSpecification\",\"valueRequired\":true,\"valueName\":\"search_term_string\"}}],\"inLanguage\":\"sv-SE\"},{\"@type\":[\"Organization\",\"Place\"],\"@id\":\"https:\\\/\\\/trailercenter.se\\\/fagelsta\\\/#organization\",\"name\":\"Trailercenter i Motala\",\"alternateName\":\"Motala Trailercenter\",\"url\":\"https:\\\/\\\/trailercenter.se\\\/fagelsta\\\/\",\"logo\":{\"@id\":\"https:\\\/\\\/trailercenter.se\\\/fagelsta\\\/cookie-policy\\\/#local-main-organization-logo\"},\"image\":{\"@id\":\"https:\\\/\\\/trailercenter.se\\\/fagelsta\\\/cookie-policy\\\/#local-main-organization-logo\"},\"address\":{\"@id\":\"https:\\\/\\\/trailercenter.se\\\/fagelsta\\\/cookie-policy\\\/#local-main-place-address\"},\"geo\":{\"@type\":\"GeoCoordinates\",\"latitude\":\"58.434435379382066\",\"longitude\":\"15.01463022966251\"},\"telephone\":[\"0141 \u2013 230394\"],\"openingHoursSpecification\":[{\"@type\":\"OpeningHoursSpecification\",\"dayOfWeek\":[\"Monday\",\"Tuesday\",\"Wednesday\",\"Thursday\"],\"opens\":\"07:00\",\"closes\":\"16:00\"},{\"@type\":\"OpeningHoursSpecification\",\"dayOfWeek\":[\"Friday\"],\"opens\":\"07:00\",\"closes\":\"13:00\"},{\"@type\":\"OpeningHoursSpecification\",\"dayOfWeek\":[\"Saturday\",\"Sunday\"],\"opens\":\"00:00\",\"closes\":\"00:00\"}],\"email\":\"janne@profilslapet.se\"},{\"@type\":\"PostalAddress\",\"@id\":\"https:\\\/\\\/trailercenter.se\\\/fagelsta\\\/cookie-policy\\\/#local-main-place-address\",\"streetAddress\":\"Fivelstad 536\",\"addressLocality\":\"Motala\",\"postalCode\":\"591 93\",\"addressCountry\":\"SE\"},{\"@type\":\"ImageObject\",\"inLanguage\":\"sv-SE\",\"@id\":\"https:\\\/\\\/trailercenter.se\\\/fagelsta\\\/cookie-policy\\\/#local-main-organization-logo\",\"url\":\"https:\\\/\\\/trailercenter.se\\\/fagelsta\\\/wp-content\\\/uploads\\\/sites\\\/9\\\/2025\\\/04\\\/trailercenter-motala-logo.jpg\",\"contentUrl\":\"https:\\\/\\\/trailercenter.se\\\/fagelsta\\\/wp-content\\\/uploads\\\/sites\\\/9\\\/2025\\\/04\\\/trailercenter-motala-logo.jpg\",\"width\":1115,\"height\":228,\"caption\":\"Trailercenter i Motala\"}]}<\/script>\n<meta name=\"geo.placename\" content=\"Motala\" \/>\n<meta name=\"geo.position\" content=\"58.434435379382066;15.01463022966251\" \/>\n<meta name=\"geo.region\" content=\"Sverige\" \/>\n<!-- \/ Yoast SEO Premium plugin. -->","yoast_head_json":{"title":"Cookie Policy - F\u00e5gelsta","robots":{"index":"noindex","follow":"follow","max-snippet":"max-snippet:-1","max-image-preview":"max-image-preview:large","max-video-preview":"max-video-preview:-1"},"og_locale":"sv_SE","og_type":"article","og_title":"Cookie Policy","og_description":"[vc_row mobile_bg_img_hidden=&#8221;no&#8221; tablet_bg_img_hidden=&#8221;no&#8221; woodmart_parallax=&#8221;0&#8243; woodmart_gradient_switch=&#8221;no&#8221; row_reverse_mobile=&#8221;0&#8243; row_reverse_tablet=&#8221;0&#8243; woodmart_disable_overflow=&#8221;0&#8243; css=&#8221;.vc_custom_1565549179706{padding-bottom: -5px !important;}&#8221;][vc_column width=&#8221;1\/6&#8243; css=&#8221;.vc_custom_1565549313850{margin-bottom: -9px !important;}&#8221; mobile_bg_img_hidden=&#8221;no&#8221; tablet_bg_img_hidden=&#8221;no&#8221; woodmart_parallax=&#8221;0&#8243; woodmart_sticky_column=&#8221;false&#8221; parallax_scroll=&#8221;no&#8221;","og_url":"https:\/\/trailercenter.se\/fagelsta\/cookie-policy\/","og_site_name":"F\u00e5gelsta","article_modified_time":"2025-03-25T11:28:18+00:00","og_image":[{"width":1115,"height":228,"url":"https:\/\/trailercenter.se\/fagelsta\/wp-content\/uploads\/sites\/9\/2025\/04\/trailercenter-motala-logo.jpg","type":"image\/jpeg"}],"twitter_card":"summary_large_image","twitter_misc":{"Ber\u00e4knad l\u00e4stid":"4 minuter"},"schema":{"@context":"https:\/\/schema.org","@graph":[{"@type":"WebPage","@id":"https:\/\/trailercenter.se\/fagelsta\/cookie-policy\/","url":"https:\/\/trailercenter.se\/fagelsta\/cookie-policy\/","name":"Cookie Policy - F\u00e5gelsta","isPartOf":{"@id":"https:\/\/trailercenter.se\/fagelsta\/#website"},"datePublished":"2025-03-25T11:04:08+00:00","dateModified":"2025-03-25T11:28:18+00:00","breadcrumb":{"@id":"https:\/\/trailercenter.se\/fagelsta\/cookie-policy\/#breadcrumb"},"inLanguage":"sv-SE","potentialAction":[{"@type":"ReadAction","target":["https:\/\/trailercenter.se\/fagelsta\/cookie-policy\/"]}]},{"@type":"BreadcrumbList","@id":"https:\/\/trailercenter.se\/fagelsta\/cookie-policy\/#breadcrumb","itemListElement":[{"@type":"ListItem","position":1,"name":"Hem","item":"https:\/\/trailercenter.se\/fagelsta\/"},{"@type":"ListItem","position":2,"name":"Cookie Policy"}]},{"@type":"WebSite","@id":"https:\/\/trailercenter.se\/fagelsta\/#website","url":"https:\/\/trailercenter.se\/fagelsta\/","name":"F\u00e5gelsta","description":"Vi ligger steget f\u00f6re med det som sl\u00e4par efter!","publisher":{"@id":"https:\/\/trailercenter.se\/fagelsta\/#organization"},"potentialAction":[{"@type":"SearchAction","target":{"@type":"EntryPoint","urlTemplate":"https:\/\/trailercenter.se\/fagelsta\/?s={search_term_string}"},"query-input":{"@type":"PropertyValueSpecification","valueRequired":true,"valueName":"search_term_string"}}],"inLanguage":"sv-SE"},{"@type":["Organization","Place"],"@id":"https:\/\/trailercenter.se\/fagelsta\/#organization","name":"Trailercenter i Motala","alternateName":"Motala Trailercenter","url":"https:\/\/trailercenter.se\/fagelsta\/","logo":{"@id":"https:\/\/trailercenter.se\/fagelsta\/cookie-policy\/#local-main-organization-logo"},"image":{"@id":"https:\/\/trailercenter.se\/fagelsta\/cookie-policy\/#local-main-organization-logo"},"address":{"@id":"https:\/\/trailercenter.se\/fagelsta\/cookie-policy\/#local-main-place-address"},"geo":{"@type":"GeoCoordinates","latitude":"58.434435379382066","longitude":"15.01463022966251"},"telephone":["0141 \u2013 230394"],"openingHoursSpecification":[{"@type":"OpeningHoursSpecification","dayOfWeek":["Monday","Tuesday","Wednesday","Thursday"],"opens":"07:00","closes":"16:00"},{"@type":"OpeningHoursSpecification","dayOfWeek":["Friday"],"opens":"07:00","closes":"13:00"},{"@type":"OpeningHoursSpecification","dayOfWeek":["Saturday","Sunday"],"opens":"00:00","closes":"00:00"}],"email":"janne@profilslapet.se"},{"@type":"PostalAddress","@id":"https:\/\/trailercenter.se\/fagelsta\/cookie-policy\/#local-main-place-address","streetAddress":"Fivelstad 536","addressLocality":"Motala","postalCode":"591 93","addressCountry":"SE"},{"@type":"ImageObject","inLanguage":"sv-SE","@id":"https:\/\/trailercenter.se\/fagelsta\/cookie-policy\/#local-main-organization-logo","url":"https:\/\/trailercenter.se\/fagelsta\/wp-content\/uploads\/sites\/9\/2025\/04\/trailercenter-motala-logo.jpg","contentUrl":"https:\/\/trailercenter.se\/fagelsta\/wp-content\/uploads\/sites\/9\/2025\/04\/trailercenter-motala-logo.jpg","width":1115,"height":228,"caption":"Trailercenter i Motala"}]},"geo.placename":"Motala","geo.position":{"lat":"58.434435379382066","long":"15.01463022966251"},"geo.region":"Sverige"},"_links":{"self":[{"href":"https:\/\/trailercenter.se\/fagelsta\/wp-json\/wp\/v2\/pages\/3446","targetHints":{"allow":["GET"]}}],"collection":[{"href":"https:\/\/trailercenter.se\/fagelsta\/wp-json\/wp\/v2\/pages"}],"about":[{"href":"https:\/\/trailercenter.se\/fagelsta\/wp-json\/wp\/v2\/types\/page"}],"author":[{"embeddable":true,"href":"https:\/\/trailercenter.se\/fagelsta\/wp-json\/wp\/v2\/users\/1"}],"replies":[{"embeddable":true,"href":"https:\/\/trailercenter.se\/fagelsta\/wp-json\/wp\/v2\/comments?post=3446"}],"version-history":[{"count":0,"href":"https:\/\/trailercenter.se\/fagelsta\/wp-json\/wp\/v2\/pages\/3446\/revisions"}],"wp:attachment":[{"href":"https:\/\/trailercenter.se\/fagelsta\/wp-json\/wp\/v2\/media?parent=3446"}],"curies":[{"name":"wp","href":"https:\/\/api.w.org\/{rel}","templated":true}]}}