{"id":3289,"date":"2018-09-14T22:25:02","date_gmt":"2018-09-14T20:25:02","guid":{"rendered":"https:\/\/trailercenter.se\/fagelsta\/produkt\/slapvagn-niwe-262-pro\/"},"modified":"2026-02-10T11:23:02","modified_gmt":"2026-02-10T10:23:02","slug":"slapvagn-niwe-262-pro","status":"publish","type":"product","link":"https:\/\/trailercenter.se\/fagelsta\/produkt\/slapvagn-niwe-262-pro\/","title":{"rendered":"Sl\u00e4pvagn Niwe 262 PRO"},"content":{"rendered":"<div class=\"wpb-content-wrapper\"><p>[vc_row disable_element=&#8221;yes&#8221; mobile_bg_img_hidden=&#8221;no&#8221; tablet_bg_img_hidden=&#8221;no&#8221; woodmart_parallax=&#8221;0&#8243; woodmart_gradient_switch=&#8221;no&#8221; row_reverse_mobile=&#8221;0&#8243; row_reverse_tablet=&#8221;0&#8243; woodmart_disable_overflow=&#8221;0&#8243;][vc_column][vc_column_text text_larger=&#8221;no&#8221;]<\/p>\n<h1>Sl\u00e4pvagn Niwe 262 PRO<\/h1>\n<p>Sl\u00e4pvagn Niwe 262 PRO<\/p>\n<p><strong><br \/>\n<\/strong><a href=\"https:\/\/slpvkalk.transportstyrelsen.se\/extweb\/Slapvagnskalkylator\/Slapvagnskalkylator.aspx\">Sl\u00e4pvagnskalkylator \u00bb<br \/>\n<\/a><a href=\"https:\/\/trailercenter.se\/produkt-kategori\/slapvagnar\/\">Se alla sl\u00e4pvagnar \u00bb<\/a>[\/vc_column_text][\/vc_column][\/vc_row][vc_row][vc_column][vc_column_text css=&#8221;&#8221; text_larger=&#8221;no&#8221; woodmart_inline=&#8221;no&#8221;]Niwe 262 PRO \u00e4r storebror till Niwe 262.<\/p>\n<p>En allroundvagn med tipp i obromsat utf\u00f6rande, perfekt f\u00f6r villa\u00e4garen eller den egna f\u00f6retagaren. Skillnaden \u00e4r att Pro modellen \u00e4r utrustad med tv\u00e5 gasd\u00e4mpare f\u00f6r tippanordningen. Nedf\u00e4llda bind\u00f6glor, en plywoodkl\u00e4dd bakl\u00e4m och rymlig flakstorlek s\u00e5 att byggskivor f\u00e5r plats utan problem. Sl\u00e4pvagn Niwe 262 PRO \u00e4r ocks\u00e5 utrustad med l\u00e4ngre dragst\u00e4nger \u00e4n standard vilket \u00e4r f\u00f6rdelaktigt om l\u00e4ngre gods beh\u00f6ver transporteras.<\/p>\n<p>Tack vare det gener\u00f6sa flakm\u00e5ttet p\u00e5 262x131x35 cm har Niwe st\u00f6rre lastvolym \u00e4n konkurrenter i n\u00e4rliggande prisklass. Pl\u00e5tsk\u00e4rmar, st\u00f6dhjul, tipp som standard samt f\u00e4llbar fram- och bakl\u00e4m vilket g\u00f6r Niwe till en v\u00e4ldigt prisv\u00e4rd vagn.<\/p>\n<p>Vagnen har ett helsvetsat varmgalvat sj\u00e4lvb\u00e4rande bottenchassi som till\u00e5ter att sidol\u00e4mmarna kan demonteras och sl\u00e4pet bildar d\u00e5 ett plattformssl\u00e4p ist\u00e4llet.<\/p>\n<p><em>Sl\u00e4pet p\u00e5 bilden kan vara extrautrustad.<\/em>[\/vc_column_text][\/vc_column][\/vc_row][vc_row disable_element=&#8221;yes&#8221; mobile_bg_img_hidden=&#8221;no&#8221; tablet_bg_img_hidden=&#8221;no&#8221; woodmart_parallax=&#8221;0&#8243; woodmart_gradient_switch=&#8221;no&#8221; row_reverse_mobile=&#8221;0&#8243; row_reverse_tablet=&#8221;0&#8243; woodmart_disable_overflow=&#8221;0&#8243;][vc_column][vc_column_text text_larger=&#8221;no&#8221;]<\/p>\n<h5>Niwe 262 PRO \u00e4r storebror till Niwe 262.<\/h5>\n<p>En allroundvagn med tipp i obromsat utf\u00f6rande, perfekt f\u00f6r villa\u00e4garen eller den egna f\u00f6retagaren. Skillnaden \u00e4r att Sl\u00e4pvagn Niwe 262 PRO \u00e4r utrustad med tv\u00e5 gasd\u00e4mpare f\u00f6r tippanordningen. Nedf\u00e4llda bind\u00f6glor, en plywoodkl\u00e4dd bakl\u00e4m och rymlig flakstorlek s\u00e5 att byggskivor f\u00e5r plats utan problem. Utrustad med l\u00e4ngre dragst\u00e4nger som standard vilket \u00e4r f\u00f6rdelaktigt n\u00e4r l\u00e4ngre gods beh\u00f6ver transporteras.<\/p>\n<p>Tack vare det gener\u00f6sa flakm\u00e5ttet p\u00e5 262x131x35 cm har Niwe st\u00f6rre lastvolym \u00e4n konkurrenter i n\u00e4rliggande prisklass. Pl\u00e5tsk\u00e4rmar, st\u00f6dhjul, tipp som standard samt f\u00e4llbar fram- och bakl\u00e4m vilket g\u00f6r Niwe till en v\u00e4ldigt prisv\u00e4rd vagn. Dessutom \u00e4r sl\u00e4pvagnen utrustad med extra kraftiga d\u00e4ck som standard (16513) till skillnad mot \u00f6vriga sl\u00e4p i samma storlek.<\/p>\n<p>Tack vare det gener\u00f6sa flakm\u00e5ttet p\u00e5 262x131x35 cm har Sl\u00e4pvagn Niwe 262 PRO st\u00f6rre lastvolym \u00e4n konkurrenter i n\u00e4rliggande prisklass. Pl\u00e5tsk\u00e4rmar, st\u00f6dhjul, tipp som standard samt f\u00e4llbar fram- och bakl\u00e4m vilket g\u00f6r Niwe till en v\u00e4ldigt prisv\u00e4rd vagn. Dessutom \u00e4r sl\u00e4pvagnen utrustad med extra kraftiga d\u00e4ck som standard (16513) till skillnad mot \u00f6vriga sl\u00e4p i samma storlek.<\/p>\n<p><em>Sl\u00e4pet p\u00e5 bilden kan vara extrautrustad.<\/em>[\/vc_column_text][\/vc_column][\/vc_row]<\/p>\n<\/div>","protected":false},"excerpt":{"rendered":"<p>Niwe PRO \u00e4r storebror till v\u00e5r stors\u00e4ljare Niwe 262 STD. Tippbar med gasd\u00e4mpare, rej\u00e4la nedf\u00e4llda bind\u00f6glor och plywoodkl\u00e4dd bakl\u00e4m. Helsvetsat varmgalvat sj\u00e4lvb\u00e4rande bottenchassi.<\/p>\n<ul>\n<li>Totalvikt 750 kg <em>&#8211; [html_block id=\"3299\"]<\/em><\/li>\n<li>Maxlast 550 kg<\/li>\n<li>Flakyta 262x131x35 cm<\/li>\n<\/ul>\n","protected":false},"featured_media":100000015908,"template":"","meta":[],"product_brand":[],"product_cat":[261,266,259],"product_tag":[21,22,23,24,25],"class_list":{"0":"post-3289","1":"product","2":"type-product","3":"status-publish","4":"has-post-thumbnail","6":"product_cat-obromsade-slapvagnar","7":"product_cat-obromsad-niwe","8":"product_cat-storsaljare","9":"product_tag-niwe","10":"product_tag-obromsad-slapvagn","11":"product_tag-slap","12":"product_tag-slapkarra","13":"product_tag-slapvagn","15":"first","16":"instock","17":"sale","18":"taxable","19":"shipping-taxable","20":"purchasable","21":"product-type-variable","22":"has-default-attributes"},"exclude_global_add_ons":false,"addons":[{"name":"P\u00e5byggnad","type":"multiple_choice","position":0,"required":false,"title_format":"label","default":"","description_enable":false,"description":"","placeholder_enable":false,"placeholder":"","display":"images","restrictions_type":"any_text","adjust_price":false,"price":"","price_type":"flat_fee","restrictions":false,"min":"0","max":"0","options":[{"label":"N\u00e4tgrind 70cm+l\u00e4m","price":"3850","price_type":"quantity_based","image":3287,"visibility":true}],"id":1740571520},{"name":"\u00d6verbyggnad","type":"multiple_choice","position":1,"required":false,"title_format":"label","default":"","description_enable":false,"description":"","placeholder_enable":false,"placeholder":"","display":"images","restrictions_type":"any_text","adjust_price":false,"price":"","price_type":"flat_fee","restrictions":false,"min":"0","max":"0","options":[{"label":"Lastn\u00e4t 200x300cm","price":"595","price_type":"quantity_based","image":321,"visibility":true},{"label":"Formsydd kapellv\u00e4v","price":"1695","price_type":"quantity_based","image":320,"visibility":true}],"id":1740571621},{"name":"Eladapter","type":"multiple_choice","position":0,"required":false,"title_format":"label","default":"","description_enable":false,"description":"","placeholder_enable":false,"placeholder":"","display":"images","restrictions_type":"any_text","adjust_price":false,"price":"","price_type":"flat_fee","restrictions":false,"min":"0","max":"0","options":[{"label":"fr\u00e5n 7 (sl\u00e4p) till 13 (bil)","price":"149","price_type":"quantity_based","image":318,"visibility":true}],"id":1738176182},{"name":"St\u00f6ldl\u00e5s","type":"multiple_choice","position":0,"required":false,"title_format":"label","default":"","description_enable":false,"description":"","placeholder_enable":false,"placeholder":"","display":"images","restrictions_type":"any_text","adjust_price":false,"price":"","price_type":"flat_fee","restrictions":false,"min":"0","max":"0","options":[{"label":"Standard plus","price":"398","price_type":"quantity_based","image":325,"visibility":true},{"label":"Klass 3 SSF monterat","price":"2195","price_type":"quantity_based","image":317,"visibility":true}],"id":1738175354},{"name":"Sp\u00e4nnband","type":"multiple_choice","position":0,"required":false,"title_format":"label","default":"","description_enable":false,"description":"","placeholder_enable":false,"placeholder":"","display":"images","restrictions_type":"any_text","adjust_price":false,"price":"","price_type":"flat_fee","restrictions":false,"min":"0","max":"0","options":[{"label":"2st 2 ton","price":"390","price_type":"quantity_based","image":324,"visibility":true},{"label":"4st 2 ton","price":"780","price_type":"quantity_based","image":324,"visibility":true}],"id":1754228829},{"name":"Se val av tillbeh\u00f6r nedan.","type":"heading","position":0,"required":false,"title_format":"label","default":"","description_enable":false,"description":"","placeholder_enable":false,"placeholder":"","display":"select","restrictions_type":"any_text","adjust_price":false,"price":"","price_type":"flat_fee","restrictions":false,"min":"0","max":"0","options":[],"id":1740483771},{"name":"Vinterhjul","type":"multiple_choice","position":0,"required":false,"title_format":"label","default":"","description_enable":false,"description":"","placeholder_enable":false,"placeholder":"","display":"images","restrictions_type":"any_text","adjust_price":false,"price":"","price_type":"flat_fee","restrictions":false,"min":"0","max":"0","options":[{"label":"2st med dubb 15513","price":"1970","price_type":"quantity_based","image":323,"visibility":true},{"label":"2st utan dubb 15513","price":"1940","price_type":"quantity_based","image":323,"visibility":true}],"id":1738175304}],"yoast_head":"<!-- This site is optimized with the Yoast SEO Premium plugin v27.3 (Yoast SEO v27.3) - https:\/\/yoast.com\/product\/yoast-seo-premium-wordpress\/ -->\n<title>Sl\u00e4pvagn Niwe 262 PRO - F\u00e5gelsta<\/title>\n<meta name=\"robots\" content=\"noindex, follow, max-snippet:-1, max-image-preview:large, max-video-preview:-1\" \/>\n<meta property=\"og:locale\" content=\"sv_SE\" \/>\n<meta property=\"og:type\" content=\"article\" \/>\n<meta property=\"og:title\" content=\"Sl\u00e4pvagn Niwe 262 PRO\" \/>\n<meta property=\"og:description\" content=\"Niwe PRO \u00e4r storebror till v\u00e5r stors\u00e4ljare Niwe 262 STD. Tippbar med gasd\u00e4mpare, rej\u00e4la nedf\u00e4llda bind\u00f6glor och plywoodkl\u00e4dd bakl\u00e4m. Helsvetsat varmgalvat sj\u00e4lvb\u00e4rande bottenchassi.   Totalvikt 750 kg -   Maxlast 550 kg  Flakyta 262x131x35 cm\" \/>\n<meta property=\"og:url\" content=\"https:\/\/trailercenter.se\/fagelsta\/produkt\/slapvagn-niwe-262-pro\/\" \/>\n<meta property=\"og:site_name\" content=\"F\u00e5gelsta\" \/>\n<meta property=\"article:modified_time\" content=\"2026-02-10T10:23:02+00:00\" \/>\n<meta property=\"og:image\" content=\"https:\/\/trailercenter.se\/fagelsta\/wp-content\/uploads\/sites\/9\/2025\/04\/trailercenter-motala-logo.jpg\" \/>\n\t<meta property=\"og:image:width\" content=\"1115\" \/>\n\t<meta property=\"og:image:height\" content=\"228\" \/>\n\t<meta property=\"og:image:type\" content=\"image\/jpeg\" \/>\n<meta name=\"twitter:card\" content=\"summary_large_image\" \/>\n<meta name=\"twitter:label1\" content=\"Ber\u00e4knad l\u00e4stid\" \/>\n\t<meta name=\"twitter:data1\" content=\"2 minuter\" \/>\n<script type=\"application\/ld+json\" class=\"yoast-schema-graph\">{\"@context\":\"https:\\\/\\\/schema.org\",\"@graph\":[{\"@type\":\"WebPage\",\"@id\":\"https:\\\/\\\/trailercenter.se\\\/fagelsta\\\/produkt\\\/slapvagn-niwe-262-pro\\\/\",\"url\":\"https:\\\/\\\/trailercenter.se\\\/fagelsta\\\/produkt\\\/slapvagn-niwe-262-pro\\\/\",\"name\":\"Sl\u00e4pvagn Niwe 262 PRO - F\u00e5gelsta\",\"isPartOf\":{\"@id\":\"https:\\\/\\\/trailercenter.se\\\/fagelsta\\\/#website\"},\"primaryImageOfPage\":{\"@id\":\"https:\\\/\\\/trailercenter.se\\\/fagelsta\\\/produkt\\\/slapvagn-niwe-262-pro\\\/#primaryimage\"},\"image\":{\"@id\":\"https:\\\/\\\/trailercenter.se\\\/fagelsta\\\/produkt\\\/slapvagn-niwe-262-pro\\\/#primaryimage\"},\"thumbnailUrl\":\"https:\\\/\\\/trailercenter.se\\\/fagelsta\\\/wp-content\\\/uploads\\\/2018\\\/10\\\/Niwe-304-07.jpg\",\"datePublished\":\"2018-09-14T20:25:02+00:00\",\"dateModified\":\"2026-02-10T10:23:02+00:00\",\"breadcrumb\":{\"@id\":\"https:\\\/\\\/trailercenter.se\\\/fagelsta\\\/produkt\\\/slapvagn-niwe-262-pro\\\/#breadcrumb\"},\"inLanguage\":\"sv-SE\",\"potentialAction\":[{\"@type\":\"ReadAction\",\"target\":[\"https:\\\/\\\/trailercenter.se\\\/fagelsta\\\/produkt\\\/slapvagn-niwe-262-pro\\\/\"]}]},{\"@type\":\"ImageObject\",\"inLanguage\":\"sv-SE\",\"@id\":\"https:\\\/\\\/trailercenter.se\\\/fagelsta\\\/produkt\\\/slapvagn-niwe-262-pro\\\/#primaryimage\",\"url\":\"https:\\\/\\\/trailercenter.se\\\/fagelsta\\\/wp-content\\\/uploads\\\/2018\\\/10\\\/Niwe-304-07.jpg\",\"contentUrl\":\"https:\\\/\\\/trailercenter.se\\\/fagelsta\\\/wp-content\\\/uploads\\\/2018\\\/10\\\/Niwe-304-07.jpg\"},{\"@type\":\"BreadcrumbList\",\"@id\":\"https:\\\/\\\/trailercenter.se\\\/fagelsta\\\/produkt\\\/slapvagn-niwe-262-pro\\\/#breadcrumb\",\"itemListElement\":[{\"@type\":\"ListItem\",\"position\":1,\"name\":\"Hem\",\"item\":\"https:\\\/\\\/trailercenter.se\\\/fagelsta\\\/\"},{\"@type\":\"ListItem\",\"position\":2,\"name\":\"Produktkategorier\",\"item\":\"https:\\\/\\\/trailercenter.se\\\/fagelsta\\\/butik\\\/\"},{\"@type\":\"ListItem\",\"position\":3,\"name\":\"Sl\u00e4pvagn Niwe 262 PRO\"}]},{\"@type\":\"WebSite\",\"@id\":\"https:\\\/\\\/trailercenter.se\\\/fagelsta\\\/#website\",\"url\":\"https:\\\/\\\/trailercenter.se\\\/fagelsta\\\/\",\"name\":\"F\u00e5gelsta\",\"description\":\"Vi ligger steget f\u00f6re med det som sl\u00e4par efter!\",\"publisher\":{\"@id\":\"https:\\\/\\\/trailercenter.se\\\/fagelsta\\\/#organization\"},\"potentialAction\":[{\"@type\":\"SearchAction\",\"target\":{\"@type\":\"EntryPoint\",\"urlTemplate\":\"https:\\\/\\\/trailercenter.se\\\/fagelsta\\\/?s={search_term_string}\"},\"query-input\":{\"@type\":\"PropertyValueSpecification\",\"valueRequired\":true,\"valueName\":\"search_term_string\"}}],\"inLanguage\":\"sv-SE\"},{\"@type\":[\"Organization\",\"Place\"],\"@id\":\"https:\\\/\\\/trailercenter.se\\\/fagelsta\\\/#organization\",\"name\":\"Trailercenter i Motala\",\"alternateName\":\"Motala Trailercenter\",\"url\":\"https:\\\/\\\/trailercenter.se\\\/fagelsta\\\/\",\"logo\":{\"@id\":\"https:\\\/\\\/trailercenter.se\\\/fagelsta\\\/produkt\\\/slapvagn-niwe-262-pro\\\/#local-main-organization-logo\"},\"image\":{\"@id\":\"https:\\\/\\\/trailercenter.se\\\/fagelsta\\\/produkt\\\/slapvagn-niwe-262-pro\\\/#local-main-organization-logo\"},\"address\":{\"@id\":\"https:\\\/\\\/trailercenter.se\\\/fagelsta\\\/produkt\\\/slapvagn-niwe-262-pro\\\/#local-main-place-address\"},\"geo\":{\"@type\":\"GeoCoordinates\",\"latitude\":\"58.434435379382066\",\"longitude\":\"15.01463022966251\"},\"telephone\":[\"0141 \u2013 230394\"],\"openingHoursSpecification\":[{\"@type\":\"OpeningHoursSpecification\",\"dayOfWeek\":[\"Monday\",\"Tuesday\",\"Wednesday\",\"Thursday\"],\"opens\":\"07:00\",\"closes\":\"16:00\"},{\"@type\":\"OpeningHoursSpecification\",\"dayOfWeek\":[\"Friday\"],\"opens\":\"07:00\",\"closes\":\"13:00\"},{\"@type\":\"OpeningHoursSpecification\",\"dayOfWeek\":[\"Saturday\",\"Sunday\"],\"opens\":\"00:00\",\"closes\":\"00:00\"}],\"email\":\"janne@profilslapet.se\"},{\"@type\":\"PostalAddress\",\"@id\":\"https:\\\/\\\/trailercenter.se\\\/fagelsta\\\/produkt\\\/slapvagn-niwe-262-pro\\\/#local-main-place-address\",\"streetAddress\":\"Fivelstad 536\",\"addressLocality\":\"Motala\",\"postalCode\":\"591 93\",\"addressCountry\":\"SE\"},{\"@type\":\"ImageObject\",\"inLanguage\":\"sv-SE\",\"@id\":\"https:\\\/\\\/trailercenter.se\\\/fagelsta\\\/produkt\\\/slapvagn-niwe-262-pro\\\/#local-main-organization-logo\",\"url\":\"https:\\\/\\\/trailercenter.se\\\/fagelsta\\\/wp-content\\\/uploads\\\/sites\\\/9\\\/2025\\\/04\\\/trailercenter-motala-logo.jpg\",\"contentUrl\":\"https:\\\/\\\/trailercenter.se\\\/fagelsta\\\/wp-content\\\/uploads\\\/sites\\\/9\\\/2025\\\/04\\\/trailercenter-motala-logo.jpg\",\"width\":1115,\"height\":228,\"caption\":\"Trailercenter i Motala\"}]}<\/script>\n<meta name=\"geo.placename\" content=\"Motala\" \/>\n<meta name=\"geo.position\" content=\"58.434435379382066;15.01463022966251\" \/>\n<meta name=\"geo.region\" content=\"Sverige\" \/>\n<!-- \/ Yoast SEO Premium plugin. -->","yoast_head_json":{"title":"Sl\u00e4pvagn Niwe 262 PRO - F\u00e5gelsta","robots":{"index":"noindex","follow":"follow","max-snippet":"max-snippet:-1","max-image-preview":"max-image-preview:large","max-video-preview":"max-video-preview:-1"},"og_locale":"sv_SE","og_type":"article","og_title":"Sl\u00e4pvagn Niwe 262 PRO","og_description":"Niwe PRO \u00e4r storebror till v\u00e5r stors\u00e4ljare Niwe 262 STD. Tippbar med gasd\u00e4mpare, rej\u00e4la nedf\u00e4llda bind\u00f6glor och plywoodkl\u00e4dd bakl\u00e4m. Helsvetsat varmgalvat sj\u00e4lvb\u00e4rande bottenchassi.   Totalvikt 750 kg -   Maxlast 550 kg  Flakyta 262x131x35 cm","og_url":"https:\/\/trailercenter.se\/fagelsta\/produkt\/slapvagn-niwe-262-pro\/","og_site_name":"F\u00e5gelsta","article_modified_time":"2026-02-10T10:23:02+00:00","og_image":[{"width":1115,"height":228,"url":"https:\/\/trailercenter.se\/fagelsta\/wp-content\/uploads\/sites\/9\/2025\/04\/trailercenter-motala-logo.jpg","type":"image\/jpeg"}],"twitter_card":"summary_large_image","twitter_misc":{"Ber\u00e4knad l\u00e4stid":"2 minuter"},"schema":{"@context":"https:\/\/schema.org","@graph":[{"@type":"WebPage","@id":"https:\/\/trailercenter.se\/fagelsta\/produkt\/slapvagn-niwe-262-pro\/","url":"https:\/\/trailercenter.se\/fagelsta\/produkt\/slapvagn-niwe-262-pro\/","name":"Sl\u00e4pvagn Niwe 262 PRO - F\u00e5gelsta","isPartOf":{"@id":"https:\/\/trailercenter.se\/fagelsta\/#website"},"primaryImageOfPage":{"@id":"https:\/\/trailercenter.se\/fagelsta\/produkt\/slapvagn-niwe-262-pro\/#primaryimage"},"image":{"@id":"https:\/\/trailercenter.se\/fagelsta\/produkt\/slapvagn-niwe-262-pro\/#primaryimage"},"thumbnailUrl":"https:\/\/trailercenter.se\/fagelsta\/wp-content\/uploads\/2018\/10\/Niwe-304-07.jpg","datePublished":"2018-09-14T20:25:02+00:00","dateModified":"2026-02-10T10:23:02+00:00","breadcrumb":{"@id":"https:\/\/trailercenter.se\/fagelsta\/produkt\/slapvagn-niwe-262-pro\/#breadcrumb"},"inLanguage":"sv-SE","potentialAction":[{"@type":"ReadAction","target":["https:\/\/trailercenter.se\/fagelsta\/produkt\/slapvagn-niwe-262-pro\/"]}]},{"@type":"ImageObject","inLanguage":"sv-SE","@id":"https:\/\/trailercenter.se\/fagelsta\/produkt\/slapvagn-niwe-262-pro\/#primaryimage","url":"https:\/\/trailercenter.se\/fagelsta\/wp-content\/uploads\/2018\/10\/Niwe-304-07.jpg","contentUrl":"https:\/\/trailercenter.se\/fagelsta\/wp-content\/uploads\/2018\/10\/Niwe-304-07.jpg"},{"@type":"BreadcrumbList","@id":"https:\/\/trailercenter.se\/fagelsta\/produkt\/slapvagn-niwe-262-pro\/#breadcrumb","itemListElement":[{"@type":"ListItem","position":1,"name":"Hem","item":"https:\/\/trailercenter.se\/fagelsta\/"},{"@type":"ListItem","position":2,"name":"Produktkategorier","item":"https:\/\/trailercenter.se\/fagelsta\/butik\/"},{"@type":"ListItem","position":3,"name":"Sl\u00e4pvagn Niwe 262 PRO"}]},{"@type":"WebSite","@id":"https:\/\/trailercenter.se\/fagelsta\/#website","url":"https:\/\/trailercenter.se\/fagelsta\/","name":"F\u00e5gelsta","description":"Vi ligger steget f\u00f6re med det som sl\u00e4par efter!","publisher":{"@id":"https:\/\/trailercenter.se\/fagelsta\/#organization"},"potentialAction":[{"@type":"SearchAction","target":{"@type":"EntryPoint","urlTemplate":"https:\/\/trailercenter.se\/fagelsta\/?s={search_term_string}"},"query-input":{"@type":"PropertyValueSpecification","valueRequired":true,"valueName":"search_term_string"}}],"inLanguage":"sv-SE"},{"@type":["Organization","Place"],"@id":"https:\/\/trailercenter.se\/fagelsta\/#organization","name":"Trailercenter i Motala","alternateName":"Motala Trailercenter","url":"https:\/\/trailercenter.se\/fagelsta\/","logo":{"@id":"https:\/\/trailercenter.se\/fagelsta\/produkt\/slapvagn-niwe-262-pro\/#local-main-organization-logo"},"image":{"@id":"https:\/\/trailercenter.se\/fagelsta\/produkt\/slapvagn-niwe-262-pro\/#local-main-organization-logo"},"address":{"@id":"https:\/\/trailercenter.se\/fagelsta\/produkt\/slapvagn-niwe-262-pro\/#local-main-place-address"},"geo":{"@type":"GeoCoordinates","latitude":"58.434435379382066","longitude":"15.01463022966251"},"telephone":["0141 \u2013 230394"],"openingHoursSpecification":[{"@type":"OpeningHoursSpecification","dayOfWeek":["Monday","Tuesday","Wednesday","Thursday"],"opens":"07:00","closes":"16:00"},{"@type":"OpeningHoursSpecification","dayOfWeek":["Friday"],"opens":"07:00","closes":"13:00"},{"@type":"OpeningHoursSpecification","dayOfWeek":["Saturday","Sunday"],"opens":"00:00","closes":"00:00"}],"email":"janne@profilslapet.se"},{"@type":"PostalAddress","@id":"https:\/\/trailercenter.se\/fagelsta\/produkt\/slapvagn-niwe-262-pro\/#local-main-place-address","streetAddress":"Fivelstad 536","addressLocality":"Motala","postalCode":"591 93","addressCountry":"SE"},{"@type":"ImageObject","inLanguage":"sv-SE","@id":"https:\/\/trailercenter.se\/fagelsta\/produkt\/slapvagn-niwe-262-pro\/#local-main-organization-logo","url":"https:\/\/trailercenter.se\/fagelsta\/wp-content\/uploads\/sites\/9\/2025\/04\/trailercenter-motala-logo.jpg","contentUrl":"https:\/\/trailercenter.se\/fagelsta\/wp-content\/uploads\/sites\/9\/2025\/04\/trailercenter-motala-logo.jpg","width":1115,"height":228,"caption":"Trailercenter i Motala"}]},"geo.placename":"Motala","geo.position":{"lat":"58.434435379382066","long":"15.01463022966251"},"geo.region":"Sverige"},"_links":{"self":[{"href":"https:\/\/trailercenter.se\/fagelsta\/wp-json\/wp\/v2\/product\/3289","targetHints":{"allow":["GET"]}}],"collection":[{"href":"https:\/\/trailercenter.se\/fagelsta\/wp-json\/wp\/v2\/product"}],"about":[{"href":"https:\/\/trailercenter.se\/fagelsta\/wp-json\/wp\/v2\/types\/product"}],"wp:featuredmedia":[{"embeddable":true,"href":"https:\/\/trailercenter.se\/fagelsta\/wp-json\/"}],"wp:attachment":[{"href":"https:\/\/trailercenter.se\/fagelsta\/wp-json\/wp\/v2\/media?parent=3289"}],"wp:term":[{"taxonomy":"product_brand","embeddable":true,"href":"https:\/\/trailercenter.se\/fagelsta\/wp-json\/wp\/v2\/product_brand?post=3289"},{"taxonomy":"product_cat","embeddable":true,"href":"https:\/\/trailercenter.se\/fagelsta\/wp-json\/wp\/v2\/product_cat?post=3289"},{"taxonomy":"product_tag","embeddable":true,"href":"https:\/\/trailercenter.se\/fagelsta\/wp-json\/wp\/v2\/product_tag?post=3289"}],"curies":[{"name":"wp","href":"https:\/\/api.w.org\/{rel}","templated":true}]}}