{"id":3684,"date":"2018-09-26T11:05:36","date_gmt":"2018-09-26T09:05:36","guid":{"rendered":"https:\/\/trailercenter.se\/fagelsta\/produkt\/slapvagn-neptun-uni-n13\/"},"modified":"2025-11-10T16:07:05","modified_gmt":"2025-11-10T15:07:05","slug":"slapvagn-neptun-uni-n13","status":"publish","type":"product","link":"https:\/\/trailercenter.se\/fagelsta\/produkt\/slapvagn-neptun-uni-n13\/","title":{"rendered":"Sl\u00e4pvagn Neptun UNI N13"},"content":{"rendered":"<div class=\"wpb-content-wrapper\"><p>[vc_row disable_element=&#8221;yes&#8221; mobile_bg_img_hidden=&#8221;no&#8221; tablet_bg_img_hidden=&#8221;no&#8221; woodmart_parallax=&#8221;0&#8243; woodmart_gradient_switch=&#8221;no&#8221; row_reverse_mobile=&#8221;0&#8243; row_reverse_tablet=&#8221;0&#8243; woodmart_disable_overflow=&#8221;0&#8243;][vc_column][vc_column_text text_larger=&#8221;no&#8221;]<\/p>\n<h1>Sl\u00e4pvagn Neptun UNI N13<\/h1>\n<p>Sl\u00e4pvagn Neptun UNI N13<\/p>\n<p><strong>L\u00e4nkar<br \/>\n<\/strong><a href=\"https:\/\/slpvkalk.transportstyrelsen.se\/extweb\/Slapvagnskalkylator\/Slapvagnskalkylator.aspx\">Sl\u00e4pvagnskalkylator \u00bb<br \/>\n<\/a><a href=\"https:\/\/trailercenter.se\/produkt-kategori\/slapvagnar\/\">Se alla sl\u00e4pvagnar \u00bb<\/a>[\/vc_column_text][\/vc_column][\/vc_row][vc_row][vc_column][vc_column_text text_larger=&#8221;no&#8221;]Neptun UNI N13 den universiella proffs-sl\u00e4pvagnen, ett plattformskoncept med stabilt helsvetsat chassi. Tipp som g\u00e5r ner p\u00e5 marken utan att ljusrampen skapar trappsteg. Tillbeh\u00f6r som f\u00f6rh\u00f6jningssidor, n\u00e4tgrindar, lastramp, vinsch mm. kan kombineras efter behov till varje behov.<\/p>\n<p><strong>Mycket robust ramkonstruktion<\/strong><br \/>\nHelsvetsat chassi och dragbalk liksom genomg\u00e5ende rambalkar l\u00e4ngst b\u00e4gge sidorna p\u00e5 hela vagnen i U-profil. Dessutom har UNI-modellerna tre tv\u00e4rg\u00e5ende balkar f\u00f6r att ge en extremt robust ramkonstruktion.<\/p>\n<p><strong>Bra och s\u00e4kra k\u00f6regenskaper<\/strong><br \/>\nSvetsad V-dragst\u00e5ng med f\u00f6rst\u00e4rkning, oberoende hjulupph\u00e4ngning med gummitorsions fj\u00e4dring ger s\u00e4kra och goda k\u00f6regenskaper.<\/p>\n<p><strong>Stort utval av tillbeh\u00f6r<\/strong><br \/>\nEn stor f\u00f6rdel med sl\u00e4pvagn Neptun UNI N13 ut\u00f6ver bredden p\u00e5 166 cm \u00e4r det stora urvalet av tillbeh\u00f6r. Du kan montera praktiska extrasidor, n\u00e4tgrind, ramp, vinsch och vinschstolpe. Den verkliga f\u00f6rdelen \u00e4r att du kan kombinera alla tillbeh\u00f6r med varandra. Du kan t.ex. montera n\u00e4tsidor ovanp\u00e5 extrasidor. UNI \u00e4r d\u00e4rf\u00f6r en sl\u00e4pvagn f\u00f6r alla behov.<\/p>\n<p><strong>Maskin lasts\u00e4kring<\/strong><br \/>\nSurrnings\u00f6glor\u00a0\u00e4r monterade p\u00e5 flaket i den svetsande ramen i alla 4-h\u00f6rnen och i mitten s\u00e4krar din last optimalt. Det ger \u00e4nnu s\u00e4krare fixering av tung och v\u00e4rdefull last som t.ex. maskiner.<\/p>\n<p><strong>Skyddade multifunktionslampor<\/strong><br \/>\nMultifunktions bakljus monterade under den \u00f6ppningsbara bak l\u00e4mmen. D\u00e4rigenom \u00e4r alla anslutningar till lamporna skyddade mot fukt, rost, \u00e4rg mm. p\u00e5 b\u00e4sta s\u00e4tt s\u00e5 att de kan fungera i m\u00e5nga \u00e5r.<\/p>\n<p>S<strong>midig och praktisk av- och p\u00e5lastning<\/strong><br \/>\nAlla UNI modellerna \u00e4r utrustade med manuell tipp och med valfri ramp vilket g\u00f6r p\u00e5- och avlastning av maskiner smidigt och praktiskt. Med den monterade gasd\u00e4mparen stannar flaket uppe och f\u00e4lls mjukt och smidigt ner \u00f6ver tyngdpunkten.<\/p>\n<p><em>Sl\u00e4pet p\u00e5 bilden kan vara extrautrustad.<\/em>[\/vc_column_text][\/vc_column][\/vc_row]<\/p>\n<\/div>","protected":false},"excerpt":{"rendered":"<p>Universal sl\u00e4p, ett plattformskoncept med stabilt helsvetsat chassi. Tipp som g\u00e5r \u00e4nda ner till marken utan att ljusrampen skapar niv\u00e5skillnad.<\/p>\n<ul>\n<li>Totalvikt 1300 kg<\/li>\n<li>Maxlast 995 kg<\/li>\n<li>Flakyta 305x166x10 cm<\/li>\n<\/ul>\n","protected":false},"featured_media":100000018281,"template":"","meta":[],"product_brand":[],"product_cat":[305,306],"product_tag":[81,153,23,24,25],"class_list":{"0":"post-3684","1":"product","2":"type-product","3":"status-publish","4":"has-post-thumbnail","6":"product_cat-bromsade-slapvagnar","7":"product_cat-bromsad","8":"product_tag-bromsad-slapvagn","9":"product_tag-neptun","10":"product_tag-slap","11":"product_tag-slapkarra","12":"product_tag-slapvagn","14":"first","15":"instock","16":"taxable","17":"shipping-taxable","18":"purchasable","19":"product-type-variable","20":"has-default-attributes"},"exclude_global_add_ons":false,"addons":[{"name":"P\u00e5byggnad","type":"multiple_choice","position":0,"required":false,"title_format":"label","default":"","description_enable":false,"description":"","placeholder_enable":false,"placeholder":"","display":"images","restrictions_type":"any_text","adjust_price":false,"price":"","price_type":"flat_fee","restrictions":false,"min":"0","max":"0","options":[{"label":"F\u00f6rh\u00f6jningsl\u00e4m 20cm+l\u00e4m","price":"3595","price_type":"quantity_based","image":3750,"visibility":true},{"label":"N\u00e4tgrind 80cm+l\u00e4m","price":"8100","price_type":"quantity_based","image":3749,"visibility":true},{"label":"N\u00e4tgrind inkl f\u00f6rh\u00f6jningsl\u00e4m+l\u00e4m","price":"11695","price_type":"quantity_based","image":3748,"visibility":true}],"id":1744645706},{"name":"Uppk\u00f6rning","type":"multiple_choice","position":1,"required":false,"title_format":"label","default":"","description_enable":true,"description":"Anv\u00e4nds l\u00f6st till n\u00e4tgrind utan f\u00f6rh\u00f6jningsl\u00e4m","placeholder_enable":false,"placeholder":"","display":"images","restrictions_type":"any_text","adjust_price":false,"price":"","price_type":"flat_fee","restrictions":false,"min":"0","max":"0","options":[{"label":"Lastramp bak 30cm","price":"2345","price_type":"quantity_based","image":3747,"visibility":true}],"id":1744645707},{"name":"Vinschstativ","type":"multiple_choice","position":2,"required":false,"title_format":"label","default":"","description_enable":false,"description":"","placeholder_enable":false,"placeholder":"","display":"images","restrictions_type":"any_text","adjust_price":false,"price":"","price_type":"flat_fee","restrictions":false,"min":"0","max":"0","options":[{"label":"Inkl vinsch","price":"2845","price_type":"quantity_based","image":3751,"visibility":true}],"id":1744645708},{"name":"St\u00f6ldl\u00e5s","type":"multiple_choice","position":0,"required":false,"title_format":"label","default":"","description_enable":false,"description":"","placeholder_enable":false,"placeholder":"","display":"images","restrictions_type":"any_text","adjust_price":false,"price":"","price_type":"flat_fee","restrictions":false,"min":"0","max":"0","options":[{"label":"Standard plus","price":"398","price_type":"quantity_based","image":325,"visibility":true},{"label":"Klass 3 SSF monterat","price":"2195","price_type":"quantity_based","image":317,"visibility":true}],"id":1738175354},{"name":"Sp\u00e4nnband","type":"multiple_choice","position":0,"required":false,"title_format":"label","default":"","description_enable":false,"description":"","placeholder_enable":false,"placeholder":"","display":"images","restrictions_type":"any_text","adjust_price":false,"price":"","price_type":"flat_fee","restrictions":false,"min":"0","max":"0","options":[{"label":"2st 2 ton","price":"390","price_type":"quantity_based","image":324,"visibility":true},{"label":"4st 2 ton","price":"780","price_type":"quantity_based","image":324,"visibility":true}],"id":1754228829},{"name":"Se val av tillbeh\u00f6r nedan.","type":"heading","position":0,"required":false,"title_format":"label","default":"","description_enable":false,"description":"","placeholder_enable":false,"placeholder":"","display":"select","restrictions_type":"any_text","adjust_price":false,"price":"","price_type":"flat_fee","restrictions":false,"min":"0","max":"0","options":[],"id":1740483771}],"yoast_head":"<!-- This site is optimized with the Yoast SEO Premium plugin v27.3 (Yoast SEO v27.3) - https:\/\/yoast.com\/product\/yoast-seo-premium-wordpress\/ -->\n<title>Sl\u00e4pvagn Neptun UNI N13 - F\u00e5gelsta<\/title>\n<meta name=\"robots\" content=\"noindex, follow, max-snippet:-1, max-image-preview:large, max-video-preview:-1\" \/>\n<meta property=\"og:locale\" content=\"sv_SE\" \/>\n<meta property=\"og:type\" content=\"article\" \/>\n<meta property=\"og:title\" content=\"Sl\u00e4pvagn Neptun UNI N13\" \/>\n<meta property=\"og:description\" content=\"Universal sl\u00e4p, ett plattformskoncept med stabilt helsvetsat chassi. Tipp som g\u00e5r \u00e4nda ner till marken utan att ljusrampen skapar niv\u00e5skillnad.   Totalvikt 1300 kg  Maxlast 995 kg  Flakyta 305x166x10 cm\" \/>\n<meta property=\"og:url\" content=\"https:\/\/trailercenter.se\/fagelsta\/produkt\/slapvagn-neptun-uni-n13\/\" \/>\n<meta property=\"og:site_name\" content=\"F\u00e5gelsta\" \/>\n<meta property=\"article:modified_time\" content=\"2025-11-10T15:07:05+00:00\" \/>\n<meta property=\"og:image\" content=\"https:\/\/trailercenter.se\/fagelsta\/wp-content\/uploads\/sites\/9\/2025\/04\/trailercenter-motala-logo.jpg\" \/>\n\t<meta property=\"og:image:width\" content=\"1115\" \/>\n\t<meta property=\"og:image:height\" content=\"228\" \/>\n\t<meta property=\"og:image:type\" content=\"image\/jpeg\" \/>\n<meta name=\"twitter:card\" content=\"summary_large_image\" \/>\n<meta name=\"twitter:label1\" content=\"Ber\u00e4knad l\u00e4stid\" \/>\n\t<meta name=\"twitter:data1\" content=\"2 minuter\" \/>\n<script type=\"application\/ld+json\" class=\"yoast-schema-graph\">{\"@context\":\"https:\\\/\\\/schema.org\",\"@graph\":[{\"@type\":\"WebPage\",\"@id\":\"https:\\\/\\\/trailercenter.se\\\/fagelsta\\\/produkt\\\/slapvagn-neptun-uni-n13\\\/\",\"url\":\"https:\\\/\\\/trailercenter.se\\\/fagelsta\\\/produkt\\\/slapvagn-neptun-uni-n13\\\/\",\"name\":\"Sl\u00e4pvagn Neptun UNI N13 - F\u00e5gelsta\",\"isPartOf\":{\"@id\":\"https:\\\/\\\/trailercenter.se\\\/fagelsta\\\/#website\"},\"primaryImageOfPage\":{\"@id\":\"https:\\\/\\\/trailercenter.se\\\/fagelsta\\\/produkt\\\/slapvagn-neptun-uni-n13\\\/#primaryimage\"},\"image\":{\"@id\":\"https:\\\/\\\/trailercenter.se\\\/fagelsta\\\/produkt\\\/slapvagn-neptun-uni-n13\\\/#primaryimage\"},\"thumbnailUrl\":\"https:\\\/\\\/trailercenter.se\\\/fagelsta\\\/wp-content\\\/uploads\\\/2019\\\/03\\\/UNI-02.jpg\",\"datePublished\":\"2018-09-26T09:05:36+00:00\",\"dateModified\":\"2025-11-10T15:07:05+00:00\",\"breadcrumb\":{\"@id\":\"https:\\\/\\\/trailercenter.se\\\/fagelsta\\\/produkt\\\/slapvagn-neptun-uni-n13\\\/#breadcrumb\"},\"inLanguage\":\"sv-SE\",\"potentialAction\":[{\"@type\":\"ReadAction\",\"target\":[\"https:\\\/\\\/trailercenter.se\\\/fagelsta\\\/produkt\\\/slapvagn-neptun-uni-n13\\\/\"]}]},{\"@type\":\"ImageObject\",\"inLanguage\":\"sv-SE\",\"@id\":\"https:\\\/\\\/trailercenter.se\\\/fagelsta\\\/produkt\\\/slapvagn-neptun-uni-n13\\\/#primaryimage\",\"url\":\"https:\\\/\\\/trailercenter.se\\\/fagelsta\\\/wp-content\\\/uploads\\\/2019\\\/03\\\/UNI-02.jpg\",\"contentUrl\":\"https:\\\/\\\/trailercenter.se\\\/fagelsta\\\/wp-content\\\/uploads\\\/2019\\\/03\\\/UNI-02.jpg\"},{\"@type\":\"BreadcrumbList\",\"@id\":\"https:\\\/\\\/trailercenter.se\\\/fagelsta\\\/produkt\\\/slapvagn-neptun-uni-n13\\\/#breadcrumb\",\"itemListElement\":[{\"@type\":\"ListItem\",\"position\":1,\"name\":\"Hem\",\"item\":\"https:\\\/\\\/trailercenter.se\\\/fagelsta\\\/\"},{\"@type\":\"ListItem\",\"position\":2,\"name\":\"Produktkategorier\",\"item\":\"https:\\\/\\\/trailercenter.se\\\/fagelsta\\\/butik\\\/\"},{\"@type\":\"ListItem\",\"position\":3,\"name\":\"Sl\u00e4pvagn Neptun UNI N13\"}]},{\"@type\":\"WebSite\",\"@id\":\"https:\\\/\\\/trailercenter.se\\\/fagelsta\\\/#website\",\"url\":\"https:\\\/\\\/trailercenter.se\\\/fagelsta\\\/\",\"name\":\"F\u00e5gelsta\",\"description\":\"Vi ligger steget f\u00f6re med det som sl\u00e4par efter!\",\"publisher\":{\"@id\":\"https:\\\/\\\/trailercenter.se\\\/fagelsta\\\/#organization\"},\"potentialAction\":[{\"@type\":\"SearchAction\",\"target\":{\"@type\":\"EntryPoint\",\"urlTemplate\":\"https:\\\/\\\/trailercenter.se\\\/fagelsta\\\/?s={search_term_string}\"},\"query-input\":{\"@type\":\"PropertyValueSpecification\",\"valueRequired\":true,\"valueName\":\"search_term_string\"}}],\"inLanguage\":\"sv-SE\"},{\"@type\":[\"Organization\",\"Place\"],\"@id\":\"https:\\\/\\\/trailercenter.se\\\/fagelsta\\\/#organization\",\"name\":\"Trailercenter i Motala\",\"alternateName\":\"Motala Trailercenter\",\"url\":\"https:\\\/\\\/trailercenter.se\\\/fagelsta\\\/\",\"logo\":{\"@id\":\"https:\\\/\\\/trailercenter.se\\\/fagelsta\\\/produkt\\\/slapvagn-neptun-uni-n13\\\/#local-main-organization-logo\"},\"image\":{\"@id\":\"https:\\\/\\\/trailercenter.se\\\/fagelsta\\\/produkt\\\/slapvagn-neptun-uni-n13\\\/#local-main-organization-logo\"},\"address\":{\"@id\":\"https:\\\/\\\/trailercenter.se\\\/fagelsta\\\/produkt\\\/slapvagn-neptun-uni-n13\\\/#local-main-place-address\"},\"geo\":{\"@type\":\"GeoCoordinates\",\"latitude\":\"58.434435379382066\",\"longitude\":\"15.01463022966251\"},\"telephone\":[\"0141 \u2013 230394\"],\"openingHoursSpecification\":[{\"@type\":\"OpeningHoursSpecification\",\"dayOfWeek\":[\"Monday\",\"Tuesday\",\"Wednesday\",\"Thursday\"],\"opens\":\"07:00\",\"closes\":\"16:00\"},{\"@type\":\"OpeningHoursSpecification\",\"dayOfWeek\":[\"Friday\"],\"opens\":\"07:00\",\"closes\":\"13:00\"},{\"@type\":\"OpeningHoursSpecification\",\"dayOfWeek\":[\"Saturday\",\"Sunday\"],\"opens\":\"00:00\",\"closes\":\"00:00\"}],\"email\":\"janne@profilslapet.se\"},{\"@type\":\"PostalAddress\",\"@id\":\"https:\\\/\\\/trailercenter.se\\\/fagelsta\\\/produkt\\\/slapvagn-neptun-uni-n13\\\/#local-main-place-address\",\"streetAddress\":\"Fivelstad 536\",\"addressLocality\":\"Motala\",\"postalCode\":\"591 93\",\"addressCountry\":\"SE\"},{\"@type\":\"ImageObject\",\"inLanguage\":\"sv-SE\",\"@id\":\"https:\\\/\\\/trailercenter.se\\\/fagelsta\\\/produkt\\\/slapvagn-neptun-uni-n13\\\/#local-main-organization-logo\",\"url\":\"https:\\\/\\\/trailercenter.se\\\/fagelsta\\\/wp-content\\\/uploads\\\/sites\\\/9\\\/2025\\\/04\\\/trailercenter-motala-logo.jpg\",\"contentUrl\":\"https:\\\/\\\/trailercenter.se\\\/fagelsta\\\/wp-content\\\/uploads\\\/sites\\\/9\\\/2025\\\/04\\\/trailercenter-motala-logo.jpg\",\"width\":1115,\"height\":228,\"caption\":\"Trailercenter i Motala\"}]}<\/script>\n<meta name=\"geo.placename\" content=\"Motala\" \/>\n<meta name=\"geo.position\" content=\"58.434435379382066;15.01463022966251\" \/>\n<meta name=\"geo.region\" content=\"Sverige\" \/>\n<!-- \/ Yoast SEO Premium plugin. -->","yoast_head_json":{"title":"Sl\u00e4pvagn Neptun UNI N13 - F\u00e5gelsta","robots":{"index":"noindex","follow":"follow","max-snippet":"max-snippet:-1","max-image-preview":"max-image-preview:large","max-video-preview":"max-video-preview:-1"},"og_locale":"sv_SE","og_type":"article","og_title":"Sl\u00e4pvagn Neptun UNI N13","og_description":"Universal sl\u00e4p, ett plattformskoncept med stabilt helsvetsat chassi. Tipp som g\u00e5r \u00e4nda ner till marken utan att ljusrampen skapar niv\u00e5skillnad.   Totalvikt 1300 kg  Maxlast 995 kg  Flakyta 305x166x10 cm","og_url":"https:\/\/trailercenter.se\/fagelsta\/produkt\/slapvagn-neptun-uni-n13\/","og_site_name":"F\u00e5gelsta","article_modified_time":"2025-11-10T15:07:05+00:00","og_image":[{"width":1115,"height":228,"url":"https:\/\/trailercenter.se\/fagelsta\/wp-content\/uploads\/sites\/9\/2025\/04\/trailercenter-motala-logo.jpg","type":"image\/jpeg"}],"twitter_card":"summary_large_image","twitter_misc":{"Ber\u00e4knad l\u00e4stid":"2 minuter"},"schema":{"@context":"https:\/\/schema.org","@graph":[{"@type":"WebPage","@id":"https:\/\/trailercenter.se\/fagelsta\/produkt\/slapvagn-neptun-uni-n13\/","url":"https:\/\/trailercenter.se\/fagelsta\/produkt\/slapvagn-neptun-uni-n13\/","name":"Sl\u00e4pvagn Neptun UNI N13 - F\u00e5gelsta","isPartOf":{"@id":"https:\/\/trailercenter.se\/fagelsta\/#website"},"primaryImageOfPage":{"@id":"https:\/\/trailercenter.se\/fagelsta\/produkt\/slapvagn-neptun-uni-n13\/#primaryimage"},"image":{"@id":"https:\/\/trailercenter.se\/fagelsta\/produkt\/slapvagn-neptun-uni-n13\/#primaryimage"},"thumbnailUrl":"https:\/\/trailercenter.se\/fagelsta\/wp-content\/uploads\/2019\/03\/UNI-02.jpg","datePublished":"2018-09-26T09:05:36+00:00","dateModified":"2025-11-10T15:07:05+00:00","breadcrumb":{"@id":"https:\/\/trailercenter.se\/fagelsta\/produkt\/slapvagn-neptun-uni-n13\/#breadcrumb"},"inLanguage":"sv-SE","potentialAction":[{"@type":"ReadAction","target":["https:\/\/trailercenter.se\/fagelsta\/produkt\/slapvagn-neptun-uni-n13\/"]}]},{"@type":"ImageObject","inLanguage":"sv-SE","@id":"https:\/\/trailercenter.se\/fagelsta\/produkt\/slapvagn-neptun-uni-n13\/#primaryimage","url":"https:\/\/trailercenter.se\/fagelsta\/wp-content\/uploads\/2019\/03\/UNI-02.jpg","contentUrl":"https:\/\/trailercenter.se\/fagelsta\/wp-content\/uploads\/2019\/03\/UNI-02.jpg"},{"@type":"BreadcrumbList","@id":"https:\/\/trailercenter.se\/fagelsta\/produkt\/slapvagn-neptun-uni-n13\/#breadcrumb","itemListElement":[{"@type":"ListItem","position":1,"name":"Hem","item":"https:\/\/trailercenter.se\/fagelsta\/"},{"@type":"ListItem","position":2,"name":"Produktkategorier","item":"https:\/\/trailercenter.se\/fagelsta\/butik\/"},{"@type":"ListItem","position":3,"name":"Sl\u00e4pvagn Neptun UNI N13"}]},{"@type":"WebSite","@id":"https:\/\/trailercenter.se\/fagelsta\/#website","url":"https:\/\/trailercenter.se\/fagelsta\/","name":"F\u00e5gelsta","description":"Vi ligger steget f\u00f6re med det som sl\u00e4par efter!","publisher":{"@id":"https:\/\/trailercenter.se\/fagelsta\/#organization"},"potentialAction":[{"@type":"SearchAction","target":{"@type":"EntryPoint","urlTemplate":"https:\/\/trailercenter.se\/fagelsta\/?s={search_term_string}"},"query-input":{"@type":"PropertyValueSpecification","valueRequired":true,"valueName":"search_term_string"}}],"inLanguage":"sv-SE"},{"@type":["Organization","Place"],"@id":"https:\/\/trailercenter.se\/fagelsta\/#organization","name":"Trailercenter i Motala","alternateName":"Motala Trailercenter","url":"https:\/\/trailercenter.se\/fagelsta\/","logo":{"@id":"https:\/\/trailercenter.se\/fagelsta\/produkt\/slapvagn-neptun-uni-n13\/#local-main-organization-logo"},"image":{"@id":"https:\/\/trailercenter.se\/fagelsta\/produkt\/slapvagn-neptun-uni-n13\/#local-main-organization-logo"},"address":{"@id":"https:\/\/trailercenter.se\/fagelsta\/produkt\/slapvagn-neptun-uni-n13\/#local-main-place-address"},"geo":{"@type":"GeoCoordinates","latitude":"58.434435379382066","longitude":"15.01463022966251"},"telephone":["0141 \u2013 230394"],"openingHoursSpecification":[{"@type":"OpeningHoursSpecification","dayOfWeek":["Monday","Tuesday","Wednesday","Thursday"],"opens":"07:00","closes":"16:00"},{"@type":"OpeningHoursSpecification","dayOfWeek":["Friday"],"opens":"07:00","closes":"13:00"},{"@type":"OpeningHoursSpecification","dayOfWeek":["Saturday","Sunday"],"opens":"00:00","closes":"00:00"}],"email":"janne@profilslapet.se"},{"@type":"PostalAddress","@id":"https:\/\/trailercenter.se\/fagelsta\/produkt\/slapvagn-neptun-uni-n13\/#local-main-place-address","streetAddress":"Fivelstad 536","addressLocality":"Motala","postalCode":"591 93","addressCountry":"SE"},{"@type":"ImageObject","inLanguage":"sv-SE","@id":"https:\/\/trailercenter.se\/fagelsta\/produkt\/slapvagn-neptun-uni-n13\/#local-main-organization-logo","url":"https:\/\/trailercenter.se\/fagelsta\/wp-content\/uploads\/sites\/9\/2025\/04\/trailercenter-motala-logo.jpg","contentUrl":"https:\/\/trailercenter.se\/fagelsta\/wp-content\/uploads\/sites\/9\/2025\/04\/trailercenter-motala-logo.jpg","width":1115,"height":228,"caption":"Trailercenter i Motala"}]},"geo.placename":"Motala","geo.position":{"lat":"58.434435379382066","long":"15.01463022966251"},"geo.region":"Sverige"},"_links":{"self":[{"href":"https:\/\/trailercenter.se\/fagelsta\/wp-json\/wp\/v2\/product\/3684","targetHints":{"allow":["GET"]}}],"collection":[{"href":"https:\/\/trailercenter.se\/fagelsta\/wp-json\/wp\/v2\/product"}],"about":[{"href":"https:\/\/trailercenter.se\/fagelsta\/wp-json\/wp\/v2\/types\/product"}],"wp:featuredmedia":[{"embeddable":true,"href":"https:\/\/trailercenter.se\/fagelsta\/wp-json\/"}],"wp:attachment":[{"href":"https:\/\/trailercenter.se\/fagelsta\/wp-json\/wp\/v2\/media?parent=3684"}],"wp:term":[{"taxonomy":"product_brand","embeddable":true,"href":"https:\/\/trailercenter.se\/fagelsta\/wp-json\/wp\/v2\/product_brand?post=3684"},{"taxonomy":"product_cat","embeddable":true,"href":"https:\/\/trailercenter.se\/fagelsta\/wp-json\/wp\/v2\/product_cat?post=3684"},{"taxonomy":"product_tag","embeddable":true,"href":"https:\/\/trailercenter.se\/fagelsta\/wp-json\/wp\/v2\/product_tag?post=3684"}],"curies":[{"name":"wp","href":"https:\/\/api.w.org\/{rel}","templated":true}]}}