{"id":4068,"date":"2025-11-12T15:09:42","date_gmt":"2025-11-12T14:09:42","guid":{"rendered":"https:\/\/trailercenter.se\/fagelsta\/?post_type=product&#038;p=4068"},"modified":"2025-11-12T15:20:30","modified_gmt":"2025-11-12T14:20:30","slug":"slapvagn-neptun-praktik-202-deal","status":"publish","type":"product","link":"https:\/\/trailercenter.se\/fagelsta\/produkt\/slapvagn-neptun-praktik-202-deal\/","title":{"rendered":"Neptun Praktik 202 &#038; l\u00e5s"},"content":{"rendered":"<div class=\"wpb-content-wrapper\"><p>[vc_row disable_element=&#8221;yes&#8221; woodmart_css_id=&#8221;6412046ee2dc1&#8243; responsive_spacing=&#8221;eyJwYXJhbV90eXBlIjoid29vZG1hcnRfcmVzcG9uc2l2ZV9zcGFjaW5nIiwic2VsZWN0b3JfaWQiOiI2NDEyMDQ2ZWUyZGMxIiwic2hvcnRjb2RlIjoidmNfcm93IiwiZGF0YSI6eyJ0YWJsZXQiOnt9LCJtb2JpbGUiOnt9fX0=&#8221; mobile_bg_img_hidden=&#8221;no&#8221; tablet_bg_img_hidden=&#8221;no&#8221; woodmart_parallax=&#8221;0&#8243; woodmart_gradient_switch=&#8221;no&#8221; woodmart_box_shadow=&#8221;no&#8221; wd_z_index=&#8221;no&#8221; woodmart_disable_overflow=&#8221;0&#8243; row_reverse_mobile=&#8221;0&#8243; row_reverse_tablet=&#8221;0&#8243;][vc_column][vc_column_text css=&#8221;&#8221; woodmart_inline=&#8221;no&#8221; text_larger=&#8221;no&#8221;]<\/p>\n<h1>Neptun Praktik 202 &amp; l\u00e5s<\/h1>\n<p>Neptun Praktik 202 &amp; l\u00e5s<\/p>\n<p><strong>L\u00e4nkar<br \/>\n<\/strong><a href=\"https:\/\/slpvkalk.transportstyrelsen.se\/extweb\/Slapvagnskalkylator\/Slapvagnskalkylator.aspx\">Sl\u00e4pvagnskalkylator \u00bb<br \/>\n<\/a><a href=\"https:\/\/trailercenter.se\/produkt-kategori\/slapvagnar\/\">Se alla sl\u00e4pvagnar \u00bb<\/a>[\/vc_column_text][\/vc_column][\/vc_row][vc_row][vc_column][vc_column_text css=&#8221;&#8221; woodmart_inline=&#8221;no&#8221; text_larger=&#8221;no&#8221;]Sl\u00e4pvagn Neptun Praktik 202 pts hj\u00e4lper dig i alla m\u00f6jliga och om\u00f6jliga situationer i vardagen. Fritidsvagnen utan broms f\u00f6r de flesta transporter. Vagnen \u00e4r i s\u00e5 kallad full bredd i flakstorlek vilket g\u00f6r det m\u00f6jligt att frakta gipsskivor p\u00e5 120 cm. M\u00e5nga praktiska tillbeh\u00f6r finns tillg\u00e4ngliga \u2013 f\u00f6rh\u00f6jningsl\u00e4mmar, galler eller kapell.<\/p>\n<p><strong>Robust ramkonstruktion<br \/>\n<\/strong>Genomg\u00e5ende U-profil rambalkar p\u00e5 b\u00e4gge sidorna samt tv\u00e5 tv\u00e4rg\u00e5ende rambalkar ger en mycket stark konstruktion.<\/p>\n<p><strong>Bra och s\u00e4kra k\u00f6regenskaper<\/strong><br \/>\nF\u00f6rst\u00e4rkt V-dragst\u00e5ng, oberoende hjulupph\u00e4ngning, gummi torsions fj\u00e4drad axel, garanterar goda k\u00f6regenskaper.<\/p>\n<p><strong>Starka och funktionella sidoprofiler<\/strong><br \/>\nDe profilerade sidprofilerna i kvalitetsst\u00e5l \u00e4r utvecklade f\u00f6r att t\u00e5la h\u00f6g p\u00e5frestning. Kapellknappar \u00e4r standard p\u00e5 alla NEPTUN sl\u00e4pvagnar f\u00f6r smidig montering av kapell eller kapellock.<\/p>\n<p><strong>Smidig lasts\u00e4kring<\/strong><br \/>\nSurrnings\u00f6glor i alla fyra h\u00f6rnen. Surrnings\u00f6glorna \u00e4r inte monterade i plywood s\u00e5 lastytan \u00e4r helt fri och plywooden \u00e4r inte skadad av borrade h\u00e5l.<\/p>\n<p><strong>Skyddade multifunktionslampor<\/strong><br \/>\nMultifunktions bakljus monterade under den \u00f6ppningsbara bakl\u00e4mmen. Alla anslutningar till lamporna \u00e4r skyddade mot fukt, rost, \u00e4rgning p\u00e5 b\u00e4sta s\u00e4tt s\u00e5 de kan fungera i m\u00e5nga \u00e5r.<\/p>\n<p><em>Sl\u00e4pet p\u00e5 bilden kan vara extrautrustad.<\/em>[\/vc_column_text][\/vc_column][\/vc_row]<\/p>\n<\/div>","protected":false},"excerpt":{"rendered":"<p><strong>KAMPANJ &#8211; L\u00c5S P\u00c5 K\u00d6PET<\/strong><\/p>\n<p>Neptun Praktik 202 obromsad med en flakbredd p\u00e5 hela 125 cm. En popul\u00e4r fritidsvagn utan broms f\u00f6r de flesta transporter och rymmer \u00e4ven byggskivor p\u00e5 120 cm.<\/p>\n<ul>\n<li>Totalvikt 750 kg &#8211; <em>[html_block id=\"3299\"]<\/em><\/li>\n<li>Maxlast 620 kg<\/li>\n<li>Flakyta 202x125x30 cm<\/li>\n<\/ul>\n","protected":false},"featured_media":100000041122,"template":"","meta":[],"product_brand":[],"product_cat":[261,263,259],"product_tag":[153,22,23,24,25],"class_list":{"0":"post-4068","1":"product","2":"type-product","3":"status-publish","4":"has-post-thumbnail","6":"product_cat-obromsade-slapvagnar","7":"product_cat-obromsad","8":"product_cat-storsaljare","9":"product_tag-neptun","10":"product_tag-obromsad-slapvagn","11":"product_tag-slap","12":"product_tag-slapkarra","13":"product_tag-slapvagn","15":"first","16":"instock","17":"sale","18":"taxable","19":"shipping-taxable","20":"purchasable","21":"product-type-variable","22":"has-default-attributes"},"exclude_global_add_ons":false,"addons":[{"name":"St\u00f6ldl\u00e5s","type":"multiple_choice","position":0,"required":true,"title_format":"label","default":"0","description_enable":false,"description":"","placeholder_enable":false,"placeholder":"","display":"images","restrictions_type":"any_text","adjust_price":false,"price":"","price_type":"flat_fee","restrictions":false,"min":"0","max":"0","options":[{"label":"Standard plus","price":"","price_type":"quantity_based","image":325,"visibility":true}],"id":1762960398},{"name":"P\u00e5byggnad","type":"multiple_choice","position":1,"required":false,"title_format":"label","default":"","description_enable":false,"description":"","placeholder_enable":false,"placeholder":"","display":"images","restrictions_type":"any_text","adjust_price":false,"price":"","price_type":"flat_fee","restrictions":false,"min":"0","max":"0","options":[{"label":"N\u00e4tgrind 39cm+l\u00e4m","price":"3945","price_type":"quantity_based","image":3275,"visibility":true},{"label":"F\u00f6rh\u00f6jningsl\u00e4mmar 37cm+l\u00e4m","price":"3895","price_type":"quantity_based","image":3277,"visibility":true},{"label":"Kapell 80cm+l\u00e4m exkl montage","price":"4590","price_type":"quantity_based","image":3276,"visibility":true}],"id":1740483179},{"name":"\u00d6verbyggnad","type":"multiple_choice","position":2,"required":false,"title_format":"label","default":"","description_enable":false,"description":"","placeholder_enable":false,"placeholder":"","display":"images","restrictions_type":"any_text","adjust_price":false,"price":"","price_type":"flat_fee","restrictions":false,"min":"0","max":"0","options":[{"label":"Lastn\u00e4t 140\u00d7240","price":"595","price_type":"quantity_based","image":321,"visibility":true},{"label":"Formsydd kapellv\u00e4v","price":"1595","price_type":"quantity_based","image":320,"visibility":true}],"id":1740483273},{"name":"Eladapter","type":"multiple_choice","position":0,"required":false,"title_format":"label","default":"","description_enable":false,"description":"","placeholder_enable":false,"placeholder":"","display":"images","restrictions_type":"any_text","adjust_price":false,"price":"","price_type":"flat_fee","restrictions":false,"min":"0","max":"0","options":[{"label":"fr\u00e5n 7 (sl\u00e4p) till 13 (bil)","price":"149","price_type":"quantity_based","image":318,"visibility":true}],"id":1738176182},{"name":"St\u00f6ldl\u00e5s","type":"multiple_choice","position":0,"required":false,"title_format":"label","default":"","description_enable":false,"description":"","placeholder_enable":false,"placeholder":"","display":"images","restrictions_type":"any_text","adjust_price":false,"price":"","price_type":"flat_fee","restrictions":false,"min":"0","max":"0","options":[{"label":"Standard plus","price":"398","price_type":"quantity_based","image":325,"visibility":true},{"label":"Klass 3 SSF monterat","price":"2195","price_type":"quantity_based","image":317,"visibility":true}],"id":1738175354},{"name":"Sp\u00e4nnband","type":"multiple_choice","position":0,"required":false,"title_format":"label","default":"","description_enable":false,"description":"","placeholder_enable":false,"placeholder":"","display":"images","restrictions_type":"any_text","adjust_price":false,"price":"","price_type":"flat_fee","restrictions":false,"min":"0","max":"0","options":[{"label":"2st 2 ton","price":"390","price_type":"quantity_based","image":324,"visibility":true},{"label":"4st 2 ton","price":"780","price_type":"quantity_based","image":324,"visibility":true}],"id":1754228829},{"name":"St\u00f6dhjulspaket","type":"multiple_choice","position":0,"required":false,"title_format":"label","default":"","description_enable":false,"description":"","placeholder_enable":false,"placeholder":"","display":"images","restrictions_type":"any_text","adjust_price":false,"price":"","price_type":"flat_fee","restrictions":false,"min":"0","max":"0","options":[{"label":"inkl kl\u00e4mf\u00e4ste monterat","price":"295","price_type":"quantity_based","image":3271,"visibility":true}],"id":1738175574},{"name":"Se val av tillbeh\u00f6r nedan.","type":"heading","position":0,"required":false,"title_format":"label","default":"","description_enable":false,"description":"","placeholder_enable":false,"placeholder":"","display":"select","restrictions_type":"any_text","adjust_price":false,"price":"","price_type":"flat_fee","restrictions":false,"min":"0","max":"0","options":[],"id":1740483771},{"name":"Vinterhjul","type":"multiple_choice","position":0,"required":false,"title_format":"label","default":"","description_enable":false,"description":"","placeholder_enable":false,"placeholder":"","display":"images","restrictions_type":"any_text","adjust_price":false,"price":"","price_type":"flat_fee","restrictions":false,"min":"0","max":"0","options":[{"label":"2st med dubb 15513","price":"1970","price_type":"quantity_based","image":323,"visibility":true},{"label":"2st utan dubb 15513","price":"1940","price_type":"quantity_based","image":323,"visibility":true}],"id":1738175304}],"yoast_head":"<!-- This site is optimized with the Yoast SEO Premium plugin v27.3 (Yoast SEO v27.3) - https:\/\/yoast.com\/product\/yoast-seo-premium-wordpress\/ -->\n<title>Neptun Praktik 202 &amp; l\u00e5s - F\u00e5gelsta<\/title>\n<meta name=\"robots\" content=\"noindex, follow, max-snippet:-1, max-image-preview:large, max-video-preview:-1\" \/>\n<meta property=\"og:locale\" content=\"sv_SE\" \/>\n<meta property=\"og:type\" content=\"article\" \/>\n<meta property=\"og:title\" content=\"Neptun Praktik 202 &amp; l\u00e5s\" \/>\n<meta property=\"og:description\" content=\"KAMPANJ - L\u00c5S P\u00c5 K\u00d6PET  Neptun Praktik 202 obromsad med en flakbredd p\u00e5 hela 125 cm. En popul\u00e4r fritidsvagn utan broms f\u00f6r de flesta transporter och rymmer \u00e4ven byggskivor p\u00e5 120 cm.   Totalvikt 750 kg -   Maxlast 620 kg  Flakyta 202x125x30 cm\" \/>\n<meta property=\"og:url\" content=\"https:\/\/trailercenter.se\/fagelsta\/produkt\/slapvagn-neptun-praktik-202-deal\/\" \/>\n<meta property=\"og:site_name\" content=\"F\u00e5gelsta\" \/>\n<meta property=\"article:modified_time\" content=\"2025-11-12T14:20:30+00:00\" \/>\n<meta property=\"og:image\" content=\"https:\/\/trailercenter.se\/fagelsta\/wp-content\/uploads\/sites\/9\/2025\/04\/trailercenter-motala-logo.jpg\" \/>\n\t<meta property=\"og:image:width\" content=\"1115\" \/>\n\t<meta property=\"og:image:height\" content=\"228\" \/>\n\t<meta property=\"og:image:type\" content=\"image\/jpeg\" \/>\n<meta name=\"twitter:card\" content=\"summary_large_image\" \/>\n<meta name=\"twitter:label1\" content=\"Ber\u00e4knad l\u00e4stid\" \/>\n\t<meta name=\"twitter:data1\" content=\"2 minuter\" \/>\n<script type=\"application\/ld+json\" class=\"yoast-schema-graph\">{\"@context\":\"https:\\\/\\\/schema.org\",\"@graph\":[{\"@type\":\"WebPage\",\"@id\":\"https:\\\/\\\/trailercenter.se\\\/fagelsta\\\/produkt\\\/slapvagn-neptun-praktik-202-deal\\\/\",\"url\":\"https:\\\/\\\/trailercenter.se\\\/fagelsta\\\/produkt\\\/slapvagn-neptun-praktik-202-deal\\\/\",\"name\":\"Neptun Praktik 202 & l\u00e5s - F\u00e5gelsta\",\"isPartOf\":{\"@id\":\"https:\\\/\\\/trailercenter.se\\\/fagelsta\\\/#website\"},\"primaryImageOfPage\":{\"@id\":\"https:\\\/\\\/trailercenter.se\\\/fagelsta\\\/produkt\\\/slapvagn-neptun-praktik-202-deal\\\/#primaryimage\"},\"image\":{\"@id\":\"https:\\\/\\\/trailercenter.se\\\/fagelsta\\\/produkt\\\/slapvagn-neptun-praktik-202-deal\\\/#primaryimage\"},\"thumbnailUrl\":\"https:\\\/\\\/trailercenter.se\\\/fagelsta\\\/wp-content\\\/uploads\\\/2024\\\/07\\\/slapvagn-neptun-praktik-202-pts.jpg\",\"datePublished\":\"2025-11-12T14:09:42+00:00\",\"dateModified\":\"2025-11-12T14:20:30+00:00\",\"breadcrumb\":{\"@id\":\"https:\\\/\\\/trailercenter.se\\\/fagelsta\\\/produkt\\\/slapvagn-neptun-praktik-202-deal\\\/#breadcrumb\"},\"inLanguage\":\"sv-SE\",\"potentialAction\":[{\"@type\":\"ReadAction\",\"target\":[\"https:\\\/\\\/trailercenter.se\\\/fagelsta\\\/produkt\\\/slapvagn-neptun-praktik-202-deal\\\/\"]}]},{\"@type\":\"ImageObject\",\"inLanguage\":\"sv-SE\",\"@id\":\"https:\\\/\\\/trailercenter.se\\\/fagelsta\\\/produkt\\\/slapvagn-neptun-praktik-202-deal\\\/#primaryimage\",\"url\":\"https:\\\/\\\/trailercenter.se\\\/fagelsta\\\/wp-content\\\/uploads\\\/2024\\\/07\\\/slapvagn-neptun-praktik-202-pts.jpg\",\"contentUrl\":\"https:\\\/\\\/trailercenter.se\\\/fagelsta\\\/wp-content\\\/uploads\\\/2024\\\/07\\\/slapvagn-neptun-praktik-202-pts.jpg\"},{\"@type\":\"BreadcrumbList\",\"@id\":\"https:\\\/\\\/trailercenter.se\\\/fagelsta\\\/produkt\\\/slapvagn-neptun-praktik-202-deal\\\/#breadcrumb\",\"itemListElement\":[{\"@type\":\"ListItem\",\"position\":1,\"name\":\"Hem\",\"item\":\"https:\\\/\\\/trailercenter.se\\\/fagelsta\\\/\"},{\"@type\":\"ListItem\",\"position\":2,\"name\":\"Produktkategorier\",\"item\":\"https:\\\/\\\/trailercenter.se\\\/fagelsta\\\/butik\\\/\"},{\"@type\":\"ListItem\",\"position\":3,\"name\":\"Neptun Praktik 202 &#038; l\u00e5s\"}]},{\"@type\":\"WebSite\",\"@id\":\"https:\\\/\\\/trailercenter.se\\\/fagelsta\\\/#website\",\"url\":\"https:\\\/\\\/trailercenter.se\\\/fagelsta\\\/\",\"name\":\"F\u00e5gelsta\",\"description\":\"Vi ligger steget f\u00f6re med det som sl\u00e4par efter!\",\"publisher\":{\"@id\":\"https:\\\/\\\/trailercenter.se\\\/fagelsta\\\/#organization\"},\"potentialAction\":[{\"@type\":\"SearchAction\",\"target\":{\"@type\":\"EntryPoint\",\"urlTemplate\":\"https:\\\/\\\/trailercenter.se\\\/fagelsta\\\/?s={search_term_string}\"},\"query-input\":{\"@type\":\"PropertyValueSpecification\",\"valueRequired\":true,\"valueName\":\"search_term_string\"}}],\"inLanguage\":\"sv-SE\"},{\"@type\":[\"Organization\",\"Place\"],\"@id\":\"https:\\\/\\\/trailercenter.se\\\/fagelsta\\\/#organization\",\"name\":\"Trailercenter i Motala\",\"alternateName\":\"Motala Trailercenter\",\"url\":\"https:\\\/\\\/trailercenter.se\\\/fagelsta\\\/\",\"logo\":{\"@id\":\"https:\\\/\\\/trailercenter.se\\\/fagelsta\\\/produkt\\\/slapvagn-neptun-praktik-202-deal\\\/#local-main-organization-logo\"},\"image\":{\"@id\":\"https:\\\/\\\/trailercenter.se\\\/fagelsta\\\/produkt\\\/slapvagn-neptun-praktik-202-deal\\\/#local-main-organization-logo\"},\"address\":{\"@id\":\"https:\\\/\\\/trailercenter.se\\\/fagelsta\\\/produkt\\\/slapvagn-neptun-praktik-202-deal\\\/#local-main-place-address\"},\"geo\":{\"@type\":\"GeoCoordinates\",\"latitude\":\"58.434435379382066\",\"longitude\":\"15.01463022966251\"},\"telephone\":[\"0141 \u2013 230394\"],\"openingHoursSpecification\":[{\"@type\":\"OpeningHoursSpecification\",\"dayOfWeek\":[\"Monday\",\"Tuesday\",\"Wednesday\",\"Thursday\"],\"opens\":\"07:00\",\"closes\":\"16:00\"},{\"@type\":\"OpeningHoursSpecification\",\"dayOfWeek\":[\"Friday\"],\"opens\":\"07:00\",\"closes\":\"13:00\"},{\"@type\":\"OpeningHoursSpecification\",\"dayOfWeek\":[\"Saturday\",\"Sunday\"],\"opens\":\"00:00\",\"closes\":\"00:00\"}],\"email\":\"janne@profilslapet.se\"},{\"@type\":\"PostalAddress\",\"@id\":\"https:\\\/\\\/trailercenter.se\\\/fagelsta\\\/produkt\\\/slapvagn-neptun-praktik-202-deal\\\/#local-main-place-address\",\"streetAddress\":\"Fivelstad 536\",\"addressLocality\":\"Motala\",\"postalCode\":\"591 93\",\"addressCountry\":\"SE\"},{\"@type\":\"ImageObject\",\"inLanguage\":\"sv-SE\",\"@id\":\"https:\\\/\\\/trailercenter.se\\\/fagelsta\\\/produkt\\\/slapvagn-neptun-praktik-202-deal\\\/#local-main-organization-logo\",\"url\":\"https:\\\/\\\/trailercenter.se\\\/fagelsta\\\/wp-content\\\/uploads\\\/sites\\\/9\\\/2025\\\/04\\\/trailercenter-motala-logo.jpg\",\"contentUrl\":\"https:\\\/\\\/trailercenter.se\\\/fagelsta\\\/wp-content\\\/uploads\\\/sites\\\/9\\\/2025\\\/04\\\/trailercenter-motala-logo.jpg\",\"width\":1115,\"height\":228,\"caption\":\"Trailercenter i Motala\"}]}<\/script>\n<meta name=\"geo.placename\" content=\"Motala\" \/>\n<meta name=\"geo.position\" content=\"58.434435379382066;15.01463022966251\" \/>\n<meta name=\"geo.region\" content=\"Sverige\" \/>\n<!-- \/ Yoast SEO Premium plugin. -->","yoast_head_json":{"title":"Neptun Praktik 202 & l\u00e5s - F\u00e5gelsta","robots":{"index":"noindex","follow":"follow","max-snippet":"max-snippet:-1","max-image-preview":"max-image-preview:large","max-video-preview":"max-video-preview:-1"},"og_locale":"sv_SE","og_type":"article","og_title":"Neptun Praktik 202 & l\u00e5s","og_description":"KAMPANJ - L\u00c5S P\u00c5 K\u00d6PET  Neptun Praktik 202 obromsad med en flakbredd p\u00e5 hela 125 cm. En popul\u00e4r fritidsvagn utan broms f\u00f6r de flesta transporter och rymmer \u00e4ven byggskivor p\u00e5 120 cm.   Totalvikt 750 kg -   Maxlast 620 kg  Flakyta 202x125x30 cm","og_url":"https:\/\/trailercenter.se\/fagelsta\/produkt\/slapvagn-neptun-praktik-202-deal\/","og_site_name":"F\u00e5gelsta","article_modified_time":"2025-11-12T14:20:30+00:00","og_image":[{"width":1115,"height":228,"url":"https:\/\/trailercenter.se\/fagelsta\/wp-content\/uploads\/sites\/9\/2025\/04\/trailercenter-motala-logo.jpg","type":"image\/jpeg"}],"twitter_card":"summary_large_image","twitter_misc":{"Ber\u00e4knad l\u00e4stid":"2 minuter"},"schema":{"@context":"https:\/\/schema.org","@graph":[{"@type":"WebPage","@id":"https:\/\/trailercenter.se\/fagelsta\/produkt\/slapvagn-neptun-praktik-202-deal\/","url":"https:\/\/trailercenter.se\/fagelsta\/produkt\/slapvagn-neptun-praktik-202-deal\/","name":"Neptun Praktik 202 & l\u00e5s - F\u00e5gelsta","isPartOf":{"@id":"https:\/\/trailercenter.se\/fagelsta\/#website"},"primaryImageOfPage":{"@id":"https:\/\/trailercenter.se\/fagelsta\/produkt\/slapvagn-neptun-praktik-202-deal\/#primaryimage"},"image":{"@id":"https:\/\/trailercenter.se\/fagelsta\/produkt\/slapvagn-neptun-praktik-202-deal\/#primaryimage"},"thumbnailUrl":"https:\/\/trailercenter.se\/fagelsta\/wp-content\/uploads\/2024\/07\/slapvagn-neptun-praktik-202-pts.jpg","datePublished":"2025-11-12T14:09:42+00:00","dateModified":"2025-11-12T14:20:30+00:00","breadcrumb":{"@id":"https:\/\/trailercenter.se\/fagelsta\/produkt\/slapvagn-neptun-praktik-202-deal\/#breadcrumb"},"inLanguage":"sv-SE","potentialAction":[{"@type":"ReadAction","target":["https:\/\/trailercenter.se\/fagelsta\/produkt\/slapvagn-neptun-praktik-202-deal\/"]}]},{"@type":"ImageObject","inLanguage":"sv-SE","@id":"https:\/\/trailercenter.se\/fagelsta\/produkt\/slapvagn-neptun-praktik-202-deal\/#primaryimage","url":"https:\/\/trailercenter.se\/fagelsta\/wp-content\/uploads\/2024\/07\/slapvagn-neptun-praktik-202-pts.jpg","contentUrl":"https:\/\/trailercenter.se\/fagelsta\/wp-content\/uploads\/2024\/07\/slapvagn-neptun-praktik-202-pts.jpg"},{"@type":"BreadcrumbList","@id":"https:\/\/trailercenter.se\/fagelsta\/produkt\/slapvagn-neptun-praktik-202-deal\/#breadcrumb","itemListElement":[{"@type":"ListItem","position":1,"name":"Hem","item":"https:\/\/trailercenter.se\/fagelsta\/"},{"@type":"ListItem","position":2,"name":"Produktkategorier","item":"https:\/\/trailercenter.se\/fagelsta\/butik\/"},{"@type":"ListItem","position":3,"name":"Neptun Praktik 202 &#038; l\u00e5s"}]},{"@type":"WebSite","@id":"https:\/\/trailercenter.se\/fagelsta\/#website","url":"https:\/\/trailercenter.se\/fagelsta\/","name":"F\u00e5gelsta","description":"Vi ligger steget f\u00f6re med det som sl\u00e4par efter!","publisher":{"@id":"https:\/\/trailercenter.se\/fagelsta\/#organization"},"potentialAction":[{"@type":"SearchAction","target":{"@type":"EntryPoint","urlTemplate":"https:\/\/trailercenter.se\/fagelsta\/?s={search_term_string}"},"query-input":{"@type":"PropertyValueSpecification","valueRequired":true,"valueName":"search_term_string"}}],"inLanguage":"sv-SE"},{"@type":["Organization","Place"],"@id":"https:\/\/trailercenter.se\/fagelsta\/#organization","name":"Trailercenter i Motala","alternateName":"Motala Trailercenter","url":"https:\/\/trailercenter.se\/fagelsta\/","logo":{"@id":"https:\/\/trailercenter.se\/fagelsta\/produkt\/slapvagn-neptun-praktik-202-deal\/#local-main-organization-logo"},"image":{"@id":"https:\/\/trailercenter.se\/fagelsta\/produkt\/slapvagn-neptun-praktik-202-deal\/#local-main-organization-logo"},"address":{"@id":"https:\/\/trailercenter.se\/fagelsta\/produkt\/slapvagn-neptun-praktik-202-deal\/#local-main-place-address"},"geo":{"@type":"GeoCoordinates","latitude":"58.434435379382066","longitude":"15.01463022966251"},"telephone":["0141 \u2013 230394"],"openingHoursSpecification":[{"@type":"OpeningHoursSpecification","dayOfWeek":["Monday","Tuesday","Wednesday","Thursday"],"opens":"07:00","closes":"16:00"},{"@type":"OpeningHoursSpecification","dayOfWeek":["Friday"],"opens":"07:00","closes":"13:00"},{"@type":"OpeningHoursSpecification","dayOfWeek":["Saturday","Sunday"],"opens":"00:00","closes":"00:00"}],"email":"janne@profilslapet.se"},{"@type":"PostalAddress","@id":"https:\/\/trailercenter.se\/fagelsta\/produkt\/slapvagn-neptun-praktik-202-deal\/#local-main-place-address","streetAddress":"Fivelstad 536","addressLocality":"Motala","postalCode":"591 93","addressCountry":"SE"},{"@type":"ImageObject","inLanguage":"sv-SE","@id":"https:\/\/trailercenter.se\/fagelsta\/produkt\/slapvagn-neptun-praktik-202-deal\/#local-main-organization-logo","url":"https:\/\/trailercenter.se\/fagelsta\/wp-content\/uploads\/sites\/9\/2025\/04\/trailercenter-motala-logo.jpg","contentUrl":"https:\/\/trailercenter.se\/fagelsta\/wp-content\/uploads\/sites\/9\/2025\/04\/trailercenter-motala-logo.jpg","width":1115,"height":228,"caption":"Trailercenter i Motala"}]},"geo.placename":"Motala","geo.position":{"lat":"58.434435379382066","long":"15.01463022966251"},"geo.region":"Sverige"},"_links":{"self":[{"href":"https:\/\/trailercenter.se\/fagelsta\/wp-json\/wp\/v2\/product\/4068","targetHints":{"allow":["GET"]}}],"collection":[{"href":"https:\/\/trailercenter.se\/fagelsta\/wp-json\/wp\/v2\/product"}],"about":[{"href":"https:\/\/trailercenter.se\/fagelsta\/wp-json\/wp\/v2\/types\/product"}],"wp:featuredmedia":[{"embeddable":true,"href":"https:\/\/trailercenter.se\/fagelsta\/wp-json\/"}],"wp:attachment":[{"href":"https:\/\/trailercenter.se\/fagelsta\/wp-json\/wp\/v2\/media?parent=4068"}],"wp:term":[{"taxonomy":"product_brand","embeddable":true,"href":"https:\/\/trailercenter.se\/fagelsta\/wp-json\/wp\/v2\/product_brand?post=4068"},{"taxonomy":"product_cat","embeddable":true,"href":"https:\/\/trailercenter.se\/fagelsta\/wp-json\/wp\/v2\/product_cat?post=4068"},{"taxonomy":"product_tag","embeddable":true,"href":"https:\/\/trailercenter.se\/fagelsta\/wp-json\/wp\/v2\/product_tag?post=4068"}],"curies":[{"name":"wp","href":"https:\/\/api.w.org\/{rel}","templated":true}]}}