{"id":2,"date":"2021-01-20T11:15:22","date_gmt":"2021-01-20T10:15:22","guid":{"rendered":"https:\/\/trailercenter.se\/hillerstorp\/?page_id=2"},"modified":"2026-02-01T18:43:15","modified_gmt":"2026-02-01T17:43:15","slug":"exempelsida","status":"publish","type":"page","link":"https:\/\/trailercenter.se\/hillerstorp\/","title":{"rendered":"V\u00e4rnamo Trailercenter"},"content":{"rendered":"<div class=\"wpb-content-wrapper\"><p>[vc_row full_width=&#8221;stretch_row&#8221; mobile_bg_img_hidden=&#8221;no&#8221; tablet_bg_img_hidden=&#8221;no&#8221; woodmart_parallax=&#8221;0&#8243; woodmart_gradient_switch=&#8221;no&#8221; row_reverse_mobile=&#8221;0&#8243; row_reverse_tablet=&#8221;0&#8243; woodmart_disable_overflow=&#8221;0&#8243; woodmart_css_id=&#8221;6853296b51695&#8243; responsive_spacing=&#8221;eyJwYXJhbV90eXBlIjoid29vZG1hcnRfcmVzcG9uc2l2ZV9zcGFjaW5nIiwic2VsZWN0b3JfaWQiOiI2ODUzMjk2YjUxNjk1Iiwic2hvcnRjb2RlIjoidmNfcm93IiwiZGF0YSI6eyJ0YWJsZXQiOnt9LCJtb2JpbGUiOnt9fX0=&#8221; woodmart_box_shadow=&#8221;no&#8221; wd_z_index=&#8221;no&#8221;][vc_column woodmart_text_align=&#8221;center&#8221; css=&#8221;.vc_custom_1750280697068{padding-top: 0px !important;}&#8221; el_class=&#8221;text-center&#8221; woodmart_css_id=&#8221;685329e06a251&#8243; parallax_scroll=&#8221;no&#8221; woodmart_sticky_column=&#8221;false&#8221; wd_collapsible_content_switcher=&#8221;no&#8221; wd_column_role_offcanvas_desktop=&#8221;no&#8221; wd_column_role_offcanvas_tablet=&#8221;no&#8221; wd_column_role_offcanvas_mobile=&#8221;no&#8221; wd_column_role_content_desktop=&#8221;no&#8221; wd_column_role_content_tablet=&#8221;no&#8221; wd_column_role_content_mobile=&#8221;no&#8221; mobile_bg_img_hidden=&#8221;no&#8221; tablet_bg_img_hidden=&#8221;no&#8221; woodmart_parallax=&#8221;0&#8243; woodmart_box_shadow=&#8221;no&#8221; responsive_spacing=&#8221;eyJwYXJhbV90eXBlIjoid29vZG1hcnRfcmVzcG9uc2l2ZV9zcGFjaW5nIiwic2VsZWN0b3JfaWQiOiI2ODUzMjllMDZhMjUxIiwic2hvcnRjb2RlIjoidmNfY29sdW1uIiwiZGF0YSI6eyJ0YWJsZXQiOnt9LCJtb2JpbGUiOnt9fX0=&#8221; mobile_reset_margin=&#8221;no&#8221; tablet_reset_margin=&#8221;no&#8221; wd_z_index=&#8221;no&#8221;]\n\t\t<div id=\"wd-693d55ced46e5\" class=\"title-wrapper wd-wpb wd-set-mb reset-last-child  wd-rs-693d55ced46e5 wd-title-color-primary wd-title-style-bordered text-center vc_custom_1765627348782 wd-underline-colored\">\n\t\t\t\n\t\t\t<div class=\"liner-continer\">\n\t\t\t\t<h4 class=\"woodmart-title-container title  wd-font-weight-600 wd-fontsize-xl\" >V\u00e4lkommen till ett av landets st\u00f6rsta sl\u00e4p- &amp; trailercenter<\/h4>\n\t\t\t\t\t\t\t<\/div>\n\t\t\t\n\t\t\t\t\t\t\t<div class=\"title-after_title reset-last-child  wd-fontsize-s\">Trailercenter med 35 \u00e5rs branscherfarenhet<\/div>\n\t\t\t\n\t\t\t\n\t\t<\/div>\n\t\t\n\t\t[vc_row_inner][vc_column_inner width=&#8221;1\/4&#8243;][\/vc_column_inner][vc_column_inner width=&#8221;1\/2&#8243;][vc_column_text css=&#8221;.vc_custom_1743159094222{margin-bottom: 10px !important;}&#8221; woodmart_inline=&#8221;no&#8221; text_larger=&#8221;no&#8221;]Vi levererar sl\u00e4p direkt fr\u00e5n fabrik utan f\u00f6rdyrande mellanh\u00e4nder vilket inneb\u00e4r b\u00e4ttre pris till dig som kund. Handla tryggt online och h\u00e4mta vid n\u00e5got av v\u00e5ra utl\u00e4mningsst\u00e4llen.<\/p>\n<h5><strong>Stort utbud fr\u00e5n proffs till fritid!<\/strong><\/h5>\n<p>[\/vc_column_text][\/vc_column_inner][vc_column_inner width=&#8221;1\/4&#8243;][\/vc_column_inner][\/vc_row_inner][\/vc_column][\/vc_row][vc_row full_width=&#8221;stretch_row_content_no_spaces&#8221; mobile_bg_img_hidden=&#8221;no&#8221; tablet_bg_img_hidden=&#8221;no&#8221; woodmart_parallax=&#8221;0&#8243; woodmart_gradient_switch=&#8221;no&#8221; row_reverse_mobile=&#8221;0&#8243; row_reverse_tablet=&#8221;0&#8243; woodmart_disable_overflow=&#8221;0&#8243;][vc_column offset=&#8221;vc_hidden-sm vc_hidden-xs&#8221;][vc_empty_space height=&#8221;50px&#8221; woodmart_hide_large=&#8221;0&#8243; woodmart_hide_medium=&#8221;0&#8243; woodmart_hide_small=&#8221;0&#8243; woodmart_hide_extra_small=&#8221;0&#8243;][vc_column_text css=&#8221;.vc_custom_1755542096431{margin-bottom: 10px !important;border-top-width: 1px !important;border-bottom-width: 1px !important;padding-top: 10px !important;padding-bottom: 10px !important;border-top-style: solid !important;border-bottom-style: solid !important;border-color: #ed8d4b !important;}&#8221; text_larger=&#8221;no&#8221; woodmart_inline=&#8221;no&#8221;]<\/p>\n<h3 style=\"text-align: center;\"><strong>BEST\u00c4LL ONLINE &amp; H\u00c4MTA I HILLERSTORP<\/strong><\/h3>\n<p>[\/vc_column_text][\/vc_column][\/vc_row][vc_row full_width=&#8221;stretch_row_content_no_spaces&#8221; content_placement=&#8221;middle&#8221; parallax=&#8221;content-moving-fade&#8221; css_animation=&#8221;none&#8221; woodmart_bg_position=&#8221;center-center&#8221;][vc_column offset=&#8221;vc_hidden-lg vc_hidden-md&#8221;][vc_column_text css=&#8221;.vc_custom_1755542105583{margin-bottom: 0px !important;border-top-width: 1px !important;border-bottom-width: 1px !important;padding-top: 10px !important;padding-bottom: 10px !important;border-top-style: solid !important;border-bottom-style: solid !important;border-color: #ed8d4b !important;}&#8221; woodmart_color_scheme=&#8221;dark&#8221; text_larger=&#8221;no&#8221; woodmart_inline=&#8221;no&#8221;]<\/p>\n<h3 style=\"text-align: center;\"><strong>\u00a0H\u00e4mta i Hillerstorp<\/strong><\/h3>\n<p>[\/vc_column_text][\/vc_column][\/vc_row][vc_row css=&#8221;.vc_custom_1630848287973{margin-top: 50px !important;}&#8221; mobile_bg_img_hidden=&#8221;no&#8221; tablet_bg_img_hidden=&#8221;no&#8221; woodmart_parallax=&#8221;0&#8243; woodmart_gradient_switch=&#8221;no&#8221; row_reverse_mobile=&#8221;0&#8243; row_reverse_tablet=&#8221;0&#8243; woodmart_disable_overflow=&#8221;0&#8243;][vc_column width=&#8221;1\/2&#8243; woodmart_css_id=&#8221;678eae1e2f9bc&#8221; parallax_scroll=&#8221;no&#8221; woodmart_sticky_column=&#8221;false&#8221; wd_collapsible_content_switcher=&#8221;no&#8221; wd_column_role_offcanvas_desktop=&#8221;no&#8221; wd_column_role_offcanvas_tablet=&#8221;no&#8221; wd_column_role_offcanvas_mobile=&#8221;no&#8221; wd_column_role_content_desktop=&#8221;no&#8221; wd_column_role_content_tablet=&#8221;no&#8221; wd_column_role_content_mobile=&#8221;no&#8221; mobile_bg_img_hidden=&#8221;no&#8221; tablet_bg_img_hidden=&#8221;no&#8221; woodmart_parallax=&#8221;0&#8243; woodmart_box_shadow=&#8221;no&#8221; responsive_spacing=&#8221;eyJwYXJhbV90eXBlIjoid29vZG1hcnRfcmVzcG9uc2l2ZV9zcGFjaW5nIiwic2VsZWN0b3JfaWQiOiI2NzhlYWUxZTJmOWJjIiwic2hvcnRjb2RlIjoidmNfY29sdW1uIiwiZGF0YSI6eyJ0YWJsZXQiOnt9LCJtb2JpbGUiOnsibWFyZ2luLXRvcCI6Ii0yNXB4In19fQ==&#8221; mobile_reset_margin=&#8221;no&#8221; tablet_reset_margin=&#8221;no&#8221; wd_z_index=&#8221;no&#8221;][vc_column_text css=&#8221;.vc_custom_1762167002826{margin-bottom: 0px !important;}&#8221; woodmart_inline=&#8221;no&#8221; text_larger=&#8221;no&#8221;]<\/p>\n<h2 style=\"text-align: left;\">K\u00f6p ditt sl\u00e4p av oss<\/h2>\n<p style=\"text-align: left;\">V\u00e4rnamo Trailercenter \u00e4r en filial till Trailercenter i Uppsala AB som har varit etablerad p\u00e5 svenska marknaden sedan 1991. F\u00f6retaget grundades i Uppsalas s\u00f6dra stadsdelar som \u00e4r ett av Sveriges st\u00f6rsta och mest etablerade Trailercenter med en gedigen kunskap och erfarenhet.<\/p>\n<p style=\"text-align: left;\">V\u00e4rnamo Trailercenter drivs av Heijel Production AB som ligger i sm\u00e5l\u00e4ndska Hillerstorp. Heijel Production AB \u00e4r ett modernt nyt\u00e4nkande f\u00f6retag med familjetraditioner.<\/p>\n<p style=\"text-align: left;\">Under 70-talet blev tillverkningen av tr\u00e5dprodukter alltmer automatiserad och n\u00e4r Nils s\u00f6ner tog \u00f6ver verksamheten med nya id\u00e9er och ny energi utvecklades f\u00f6retaget snabbt. Antalet anst\u00e4llda steg till 75 st och nya maskiner inf\u00f6rskaffades, bland annat en gallersvets som var en revolutionerande maskin i branschen.<\/p>\n<p style=\"text-align: left;\">\u00c5r 1991 flyttades verksamheten till nya lokaler d\u00e4r f\u00f6retaget fortfarande huserar. En rad ombyggnader har \u00f6kat lokalernas storlek.<\/p>\n<p style=\"text-align: left;\">F\u00f6rutom en gedigen kunskap av olika tr\u00e5dprodukter ut\u00f6kar nu Heijel sin verksamhet med sl\u00e4p och trailers. Ett naturligt steg d\u00e5 dom redan \u00e4r verksamma inom branschen med produktion av p\u00e5byggnader som sl\u00e4pvagnstillbeh\u00f6r.<\/p>\n<p>[\/vc_column_text][\/vc_column][vc_column width=&#8221;1\/2&#8243;][vc_single_image image=&#8221;3039&#8243; img_size=&#8221;large&#8221; style=&#8221;vc_box_rounded&#8221; css_animation=&#8221;none&#8221; css=&#8221;.vc_custom_1762167045954{margin-bottom: 0px !important;}&#8221; woodmart_inline=&#8221;no&#8221; parallax_scroll=&#8221;no&#8221; title=&#8221;Nya st\u00f6rre lokaler!&#8221;][vc_column_text css=&#8221;.vc_custom_1743159014230{margin-bottom: 0px !important;}&#8221; woodmart_inline=&#8221;no&#8221; text_larger=&#8221;no&#8221;]<em>Heijel Produktion ut\u00f6kar med ny st\u00f6rre lokaler f\u00f6r att \u00f6ka produktionskapaciteten.<\/em>[\/vc_column_text][\/vc_column][\/vc_row]<\/p>\n<\/div>","protected":false},"excerpt":{"rendered":"<p>[vc_row full_width=&#8221;stretch_row&#8221; mobile_bg_img_hidden=&#8221;no&#8221; tablet_bg_img_hidden=&#8221;no&#8221; woodmart_parallax=&#8221;0&#8243; woodmart_gradient_switch=&#8221;no&#8221; row_reverse_mobile=&#8221;0&#8243; row_reverse_tablet=&#8221;0&#8243; woodmart_disable_overflow=&#8221;0&#8243; woodmart_css_id=&#8221;6853296b51695&#8243; responsive_spacing=&#8221;eyJwYXJhbV90eXBlIjoid29vZG1hcnRfcmVzcG9uc2l2ZV9zcGFjaW5nIiwic2VsZWN0b3JfaWQiOiI2ODUzMjk2YjUxNjk1Iiwic2hvcnRjb2RlIjoidmNfcm93IiwiZGF0YSI6eyJ0YWJsZXQiOnt9LCJtb2JpbGUiOnt9fX0=&#8221; woodmart_box_shadow=&#8221;no&#8221; wd_z_index=&#8221;no&#8221;][vc_column woodmart_text_align=&#8221;center&#8221; css=&#8221;.vc_custom_1750280697068{padding-top: 0px !important;}&#8221; el_class=&#8221;text-center&#8221; woodmart_css_id=&#8221;685329e06a251&#8243; parallax_scroll=&#8221;no&#8221;<\/p>\n","protected":false},"author":1,"featured_media":0,"parent":0,"menu_order":0,"comment_status":"closed","ping_status":"closed","template":"","meta":{"footnotes":""},"class_list":["post-2","page","type-page","status-publish","hentry"],"yoast_head":"<!-- This site is optimized with the Yoast SEO Premium plugin v27.5 (Yoast SEO v27.5) - https:\/\/yoast.com\/product\/yoast-seo-premium-wordpress\/ -->\n<title>V\u00e4rnamo Trailercenter - Hillerstorp<\/title>\n<meta name=\"robots\" content=\"noindex, follow, max-snippet:-1, max-image-preview:large, max-video-preview:-1\" \/>\n<meta property=\"og:locale\" content=\"sv_SE\" \/>\n<meta property=\"og:type\" content=\"article\" \/>\n<meta property=\"og:title\" content=\"V\u00e4rnamo Trailercenter\" \/>\n<meta property=\"og:description\" content=\"[vc_row full_width=&#8221;stretch_row&#8221; mobile_bg_img_hidden=&#8221;no&#8221; tablet_bg_img_hidden=&#8221;no&#8221; woodmart_parallax=&#8221;0&#8243; woodmart_gradient_switch=&#8221;no&#8221; row_reverse_mobile=&#8221;0&#8243; row_reverse_tablet=&#8221;0&#8243; woodmart_disable_overflow=&#8221;0&#8243; woodmart_css_id=&#8221;6853296b51695&#8243; responsive_spacing=&#8221;eyJwYXJhbV90eXBlIjoid29vZG1hcnRfcmVzcG9uc2l2ZV9zcGFjaW5nIiwic2VsZWN0b3JfaWQiOiI2ODUzMjk2YjUxNjk1Iiwic2hvcnRjb2RlIjoidmNfcm93IiwiZGF0YSI6eyJ0YWJsZXQiOnt9LCJtb2JpbGUiOnt9fX0=&#8221; woodmart_box_shadow=&#8221;no&#8221; wd_z_index=&#8221;no&#8221;][vc_column woodmart_text_align=&#8221;center&#8221; css=&#8221;.vc_custom_1750280697068{padding-top: 0px !important;}&#8221; el_class=&#8221;text-center&#8221; woodmart_css_id=&#8221;685329e06a251&#8243; parallax_scroll=&#8221;no&#8221;\" \/>\n<meta property=\"og:url\" content=\"https:\/\/trailercenter.se\/hillerstorp\/\" \/>\n<meta property=\"og:site_name\" content=\"Hillerstorp\" \/>\n<meta property=\"article:modified_time\" content=\"2026-02-01T17:43:15+00:00\" \/>\n<meta property=\"og:image\" content=\"https:\/\/trailercenter.se\/hillerstorp\/wp-content\/uploads\/sites\/5\/2025\/02\/trailercenter_logo_varnamo.jpg\" \/>\n\t<meta property=\"og:image:width\" content=\"1113\" \/>\n\t<meta property=\"og:image:height\" content=\"225\" \/>\n\t<meta property=\"og:image:type\" content=\"image\/jpeg\" \/>\n<meta name=\"twitter:card\" content=\"summary_large_image\" \/>\n<meta name=\"twitter:label1\" content=\"Ber\u00e4knad l\u00e4stid\" \/>\n\t<meta name=\"twitter:data1\" content=\"3 minuter\" \/>\n<script type=\"application\/ld+json\" class=\"yoast-schema-graph\">{\"@context\":\"https:\\\/\\\/schema.org\",\"@graph\":[{\"@type\":\"WebPage\",\"@id\":\"https:\\\/\\\/trailercenter.se\\\/hillerstorp\\\/\",\"url\":\"https:\\\/\\\/trailercenter.se\\\/hillerstorp\\\/\",\"name\":\"V\u00e4rnamo Trailercenter - Hillerstorp\",\"isPartOf\":{\"@id\":\"https:\\\/\\\/trailercenter.se\\\/hillerstorp\\\/#website\"},\"datePublished\":\"2021-01-20T10:15:22+00:00\",\"dateModified\":\"2026-02-01T17:43:15+00:00\",\"breadcrumb\":{\"@id\":\"https:\\\/\\\/trailercenter.se\\\/hillerstorp\\\/#breadcrumb\"},\"inLanguage\":\"sv-SE\",\"potentialAction\":[{\"@type\":\"ReadAction\",\"target\":[\"https:\\\/\\\/trailercenter.se\\\/hillerstorp\\\/\"]}]},{\"@type\":\"BreadcrumbList\",\"@id\":\"https:\\\/\\\/trailercenter.se\\\/hillerstorp\\\/#breadcrumb\",\"itemListElement\":[{\"@type\":\"ListItem\",\"position\":1,\"name\":\"Hem\",\"item\":\"https:\\\/\\\/trailercenter.se\\\/hillerstorp\\\/\"},{\"@type\":\"ListItem\",\"position\":2,\"name\":\"V\u00e4rnamo Trailercenter\"}]},{\"@type\":\"WebSite\",\"@id\":\"https:\\\/\\\/trailercenter.se\\\/hillerstorp\\\/#website\",\"url\":\"https:\\\/\\\/trailercenter.se\\\/hillerstorp\\\/\",\"name\":\"Hillerstorp\",\"description\":\"Vi ligger steget f\u00f6re med det som sl\u00e4par efter!\",\"publisher\":{\"@id\":\"https:\\\/\\\/trailercenter.se\\\/hillerstorp\\\/#organization\"},\"potentialAction\":[{\"@type\":\"SearchAction\",\"target\":{\"@type\":\"EntryPoint\",\"urlTemplate\":\"https:\\\/\\\/trailercenter.se\\\/hillerstorp\\\/?s={search_term_string}\"},\"query-input\":{\"@type\":\"PropertyValueSpecification\",\"valueRequired\":true,\"valueName\":\"search_term_string\"}}],\"inLanguage\":\"sv-SE\"},{\"@type\":[\"Organization\",\"Place\"],\"@id\":\"https:\\\/\\\/trailercenter.se\\\/hillerstorp\\\/#organization\",\"name\":\"Trailercenter i V\u00e4rnamo\",\"alternateName\":\"V\u00e4rnamo Trailercenter\",\"url\":\"https:\\\/\\\/trailercenter.se\\\/hillerstorp\\\/\",\"logo\":{\"@id\":\"https:\\\/\\\/trailercenter.se\\\/hillerstorp\\\/#local-main-organization-logo\"},\"image\":{\"@id\":\"https:\\\/\\\/trailercenter.se\\\/hillerstorp\\\/#local-main-organization-logo\"},\"address\":{\"@id\":\"https:\\\/\\\/trailercenter.se\\\/hillerstorp\\\/#local-main-place-address\"},\"geo\":{\"@type\":\"GeoCoordinates\",\"latitude\":\"57.30087689411952\",\"longitude\":\"13.865149783624\"},\"telephone\":[\"0370 \u2013 25440\"],\"openingHoursSpecification\":[{\"@type\":\"OpeningHoursSpecification\",\"dayOfWeek\":[\"Monday\",\"Tuesday\",\"Wednesday\",\"Thursday\"],\"opens\":\"06:30\",\"closes\":\"16:30\"},{\"@type\":\"OpeningHoursSpecification\",\"dayOfWeek\":[\"Friday\"],\"opens\":\"06:30\",\"closes\":\"13:30\"},{\"@type\":\"OpeningHoursSpecification\",\"dayOfWeek\":[\"Saturday\",\"Sunday\"],\"opens\":\"00:00\",\"closes\":\"00:00\"}],\"email\":\"trailercenter@heijel.se\"},{\"@type\":\"PostalAddress\",\"@id\":\"https:\\\/\\\/trailercenter.se\\\/hillerstorp\\\/#local-main-place-address\",\"streetAddress\":\"H\u00e5kanstorpsv\u00e4gen 5\",\"addressLocality\":\"Hillerstorp\",\"postalCode\":\"335 73\",\"addressCountry\":\"SE\"},{\"@type\":\"ImageObject\",\"inLanguage\":\"sv-SE\",\"@id\":\"https:\\\/\\\/trailercenter.se\\\/hillerstorp\\\/#local-main-organization-logo\",\"url\":\"https:\\\/\\\/trailercenter.se\\\/hillerstorp\\\/wp-content\\\/uploads\\\/sites\\\/5\\\/2025\\\/02\\\/trailercenter_logo_varnamo.jpg\",\"contentUrl\":\"https:\\\/\\\/trailercenter.se\\\/hillerstorp\\\/wp-content\\\/uploads\\\/sites\\\/5\\\/2025\\\/02\\\/trailercenter_logo_varnamo.jpg\",\"width\":1113,\"height\":225,\"caption\":\"Trailercenter i V\u00e4rnamo\"}]}<\/script>\n<meta name=\"geo.placename\" content=\"Hillerstorp\" \/>\n<meta name=\"geo.position\" content=\"57.30087689411952;13.865149783624\" \/>\n<meta name=\"geo.region\" content=\"Sverige\" \/>\n<!-- \/ Yoast SEO Premium plugin. -->","yoast_head_json":{"title":"V\u00e4rnamo Trailercenter - Hillerstorp","robots":{"index":"noindex","follow":"follow","max-snippet":"max-snippet:-1","max-image-preview":"max-image-preview:large","max-video-preview":"max-video-preview:-1"},"og_locale":"sv_SE","og_type":"article","og_title":"V\u00e4rnamo Trailercenter","og_description":"[vc_row full_width=&#8221;stretch_row&#8221; mobile_bg_img_hidden=&#8221;no&#8221; tablet_bg_img_hidden=&#8221;no&#8221; woodmart_parallax=&#8221;0&#8243; woodmart_gradient_switch=&#8221;no&#8221; row_reverse_mobile=&#8221;0&#8243; row_reverse_tablet=&#8221;0&#8243; woodmart_disable_overflow=&#8221;0&#8243; woodmart_css_id=&#8221;6853296b51695&#8243; responsive_spacing=&#8221;eyJwYXJhbV90eXBlIjoid29vZG1hcnRfcmVzcG9uc2l2ZV9zcGFjaW5nIiwic2VsZWN0b3JfaWQiOiI2ODUzMjk2YjUxNjk1Iiwic2hvcnRjb2RlIjoidmNfcm93IiwiZGF0YSI6eyJ0YWJsZXQiOnt9LCJtb2JpbGUiOnt9fX0=&#8221; woodmart_box_shadow=&#8221;no&#8221; wd_z_index=&#8221;no&#8221;][vc_column woodmart_text_align=&#8221;center&#8221; css=&#8221;.vc_custom_1750280697068{padding-top: 0px !important;}&#8221; el_class=&#8221;text-center&#8221; woodmart_css_id=&#8221;685329e06a251&#8243; parallax_scroll=&#8221;no&#8221;","og_url":"https:\/\/trailercenter.se\/hillerstorp\/","og_site_name":"Hillerstorp","article_modified_time":"2026-02-01T17:43:15+00:00","og_image":[{"width":1113,"height":225,"url":"https:\/\/trailercenter.se\/hillerstorp\/wp-content\/uploads\/sites\/5\/2025\/02\/trailercenter_logo_varnamo.jpg","type":"image\/jpeg"}],"twitter_card":"summary_large_image","twitter_misc":{"Ber\u00e4knad l\u00e4stid":"3 minuter"},"schema":{"@context":"https:\/\/schema.org","@graph":[{"@type":"WebPage","@id":"https:\/\/trailercenter.se\/hillerstorp\/","url":"https:\/\/trailercenter.se\/hillerstorp\/","name":"V\u00e4rnamo Trailercenter - Hillerstorp","isPartOf":{"@id":"https:\/\/trailercenter.se\/hillerstorp\/#website"},"datePublished":"2021-01-20T10:15:22+00:00","dateModified":"2026-02-01T17:43:15+00:00","breadcrumb":{"@id":"https:\/\/trailercenter.se\/hillerstorp\/#breadcrumb"},"inLanguage":"sv-SE","potentialAction":[{"@type":"ReadAction","target":["https:\/\/trailercenter.se\/hillerstorp\/"]}]},{"@type":"BreadcrumbList","@id":"https:\/\/trailercenter.se\/hillerstorp\/#breadcrumb","itemListElement":[{"@type":"ListItem","position":1,"name":"Hem","item":"https:\/\/trailercenter.se\/hillerstorp\/"},{"@type":"ListItem","position":2,"name":"V\u00e4rnamo Trailercenter"}]},{"@type":"WebSite","@id":"https:\/\/trailercenter.se\/hillerstorp\/#website","url":"https:\/\/trailercenter.se\/hillerstorp\/","name":"Hillerstorp","description":"Vi ligger steget f\u00f6re med det som sl\u00e4par efter!","publisher":{"@id":"https:\/\/trailercenter.se\/hillerstorp\/#organization"},"potentialAction":[{"@type":"SearchAction","target":{"@type":"EntryPoint","urlTemplate":"https:\/\/trailercenter.se\/hillerstorp\/?s={search_term_string}"},"query-input":{"@type":"PropertyValueSpecification","valueRequired":true,"valueName":"search_term_string"}}],"inLanguage":"sv-SE"},{"@type":["Organization","Place"],"@id":"https:\/\/trailercenter.se\/hillerstorp\/#organization","name":"Trailercenter i V\u00e4rnamo","alternateName":"V\u00e4rnamo Trailercenter","url":"https:\/\/trailercenter.se\/hillerstorp\/","logo":{"@id":"https:\/\/trailercenter.se\/hillerstorp\/#local-main-organization-logo"},"image":{"@id":"https:\/\/trailercenter.se\/hillerstorp\/#local-main-organization-logo"},"address":{"@id":"https:\/\/trailercenter.se\/hillerstorp\/#local-main-place-address"},"geo":{"@type":"GeoCoordinates","latitude":"57.30087689411952","longitude":"13.865149783624"},"telephone":["0370 \u2013 25440"],"openingHoursSpecification":[{"@type":"OpeningHoursSpecification","dayOfWeek":["Monday","Tuesday","Wednesday","Thursday"],"opens":"06:30","closes":"16:30"},{"@type":"OpeningHoursSpecification","dayOfWeek":["Friday"],"opens":"06:30","closes":"13:30"},{"@type":"OpeningHoursSpecification","dayOfWeek":["Saturday","Sunday"],"opens":"00:00","closes":"00:00"}],"email":"trailercenter@heijel.se"},{"@type":"PostalAddress","@id":"https:\/\/trailercenter.se\/hillerstorp\/#local-main-place-address","streetAddress":"H\u00e5kanstorpsv\u00e4gen 5","addressLocality":"Hillerstorp","postalCode":"335 73","addressCountry":"SE"},{"@type":"ImageObject","inLanguage":"sv-SE","@id":"https:\/\/trailercenter.se\/hillerstorp\/#local-main-organization-logo","url":"https:\/\/trailercenter.se\/hillerstorp\/wp-content\/uploads\/sites\/5\/2025\/02\/trailercenter_logo_varnamo.jpg","contentUrl":"https:\/\/trailercenter.se\/hillerstorp\/wp-content\/uploads\/sites\/5\/2025\/02\/trailercenter_logo_varnamo.jpg","width":1113,"height":225,"caption":"Trailercenter i V\u00e4rnamo"}]},"geo.placename":"Hillerstorp","geo.position":{"lat":"57.30087689411952","long":"13.865149783624"},"geo.region":"Sverige"},"_links":{"self":[{"href":"https:\/\/trailercenter.se\/hillerstorp\/wp-json\/wp\/v2\/pages\/2","targetHints":{"allow":["GET"]}}],"collection":[{"href":"https:\/\/trailercenter.se\/hillerstorp\/wp-json\/wp\/v2\/pages"}],"about":[{"href":"https:\/\/trailercenter.se\/hillerstorp\/wp-json\/wp\/v2\/types\/page"}],"author":[{"embeddable":true,"href":"https:\/\/trailercenter.se\/hillerstorp\/wp-json\/wp\/v2\/users\/1"}],"replies":[{"embeddable":true,"href":"https:\/\/trailercenter.se\/hillerstorp\/wp-json\/wp\/v2\/comments?post=2"}],"version-history":[{"count":0,"href":"https:\/\/trailercenter.se\/hillerstorp\/wp-json\/wp\/v2\/pages\/2\/revisions"}],"wp:attachment":[{"href":"https:\/\/trailercenter.se\/hillerstorp\/wp-json\/wp\/v2\/media?parent=2"}],"curies":[{"name":"wp","href":"https:\/\/api.w.org\/{rel}","templated":true}]}}