{"id":3408,"date":"2025-03-25T11:12:30","date_gmt":"2025-03-25T10:12:30","guid":{"rendered":"https:\/\/trailercenter.se\/hillerstorp\/?page_id=3408"},"modified":"2025-11-17T14:42:27","modified_gmt":"2025-11-17T13:42:27","slug":"avvikande-oppettider","status":"publish","type":"page","link":"https:\/\/trailercenter.se\/hillerstorp\/avvikande-oppettider\/","title":{"rendered":"Avvikande \u00d6ppettider"},"content":{"rendered":"<div class=\"wpb-content-wrapper\"><p>[vc_row disable_element=&#8221;yes&#8221; woodmart_css_id=&#8221;691b263e7d620&#8243; responsive_spacing=&#8221;eyJwYXJhbV90eXBlIjoid29vZG1hcnRfcmVzcG9uc2l2ZV9zcGFjaW5nIiwic2VsZWN0b3JfaWQiOiI2OTFiMjYzZTdkNjIwIiwic2hvcnRjb2RlIjoidmNfcm93IiwiZGF0YSI6eyJ0YWJsZXQiOnt9LCJtb2JpbGUiOnt9fX0=&#8221; mobile_bg_img_hidden=&#8221;no&#8221; tablet_bg_img_hidden=&#8221;no&#8221; woodmart_parallax=&#8221;0&#8243; woodmart_gradient_switch=&#8221;no&#8221; woodmart_box_shadow=&#8221;no&#8221; wd_z_index=&#8221;no&#8221; woodmart_disable_overflow=&#8221;0&#8243; row_reverse_mobile=&#8221;0&#8243; row_reverse_tablet=&#8221;0&#8243;][vc_column width=&#8221;1\/6&#8243;][\/vc_column][vc_column width=&#8221;2\/3&#8243;][vc_column_text css=&#8221;&#8221; woodmart_inline=&#8221;no&#8221; text_larger=&#8221;no&#8221;]<\/p>\n<p class=\"x_MsoNormal\" style=\"text-align: center;\" data-olk-copy-source=\"MessageBody\"><b>Finns inga avvikande \u00f6ppettider just nu!<\/b><\/p>\n<p>[\/vc_column_text][\/vc_column][vc_column width=&#8221;1\/6&#8243;][\/vc_column][\/vc_row][vc_row woodmart_css_id=&#8221;691b259a8a21e&#8221; responsive_spacing=&#8221;eyJwYXJhbV90eXBlIjoid29vZG1hcnRfcmVzcG9uc2l2ZV9zcGFjaW5nIiwic2VsZWN0b3JfaWQiOiI2OTFiMjU5YThhMjFlIiwic2hvcnRjb2RlIjoidmNfcm93IiwiZGF0YSI6eyJ0YWJsZXQiOnt9LCJtb2JpbGUiOnt9fX0=&#8221; mobile_bg_img_hidden=&#8221;no&#8221; tablet_bg_img_hidden=&#8221;no&#8221; woodmart_parallax=&#8221;0&#8243; woodmart_gradient_switch=&#8221;no&#8221; woodmart_box_shadow=&#8221;no&#8221; wd_z_index=&#8221;no&#8221; woodmart_disable_overflow=&#8221;0&#8243; row_reverse_mobile=&#8221;0&#8243; row_reverse_tablet=&#8221;0&#8243;][vc_column width=&#8221;1\/6&#8243;][\/vc_column][vc_column width=&#8221;2\/3&#8243;][vc_column_text css=&#8221;.vc_custom_1763386940168{margin-bottom: 0px !important;}&#8221; woodmart_inline=&#8221;no&#8221; text_larger=&#8221;no&#8221;]<\/p>\n<h3 class=\"x_MsoNormal\" style=\"text-align: center;\" data-olk-copy-source=\"MessageBody\">\u00d6PPETTIDER JUL &amp; NY\u00c5R<\/h3>\n<p style=\"text-align: center;\"><strong>St\u00e4ngt from 22\/12 till 6\/1-2026<\/strong><\/p>\n<p style=\"text-align: center;\">Vi finns tillg\u00e4ngliga via e-post eller telefon vid br\u00e5dskande \u00e4renden.<\/p>\n<p>[\/vc_column_text][\/vc_column][vc_column width=&#8221;1\/6&#8243;][\/vc_column][\/vc_row]<\/p>\n<\/div>","protected":false},"excerpt":{"rendered":"<p>[vc_row disable_element=&#8221;yes&#8221; woodmart_css_id=&#8221;691b263e7d620&#8243; responsive_spacing=&#8221;eyJwYXJhbV90eXBlIjoid29vZG1hcnRfcmVzcG9uc2l2ZV9zcGFjaW5nIiwic2VsZWN0b3JfaWQiOiI2OTFiMjYzZTdkNjIwIiwic2hvcnRjb2RlIjoidmNfcm93IiwiZGF0YSI6eyJ0YWJsZXQiOnt9LCJtb2JpbGUiOnt9fX0=&#8221; mobile_bg_img_hidden=&#8221;no&#8221; tablet_bg_img_hidden=&#8221;no&#8221; woodmart_parallax=&#8221;0&#8243; woodmart_gradient_switch=&#8221;no&#8221; woodmart_box_shadow=&#8221;no&#8221; wd_z_index=&#8221;no&#8221; woodmart_disable_overflow=&#8221;0&#8243; row_reverse_mobile=&#8221;0&#8243; row_reverse_tablet=&#8221;0&#8243;][vc_column width=&#8221;1\/6&#8243;][\/vc_column][vc_column width=&#8221;2\/3&#8243;][vc_column_text css=&#8221;&#8221; woodmart_inline=&#8221;no&#8221; text_larger=&#8221;no&#8221;] Finns inga<\/p>\n","protected":false},"author":1,"featured_media":0,"parent":0,"menu_order":0,"comment_status":"closed","ping_status":"closed","template":"","meta":{"footnotes":""},"class_list":["post-3408","page","type-page","status-publish","hentry"],"yoast_head":"<!-- This site is optimized with the Yoast SEO Premium plugin v27.5 (Yoast SEO v27.5) - https:\/\/yoast.com\/product\/yoast-seo-premium-wordpress\/ -->\n<title>Avvikande \u00d6ppettider - Hillerstorp<\/title>\n<meta name=\"robots\" content=\"noindex, follow, max-snippet:-1, max-image-preview:large, max-video-preview:-1\" \/>\n<meta property=\"og:locale\" content=\"sv_SE\" \/>\n<meta property=\"og:type\" content=\"article\" \/>\n<meta property=\"og:title\" content=\"Avvikande \u00d6ppettider\" \/>\n<meta property=\"og:description\" content=\"[vc_row disable_element=&#8221;yes&#8221; woodmart_css_id=&#8221;691b263e7d620&#8243; responsive_spacing=&#8221;eyJwYXJhbV90eXBlIjoid29vZG1hcnRfcmVzcG9uc2l2ZV9zcGFjaW5nIiwic2VsZWN0b3JfaWQiOiI2OTFiMjYzZTdkNjIwIiwic2hvcnRjb2RlIjoidmNfcm93IiwiZGF0YSI6eyJ0YWJsZXQiOnt9LCJtb2JpbGUiOnt9fX0=&#8221; mobile_bg_img_hidden=&#8221;no&#8221; tablet_bg_img_hidden=&#8221;no&#8221; woodmart_parallax=&#8221;0&#8243; woodmart_gradient_switch=&#8221;no&#8221; woodmart_box_shadow=&#8221;no&#8221; wd_z_index=&#8221;no&#8221; woodmart_disable_overflow=&#8221;0&#8243; row_reverse_mobile=&#8221;0&#8243; row_reverse_tablet=&#8221;0&#8243;][vc_column width=&#8221;1\/6&#8243;][\/vc_column][vc_column width=&#8221;2\/3&#8243;][vc_column_text css=&#8221;&#8221; woodmart_inline=&#8221;no&#8221; text_larger=&#8221;no&#8221;] Finns inga\" \/>\n<meta property=\"og:url\" content=\"https:\/\/trailercenter.se\/hillerstorp\/avvikande-oppettider\/\" \/>\n<meta property=\"og:site_name\" content=\"Hillerstorp\" \/>\n<meta property=\"article:modified_time\" content=\"2025-11-17T13:42:27+00:00\" \/>\n<meta property=\"og:image\" content=\"https:\/\/trailercenter.se\/hillerstorp\/wp-content\/uploads\/sites\/5\/2025\/02\/trailercenter_logo_varnamo.jpg\" \/>\n\t<meta property=\"og:image:width\" content=\"1113\" \/>\n\t<meta property=\"og:image:height\" content=\"225\" \/>\n\t<meta property=\"og:image:type\" content=\"image\/jpeg\" \/>\n<meta name=\"twitter:card\" content=\"summary_large_image\" \/>\n<meta name=\"twitter:label1\" content=\"Ber\u00e4knad l\u00e4stid\" \/>\n\t<meta name=\"twitter:data1\" content=\"1 minut\" \/>\n<script type=\"application\/ld+json\" class=\"yoast-schema-graph\">{\"@context\":\"https:\\\/\\\/schema.org\",\"@graph\":[{\"@type\":\"WebPage\",\"@id\":\"https:\\\/\\\/trailercenter.se\\\/hillerstorp\\\/avvikande-oppettider\\\/\",\"url\":\"https:\\\/\\\/trailercenter.se\\\/hillerstorp\\\/avvikande-oppettider\\\/\",\"name\":\"Avvikande \u00d6ppettider - Hillerstorp\",\"isPartOf\":{\"@id\":\"https:\\\/\\\/trailercenter.se\\\/hillerstorp\\\/#website\"},\"datePublished\":\"2025-03-25T10:12:30+00:00\",\"dateModified\":\"2025-11-17T13:42:27+00:00\",\"breadcrumb\":{\"@id\":\"https:\\\/\\\/trailercenter.se\\\/hillerstorp\\\/avvikande-oppettider\\\/#breadcrumb\"},\"inLanguage\":\"sv-SE\",\"potentialAction\":[{\"@type\":\"ReadAction\",\"target\":[\"https:\\\/\\\/trailercenter.se\\\/hillerstorp\\\/avvikande-oppettider\\\/\"]}]},{\"@type\":\"BreadcrumbList\",\"@id\":\"https:\\\/\\\/trailercenter.se\\\/hillerstorp\\\/avvikande-oppettider\\\/#breadcrumb\",\"itemListElement\":[{\"@type\":\"ListItem\",\"position\":1,\"name\":\"Hem\",\"item\":\"https:\\\/\\\/trailercenter.se\\\/hillerstorp\\\/\"},{\"@type\":\"ListItem\",\"position\":2,\"name\":\"Avvikande \u00d6ppettider\"}]},{\"@type\":\"WebSite\",\"@id\":\"https:\\\/\\\/trailercenter.se\\\/hillerstorp\\\/#website\",\"url\":\"https:\\\/\\\/trailercenter.se\\\/hillerstorp\\\/\",\"name\":\"Hillerstorp\",\"description\":\"Vi ligger steget f\u00f6re med det som sl\u00e4par efter!\",\"publisher\":{\"@id\":\"https:\\\/\\\/trailercenter.se\\\/hillerstorp\\\/#organization\"},\"potentialAction\":[{\"@type\":\"SearchAction\",\"target\":{\"@type\":\"EntryPoint\",\"urlTemplate\":\"https:\\\/\\\/trailercenter.se\\\/hillerstorp\\\/?s={search_term_string}\"},\"query-input\":{\"@type\":\"PropertyValueSpecification\",\"valueRequired\":true,\"valueName\":\"search_term_string\"}}],\"inLanguage\":\"sv-SE\"},{\"@type\":[\"Organization\",\"Place\"],\"@id\":\"https:\\\/\\\/trailercenter.se\\\/hillerstorp\\\/#organization\",\"name\":\"Trailercenter i V\u00e4rnamo\",\"alternateName\":\"V\u00e4rnamo Trailercenter\",\"url\":\"https:\\\/\\\/trailercenter.se\\\/hillerstorp\\\/\",\"logo\":{\"@id\":\"https:\\\/\\\/trailercenter.se\\\/hillerstorp\\\/avvikande-oppettider\\\/#local-main-organization-logo\"},\"image\":{\"@id\":\"https:\\\/\\\/trailercenter.se\\\/hillerstorp\\\/avvikande-oppettider\\\/#local-main-organization-logo\"},\"address\":{\"@id\":\"https:\\\/\\\/trailercenter.se\\\/hillerstorp\\\/avvikande-oppettider\\\/#local-main-place-address\"},\"geo\":{\"@type\":\"GeoCoordinates\",\"latitude\":\"57.30087689411952\",\"longitude\":\"13.865149783624\"},\"telephone\":[\"0370 \u2013 25440\"],\"openingHoursSpecification\":[{\"@type\":\"OpeningHoursSpecification\",\"dayOfWeek\":[\"Monday\",\"Tuesday\",\"Wednesday\",\"Thursday\"],\"opens\":\"06:30\",\"closes\":\"16:30\"},{\"@type\":\"OpeningHoursSpecification\",\"dayOfWeek\":[\"Friday\"],\"opens\":\"06:30\",\"closes\":\"13:30\"},{\"@type\":\"OpeningHoursSpecification\",\"dayOfWeek\":[\"Saturday\",\"Sunday\"],\"opens\":\"00:00\",\"closes\":\"00:00\"}],\"email\":\"trailercenter@heijel.se\"},{\"@type\":\"PostalAddress\",\"@id\":\"https:\\\/\\\/trailercenter.se\\\/hillerstorp\\\/avvikande-oppettider\\\/#local-main-place-address\",\"streetAddress\":\"H\u00e5kanstorpsv\u00e4gen 5\",\"addressLocality\":\"Hillerstorp\",\"postalCode\":\"335 73\",\"addressCountry\":\"SE\"},{\"@type\":\"ImageObject\",\"inLanguage\":\"sv-SE\",\"@id\":\"https:\\\/\\\/trailercenter.se\\\/hillerstorp\\\/avvikande-oppettider\\\/#local-main-organization-logo\",\"url\":\"https:\\\/\\\/trailercenter.se\\\/hillerstorp\\\/wp-content\\\/uploads\\\/sites\\\/5\\\/2025\\\/02\\\/trailercenter_logo_varnamo.jpg\",\"contentUrl\":\"https:\\\/\\\/trailercenter.se\\\/hillerstorp\\\/wp-content\\\/uploads\\\/sites\\\/5\\\/2025\\\/02\\\/trailercenter_logo_varnamo.jpg\",\"width\":1113,\"height\":225,\"caption\":\"Trailercenter i V\u00e4rnamo\"}]}<\/script>\n<meta name=\"geo.placename\" content=\"Hillerstorp\" \/>\n<meta name=\"geo.position\" content=\"57.30087689411952;13.865149783624\" \/>\n<meta name=\"geo.region\" content=\"Sverige\" \/>\n<!-- \/ Yoast SEO Premium plugin. -->","yoast_head_json":{"title":"Avvikande \u00d6ppettider - Hillerstorp","robots":{"index":"noindex","follow":"follow","max-snippet":"max-snippet:-1","max-image-preview":"max-image-preview:large","max-video-preview":"max-video-preview:-1"},"og_locale":"sv_SE","og_type":"article","og_title":"Avvikande \u00d6ppettider","og_description":"[vc_row disable_element=&#8221;yes&#8221; woodmart_css_id=&#8221;691b263e7d620&#8243; responsive_spacing=&#8221;eyJwYXJhbV90eXBlIjoid29vZG1hcnRfcmVzcG9uc2l2ZV9zcGFjaW5nIiwic2VsZWN0b3JfaWQiOiI2OTFiMjYzZTdkNjIwIiwic2hvcnRjb2RlIjoidmNfcm93IiwiZGF0YSI6eyJ0YWJsZXQiOnt9LCJtb2JpbGUiOnt9fX0=&#8221; mobile_bg_img_hidden=&#8221;no&#8221; tablet_bg_img_hidden=&#8221;no&#8221; woodmart_parallax=&#8221;0&#8243; woodmart_gradient_switch=&#8221;no&#8221; woodmart_box_shadow=&#8221;no&#8221; wd_z_index=&#8221;no&#8221; woodmart_disable_overflow=&#8221;0&#8243; row_reverse_mobile=&#8221;0&#8243; row_reverse_tablet=&#8221;0&#8243;][vc_column width=&#8221;1\/6&#8243;][\/vc_column][vc_column width=&#8221;2\/3&#8243;][vc_column_text css=&#8221;&#8221; woodmart_inline=&#8221;no&#8221; text_larger=&#8221;no&#8221;] Finns inga","og_url":"https:\/\/trailercenter.se\/hillerstorp\/avvikande-oppettider\/","og_site_name":"Hillerstorp","article_modified_time":"2025-11-17T13:42:27+00:00","og_image":[{"width":1113,"height":225,"url":"https:\/\/trailercenter.se\/hillerstorp\/wp-content\/uploads\/sites\/5\/2025\/02\/trailercenter_logo_varnamo.jpg","type":"image\/jpeg"}],"twitter_card":"summary_large_image","twitter_misc":{"Ber\u00e4knad l\u00e4stid":"1 minut"},"schema":{"@context":"https:\/\/schema.org","@graph":[{"@type":"WebPage","@id":"https:\/\/trailercenter.se\/hillerstorp\/avvikande-oppettider\/","url":"https:\/\/trailercenter.se\/hillerstorp\/avvikande-oppettider\/","name":"Avvikande \u00d6ppettider - Hillerstorp","isPartOf":{"@id":"https:\/\/trailercenter.se\/hillerstorp\/#website"},"datePublished":"2025-03-25T10:12:30+00:00","dateModified":"2025-11-17T13:42:27+00:00","breadcrumb":{"@id":"https:\/\/trailercenter.se\/hillerstorp\/avvikande-oppettider\/#breadcrumb"},"inLanguage":"sv-SE","potentialAction":[{"@type":"ReadAction","target":["https:\/\/trailercenter.se\/hillerstorp\/avvikande-oppettider\/"]}]},{"@type":"BreadcrumbList","@id":"https:\/\/trailercenter.se\/hillerstorp\/avvikande-oppettider\/#breadcrumb","itemListElement":[{"@type":"ListItem","position":1,"name":"Hem","item":"https:\/\/trailercenter.se\/hillerstorp\/"},{"@type":"ListItem","position":2,"name":"Avvikande \u00d6ppettider"}]},{"@type":"WebSite","@id":"https:\/\/trailercenter.se\/hillerstorp\/#website","url":"https:\/\/trailercenter.se\/hillerstorp\/","name":"Hillerstorp","description":"Vi ligger steget f\u00f6re med det som sl\u00e4par efter!","publisher":{"@id":"https:\/\/trailercenter.se\/hillerstorp\/#organization"},"potentialAction":[{"@type":"SearchAction","target":{"@type":"EntryPoint","urlTemplate":"https:\/\/trailercenter.se\/hillerstorp\/?s={search_term_string}"},"query-input":{"@type":"PropertyValueSpecification","valueRequired":true,"valueName":"search_term_string"}}],"inLanguage":"sv-SE"},{"@type":["Organization","Place"],"@id":"https:\/\/trailercenter.se\/hillerstorp\/#organization","name":"Trailercenter i V\u00e4rnamo","alternateName":"V\u00e4rnamo Trailercenter","url":"https:\/\/trailercenter.se\/hillerstorp\/","logo":{"@id":"https:\/\/trailercenter.se\/hillerstorp\/avvikande-oppettider\/#local-main-organization-logo"},"image":{"@id":"https:\/\/trailercenter.se\/hillerstorp\/avvikande-oppettider\/#local-main-organization-logo"},"address":{"@id":"https:\/\/trailercenter.se\/hillerstorp\/avvikande-oppettider\/#local-main-place-address"},"geo":{"@type":"GeoCoordinates","latitude":"57.30087689411952","longitude":"13.865149783624"},"telephone":["0370 \u2013 25440"],"openingHoursSpecification":[{"@type":"OpeningHoursSpecification","dayOfWeek":["Monday","Tuesday","Wednesday","Thursday"],"opens":"06:30","closes":"16:30"},{"@type":"OpeningHoursSpecification","dayOfWeek":["Friday"],"opens":"06:30","closes":"13:30"},{"@type":"OpeningHoursSpecification","dayOfWeek":["Saturday","Sunday"],"opens":"00:00","closes":"00:00"}],"email":"trailercenter@heijel.se"},{"@type":"PostalAddress","@id":"https:\/\/trailercenter.se\/hillerstorp\/avvikande-oppettider\/#local-main-place-address","streetAddress":"H\u00e5kanstorpsv\u00e4gen 5","addressLocality":"Hillerstorp","postalCode":"335 73","addressCountry":"SE"},{"@type":"ImageObject","inLanguage":"sv-SE","@id":"https:\/\/trailercenter.se\/hillerstorp\/avvikande-oppettider\/#local-main-organization-logo","url":"https:\/\/trailercenter.se\/hillerstorp\/wp-content\/uploads\/sites\/5\/2025\/02\/trailercenter_logo_varnamo.jpg","contentUrl":"https:\/\/trailercenter.se\/hillerstorp\/wp-content\/uploads\/sites\/5\/2025\/02\/trailercenter_logo_varnamo.jpg","width":1113,"height":225,"caption":"Trailercenter i V\u00e4rnamo"}]},"geo.placename":"Hillerstorp","geo.position":{"lat":"57.30087689411952","long":"13.865149783624"},"geo.region":"Sverige"},"_links":{"self":[{"href":"https:\/\/trailercenter.se\/hillerstorp\/wp-json\/wp\/v2\/pages\/3408","targetHints":{"allow":["GET"]}}],"collection":[{"href":"https:\/\/trailercenter.se\/hillerstorp\/wp-json\/wp\/v2\/pages"}],"about":[{"href":"https:\/\/trailercenter.se\/hillerstorp\/wp-json\/wp\/v2\/types\/page"}],"author":[{"embeddable":true,"href":"https:\/\/trailercenter.se\/hillerstorp\/wp-json\/wp\/v2\/users\/1"}],"replies":[{"embeddable":true,"href":"https:\/\/trailercenter.se\/hillerstorp\/wp-json\/wp\/v2\/comments?post=3408"}],"version-history":[{"count":0,"href":"https:\/\/trailercenter.se\/hillerstorp\/wp-json\/wp\/v2\/pages\/3408\/revisions"}],"wp:attachment":[{"href":"https:\/\/trailercenter.se\/hillerstorp\/wp-json\/wp\/v2\/media?parent=3408"}],"curies":[{"name":"wp","href":"https:\/\/api.w.org\/{rel}","templated":true}]}}