{"id":3434,"date":"2025-03-25T11:50:18","date_gmt":"2025-03-25T10:50:18","guid":{"rendered":"https:\/\/trailercenter.se\/hillerstorp\/?page_id=3434"},"modified":"2025-03-25T11:52:56","modified_gmt":"2025-03-25T10:52:56","slug":"om-oss","status":"publish","type":"page","link":"https:\/\/trailercenter.se\/hillerstorp\/om-oss\/","title":{"rendered":"Om oss"},"content":{"rendered":"<div class=\"wpb-content-wrapper\"><p>[vc_row][vc_column css=&#8221;.vc_custom_1565553223054{margin-bottom: -9px !important;}&#8221; mobile_bg_img_hidden=&#8221;no&#8221; tablet_bg_img_hidden=&#8221;no&#8221; woodmart_parallax=&#8221;0&#8243; woodmart_sticky_column=&#8221;false&#8221; parallax_scroll=&#8221;no&#8221; mobile_reset_margin=&#8221;no&#8221; tablet_reset_margin=&#8221;no&#8221;][vc_column_text css=&#8221;.vc_custom_1742899939696{margin-top: -3px !important;margin-bottom: 29px !important;}&#8221; text_larger=&#8221;no&#8221; woodmart_inline=&#8221;no&#8221;]<\/p>\n<p style=\"text-align: left;\">OM OSS<\/p>\n<p>[\/vc_column_text][vc_separator][\/vc_column][vc_column css=&#8221;.vc_custom_1565553566198{margin-top: -10px !important;}&#8221; mobile_bg_img_hidden=&#8221;no&#8221; tablet_bg_img_hidden=&#8221;no&#8221; woodmart_parallax=&#8221;0&#8243; woodmart_sticky_column=&#8221;false&#8221; parallax_scroll=&#8221;no&#8221; mobile_reset_margin=&#8221;no&#8221; tablet_reset_margin=&#8221;no&#8221;][vc_column_text css=&#8221;&#8221; text_larger=&#8221;no&#8221; woodmart_inline=&#8221;no&#8221;]V\u00e4rnamo Trailercenter \u00e4r en filial till Trailercenter i Uppsala AB som har varit etablerad p\u00e5 svenska marknaden sedan 1991. F\u00f6retaget grundades i Uppsalas s\u00f6dra stadsdelar som \u00e4r ett av Sveriges st\u00f6rsta och mest etablerade Trailercenter med en gedigen kunskap och erfarenhet.<\/p>\n<p>V\u00e4rnamo Trailercenter drivs av Heijel Production AB som ligger i sm\u00e5l\u00e4ndska Hillerstorp. Heijel Production AB \u00e4r ett modernt nyt\u00e4nkande f\u00f6retag med familjetraditioner.<\/p>\n<p>Under 70-talet blev tillverkningen av tr\u00e5dprodukter alltmer automatiserad och n\u00e4r Nils s\u00f6ner tog \u00f6ver verksamheten med nya id\u00e9er och ny energi utvecklades f\u00f6retaget snabbt. Antalet anst\u00e4llda steg till 75 st och nya maskiner inf\u00f6rskaffades, bland annat en gallersvets som var en revolutionerande maskin i branschen.<\/p>\n<p>\u00c5r 1991 flyttades verksamheten till nya lokaler d\u00e4r f\u00f6retaget fortfarande huserar. En rad ombyggnader har \u00f6kat lokalernas storlek. Sedan 2005 drivs Heijel Production AB av tredje generationen genom Martin Heijel som tillsammans med Sonny Ingebrigtsen moderniserar f\u00f6retaget ytterligare.<\/p>\n<p>F\u00f6rutom en gedigen kunskap av olika tr\u00e5dprodukter ut\u00f6kar nu Heijel sin verksamhet med sl\u00e4p och trailers. Ett naturligt steg d\u00e5 dom redan \u00e4r verksamma inom branschen med produktion av p\u00e5byggnader som sl\u00e4pvagnstillbeh\u00f6r.[\/vc_column_text][\/vc_column][\/vc_row]<\/p>\n<\/div>","protected":false},"excerpt":{"rendered":"<p>[vc_row][vc_column css=&#8221;.vc_custom_1565553223054{margin-bottom: -9px !important;}&#8221; mobile_bg_img_hidden=&#8221;no&#8221; tablet_bg_img_hidden=&#8221;no&#8221; woodmart_parallax=&#8221;0&#8243; woodmart_sticky_column=&#8221;false&#8221; parallax_scroll=&#8221;no&#8221; mobile_reset_margin=&#8221;no&#8221; tablet_reset_margin=&#8221;no&#8221;][vc_column_text css=&#8221;.vc_custom_1742899939696{margin-top: -3px !important;margin-bottom: 29px !important;}&#8221; text_larger=&#8221;no&#8221; woodmart_inline=&#8221;no&#8221;] OM OSS<\/p>\n","protected":false},"author":1,"featured_media":0,"parent":0,"menu_order":0,"comment_status":"closed","ping_status":"closed","template":"","meta":{"footnotes":""},"class_list":["post-3434","page","type-page","status-publish","hentry"],"yoast_head":"<!-- This site is optimized with the Yoast SEO Premium plugin v27.5 (Yoast SEO v27.5) - https:\/\/yoast.com\/product\/yoast-seo-premium-wordpress\/ -->\n<title>Om oss - Hillerstorp<\/title>\n<meta name=\"robots\" content=\"noindex, follow, max-snippet:-1, max-image-preview:large, max-video-preview:-1\" \/>\n<meta property=\"og:locale\" content=\"sv_SE\" \/>\n<meta property=\"og:type\" content=\"article\" \/>\n<meta property=\"og:title\" content=\"Om oss\" \/>\n<meta property=\"og:description\" content=\"[vc_row][vc_column css=&#8221;.vc_custom_1565553223054{margin-bottom: -9px !important;}&#8221; mobile_bg_img_hidden=&#8221;no&#8221; tablet_bg_img_hidden=&#8221;no&#8221; woodmart_parallax=&#8221;0&#8243; woodmart_sticky_column=&#8221;false&#8221; parallax_scroll=&#8221;no&#8221; mobile_reset_margin=&#8221;no&#8221; tablet_reset_margin=&#8221;no&#8221;][vc_column_text css=&#8221;.vc_custom_1742899939696{margin-top: -3px !important;margin-bottom: 29px !important;}&#8221; text_larger=&#8221;no&#8221; woodmart_inline=&#8221;no&#8221;] OM OSS\" \/>\n<meta property=\"og:url\" content=\"https:\/\/trailercenter.se\/hillerstorp\/om-oss\/\" \/>\n<meta property=\"og:site_name\" content=\"Hillerstorp\" \/>\n<meta property=\"article:modified_time\" content=\"2025-03-25T10:52:56+00:00\" \/>\n<meta property=\"og:image\" content=\"https:\/\/trailercenter.se\/hillerstorp\/wp-content\/uploads\/sites\/5\/2025\/02\/trailercenter_logo_varnamo.jpg\" \/>\n\t<meta property=\"og:image:width\" content=\"1113\" \/>\n\t<meta property=\"og:image:height\" content=\"225\" \/>\n\t<meta property=\"og:image:type\" content=\"image\/jpeg\" \/>\n<meta name=\"twitter:card\" content=\"summary_large_image\" \/>\n<meta name=\"twitter:label1\" content=\"Ber\u00e4knad l\u00e4stid\" \/>\n\t<meta name=\"twitter:data1\" content=\"2 minuter\" \/>\n<script type=\"application\/ld+json\" class=\"yoast-schema-graph\">{\"@context\":\"https:\\\/\\\/schema.org\",\"@graph\":[{\"@type\":\"WebPage\",\"@id\":\"https:\\\/\\\/trailercenter.se\\\/hillerstorp\\\/om-oss\\\/\",\"url\":\"https:\\\/\\\/trailercenter.se\\\/hillerstorp\\\/om-oss\\\/\",\"name\":\"Om oss - Hillerstorp\",\"isPartOf\":{\"@id\":\"https:\\\/\\\/trailercenter.se\\\/hillerstorp\\\/#website\"},\"datePublished\":\"2025-03-25T10:50:18+00:00\",\"dateModified\":\"2025-03-25T10:52:56+00:00\",\"breadcrumb\":{\"@id\":\"https:\\\/\\\/trailercenter.se\\\/hillerstorp\\\/om-oss\\\/#breadcrumb\"},\"inLanguage\":\"sv-SE\",\"potentialAction\":[{\"@type\":\"ReadAction\",\"target\":[\"https:\\\/\\\/trailercenter.se\\\/hillerstorp\\\/om-oss\\\/\"]}]},{\"@type\":\"BreadcrumbList\",\"@id\":\"https:\\\/\\\/trailercenter.se\\\/hillerstorp\\\/om-oss\\\/#breadcrumb\",\"itemListElement\":[{\"@type\":\"ListItem\",\"position\":1,\"name\":\"Hem\",\"item\":\"https:\\\/\\\/trailercenter.se\\\/hillerstorp\\\/\"},{\"@type\":\"ListItem\",\"position\":2,\"name\":\"Om oss\"}]},{\"@type\":\"WebSite\",\"@id\":\"https:\\\/\\\/trailercenter.se\\\/hillerstorp\\\/#website\",\"url\":\"https:\\\/\\\/trailercenter.se\\\/hillerstorp\\\/\",\"name\":\"Hillerstorp\",\"description\":\"Vi ligger steget f\u00f6re med det som sl\u00e4par efter!\",\"publisher\":{\"@id\":\"https:\\\/\\\/trailercenter.se\\\/hillerstorp\\\/#organization\"},\"potentialAction\":[{\"@type\":\"SearchAction\",\"target\":{\"@type\":\"EntryPoint\",\"urlTemplate\":\"https:\\\/\\\/trailercenter.se\\\/hillerstorp\\\/?s={search_term_string}\"},\"query-input\":{\"@type\":\"PropertyValueSpecification\",\"valueRequired\":true,\"valueName\":\"search_term_string\"}}],\"inLanguage\":\"sv-SE\"},{\"@type\":[\"Organization\",\"Place\"],\"@id\":\"https:\\\/\\\/trailercenter.se\\\/hillerstorp\\\/#organization\",\"name\":\"Trailercenter i V\u00e4rnamo\",\"alternateName\":\"V\u00e4rnamo Trailercenter\",\"url\":\"https:\\\/\\\/trailercenter.se\\\/hillerstorp\\\/\",\"logo\":{\"@id\":\"https:\\\/\\\/trailercenter.se\\\/hillerstorp\\\/om-oss\\\/#local-main-organization-logo\"},\"image\":{\"@id\":\"https:\\\/\\\/trailercenter.se\\\/hillerstorp\\\/om-oss\\\/#local-main-organization-logo\"},\"address\":{\"@id\":\"https:\\\/\\\/trailercenter.se\\\/hillerstorp\\\/om-oss\\\/#local-main-place-address\"},\"geo\":{\"@type\":\"GeoCoordinates\",\"latitude\":\"57.30087689411952\",\"longitude\":\"13.865149783624\"},\"telephone\":[\"0370 \u2013 25440\"],\"openingHoursSpecification\":[{\"@type\":\"OpeningHoursSpecification\",\"dayOfWeek\":[\"Monday\",\"Tuesday\",\"Wednesday\",\"Thursday\"],\"opens\":\"06:30\",\"closes\":\"16:30\"},{\"@type\":\"OpeningHoursSpecification\",\"dayOfWeek\":[\"Friday\"],\"opens\":\"06:30\",\"closes\":\"13:30\"},{\"@type\":\"OpeningHoursSpecification\",\"dayOfWeek\":[\"Saturday\",\"Sunday\"],\"opens\":\"00:00\",\"closes\":\"00:00\"}],\"email\":\"trailercenter@heijel.se\"},{\"@type\":\"PostalAddress\",\"@id\":\"https:\\\/\\\/trailercenter.se\\\/hillerstorp\\\/om-oss\\\/#local-main-place-address\",\"streetAddress\":\"H\u00e5kanstorpsv\u00e4gen 5\",\"addressLocality\":\"Hillerstorp\",\"postalCode\":\"335 73\",\"addressCountry\":\"SE\"},{\"@type\":\"ImageObject\",\"inLanguage\":\"sv-SE\",\"@id\":\"https:\\\/\\\/trailercenter.se\\\/hillerstorp\\\/om-oss\\\/#local-main-organization-logo\",\"url\":\"https:\\\/\\\/trailercenter.se\\\/hillerstorp\\\/wp-content\\\/uploads\\\/sites\\\/5\\\/2025\\\/02\\\/trailercenter_logo_varnamo.jpg\",\"contentUrl\":\"https:\\\/\\\/trailercenter.se\\\/hillerstorp\\\/wp-content\\\/uploads\\\/sites\\\/5\\\/2025\\\/02\\\/trailercenter_logo_varnamo.jpg\",\"width\":1113,\"height\":225,\"caption\":\"Trailercenter i V\u00e4rnamo\"}]}<\/script>\n<meta name=\"geo.placename\" content=\"Hillerstorp\" \/>\n<meta name=\"geo.position\" content=\"57.30087689411952;13.865149783624\" \/>\n<meta name=\"geo.region\" content=\"Sverige\" \/>\n<!-- \/ Yoast SEO Premium plugin. -->","yoast_head_json":{"title":"Om oss - Hillerstorp","robots":{"index":"noindex","follow":"follow","max-snippet":"max-snippet:-1","max-image-preview":"max-image-preview:large","max-video-preview":"max-video-preview:-1"},"og_locale":"sv_SE","og_type":"article","og_title":"Om oss","og_description":"[vc_row][vc_column css=&#8221;.vc_custom_1565553223054{margin-bottom: -9px !important;}&#8221; mobile_bg_img_hidden=&#8221;no&#8221; tablet_bg_img_hidden=&#8221;no&#8221; woodmart_parallax=&#8221;0&#8243; woodmart_sticky_column=&#8221;false&#8221; parallax_scroll=&#8221;no&#8221; mobile_reset_margin=&#8221;no&#8221; tablet_reset_margin=&#8221;no&#8221;][vc_column_text css=&#8221;.vc_custom_1742899939696{margin-top: -3px !important;margin-bottom: 29px !important;}&#8221; text_larger=&#8221;no&#8221; woodmart_inline=&#8221;no&#8221;] OM OSS","og_url":"https:\/\/trailercenter.se\/hillerstorp\/om-oss\/","og_site_name":"Hillerstorp","article_modified_time":"2025-03-25T10:52:56+00:00","og_image":[{"width":1113,"height":225,"url":"https:\/\/trailercenter.se\/hillerstorp\/wp-content\/uploads\/sites\/5\/2025\/02\/trailercenter_logo_varnamo.jpg","type":"image\/jpeg"}],"twitter_card":"summary_large_image","twitter_misc":{"Ber\u00e4knad l\u00e4stid":"2 minuter"},"schema":{"@context":"https:\/\/schema.org","@graph":[{"@type":"WebPage","@id":"https:\/\/trailercenter.se\/hillerstorp\/om-oss\/","url":"https:\/\/trailercenter.se\/hillerstorp\/om-oss\/","name":"Om oss - Hillerstorp","isPartOf":{"@id":"https:\/\/trailercenter.se\/hillerstorp\/#website"},"datePublished":"2025-03-25T10:50:18+00:00","dateModified":"2025-03-25T10:52:56+00:00","breadcrumb":{"@id":"https:\/\/trailercenter.se\/hillerstorp\/om-oss\/#breadcrumb"},"inLanguage":"sv-SE","potentialAction":[{"@type":"ReadAction","target":["https:\/\/trailercenter.se\/hillerstorp\/om-oss\/"]}]},{"@type":"BreadcrumbList","@id":"https:\/\/trailercenter.se\/hillerstorp\/om-oss\/#breadcrumb","itemListElement":[{"@type":"ListItem","position":1,"name":"Hem","item":"https:\/\/trailercenter.se\/hillerstorp\/"},{"@type":"ListItem","position":2,"name":"Om oss"}]},{"@type":"WebSite","@id":"https:\/\/trailercenter.se\/hillerstorp\/#website","url":"https:\/\/trailercenter.se\/hillerstorp\/","name":"Hillerstorp","description":"Vi ligger steget f\u00f6re med det som sl\u00e4par efter!","publisher":{"@id":"https:\/\/trailercenter.se\/hillerstorp\/#organization"},"potentialAction":[{"@type":"SearchAction","target":{"@type":"EntryPoint","urlTemplate":"https:\/\/trailercenter.se\/hillerstorp\/?s={search_term_string}"},"query-input":{"@type":"PropertyValueSpecification","valueRequired":true,"valueName":"search_term_string"}}],"inLanguage":"sv-SE"},{"@type":["Organization","Place"],"@id":"https:\/\/trailercenter.se\/hillerstorp\/#organization","name":"Trailercenter i V\u00e4rnamo","alternateName":"V\u00e4rnamo Trailercenter","url":"https:\/\/trailercenter.se\/hillerstorp\/","logo":{"@id":"https:\/\/trailercenter.se\/hillerstorp\/om-oss\/#local-main-organization-logo"},"image":{"@id":"https:\/\/trailercenter.se\/hillerstorp\/om-oss\/#local-main-organization-logo"},"address":{"@id":"https:\/\/trailercenter.se\/hillerstorp\/om-oss\/#local-main-place-address"},"geo":{"@type":"GeoCoordinates","latitude":"57.30087689411952","longitude":"13.865149783624"},"telephone":["0370 \u2013 25440"],"openingHoursSpecification":[{"@type":"OpeningHoursSpecification","dayOfWeek":["Monday","Tuesday","Wednesday","Thursday"],"opens":"06:30","closes":"16:30"},{"@type":"OpeningHoursSpecification","dayOfWeek":["Friday"],"opens":"06:30","closes":"13:30"},{"@type":"OpeningHoursSpecification","dayOfWeek":["Saturday","Sunday"],"opens":"00:00","closes":"00:00"}],"email":"trailercenter@heijel.se"},{"@type":"PostalAddress","@id":"https:\/\/trailercenter.se\/hillerstorp\/om-oss\/#local-main-place-address","streetAddress":"H\u00e5kanstorpsv\u00e4gen 5","addressLocality":"Hillerstorp","postalCode":"335 73","addressCountry":"SE"},{"@type":"ImageObject","inLanguage":"sv-SE","@id":"https:\/\/trailercenter.se\/hillerstorp\/om-oss\/#local-main-organization-logo","url":"https:\/\/trailercenter.se\/hillerstorp\/wp-content\/uploads\/sites\/5\/2025\/02\/trailercenter_logo_varnamo.jpg","contentUrl":"https:\/\/trailercenter.se\/hillerstorp\/wp-content\/uploads\/sites\/5\/2025\/02\/trailercenter_logo_varnamo.jpg","width":1113,"height":225,"caption":"Trailercenter i V\u00e4rnamo"}]},"geo.placename":"Hillerstorp","geo.position":{"lat":"57.30087689411952","long":"13.865149783624"},"geo.region":"Sverige"},"_links":{"self":[{"href":"https:\/\/trailercenter.se\/hillerstorp\/wp-json\/wp\/v2\/pages\/3434","targetHints":{"allow":["GET"]}}],"collection":[{"href":"https:\/\/trailercenter.se\/hillerstorp\/wp-json\/wp\/v2\/pages"}],"about":[{"href":"https:\/\/trailercenter.se\/hillerstorp\/wp-json\/wp\/v2\/types\/page"}],"author":[{"embeddable":true,"href":"https:\/\/trailercenter.se\/hillerstorp\/wp-json\/wp\/v2\/users\/1"}],"replies":[{"embeddable":true,"href":"https:\/\/trailercenter.se\/hillerstorp\/wp-json\/wp\/v2\/comments?post=3434"}],"version-history":[{"count":0,"href":"https:\/\/trailercenter.se\/hillerstorp\/wp-json\/wp\/v2\/pages\/3434\/revisions"}],"wp:attachment":[{"href":"https:\/\/trailercenter.se\/hillerstorp\/wp-json\/wp\/v2\/media?parent=3434"}],"curies":[{"name":"wp","href":"https:\/\/api.w.org\/{rel}","templated":true}]}}