{"id":3908,"date":"2025-06-02T10:07:04","date_gmt":"2025-06-02T08:07:04","guid":{"rendered":"https:\/\/trailercenter.se\/hillerstorp\/?post_type=product&#038;p=3908"},"modified":"2026-04-29T14:47:03","modified_gmt":"2026-04-29T12:47:03","slug":"slapvagn-neptun-praktik-253-kampanj","status":"publish","type":"product","link":"https:\/\/trailercenter.se\/hillerstorp\/produkt\/slapvagn-neptun-praktik-253-kampanj\/","title":{"rendered":"Neptun Praktik 253 n\u00e4tgrind 60cm"},"content":{"rendered":"<div class=\"wpb-content-wrapper\"><p>[vc_row disable_element=&#8221;yes&#8221; mobile_bg_img_hidden=&#8221;no&#8221; tablet_bg_img_hidden=&#8221;no&#8221; woodmart_parallax=&#8221;0&#8243; woodmart_gradient_switch=&#8221;no&#8221; row_reverse_mobile=&#8221;0&#8243; row_reverse_tablet=&#8221;0&#8243; woodmart_disable_overflow=&#8221;0&#8243;][vc_column][vc_column_text text_larger=&#8221;no&#8221; woodmart_inline=&#8221;no&#8221;]<\/p>\n<h1>Sl\u00e4pvagn Neptun Praktik<\/h1>\n<p>Sl\u00e4pvagn Neptun Praktik<\/p>\n<p><strong>L\u00e4nkar<br \/>\n<\/strong><a href=\"https:\/\/slpvkalk.transportstyrelsen.se\/extweb\/Slapvagnskalkylator\/Slapvagnskalkylator.aspx\">Sl\u00e4pvagnskalkylator \u00bb<br \/>\n<\/a><a href=\"https:\/\/trailercenter.se\/produkt-kategori\/slapvagnar\/\">Se alla sl\u00e4pvagnar \u00bb<\/a>[\/vc_column_text][\/vc_column][\/vc_row][vc_row][vc_column][vc_column_text text_larger=&#8221;no&#8221; woodmart_inline=&#8221;no&#8221;]<strong>SL\u00c4PVAGN NEPTUN PRAKTIK med tipp <\/strong>\u00e4r v\u00e5r mest popul\u00e4ra sl\u00e4pvagn. Den hj\u00e4lper dig i alla m\u00f6jliga och om\u00f6jliga situationer i vardagen. Fritidsvagnen utan broms f\u00f6r de flesta transporter. Den h\u00e4r \u00e4r utrustad med tipp vilket g\u00f6r det enkelt f\u00f6r dig att f\u00e5 bort skr\u00e4p utan att sopa dig svettig. M\u00e5nga praktiska tillbeh\u00f6r finns tillg\u00e4ngliga \u2013 f\u00f6rh\u00f6jningsl\u00e4mmar, galler eller kapell.<\/p>\n<p><strong>Robust ramkonstruktion<\/strong><br \/>\nGenomg\u00e5ende U-profil rambalkar p\u00e5 b\u00e4gge sidorna samt tv\u00e5 tv\u00e4rg\u00e5ende rambalkar ger en stark konstruktion.<\/p>\n<p><strong>Bra och s\u00e4kra k\u00f6regenskaper<\/strong><br \/>\nF\u00f6rst\u00e4rkt V-dragst\u00e5ng, oberoende hjulupph\u00e4ngning, gummi torsions fj\u00e4drad axel, garanterar goda k\u00f6regenskaper.<\/p>\n<p><strong>Starka och funktionella sidoprofiler<\/strong><br \/>\nDe profilerade sidprofilerna i kvalitetsst\u00e5l \u00e4r utvecklade f\u00f6r att t\u00e5la h\u00f6g p\u00e5frestning. Kapell knappar \u00e4r standard p\u00e5 alla NEPTUN sl\u00e4pvagnar f\u00f6r smidig montering av kapell eller kapellock.<\/p>\n<p><strong>Smidig lasts\u00e4kring<\/strong><br \/>\nSurrnings\u00f6glorna \u00e4r inte monterade i plywood botten s\u00e5 lastytan \u00e4r helt fri och plywooden \u00e4r inte skadad av borrade h\u00e5l, skruvar etc.<\/p>\n<p><strong>Skyddade multifunktionslampor<\/strong><br \/>\nMultifunktions bakljus monterade under den \u00f6ppningsbara bakl\u00e4mmen. D\u00e4rigenom \u00e4r alla anslutningar till lamporna skyddade mot fukt, rost, \u00e4rgning mm. p\u00e5 b\u00e4sta s\u00e4tt s\u00e5 de kan fungera i m\u00e5nga \u00e5r.<\/p>\n<p><strong>Smidig avlastning<\/strong><br \/>\nN\u00e5gra PRAKTIK-modeller \u00e4r utrustade med manuell tipp vilket g\u00f6r p\u00e5- och avlastning enkel och smidig f\u00f6r anv\u00e4ndaren.<\/p>\n<p><em>Sl\u00e4pet p\u00e5 bilden kan vara extrautrustad.<\/em>[\/vc_column_text][\/vc_column][\/vc_row]<\/p>\n<\/div>","protected":false},"excerpt":{"rendered":"<p><strong>PAKETPRIS \u2013 Sl\u00e4pvagn, n\u00e4tgrind 60cm &amp; st\u00f6dhjul<\/strong><\/p>\n<p>Neptun Praktik 253 \u00e4r en popul\u00e4r allroundvagn med tipp i obromsat utf\u00f6rande, perfekt f\u00f6r villa\u00e4garen tack vare sitt breda anv\u00e4ndningsomr\u00e5de.<\/p>\n<ul>\n<li>Totalvikt 750 kg[html_block id=\"3299\"]<\/li>\n<li>Maxlast 600 kg<\/li>\n<li>Flakyta 253x129x30 cm<\/li>\n<\/ul>\n","protected":false},"featured_media":3914,"template":"","meta":[],"product_brand":[],"product_cat":[261,263,259],"product_tag":[153,22,23,24,25],"class_list":{"0":"post-3908","1":"product","2":"type-product","3":"status-publish","4":"has-post-thumbnail","6":"product_cat-obromsade-slapvagnar","7":"product_cat-obromsad","8":"product_cat-storsaljare","9":"product_tag-neptun","10":"product_tag-obromsad-slapvagn","11":"product_tag-slap","12":"product_tag-slapkarra","13":"product_tag-slapvagn","15":"first","16":"instock","17":"sale","18":"taxable","19":"shipping-taxable","20":"purchasable","21":"product-type-variable","22":"has-default-attributes"},"exclude_global_add_ons":true,"addons":[{"name":"Se val av tillbeh\u00f6r nedan.","type":"heading","position":0,"required":false,"title_format":"label","default":"","description_enable":false,"description":"","placeholder_enable":false,"placeholder":"","display":"select","restrictions_type":"any_text","adjust_price":false,"price":"","price_type":"flat_fee","restrictions":false,"min":"0","max":"0","options":[],"id":1754247126},{"name":"\u00d6verbyggnad","type":"multiple_choice","position":1,"required":true,"title_format":"label","default":"0","description_enable":false,"description":"","placeholder_enable":false,"placeholder":"","display":"images","restrictions_type":"any_text","adjust_price":false,"price":"","price_type":"flat_fee","restrictions":false,"min":"0","max":"0","options":[{"label":"N\u00e4tgrind 60cm+l\u00e4m","price":"","price_type":"quantity_based","image":3275,"visibility":true}],"id":1754228382},{"name":"St\u00f6dhjulspaket","type":"multiple_choice","position":2,"required":true,"title_format":"label","default":"0","description_enable":false,"description":"","placeholder_enable":false,"placeholder":"","display":"images","restrictions_type":"any_text","adjust_price":false,"price":"","price_type":"flat_fee","restrictions":false,"min":"0","max":"0","options":[{"label":"inkl kl\u00e4mf\u00e4ste monterat","price":"","price_type":"quantity_based","image":3271,"visibility":true}],"id":1754228605},{"name":"P\u00e5byggnad","type":"multiple_choice","position":3,"required":false,"title_format":"label","default":"","description_enable":false,"description":"","placeholder_enable":false,"placeholder":"","display":"images","restrictions_type":"any_text","adjust_price":false,"price":"","price_type":"flat_fee","restrictions":false,"min":"0","max":"0","options":[{"label":"Lastn\u00e4t 160x280cm","price":"595","price_type":"quantity_based","image":321,"visibility":true},{"label":"Formsydd kapellv\u00e4v","price":"1895","price_type":"quantity_based","image":320,"visibility":true},{"label":"Kapellduk n\u00e4tgrind 60cm exkl montage","price":"3895","price_type":"quantity_based","image":4155,"visibility":true}],"id":1740484065},{"name":"Eladapter","type":"multiple_choice","position":4,"required":false,"title_format":"label","default":"","description_enable":false,"description":"","placeholder_enable":false,"placeholder":"","display":"images","restrictions_type":"any_text","adjust_price":false,"price":"","price_type":"flat_fee","restrictions":false,"min":"0","max":"0","options":[{"label":"Eladapter 7 (sl\u00e4p) till 13 (bil)","price":"149","price_type":"quantity_based","image":318,"visibility":true}],"id":1754230416},{"name":"St\u00f6ldl\u00e5s","type":"multiple_choice","position":5,"required":false,"title_format":"label","default":"","description_enable":false,"description":"","placeholder_enable":false,"placeholder":"","display":"images","restrictions_type":"any_text","adjust_price":false,"price":"","price_type":"flat_fee","restrictions":false,"min":"0","max":"0","options":[{"label":"Standard plus","price":"398","price_type":"quantity_based","image":325,"visibility":true},{"label":"Klass 3 SSF monterat","price":"2195","price_type":"quantity_based","image":317,"visibility":true}],"id":1754230489},{"name":"Vinterhjul","type":"multiple_choice","position":6,"required":false,"title_format":"label","default":"","description_enable":false,"description":"","placeholder_enable":false,"placeholder":"","display":"images","restrictions_type":"any_text","adjust_price":false,"price":"","price_type":"flat_fee","restrictions":false,"min":"0","max":"0","options":[{"label":"2st med dubb 15513","price":"1970","price_type":"quantity_based","image":323,"visibility":true},{"label":"2st utan dubb 15513","price":"1940","price_type":"quantity_based","image":323,"visibility":true},{"label":"Dubbfritt 15513 ers\u00e4tt sommard\u00e4ck","price":"1289","price_type":"quantity_based","image":323,"visibility":true}],"id":1754230344},{"name":"Sp\u00e4nnband 2 ton","type":"multiple_choice","position":7,"required":false,"title_format":"label","default":"","description_enable":false,"description":"","placeholder_enable":false,"placeholder":"","display":"images","restrictions_type":"any_text","adjust_price":false,"price":"","price_type":"flat_fee","restrictions":false,"min":"0","max":"0","options":[{"label":"2st","price":"390","price_type":"quantity_based","image":324,"visibility":true},{"label":"4st","price":"780","price_type":"quantity_based","image":324,"visibility":true}],"id":1754230588}],"yoast_head":"<!-- This site is optimized with the Yoast SEO Premium plugin v27.5 (Yoast SEO v27.5) - https:\/\/yoast.com\/product\/yoast-seo-premium-wordpress\/ -->\n<title>Neptun Praktik 253 n\u00e4tgrind 60cm - Hillerstorp<\/title>\n<meta name=\"robots\" content=\"noindex, follow, max-snippet:-1, max-image-preview:large, max-video-preview:-1\" \/>\n<meta property=\"og:locale\" content=\"sv_SE\" \/>\n<meta property=\"og:type\" content=\"article\" \/>\n<meta property=\"og:title\" content=\"Neptun Praktik 253 n\u00e4tgrind 60cm\" \/>\n<meta property=\"og:description\" content=\"PAKETPRIS \u2013 Sl\u00e4pvagn, n\u00e4tgrind 60cm &amp; st\u00f6dhjul  Neptun Praktik 253 \u00e4r en popul\u00e4r allroundvagn med tipp i obromsat utf\u00f6rande, perfekt f\u00f6r villa\u00e4garen tack vare sitt breda anv\u00e4ndningsomr\u00e5de.   Totalvikt 750 kg  Maxlast 600 kg  Flakyta 253x129x30 cm\" \/>\n<meta property=\"og:url\" content=\"https:\/\/trailercenter.se\/hillerstorp\/produkt\/slapvagn-neptun-praktik-253-kampanj\/\" \/>\n<meta property=\"og:site_name\" content=\"Hillerstorp\" \/>\n<meta property=\"article:modified_time\" content=\"2026-04-29T12:47:03+00:00\" \/>\n<meta property=\"og:image\" content=\"https:\/\/trailercenter.se\/hillerstorp\/wp-content\/uploads\/sites\/5\/2025\/06\/neptun-slapvagn-med-natgrind.jpg\" \/>\n\t<meta property=\"og:image:width\" content=\"1200\" \/>\n\t<meta property=\"og:image:height\" content=\"600\" \/>\n\t<meta property=\"og:image:type\" content=\"image\/jpeg\" \/>\n<meta name=\"twitter:card\" content=\"summary_large_image\" \/>\n<meta name=\"twitter:label1\" content=\"Ber\u00e4knad l\u00e4stid\" \/>\n\t<meta name=\"twitter:data1\" content=\"2 minuter\" \/>\n<script type=\"application\/ld+json\" class=\"yoast-schema-graph\">{\"@context\":\"https:\\\/\\\/schema.org\",\"@graph\":[{\"@type\":\"WebPage\",\"@id\":\"https:\\\/\\\/trailercenter.se\\\/hillerstorp\\\/produkt\\\/slapvagn-neptun-praktik-253-kampanj\\\/\",\"url\":\"https:\\\/\\\/trailercenter.se\\\/hillerstorp\\\/produkt\\\/slapvagn-neptun-praktik-253-kampanj\\\/\",\"name\":\"Neptun Praktik 253 n\u00e4tgrind 60cm - Hillerstorp\",\"isPartOf\":{\"@id\":\"https:\\\/\\\/trailercenter.se\\\/hillerstorp\\\/#website\"},\"primaryImageOfPage\":{\"@id\":\"https:\\\/\\\/trailercenter.se\\\/hillerstorp\\\/produkt\\\/slapvagn-neptun-praktik-253-kampanj\\\/#primaryimage\"},\"image\":{\"@id\":\"https:\\\/\\\/trailercenter.se\\\/hillerstorp\\\/produkt\\\/slapvagn-neptun-praktik-253-kampanj\\\/#primaryimage\"},\"thumbnailUrl\":\"https:\\\/\\\/trailercenter.se\\\/hillerstorp\\\/wp-content\\\/uploads\\\/sites\\\/5\\\/2025\\\/06\\\/neptun-slapvagn-med-natgrind.jpg\",\"datePublished\":\"2025-06-02T08:07:04+00:00\",\"dateModified\":\"2026-04-29T12:47:03+00:00\",\"breadcrumb\":{\"@id\":\"https:\\\/\\\/trailercenter.se\\\/hillerstorp\\\/produkt\\\/slapvagn-neptun-praktik-253-kampanj\\\/#breadcrumb\"},\"inLanguage\":\"sv-SE\",\"potentialAction\":[{\"@type\":\"ReadAction\",\"target\":[\"https:\\\/\\\/trailercenter.se\\\/hillerstorp\\\/produkt\\\/slapvagn-neptun-praktik-253-kampanj\\\/\"]}]},{\"@type\":\"ImageObject\",\"inLanguage\":\"sv-SE\",\"@id\":\"https:\\\/\\\/trailercenter.se\\\/hillerstorp\\\/produkt\\\/slapvagn-neptun-praktik-253-kampanj\\\/#primaryimage\",\"url\":\"https:\\\/\\\/trailercenter.se\\\/hillerstorp\\\/wp-content\\\/uploads\\\/sites\\\/5\\\/2025\\\/06\\\/neptun-slapvagn-med-natgrind.jpg\",\"contentUrl\":\"https:\\\/\\\/trailercenter.se\\\/hillerstorp\\\/wp-content\\\/uploads\\\/sites\\\/5\\\/2025\\\/06\\\/neptun-slapvagn-med-natgrind.jpg\",\"width\":1200,\"height\":600},{\"@type\":\"BreadcrumbList\",\"@id\":\"https:\\\/\\\/trailercenter.se\\\/hillerstorp\\\/produkt\\\/slapvagn-neptun-praktik-253-kampanj\\\/#breadcrumb\",\"itemListElement\":[{\"@type\":\"ListItem\",\"position\":1,\"name\":\"Hem\",\"item\":\"https:\\\/\\\/trailercenter.se\\\/hillerstorp\\\/\"},{\"@type\":\"ListItem\",\"position\":2,\"name\":\"Produktkategorier\",\"item\":\"https:\\\/\\\/trailercenter.se\\\/hillerstorp\\\/butik\\\/\"},{\"@type\":\"ListItem\",\"position\":3,\"name\":\"Neptun Praktik 253 n\u00e4tgrind 60cm\"}]},{\"@type\":\"WebSite\",\"@id\":\"https:\\\/\\\/trailercenter.se\\\/hillerstorp\\\/#website\",\"url\":\"https:\\\/\\\/trailercenter.se\\\/hillerstorp\\\/\",\"name\":\"Hillerstorp\",\"description\":\"Vi ligger steget f\u00f6re med det som sl\u00e4par efter!\",\"publisher\":{\"@id\":\"https:\\\/\\\/trailercenter.se\\\/hillerstorp\\\/#organization\"},\"potentialAction\":[{\"@type\":\"SearchAction\",\"target\":{\"@type\":\"EntryPoint\",\"urlTemplate\":\"https:\\\/\\\/trailercenter.se\\\/hillerstorp\\\/?s={search_term_string}\"},\"query-input\":{\"@type\":\"PropertyValueSpecification\",\"valueRequired\":true,\"valueName\":\"search_term_string\"}}],\"inLanguage\":\"sv-SE\"},{\"@type\":[\"Organization\",\"Place\"],\"@id\":\"https:\\\/\\\/trailercenter.se\\\/hillerstorp\\\/#organization\",\"name\":\"Trailercenter i V\u00e4rnamo\",\"alternateName\":\"V\u00e4rnamo Trailercenter\",\"url\":\"https:\\\/\\\/trailercenter.se\\\/hillerstorp\\\/\",\"logo\":{\"@id\":\"https:\\\/\\\/trailercenter.se\\\/hillerstorp\\\/produkt\\\/slapvagn-neptun-praktik-253-kampanj\\\/#local-main-organization-logo\"},\"image\":{\"@id\":\"https:\\\/\\\/trailercenter.se\\\/hillerstorp\\\/produkt\\\/slapvagn-neptun-praktik-253-kampanj\\\/#local-main-organization-logo\"},\"address\":{\"@id\":\"https:\\\/\\\/trailercenter.se\\\/hillerstorp\\\/produkt\\\/slapvagn-neptun-praktik-253-kampanj\\\/#local-main-place-address\"},\"geo\":{\"@type\":\"GeoCoordinates\",\"latitude\":\"57.30087689411952\",\"longitude\":\"13.865149783624\"},\"telephone\":[\"0370 \u2013 25440\"],\"openingHoursSpecification\":[{\"@type\":\"OpeningHoursSpecification\",\"dayOfWeek\":[\"Monday\",\"Tuesday\",\"Wednesday\",\"Thursday\"],\"opens\":\"06:30\",\"closes\":\"16:30\"},{\"@type\":\"OpeningHoursSpecification\",\"dayOfWeek\":[\"Friday\"],\"opens\":\"06:30\",\"closes\":\"13:30\"},{\"@type\":\"OpeningHoursSpecification\",\"dayOfWeek\":[\"Saturday\",\"Sunday\"],\"opens\":\"00:00\",\"closes\":\"00:00\"}],\"email\":\"trailercenter@heijel.se\"},{\"@type\":\"PostalAddress\",\"@id\":\"https:\\\/\\\/trailercenter.se\\\/hillerstorp\\\/produkt\\\/slapvagn-neptun-praktik-253-kampanj\\\/#local-main-place-address\",\"streetAddress\":\"H\u00e5kanstorpsv\u00e4gen 5\",\"addressLocality\":\"Hillerstorp\",\"postalCode\":\"335 73\",\"addressCountry\":\"SE\"},{\"@type\":\"ImageObject\",\"inLanguage\":\"sv-SE\",\"@id\":\"https:\\\/\\\/trailercenter.se\\\/hillerstorp\\\/produkt\\\/slapvagn-neptun-praktik-253-kampanj\\\/#local-main-organization-logo\",\"url\":\"https:\\\/\\\/trailercenter.se\\\/hillerstorp\\\/wp-content\\\/uploads\\\/sites\\\/5\\\/2025\\\/02\\\/trailercenter_logo_varnamo.jpg\",\"contentUrl\":\"https:\\\/\\\/trailercenter.se\\\/hillerstorp\\\/wp-content\\\/uploads\\\/sites\\\/5\\\/2025\\\/02\\\/trailercenter_logo_varnamo.jpg\",\"width\":1113,\"height\":225,\"caption\":\"Trailercenter i V\u00e4rnamo\"}]}<\/script>\n<meta name=\"geo.placename\" content=\"Hillerstorp\" \/>\n<meta name=\"geo.position\" content=\"57.30087689411952;13.865149783624\" \/>\n<meta name=\"geo.region\" content=\"Sverige\" \/>\n<!-- \/ Yoast SEO Premium plugin. -->","yoast_head_json":{"title":"Neptun Praktik 253 n\u00e4tgrind 60cm - Hillerstorp","robots":{"index":"noindex","follow":"follow","max-snippet":"max-snippet:-1","max-image-preview":"max-image-preview:large","max-video-preview":"max-video-preview:-1"},"og_locale":"sv_SE","og_type":"article","og_title":"Neptun Praktik 253 n\u00e4tgrind 60cm","og_description":"PAKETPRIS \u2013 Sl\u00e4pvagn, n\u00e4tgrind 60cm &amp; st\u00f6dhjul  Neptun Praktik 253 \u00e4r en popul\u00e4r allroundvagn med tipp i obromsat utf\u00f6rande, perfekt f\u00f6r villa\u00e4garen tack vare sitt breda anv\u00e4ndningsomr\u00e5de.   Totalvikt 750 kg  Maxlast 600 kg  Flakyta 253x129x30 cm","og_url":"https:\/\/trailercenter.se\/hillerstorp\/produkt\/slapvagn-neptun-praktik-253-kampanj\/","og_site_name":"Hillerstorp","article_modified_time":"2026-04-29T12:47:03+00:00","og_image":[{"width":1200,"height":600,"url":"https:\/\/trailercenter.se\/hillerstorp\/wp-content\/uploads\/sites\/5\/2025\/06\/neptun-slapvagn-med-natgrind.jpg","type":"image\/jpeg"}],"twitter_card":"summary_large_image","twitter_misc":{"Ber\u00e4knad l\u00e4stid":"2 minuter"},"schema":{"@context":"https:\/\/schema.org","@graph":[{"@type":"WebPage","@id":"https:\/\/trailercenter.se\/hillerstorp\/produkt\/slapvagn-neptun-praktik-253-kampanj\/","url":"https:\/\/trailercenter.se\/hillerstorp\/produkt\/slapvagn-neptun-praktik-253-kampanj\/","name":"Neptun Praktik 253 n\u00e4tgrind 60cm - Hillerstorp","isPartOf":{"@id":"https:\/\/trailercenter.se\/hillerstorp\/#website"},"primaryImageOfPage":{"@id":"https:\/\/trailercenter.se\/hillerstorp\/produkt\/slapvagn-neptun-praktik-253-kampanj\/#primaryimage"},"image":{"@id":"https:\/\/trailercenter.se\/hillerstorp\/produkt\/slapvagn-neptun-praktik-253-kampanj\/#primaryimage"},"thumbnailUrl":"https:\/\/trailercenter.se\/hillerstorp\/wp-content\/uploads\/sites\/5\/2025\/06\/neptun-slapvagn-med-natgrind.jpg","datePublished":"2025-06-02T08:07:04+00:00","dateModified":"2026-04-29T12:47:03+00:00","breadcrumb":{"@id":"https:\/\/trailercenter.se\/hillerstorp\/produkt\/slapvagn-neptun-praktik-253-kampanj\/#breadcrumb"},"inLanguage":"sv-SE","potentialAction":[{"@type":"ReadAction","target":["https:\/\/trailercenter.se\/hillerstorp\/produkt\/slapvagn-neptun-praktik-253-kampanj\/"]}]},{"@type":"ImageObject","inLanguage":"sv-SE","@id":"https:\/\/trailercenter.se\/hillerstorp\/produkt\/slapvagn-neptun-praktik-253-kampanj\/#primaryimage","url":"https:\/\/trailercenter.se\/hillerstorp\/wp-content\/uploads\/sites\/5\/2025\/06\/neptun-slapvagn-med-natgrind.jpg","contentUrl":"https:\/\/trailercenter.se\/hillerstorp\/wp-content\/uploads\/sites\/5\/2025\/06\/neptun-slapvagn-med-natgrind.jpg","width":1200,"height":600},{"@type":"BreadcrumbList","@id":"https:\/\/trailercenter.se\/hillerstorp\/produkt\/slapvagn-neptun-praktik-253-kampanj\/#breadcrumb","itemListElement":[{"@type":"ListItem","position":1,"name":"Hem","item":"https:\/\/trailercenter.se\/hillerstorp\/"},{"@type":"ListItem","position":2,"name":"Produktkategorier","item":"https:\/\/trailercenter.se\/hillerstorp\/butik\/"},{"@type":"ListItem","position":3,"name":"Neptun Praktik 253 n\u00e4tgrind 60cm"}]},{"@type":"WebSite","@id":"https:\/\/trailercenter.se\/hillerstorp\/#website","url":"https:\/\/trailercenter.se\/hillerstorp\/","name":"Hillerstorp","description":"Vi ligger steget f\u00f6re med det som sl\u00e4par efter!","publisher":{"@id":"https:\/\/trailercenter.se\/hillerstorp\/#organization"},"potentialAction":[{"@type":"SearchAction","target":{"@type":"EntryPoint","urlTemplate":"https:\/\/trailercenter.se\/hillerstorp\/?s={search_term_string}"},"query-input":{"@type":"PropertyValueSpecification","valueRequired":true,"valueName":"search_term_string"}}],"inLanguage":"sv-SE"},{"@type":["Organization","Place"],"@id":"https:\/\/trailercenter.se\/hillerstorp\/#organization","name":"Trailercenter i V\u00e4rnamo","alternateName":"V\u00e4rnamo Trailercenter","url":"https:\/\/trailercenter.se\/hillerstorp\/","logo":{"@id":"https:\/\/trailercenter.se\/hillerstorp\/produkt\/slapvagn-neptun-praktik-253-kampanj\/#local-main-organization-logo"},"image":{"@id":"https:\/\/trailercenter.se\/hillerstorp\/produkt\/slapvagn-neptun-praktik-253-kampanj\/#local-main-organization-logo"},"address":{"@id":"https:\/\/trailercenter.se\/hillerstorp\/produkt\/slapvagn-neptun-praktik-253-kampanj\/#local-main-place-address"},"geo":{"@type":"GeoCoordinates","latitude":"57.30087689411952","longitude":"13.865149783624"},"telephone":["0370 \u2013 25440"],"openingHoursSpecification":[{"@type":"OpeningHoursSpecification","dayOfWeek":["Monday","Tuesday","Wednesday","Thursday"],"opens":"06:30","closes":"16:30"},{"@type":"OpeningHoursSpecification","dayOfWeek":["Friday"],"opens":"06:30","closes":"13:30"},{"@type":"OpeningHoursSpecification","dayOfWeek":["Saturday","Sunday"],"opens":"00:00","closes":"00:00"}],"email":"trailercenter@heijel.se"},{"@type":"PostalAddress","@id":"https:\/\/trailercenter.se\/hillerstorp\/produkt\/slapvagn-neptun-praktik-253-kampanj\/#local-main-place-address","streetAddress":"H\u00e5kanstorpsv\u00e4gen 5","addressLocality":"Hillerstorp","postalCode":"335 73","addressCountry":"SE"},{"@type":"ImageObject","inLanguage":"sv-SE","@id":"https:\/\/trailercenter.se\/hillerstorp\/produkt\/slapvagn-neptun-praktik-253-kampanj\/#local-main-organization-logo","url":"https:\/\/trailercenter.se\/hillerstorp\/wp-content\/uploads\/sites\/5\/2025\/02\/trailercenter_logo_varnamo.jpg","contentUrl":"https:\/\/trailercenter.se\/hillerstorp\/wp-content\/uploads\/sites\/5\/2025\/02\/trailercenter_logo_varnamo.jpg","width":1113,"height":225,"caption":"Trailercenter i V\u00e4rnamo"}]},"geo.placename":"Hillerstorp","geo.position":{"lat":"57.30087689411952","long":"13.865149783624"},"geo.region":"Sverige"},"_links":{"self":[{"href":"https:\/\/trailercenter.se\/hillerstorp\/wp-json\/wp\/v2\/product\/3908","targetHints":{"allow":["GET"]}}],"collection":[{"href":"https:\/\/trailercenter.se\/hillerstorp\/wp-json\/wp\/v2\/product"}],"about":[{"href":"https:\/\/trailercenter.se\/hillerstorp\/wp-json\/wp\/v2\/types\/product"}],"wp:featuredmedia":[{"embeddable":true,"href":"https:\/\/trailercenter.se\/hillerstorp\/wp-json\/wp\/v2\/media\/3914"}],"wp:attachment":[{"href":"https:\/\/trailercenter.se\/hillerstorp\/wp-json\/wp\/v2\/media?parent=3908"}],"wp:term":[{"taxonomy":"product_brand","embeddable":true,"href":"https:\/\/trailercenter.se\/hillerstorp\/wp-json\/wp\/v2\/product_brand?post=3908"},{"taxonomy":"product_cat","embeddable":true,"href":"https:\/\/trailercenter.se\/hillerstorp\/wp-json\/wp\/v2\/product_cat?post=3908"},{"taxonomy":"product_tag","embeddable":true,"href":"https:\/\/trailercenter.se\/hillerstorp\/wp-json\/wp\/v2\/product_tag?post=3908"}],"curies":[{"name":"wp","href":"https:\/\/api.w.org\/{rel}","templated":true}]}}